{"id":41773,"date":"2024-01-11T12:54:06","date_gmt":"2024-01-11T12:54:06","guid":{"rendered":"https:\/\/store.evolve-fitness.eu\/product\/evolve-prime-series-selectorized-4-stations-multi-gym\/"},"modified":"2024-03-14T01:32:12","modified_gmt":"2024-03-14T01:32:12","slug":"evolve-prime-series-selectorized-4-stations-multi-gym","status":"publish","type":"product","link":"https:\/\/store.evolve-fitness.eu\/fr\/produit\/evolve-prime-series-selectorized-4-stations-multi-gym\/","title":{"rendered":"Evolve Prime Series Selectorized 4 Stations Multi Gym"},"content":{"rendered":"\n<section class=\"wp-block-group alignfull black-content has-white-color has-darkgray-background-color has-text-color has-background is-layout-constrained wp-block-group-is-layout-constrained\" style=\"padding-top:var(--wp--preset--spacing--section-bottom);padding-bottom:var(--wp--preset--spacing--section-bottom)\">\n<section class=\"wp-block-group alignfull black-content has-white-color has-darkgray-background-color has-text-color has-background is-layout-constrained wp-block-group-is-layout-constrained\" style=\"padding-top:var(--wp--preset--spacing--section-bottom);padding-bottom:var(--wp--preset--spacing--section-bottom)\">\n<div class=\"wp-block-columns alignwide mobile-reverse is-layout-flex wp-container-core-columns-is-layout-ca64bf2d wp-block-columns-is-layout-flex\" style=\"margin-bottom:var(--wp--preset--spacing--side-padding)\">\n<div class=\"wp-block-column is-vertically-aligned-center is-layout-flow wp-block-column-is-layout-flow\">\n<h3 class=\"wp-block-heading\" style=\"margin-bottom:var(--wp--preset--spacing--h-3-bottom)\">R\u00e9volutionnez vos s\u00e9ances d&rsquo;entra\u00eenement<\/h3>\n\n\n\n<p><em><strong>Machines s\u00e9lectionn\u00e9es Evolve Prime Series<\/strong><\/em><\/p>\n\n\n\n<p style=\"margin-bottom:var(--wp--preset--spacing--tb-section-padding)\">Am\u00e9liorez votre parcours de remise en forme avec les appareils Selectorized de la s\u00e9rie Evolve Prime. Con\u00e7us pour des s\u00e9ances d&rsquo;entra\u00eenement efficaces, ces appareils offrent toute une s\u00e9rie de fonctions pour am\u00e9liorer votre routine d&rsquo;exercice. Gr\u00e2ce aux si\u00e8ges et aux dossiers r\u00e9glables, les utilisateurs peuvent personnaliser leur position d&rsquo;entra\u00eenement pour un maximum de confort. Les machines sont dot\u00e9es d&rsquo;un cadre ovale exceptionnellement durable, offrant \u00e0 la fois un design \u00e9l\u00e9gant et une long\u00e9vit\u00e9 adapt\u00e9e aux environnements commerciaux. Une base rembourr\u00e9e confortable assure la stabilit\u00e9 pendant vos s\u00e9ances d&rsquo;entra\u00eenement, tandis que les poign\u00e9es antid\u00e9rapantes, le design de la tour \u00e0 profil bas, la taille compacte et les couleurs personnalisables du cadre et du rembourrage ajoutent une touche de style \u00e0 votre salle de sport. D\u00e9couvrez les mouvements unilat\u00e9raux et les bras \u00e0 axes convergents qui offrent une exp\u00e9rience d&rsquo;entra\u00eenement naturelle et \u00e9quilibr\u00e9e.<\/p>\n\n\n\n<h3 class=\"wp-block-heading\" style=\"margin-bottom:var(--wp--preset--spacing--h-3-bottom)\">L&rsquo;excellence ergonomique<\/h3>\n\n\n\n<p><strong><em>Adapt\u00e9 \u00e0 votre corps<\/em><\/strong><\/p>\n\n\n\n<p>Nos machines de musculation s\u00e9lectionn\u00e9es sont dot\u00e9es d&rsquo;une conception ergonomique qui s&rsquo;adapte \u00e0 l&rsquo;anatomie du corps humain. Cela permet de positionner correctement le corps et de stabiliser les articulations pendant l&rsquo;entra\u00eenement. Les poign\u00e9es sont recouvertes d&rsquo;un mat\u00e9riau antid\u00e9rapant, garantissant une stabilit\u00e9 maximale et la s\u00e9curit\u00e9 de l&rsquo;entra\u00eenement. Les si\u00e8ges et les dossiers r\u00e9glables permettent aux utilisateurs de trouver la position d&rsquo;entra\u00eenement id\u00e9ale pour r\u00e9pondre \u00e0 leurs besoins individuels. Les poign\u00e9es de r\u00e9glage, peintes en rouge vif, sont \u00e0 la fois faciles \u00e0 identifier et \u00e0 utiliser.<\/p>\n<\/div>\n\n\n\n<div class=\"wp-block-column is-vertically-aligned-center is-layout-flow wp-block-column-is-layout-flow\">\n<figure class=\"wp-block-image size-large is-resized is-style-rounded\"><img decoding=\"async\" src=\"https:\/\/evolve-fitness.eu\/wp-content\/uploads\/2023\/08\/3-4-edited.jpg\" alt=\"\" class=\"wp-image-2841\" style=\"width:684px;height:684px\"\/><\/figure>\n<\/div>\n<\/div>\n<\/section>\n\n\n\n<section class=\"wp-block-group alignfull black-content has-white-color has-darkgray-background-color has-text-color has-background is-layout-constrained wp-block-group-is-layout-constrained\" style=\"padding-top:var(--wp--preset--spacing--section-bottom);padding-bottom:var(--wp--preset--spacing--section-bottom)\">\n<div class=\"wp-block-columns alignwide mobile-reverse is-layout-flex wp-container-core-columns-is-layout-ca64bf2d wp-block-columns-is-layout-flex\" style=\"margin-bottom:var(--wp--preset--spacing--side-padding)\">\n<div class=\"wp-block-column is-vertically-aligned-center is-layout-flow wp-block-column-is-layout-flow\">\n<figure class=\"wp-block-image size-large is-resized is-style-rounded\"><img decoding=\"async\" src=\"https:\/\/evolve-fitness.eu\/wp-content\/uploads\/2023\/08\/13-2-767x1024.jpg\" alt=\"\" class=\"wp-image-2363\" style=\"width:594px;height:794px\"\/><\/figure>\n<\/div>\n\n\n\n<div class=\"wp-block-column is-vertically-aligned-center is-layout-flow wp-block-column-is-layout-flow\">\n<h3 class=\"wp-block-heading\" style=\"margin-bottom:var(--wp--preset--spacing--h-3-bottom)\">S\u00e9curit\u00e9 et simplicit\u00e9<\/h3>\n\n\n\n<p><strong><em>Ajustements sans effort<\/em><\/strong><\/p>\n\n\n\n<p style=\"margin-bottom:var(--wp--preset--spacing--tb-section-padding)\">La s\u00e9curit\u00e9 est primordiale, c&rsquo;est pourquoi les piles de poids de tous les appareils de musculation s\u00e9l\u00e9ctionn\u00e9s sont enti\u00e8rement recouvertes d&rsquo;un plastique opaque. Cela permet non seulement d&rsquo;am\u00e9liorer la s\u00e9curit\u00e9 de l&rsquo;entra\u00eenement, mais aussi d&rsquo;offrir un aspect attrayant. Le changement de r\u00e9sistance est un jeu d&rsquo;enfant &#8211; il suffit de glisser la goupille dans la pile de poids souhait\u00e9e. Chaque plaque de poids est prot\u00e9g\u00e9e par une couche suppl\u00e9mentaire r\u00e9sistante \u00e0 la corrosion.<\/p>\n\n\n\n<h3 class=\"wp-block-heading\" style=\"margin-bottom:var(--wp--preset--spacing--h-3-bottom)\">Multi-fonctionnel<\/h3>\n\n\n\n<p><strong><em>La commodit\u00e9 au bout des doigts<\/em><\/strong><\/p>\n\n\n\n<p>Des compartiments de rangement int\u00e9gr\u00e9s permettent aux utilisateurs de garder \u00e0 port\u00e9e de main des objets essentiels comme des bouteilles d&rsquo;eau, des lecteurs de musique ou des t\u00e9l\u00e9phones portables. Des panneaux d&rsquo;information indiquent les groupes musculaires cibl\u00e9s par chaque entra\u00eeneur, et fournissent des conseils sur le positionnement du corps et les mouvements \u00e0 effectuer pour s&rsquo;assurer que les exercices sont ex\u00e9cut\u00e9s correctement. Les bras \u00e0 axe convergent imitent les mouvements naturels, et le mouvement unilat\u00e9ral des poign\u00e9es permet un engagement musculaire cibl\u00e9, que l&rsquo;on utilise une ou deux mains, ce qui favorise la force avec sym\u00e9trie et \u00e9quilibre.<\/p>\n<\/div>\n<\/div>\n<\/section>\n\n\n\n<section class=\"wp-block-group alignfull black-content has-white-color has-darkgray-background-color has-text-color has-background is-layout-constrained wp-block-group-is-layout-constrained\" style=\"padding-top:var(--wp--preset--spacing--section-bottom);padding-bottom:var(--wp--preset--spacing--section-bottom)\">\n<div class=\"wp-block-columns alignwide mobile-reverse is-layout-flex wp-container-core-columns-is-layout-ca64bf2d wp-block-columns-is-layout-flex\" style=\"margin-bottom:var(--wp--preset--spacing--side-padding)\">\n<div class=\"wp-block-column is-vertically-aligned-center is-layout-flow wp-block-column-is-layout-flow\">\n<h3 class=\"wp-block-heading\" style=\"margin-bottom:var(--wp--preset--spacing--h-3-bottom)\">Confort somptueux<\/h3>\n\n\n\n<p><strong><em>Rembourrage de soutien<\/em><\/strong><\/p>\n\n\n\n<p style=\"margin-bottom:var(--wp--preset--spacing--tb-section-padding)\">La s\u00e9curit\u00e9 est primordiale, c&rsquo;est pourquoi les piles de poids de tous les appareils de musculation s\u00e9l\u00e9ctionn\u00e9s sont enti\u00e8rement recouvertes d&rsquo;un plastique opaque. Cela permet non seulement d&rsquo;am\u00e9liorer la s\u00e9curit\u00e9 de l&rsquo;entra\u00eenement, mais aussi d&rsquo;offrir un aspect attrayant. Le changement de r\u00e9sistance est un jeu d&rsquo;enfant &#8211; il suffit de glisser la goupille dans la pile de poids souhait\u00e9e. Chaque plaque de poids est prot\u00e9g\u00e9e par une couche suppl\u00e9mentaire r\u00e9sistante \u00e0 la corrosion.<\/p>\n\n\n\n<h3 class=\"wp-block-heading\" style=\"margin-bottom:var(--wp--preset--spacing--h-3-bottom)\">Construit pour durer<\/h3>\n\n\n\n<p><strong><em>Cadre robuste<\/em><\/strong><\/p>\n\n\n\n<p>Fabriqu\u00e9 \u00e0 partir de tubes ovales soud\u00e9s et rev\u00eatus de poudre, le cadre est non seulement exceptionnellement durable, mais aussi r\u00e9sistant \u00e0 la rouille. Que vous soyez un particulier \u00e0 la recherche de qualit\u00e9 ou un gymnase professionnel ou un centre de remise en forme commercial, y compris les bases militaires, les h\u00f4tels, les auberges et les centres de r\u00e9\u00e9ducation, ces machines sont con\u00e7ues pour r\u00e9pondre \u00e0 vos attentes.<\/p>\n\n\n\n<p> <\/p>\n\n\n\n<div class=\"wp-block-columns is-layout-flex wp-container-core-columns-is-layout-9d6595d7 wp-block-columns-is-layout-flex\">\n<div class=\"wp-block-column is-layout-flow wp-block-column-is-layout-flow\">\n<div class=\"wp-block-columns is-layout-flex wp-container-core-columns-is-layout-9d6595d7 wp-block-columns-is-layout-flex\">\n<div class=\"wp-block-column is-layout-flow wp-block-column-is-layout-flow\"><\/div>\n<\/div>\n<\/div>\n<\/div>\n\n\n\n<h3 class=\"wp-block-heading\" style=\"margin-bottom:var(--wp--preset--spacing--h-3-bottom)\">Id\u00e9al pour les professionnels<\/h3>\n\n\n\n<p><strong><em>Personnalisez votre salle de sport<\/em><\/strong><\/p>\n\n\n\n<p>Am\u00e9liorez l&rsquo;image de marque de votre salle de sport avec des \u00e9quipements qui correspondent \u00e0 votre style. Lorsque vous commandez un \u00e9quipement Evolve, nous l&rsquo;associons \u00e0 la palette de couleurs de votre int\u00e9rieur et personnalisons les couleurs du cadre et du rembourrage pour les adapter \u00e0 votre espace. D\u00e9couvrez la solution que vous attendiez &#8211; un \u00e9quipement de fitness adapt\u00e9 \u00e0 vos besoins. Choisissez des \u00e9quipements de fitness de haute qualit\u00e9 qui s&rsquo;int\u00e8grent parfaitement dans un environnement commercial tout en s&rsquo;harmonisant avec les couleurs de votre int\u00e9rieur.<\/p>\n<\/div>\n\n\n\n<div class=\"wp-block-column is-vertically-aligned-center is-layout-flow wp-block-column-is-layout-flow\">\n<figure class=\"wp-block-image size-large is-resized is-style-rounded\"><img decoding=\"async\" src=\"https:\/\/evolve-fitness.eu\/wp-content\/uploads\/2023\/08\/33-edited.jpg\" alt=\"\" class=\"wp-image-2843\" style=\"width:572px;height:763px\"\/><\/figure>\n<\/div>\n<\/div>\n<\/section>\n<\/section>\n","protected":false},"excerpt":{"rendered":"<p>R\u00e9alisez des s\u00e9ances d&rsquo;entra\u00eenement vari\u00e9es et efficaces avec la salle de sport multipostes Evolve Prime Series Selectorized 4 Stations, PR-101. Con\u00e7u pour accueillir jusqu&rsquo;\u00e0 4 utilisateurs en m\u00eame temps, il permet de r\u00e9aliser des exercices tels que le d\u00e9velopp\u00e9 couch\u00e9 et le rod\u00e9o assis dans un espace compact. Les poign\u00e9es antid\u00e9rapantes, les fonctions r\u00e9glables et la construction durable garantissent la s\u00e9curit\u00e9 et le confort. Am\u00e9liorez votre salle de sport gr\u00e2ce \u00e0 des options personnalisables qui correspondent au style de votre marque.<\/p>\n","protected":false},"featured_media":41775,"template":"","meta":{"_acf_changed":false,"inline_featured_image":false},"product_cat":[413,1110,1152],"product_tag":[],"class_list":{"0":"post-41773","1":"product","2":"type-product","3":"status-publish","4":"has-post-thumbnail","6":"product_cat-page-daccueil","7":"product_cat-machines-selectionnees","8":"product_cat-machines-selectorized-prime-series","10":"first","11":"outofstock","12":"shipping-taxable","13":"purchasable","14":"product-type-simple"},"acf":[],"_links":{"self":[{"href":"https:\/\/store.evolve-fitness.eu\/fr\/wp-json\/wp\/v2\/product\/41773","targetHints":{"allow":["GET"]}}],"collection":[{"href":"https:\/\/store.evolve-fitness.eu\/fr\/wp-json\/wp\/v2\/product"}],"about":[{"href":"https:\/\/store.evolve-fitness.eu\/fr\/wp-json\/wp\/v2\/types\/product"}],"wp:featuredmedia":[{"embeddable":true,"href":"https:\/\/store.evolve-fitness.eu\/fr\/wp-json\/wp\/v2\/media\/41775"}],"wp:attachment":[{"href":"https:\/\/store.evolve-fitness.eu\/fr\/wp-json\/wp\/v2\/media?parent=41773"}],"wp:term":[{"taxonomy":"product_cat","embeddable":true,"href":"https:\/\/store.evolve-fitness.eu\/fr\/wp-json\/wp\/v2\/product_cat?post=41773"},{"taxonomy":"product_tag","embeddable":true,"href":"https:\/\/store.evolve-fitness.eu\/fr\/wp-json\/wp\/v2\/product_tag?post=41773"}],"curies":[{"name":"wp","href":"https:\/\/api.w.org\/{rel}","templated":true}]}}