{"id":40135,"date":"2024-01-17T15:22:30","date_gmt":"2024-01-17T15:22:30","guid":{"rendered":"https:\/\/store.evolve-fitness.eu\/product\/evolve-ultra-series-selectorized-abduction-adduction\/"},"modified":"2024-06-05T12:53:27","modified_gmt":"2024-06-05T12:53:27","slug":"evolve-ultra-series-selectorized-abduction-adduction","status":"publish","type":"product","link":"https:\/\/store.evolve-fitness.eu\/fr\/produit\/evolve-ultra-series-selectorized-abduction-adduction\/","title":{"rendered":"Evolve Ultra Series Selectorized Abduction \/ Adduction"},"content":{"rendered":"\n<section class=\"wp-block-group alignfull black-content has-white-color has-darkgray-background-color has-text-color has-background is-layout-constrained wp-block-group-is-layout-constrained\" style=\"padding-top:var(--wp--preset--spacing--section-bottom);padding-bottom:var(--wp--preset--spacing--section-bottom)\">\n<div class=\"wp-block-columns alignwide mobile-reverse is-layout-flex wp-container-core-columns-is-layout-ca64bf2d wp-block-columns-is-layout-flex\" style=\"margin-bottom:var(--wp--preset--spacing--side-padding)\">\n<div class=\"wp-block-column is-vertically-aligned-center is-layout-flow wp-block-column-is-layout-flow\">\n<figure class=\"wp-block-video\"><video autoplay=\"\" controls=\"\" loop=\"\" muted=\"\" src=\"https:\/\/evolve-fitness.eu\/wp-content\/uploads\/2023\/08\/Abduction-Adduction-Evolve-Ultra-Series-Selectorized-1.mp4\"><\/video><\/figure>\n<\/div>\n\n\n\n<div class=\"wp-block-column is-vertically-aligned-center is-layout-flow wp-block-column-is-layout-flow\">\n<h3 class=\"wp-block-heading\">Bienvenue dans la s\u00e9rie Ultra<\/h3>\n\n\n\n<p><strong><em>Faites connaissance avec nos \u00e9quipements de la s\u00e9rie Ultra gr\u00e2ce \u00e0 une visite 3D \u00e0 360\u00b0 \u00e0 la pointe de la technologie<\/em><\/strong><\/p>\n\n\n\n<p>L&rsquo;appareil Evolve Ultra Series Selectorized Leg-Press \/ Hack Squat, qui fait partie de la s\u00e9rie Evolve Ultra Series, est con\u00e7u pour le confort et la performance. L&rsquo;appareil est con\u00e7u pour la polyvalence de l&rsquo;exercice, le soutien ergonomique et les options de r\u00e9glage pour diff\u00e9rentes tailles d&rsquo;utilisateurs. Le design est esth\u00e9tique, avec une finition durable par rev\u00eatement en poudre, et l&rsquo;utilisation de c\u00e2bles de haute qualit\u00e9 garantit un fonctionnement sans heurts.<\/p>\n<\/div>\n<\/div>\n\n\n\n<div class=\"wp-block-columns alignwide is-layout-flex wp-container-core-columns-is-layout-c45ee707 wp-block-columns-is-layout-flex\" style=\"margin-bottom:var(--wp--preset--spacing--side-padding);padding-top:var(--wp--preset--spacing--side-padding)\">\n<div class=\"wp-block-column is-vertically-aligned-center is-layout-flow wp-block-column-is-layout-flow\">\n<h3 class=\"wp-block-heading\" style=\"margin-bottom:var(--wp--preset--spacing--h-3-bottom)\">Muscles<\/h3>\n\n\n\n<p><strong><em>La finition unique de la peinture mate<\/em><\/strong><\/p>\n\n\n\n<p>La machine Abduction\/Adduction cible les muscles de l&rsquo;int\u00e9rieur et de l&rsquo;ext\u00e9rieur des cuisses. <strong>Mouvement d&rsquo;abduction :<\/strong> Se concentre sur les muscles abducteurs, principalement le moyen et le petit fessier. Ces muscles sont responsables de l&rsquo;\u00e9loignement de la jambe de la ligne m\u00e9diane du corps. <strong>Mouvement d&rsquo;adduction :<\/strong> Cible les muscles adducteurs, notamment le grand adducteur, le long adducteur et le court adducteur. Ces muscles travaillent \u00e0 ramener la jambe vers la ligne m\u00e9diane du corps.<br\/><br\/>Cette machine est b\u00e9n\u00e9fique pour renforcer et tonifier ces groupes musculaires, am\u00e9liorer la stabilit\u00e9 des jambes et l&rsquo;\u00e9quilibre.<\/p>\n\n\n\n<ol class=\"wp-block-list\">\n<li><\/li>\n<\/ol>\n<\/div>\n\n\n\n<div class=\"wp-block-column is-vertically-aligned-center is-layout-flow wp-block-column-is-layout-flow\">\n<figure class=\"wp-block-video\"><video height=\"2560\" style=\"aspect-ratio: 1920 \/ 2560;\" width=\"1920\" autoplay=\"\" controls=\"\" loop=\"\" muted=\"\" src=\"https:\/\/evolve-fitness.eu\/wp-content\/uploads\/2023\/08\/EV-SC-UL-200-Full.mp4\"><\/video><\/figure>\n<\/div>\n<\/div>\n\n\n\n<div class=\"wp-block-columns alignwide mobile-reverse is-layout-flex wp-container-core-columns-is-layout-ca64bf2d wp-block-columns-is-layout-flex\" style=\"margin-bottom:var(--wp--preset--spacing--side-padding)\">\n<div class=\"wp-block-column is-vertically-aligned-center is-layout-flow wp-block-column-is-layout-flow\">\n<figure class=\"wp-block-video\"><video height=\"2560\" style=\"aspect-ratio: 1920 \/ 2560;\" width=\"1920\" autoplay=\"\" controls=\"\" loop=\"\" muted=\"\" src=\"https:\/\/evolve-fitness.eu\/wp-content\/uploads\/2023\/08\/EV-SC-UL-200-Seat.mp4\"><\/video><\/figure>\n<\/div>\n\n\n\n<div class=\"wp-block-column is-vertically-aligned-center is-layout-flow wp-block-column-is-layout-flow\">\n<h3 class=\"wp-block-heading\">Si\u00e8ges moul\u00e9s<\/h3>\n\n\n\n<p><em><strong>  Pour un confort et une efficacit\u00e9 optimaux<\/strong><\/em><\/p>\n\n\n\n<p style=\"margin-bottom:var(--wp--preset--spacing--tb-section-padding)\">L&rsquo;Abduction\/Adduction s\u00e9lective Evolve Ultra Series fait partie de la s\u00e9rie Evolve Ultra Series, connue pour son soutien ergonomique, sa capacit\u00e9 de r\u00e9glage pour diff\u00e9rentes tailles d&rsquo;utilisateurs et sa conception \u00e9l\u00e9gante et durable. Cet \u00e9quipement est id\u00e9al pour renforcer l&rsquo;engagement musculaire et am\u00e9liorer la stabilit\u00e9 et l&rsquo;\u00e9quilibre des jambes.<\/p>\n<\/div>\n<\/div>\n\n\n\n<div class=\"wp-block-columns alignwide mobile-reverse is-layout-flex wp-container-core-columns-is-layout-ca64bf2d wp-block-columns-is-layout-flex\" style=\"margin-bottom:var(--wp--preset--spacing--side-padding)\">\n<div class=\"wp-block-column is-vertically-aligned-center is-layout-flow wp-block-column-is-layout-flow\">\n<h3 class=\"wp-block-heading\" style=\"margin-bottom:var(--wp--preset--spacing--h-3-bottom)\">La s\u00e9curit\u00e9 au service du style<\/h3>\n\n\n\n<p><strong><em>Housse d&#8217;empilement de poids enti\u00e8rement recouverte<\/em><\/strong><\/p>\n\n\n\n<p>Pour les propri\u00e9taires de salles de sport et les entrepreneurs de fitness, la s\u00e9curit\u00e9 et l&rsquo;esth\u00e9tique sont primordiales. La s\u00e9rie Evolve Ultra est dot\u00e9e d&rsquo;un car\u00e9nage de pile de poids enti\u00e8rement recouvert, combinant parfaitement la s\u00e9curit\u00e9 et le style. En am\u00e9liorant la s\u00e9curit\u00e9 et en pr\u00e9venant les accidents tout en gardant votre espace de gym propre, cette housse est un ajout essentiel \u00e0 tout centre de remise en forme. Am\u00e9liorez l&rsquo;attrait visuel de votre salle de sport tout en donnant la priorit\u00e9 \u00e0 la s\u00e9curit\u00e9 de vos clients lors de chaque s\u00e9ance d&rsquo;entra\u00eenement.<\/p>\n<\/div>\n\n\n\n<div class=\"wp-block-column is-vertically-aligned-center is-layout-flow wp-block-column-is-layout-flow\">\n<figure class=\"wp-block-image size-large\"><img decoding=\"async\" src=\"https:\/\/evolve-fitness.eu\/wp-content\/uploads\/2023\/12\/A7_08500-683x1024.jpg\" alt=\"\" class=\"wp-image-8710\"\/><\/figure>\n<\/div>\n<\/div>\n\n\n\n<div class=\"wp-block-columns alignwide is-layout-flex wp-container-core-columns-is-layout-c45ee707 wp-block-columns-is-layout-flex\" style=\"margin-bottom:var(--wp--preset--spacing--side-padding);padding-top:var(--wp--preset--spacing--side-padding)\">\n<div class=\"wp-block-column is-vertically-aligned-center is-layout-flow wp-block-column-is-layout-flow\">\n<figure class=\"wp-block-video\"><video height=\"2560\" style=\"aspect-ratio: 1920 \/ 2560;\" width=\"1920\" autoplay=\"\" controls=\"\" loop=\"\" muted=\"\" src=\"https:\/\/evolve-fitness.eu\/wp-content\/uploads\/2024\/01\/EV-SC-UL-200-Handle.mp4\"><\/video><\/figure>\n<\/div>\n\n\n\n<div class=\"wp-block-column is-vertically-aligned-center is-layout-flow wp-block-column-is-layout-flow\">\n<h3 class=\"wp-block-heading\" style=\"margin-bottom:var(--wp--preset--spacing--h-3-bottom)\">Un confort centr\u00e9 sur l&rsquo;utilisateur<\/h3>\n\n\n\n<p><strong><em>R\u00e9glage du si\u00e8ge d&rsquo;une seule main<\/em><\/strong><\/p>\n\n\n\n<p>Propri\u00e9taires de salles de sport en herbe, prenez note ! Le r\u00e9glage du si\u00e8ge d&rsquo;une seule main, tr\u00e8s pratique pour l&rsquo;utilisateur, am\u00e9liore l&rsquo;exp\u00e9rience de l&rsquo;entra\u00eenement. Les clients peuvent passer d&rsquo;un exercice \u00e0 l&rsquo;autre sans interruption, ce qui rend leurs s\u00e9ances d&rsquo;entra\u00eenement plus efficaces et plus agr\u00e9ables. Cette approche centr\u00e9e sur l&rsquo;utilisateur aidera votre centre de remise en forme \u00e0 se d\u00e9marquer dans le secteur concurrentiel de la remise en forme.<\/p>\n<\/div>\n<\/div>\n\n\n\n<div class=\"wp-block-columns alignwide are-vertically-aligned-center mobile-reverse is-layout-flex wp-container-core-columns-is-layout-e8158c2f wp-block-columns-is-layout-flex\" style=\"padding-top:var(--wp--preset--spacing--side-padding)\">\n<div class=\"wp-block-column is-vertically-aligned-center is-layout-flow wp-block-column-is-layout-flow\">\n<h3 class=\"wp-block-heading\" style=\"margin-bottom:var(--wp--preset--spacing--h-3-bottom)\"><strong>Des poign\u00e9es optimales<\/strong><\/h3>\n\n\n\n<p><strong><em><strong><em>Am\u00e9liorer l&rsquo;exp\u00e9rience de la remise en forme<\/em><\/strong><\/em><\/strong><\/p>\n\n\n\n<p style=\"margin-bottom:var(--wp--preset--spacing--tb-section-padding)\">Attirer et fid\u00e9liser les clients est essentiel pour les propri\u00e9taires de salles de sport et les g\u00e9rants d&rsquo;\u00e9tablissements de remise en forme. La s\u00e9rie Evolve Ultra offre des poign\u00e9es optimales, m\u00e9ticuleusement con\u00e7ues pour le confort et la s\u00e9curit\u00e9. Am\u00e9liorez l&rsquo;exp\u00e9rience d&rsquo;entra\u00eenement de vos clients, en les gardant engag\u00e9s et motiv\u00e9s pour atteindre leurs objectifs de remise en forme dans votre \u00e9tablissement.<\/p>\n\n\n\n<h3 class=\"wp-block-heading\" style=\"margin-bottom:var(--wp--preset--spacing--h-3-bottom)\">D\u00e9marrage sans effort<\/h3>\n\n\n\n<p><strong><em><strong><em>L&rsquo;aide \u00e0 la jambe pour l&rsquo;inclusion<\/em><\/strong><\/em><\/strong><\/p>\n\n\n\n<p>Pour les propri\u00e9taires de salles de sport qui envisagent de se lancer dans l&rsquo;exploitation d&rsquo;un centre de remise en forme, le d\u00e9marrage sans effort avec assistance aux jambes de la s\u00e9rie Evolve Ultra garantit l&rsquo;accessibilit\u00e9 \u00e0 tous les niveaux de condition physique. Cette caract\u00e9ristique innovante \u00e9limine les barri\u00e8res \u00e0 l&rsquo;entr\u00e9e pour les nouveaux arrivants et permet \u00e0 votre salle de sport d&rsquo;accueillir des clients de toutes capacit\u00e9s.<\/p>\n<\/div>\n\n\n\n<div class=\"wp-block-column is-vertically-aligned-center is-layout-flow wp-block-column-is-layout-flow\">\n<figure class=\"wp-block-image size-large\"><img decoding=\"async\" src=\"https:\/\/evolve-fitness.eu\/wp-content\/uploads\/2023\/08\/A7_08503-1024x683.jpg\" alt=\"\" class=\"wp-image-8715\"\/><\/figure>\n<\/div>\n<\/div>\n<\/section>\n","protected":false},"excerpt":{"rendered":"<p>Am\u00e9liorez l&rsquo;entra\u00eenement des jambes avec l&rsquo;abduction\/adduction s\u00e9lective Evolve Ultra Series (UL-200). Il offre des mouvements cibl\u00e9s et un confort optimal gr\u00e2ce \u00e0 sa conception innovante, avec des mouvements de bras ind\u00e9pendants, des si\u00e8ges moul\u00e9s et des r\u00e9glages conviviaux. Am\u00e9liorez votre salle de sport avec cette machine \u00e9l\u00e9gante et efficace qui renforce l&rsquo;engagement musculaire et offre une exp\u00e9rience de fitness sup\u00e9rieure.<\/p>\n","protected":false},"featured_media":75964,"template":"","meta":{"_acf_changed":false,"inline_featured_image":false},"product_cat":[413,1110,1224],"product_tag":[],"class_list":{"0":"post-40135","1":"product","2":"type-product","3":"status-publish","4":"has-post-thumbnail","6":"product_cat-page-daccueil","7":"product_cat-machines-selectionnees","8":"product_cat-machines-selectorized-ultra-series","10":"first","11":"instock","12":"shipping-taxable","13":"purchasable","14":"product-type-simple"},"acf":[],"_links":{"self":[{"href":"https:\/\/store.evolve-fitness.eu\/fr\/wp-json\/wp\/v2\/product\/40135","targetHints":{"allow":["GET"]}}],"collection":[{"href":"https:\/\/store.evolve-fitness.eu\/fr\/wp-json\/wp\/v2\/product"}],"about":[{"href":"https:\/\/store.evolve-fitness.eu\/fr\/wp-json\/wp\/v2\/types\/product"}],"wp:featuredmedia":[{"embeddable":true,"href":"https:\/\/store.evolve-fitness.eu\/fr\/wp-json\/wp\/v2\/media\/75964"}],"wp:attachment":[{"href":"https:\/\/store.evolve-fitness.eu\/fr\/wp-json\/wp\/v2\/media?parent=40135"}],"wp:term":[{"taxonomy":"product_cat","embeddable":true,"href":"https:\/\/store.evolve-fitness.eu\/fr\/wp-json\/wp\/v2\/product_cat?post=40135"},{"taxonomy":"product_tag","embeddable":true,"href":"https:\/\/store.evolve-fitness.eu\/fr\/wp-json\/wp\/v2\/product_tag?post=40135"}],"curies":[{"name":"wp","href":"https:\/\/api.w.org\/{rel}","templated":true}]}}