{"id":39854,"date":"2024-01-18T08:17:49","date_gmt":"2024-01-18T08:17:49","guid":{"rendered":"https:\/\/store.evolve-fitness.eu\/product\/evolve-ultra-series-selectorized-low-row-rangs-bas\/"},"modified":"2024-06-05T12:42:41","modified_gmt":"2024-06-05T12:42:41","slug":"evolve-ultra-series-selectorized-low-row-rangs-bas","status":"publish","type":"product","link":"https:\/\/store.evolve-fitness.eu\/fr\/produit\/evolve-ultra-series-selectorized-low-row-rangs-bas\/","title":{"rendered":"Evolve Ultra Series Selectorized Low Row (rangs bas)"},"content":{"rendered":"\n<section class=\"wp-block-group alignfull black-content has-white-color has-darkgray-background-color has-text-color has-background is-layout-constrained wp-block-group-is-layout-constrained\" style=\"padding-top:var(--wp--preset--spacing--section-bottom);padding-bottom:var(--wp--preset--spacing--section-bottom)\">\n<div class=\"wp-block-columns alignwide mobile-reverse is-layout-flex wp-container-core-columns-is-layout-ca64bf2d wp-block-columns-is-layout-flex\" style=\"margin-bottom:var(--wp--preset--spacing--side-padding)\">\n<div class=\"wp-block-column is-vertically-aligned-center is-layout-flow wp-block-column-is-layout-flow\">\n<h3 class=\"wp-block-heading\">Bienvenue dans la s\u00e9rie Ultra<\/h3>\n\n\n\n<p><strong><em>Faites connaissance avec nos \u00e9quipements de la s\u00e9rie Ultra gr\u00e2ce \u00e0 une visite 3D \u00e0 360\u00b0 \u00e0 la pointe de la technologie<\/em><\/strong><\/p>\n\n\n\n<p>Le mod\u00e8le Evolve Ultra Series Selectorized Low Row, qui fait partie de la s\u00e9rie Evolve Ultra, est con\u00e7u pour le confort et la performance. L&rsquo;appareil est con\u00e7u pour la polyvalence de l&rsquo;exercice, le soutien ergonomique et les options de r\u00e9glage pour diff\u00e9rentes tailles d&rsquo;utilisateurs. Le design est esth\u00e9tique, avec une finition durable par rev\u00eatement en poudre, et l&rsquo;utilisation de c\u00e2bles de haute qualit\u00e9 garantit un fonctionnement sans heurts.<\/p>\n<\/div>\n\n\n\n<div class=\"wp-block-column is-vertically-aligned-center is-layout-flow wp-block-column-is-layout-flow\">\n<figure class=\"wp-block-video\"><video autoplay=\"\" controls=\"\" loop=\"\" muted=\"\" src=\"https:\/\/evolve-fitness.eu\/wp-content\/uploads\/2023\/08\/Low-Row-Evolve-Ultra-Series-Selectorized.mp4\"><\/video><\/figure>\n<\/div>\n<\/div>\n\n\n\n<div class=\"wp-block-columns alignwide are-vertically-aligned-center mobile-reverse is-layout-flex wp-container-core-columns-is-layout-e8158c2f wp-block-columns-is-layout-flex\" style=\"padding-top:var(--wp--preset--spacing--side-padding)\">\n<div class=\"wp-block-column is-vertically-aligned-center is-layout-flow wp-block-column-is-layout-flow\">\n<figure class=\"wp-block-video\"><video autoplay=\"\" controls=\"\" loop=\"\" muted=\"\" src=\"https:\/\/evolve-fitness.eu\/wp-content\/uploads\/2023\/08\/Evolve-Ultra-Series-Selectorized-Low-Row-Ul-050.mp4\"><\/video><\/figure>\n<\/div>\n\n\n\n<div class=\"wp-block-column is-vertically-aligned-center is-layout-flow wp-block-column-is-layout-flow\">\n<h3 class=\"wp-block-heading\" style=\"margin-bottom:var(--wp--preset--spacing--h-3-bottom)\"><strong>Muscles<\/strong><\/h3>\n\n\n\n<p><strong><em>Qualit\u00e9 sup\u00e9rieure<\/em><\/strong><\/p>\n\n\n\n<p>L&rsquo;appareil Evolve Ultra Series Selectorized Shoulder Press est une option hautement recommand\u00e9e pour les personnes cherchant \u00e0 am\u00e9liorer la force de leur dos et la d\u00e9finition de leurs muscles. Cette machine est con\u00e7ue pour cibler et renforcer efficacement les muscles du dos. La machine \u00e0 ramer basse Evolve Ultra Series cible principalement les groupes musculaires suivants et permet de les entra\u00eener :<br\/><br\/><strong>Latissimus Dorsi (Lats<\/strong>) : Les muscles latissimus dorsi sont les plus grands muscles du dos et sont fortement impliqu\u00e9s dans les mouvements d&rsquo;aviron. Ils sont responsables du mouvement de traction de la poign\u00e9e vers le bas de la poitrine ;  <strong>Rhombo\u00efdes<\/strong>: Les muscles rhombo\u00efdes majeurs et mineurs, situ\u00e9s entre les omoplates, sont activ\u00e9s pour aider \u00e0 r\u00e9tracter et \u00e0 stabiliser la scapula (omoplates) pendant le mouvement d&rsquo;aviron ;  <strong>Biceps Brachii (Biceps)<\/strong>: Vos biceps sont impliqu\u00e9s dans la flexion de votre coude lorsque vous tirez la poign\u00e9e vers votre torse ;  <strong>Delto\u00efdes arri\u00e8re<\/strong>: Les muscles delto\u00efdes post\u00e9rieurs, situ\u00e9s \u00e0 l&rsquo;arri\u00e8re des \u00e9paules, sont sollicit\u00e9s lorsque vous serrez vos omoplates \u00e0 la fin du mouvement d&rsquo;aviron ;  <strong>Trap\u00e8ze inf\u00e9rieur<\/strong>: Les trap\u00e8zes inf\u00e9rieurs sont impliqu\u00e9s dans la phase descendante du mouvement d&rsquo;aviron et contribuent \u00e0 la d\u00e9pression de l&rsquo;omoplate ;  <strong>Muscles de l&rsquo;avant-bras<\/strong>: Les muscles fl\u00e9chisseurs de l&rsquo;avant-bras sont sollicit\u00e9s lorsque vous saisissez et tenez la poign\u00e9e du V-Bar ;  <strong>Muscles secondaires<\/strong>: Diff\u00e9rents muscles stabilisateurs sont \u00e9galement impliqu\u00e9s pour soutenir votre posture et maintenir l&rsquo;\u00e9quilibre pendant l&rsquo;exercice.<\/p>\n<\/div>\n<\/div>\n\n\n\n<div class=\"wp-block-columns alignwide mobile-reverse is-layout-flex wp-container-core-columns-is-layout-ca64bf2d wp-block-columns-is-layout-flex\" style=\"margin-bottom:var(--wp--preset--spacing--side-padding)\">\n<div class=\"wp-block-column is-vertically-aligned-center is-layout-flow wp-block-column-is-layout-flow\">\n<h3 class=\"wp-block-heading\" style=\"margin-bottom:var(--wp--preset--spacing--h-3-bottom)\">Hauteur r\u00e9glable des poign\u00e9es<\/h3>\n\n\n\n<p><em><strong>Con\u00e7u pour un entra\u00eenement complet du dos<\/strong><\/em><\/p>\n\n\n\n<p style=\"margin-bottom:var(--wp--preset--spacing--tb-section-padding)\">L&rsquo;appareil Evolve Ultra Series Low Row est un \u00e9quipement d&rsquo;exercice polyvalent con\u00e7u pour un entra\u00eenement complet du dos. Gr\u00e2ce \u00e0 la possibilit\u00e9 de passer d&rsquo;une poign\u00e9e de traction \u00e0 l&rsquo;autre, cet appareil permet aux utilisateurs de diversifier leurs programmes d&rsquo;entra\u00eenement et de cibler efficacement un large \u00e9ventail de groupes musculaires. L&rsquo;une des caract\u00e9ristiques de cette machine est le r\u00e9glage de la hauteur de la poign\u00e9e, qui offre 10 positions diff\u00e9rentes.<br\/><br\/>Cette adaptabilit\u00e9 permet aux utilisateurs d&rsquo;effectuer des flexions arri\u00e8re sous diff\u00e9rents angles, afin de r\u00e9pondre \u00e0 leurs objectifs de fitness sp\u00e9cifiques et de cibler diff\u00e9rentes zones du dos. Que l&rsquo;on se concentre sur le haut ou le bas du dos ou que l&rsquo;on cherche \u00e0 varier les exercices, cette machine offre la flexibilit\u00e9 n\u00e9cessaire \u00e0 un programme de remise en forme bien \u00e9quilibr\u00e9.  <br\/><br\/>Le r\u00e9glage de poulie le plus bas convient aux exercices qui se concentrent sur le haut du dos, en particulier les trap\u00e8zes et les rhombo\u00efdes, ce qui permet de renforcer et de d\u00e9velopper ces groupes musculaires. A l&rsquo;inverse, le r\u00e9glage le plus \u00e9lev\u00e9 de la poulie est id\u00e9al pour les exercices qui consistent \u00e0 tirer une corde vers l&rsquo;arri\u00e8re des muscles delto\u00efdes. Cette m\u00e9thode d&rsquo;entra\u00eenement sp\u00e9cifique permet d&rsquo;am\u00e9liorer la force et la d\u00e9finition des delto\u00efdes. Le syst\u00e8me de r\u00e9glage est \u00e9quip\u00e9 d&rsquo;une goupille de changement de hauteur jaune vif. Cette goupille est tr\u00e8s visible et facile \u00e0 utiliser, ce qui permet aux utilisateurs de s\u00e9lectionner rapidement et pr\u00e9cis\u00e9ment la hauteur de poign\u00e9e souhait\u00e9e.<\/p>\n<\/div>\n\n\n\n<div class=\"wp-block-column is-vertically-aligned-center is-layout-flow wp-block-column-is-layout-flow\">\n<figure class=\"wp-block-video\"><video autoplay=\"\" controls=\"\" loop=\"\" muted=\"\" src=\"https:\/\/evolve-fitness.eu\/wp-content\/uploads\/2023\/08\/Evolve-UL-050-Adjustable-height-of-handles.mp4\"><\/video><\/figure>\n<\/div>\n<\/div>\n\n\n\n<div class=\"wp-block-columns alignwide is-layout-flex wp-container-core-columns-is-layout-c45ee707 wp-block-columns-is-layout-flex\" style=\"margin-bottom:var(--wp--preset--spacing--side-padding);padding-top:var(--wp--preset--spacing--side-padding)\">\n<div class=\"wp-block-column is-vertically-aligned-center is-layout-flow wp-block-column-is-layout-flow\">\n<figure class=\"wp-block-video\"><video autoplay=\"\" controls=\"\" loop=\"\" muted=\"\" src=\"https:\/\/evolve-fitness.eu\/wp-content\/uploads\/2023\/08\/Evolve-UL-050-Moulded-Seats-Precise-Seat-Adjustments.mp4\"><\/video><\/figure>\n<\/div>\n\n\n\n<div class=\"wp-block-column is-vertically-aligned-center is-layout-flow wp-block-column-is-layout-flow\">\n<h3 class=\"wp-block-heading\" style=\"margin-bottom:var(--wp--preset--spacing--h-3-bottom)\">Si\u00e8ges moul\u00e9s et r\u00e9glages pr\u00e9cis des si\u00e8ges<\/h3>\n\n\n\n<p><strong><em>Rembourrage \u00e0 double piq\u00fbre<\/em><\/strong><\/p>\n\n\n\n<p style=\"margin-bottom:var(--wp--preset--spacing--tb-section-padding)\">Le si\u00e8ge en polyur\u00e9thane Evolve Ultra Series Selectorized Low Row, construit avec un design moul\u00e9 et un rembourrage \u00e0 double couture, offre une durabilit\u00e9 et un confort exceptionnels. Ils sont con\u00e7us pour offrir un soutien ergonomique. En outre, les coussins pour machines de musculation en PU constituent un excellent choix en raison de leur durabilit\u00e9, de leur confort, de leur facilit\u00e9 d&rsquo;entretien et de leur rentabilit\u00e9 globale. Ils peuvent r\u00e9sister aux exigences de l&rsquo;entra\u00eenement musculaire tout en offrant une surface d&rsquo;exercice confortable et hygi\u00e9nique.<\/p>\n<\/div>\n<\/div>\n\n\n\n<div class=\"wp-block-columns alignwide are-vertically-aligned-center mobile-reverse is-layout-flex wp-container-core-columns-is-layout-e8158c2f wp-block-columns-is-layout-flex\" style=\"padding-top:var(--wp--preset--spacing--side-padding)\">\n<div class=\"wp-block-column is-vertically-aligned-center is-layout-flow wp-block-column-is-layout-flow\">\n<h3 class=\"wp-block-heading\" style=\"margin-bottom:var(--wp--preset--spacing--h-3-bottom)\"><strong>Support de pied en acier inoxydable<\/strong><\/h3>\n\n\n\n<p><strong><em>Support de pied en acier inoxydable<\/em><\/strong><\/p>\n\n\n\n<p style=\"margin-bottom:var(--wp--preset--spacing--tb-section-padding)\">L&rsquo;appareil Evolve Ultra Series Low Row est dot\u00e9 d&rsquo;un support de pied en acier inoxydable qui am\u00e9liore \u00e0 la fois la s\u00e9curit\u00e9 et la stabilit\u00e9 pendant l&rsquo;entra\u00eenement. Ce support pour les pieds offre une plate-forme stable, essentielle pour maintenir une forme correcte et r\u00e9duire le risque de blessures. Sa surface antid\u00e9rapante emp\u00eache les glissements accidentels et garantit une exp\u00e9rience d&rsquo;entra\u00eenement concentr\u00e9e et s\u00fbre. Au-del\u00e0 de la fonctionnalit\u00e9, le support de pied en acier inoxydable am\u00e9liore l&rsquo;aspect g\u00e9n\u00e9ral de la machine. L&rsquo;acier inoxydable brillant n&rsquo;est pas seulement attrayant, il ajoute \u00e9galement une touche de modernit\u00e9 \u00e0 l&rsquo;\u00e9quipement, ce qui en fait un compl\u00e9ment visuellement agr\u00e9able \u00e0 tout gymnase ou centre de remise en forme.<\/p>\n<\/div>\n\n\n\n<div class=\"wp-block-column is-vertically-aligned-center is-layout-flow wp-block-column-is-layout-flow\">\n<figure class=\"wp-block-video\"><video autoplay=\"\" controls=\"\" loop=\"\" muted=\"\" src=\"https:\/\/evolve-fitness.eu\/wp-content\/uploads\/2023\/08\/Evolve-UL-050-Stainless-steel-foot-support.mp4\"><\/video><\/figure>\n<\/div>\n<\/div>\n\n\n\n<div class=\"wp-block-columns alignwide are-vertically-aligned-center mobile-reverse is-layout-flex wp-container-core-columns-is-layout-e8158c2f wp-block-columns-is-layout-flex\" style=\"padding-top:var(--wp--preset--spacing--side-padding)\">\n<div class=\"wp-block-column is-vertically-aligned-center is-layout-flow wp-block-column-is-layout-flow\">\n<figure class=\"wp-block-video\"><video autoplay=\"\" controls=\"\" loop=\"\" muted=\"\" src=\"https:\/\/evolve-fitness.eu\/wp-content\/uploads\/2023\/08\/Evolve-UL-050-Handles-holder.mp4\"><\/video><\/figure>\n<\/div>\n\n\n\n<div class=\"wp-block-column is-vertically-aligned-center is-layout-flow wp-block-column-is-layout-flow\">\n<h3 class=\"wp-block-heading\" style=\"margin-bottom:var(--wp--preset--spacing--h-3-bottom)\"><strong>Porte-poign\u00e9es<\/strong><\/h3>\n\n\n\n<p><strong><em>Une solution pratique et organis\u00e9e<\/em><\/strong><\/p>\n\n\n\n<p style=\"margin-bottom:var(--wp--preset--spacing--tb-section-padding)\">L&rsquo;appareil Evolve Ultra Series Low Row est \u00e9quip\u00e9 d&rsquo;un crochet de rangement des accessoires d&rsquo;entra\u00eenement \u00e0 4 positions, offrant une solution pratique et organis\u00e9e pour le rangement des poign\u00e9es d&rsquo;exercice et des accessoires. Cette caract\u00e9ristique permet d&rsquo;acc\u00e9der rapidement et facilement aux diff\u00e9rentes poign\u00e9es pendant les s\u00e9ances d&rsquo;entra\u00eenement. Le rangement organis\u00e9 joue \u00e9galement un r\u00f4le crucial dans le maintien d&rsquo;une zone d&rsquo;entra\u00eenement propre et sans d\u00e9sordre. Il emp\u00eache les poign\u00e9es d&rsquo;\u00eatre mal plac\u00e9es et contribue \u00e0 un environnement d&rsquo;entra\u00eenement s\u00fbr et visuellement attrayant.<\/p>\n<\/div>\n<\/div>\n\n\n\n<div class=\"wp-block-columns alignwide are-vertically-aligned-center mobile-reverse is-layout-flex wp-container-core-columns-is-layout-e8158c2f wp-block-columns-is-layout-flex\" style=\"padding-top:var(--wp--preset--spacing--side-padding)\">\n<div class=\"wp-block-column is-vertically-aligned-center is-layout-flow wp-block-column-is-layout-flow\">\n<h3 class=\"wp-block-heading\" style=\"margin-bottom:var(--wp--preset--spacing--h-3-bottom)\"><strong>Plaque de poids sup\u00e9rieure<\/strong><\/h3>\n\n\n\n<p><strong><em>Se mettre au d\u00e9fi<\/em><\/strong><\/p>\n\n\n\n<p>La presse \u00e0 \u00e9paulettes Evolve Ultra Series Selectorized est \u00e9quip\u00e9e de deux plaques de poids suppl\u00e9mentaires de 2,5 kg, ce qui permet d&rsquo;am\u00e9liorer les performances de l&rsquo;appareil. Tout d&rsquo;abord, il augmente la r\u00e9sistance maximale que l&rsquo;appareil peut fournir, ce qui permet aux utilisateurs de se surpasser lors de leurs s\u00e9ances d&rsquo;entra\u00eenement.<br\/>En outre, ces plaques de poids suppl\u00e9mentaires offrent un avantage unique en permettant aux utilisateurs de faire des incr\u00e9ments plus petits et plus pr\u00e9cis dans leurs ajustements de r\u00e9sistance, chaque plaque offrant une augmentation de 2,5 kg. Cette pr\u00e9cision dans la s\u00e9lection de la r\u00e9sistance permet aux individus d&rsquo;adapter leurs s\u00e9ances d&rsquo;entra\u00eenement \u00e0 leurs besoins et objectifs sp\u00e9cifiques, garantissant ainsi que chaque s\u00e9ance d&rsquo;exercice est adapt\u00e9e pour optimiser les r\u00e9sultats.<\/p>\n<\/div>\n\n\n\n<div class=\"wp-block-column is-vertically-aligned-center is-layout-flow wp-block-column-is-layout-flow\">\n<figure class=\"wp-block-image size-full\"><img decoding=\"async\" src=\"https:\/\/evolve-fitness.eu\/wp-content\/uploads\/2024\/01\/plate.webp\" alt=\"\" class=\"wp-image-9942\"\/><\/figure>\n<\/div>\n<\/div>\n\n\n\n<div class=\"wp-block-columns alignwide are-vertically-aligned-center mobile-reverse is-layout-flex wp-container-core-columns-is-layout-e8158c2f wp-block-columns-is-layout-flex\" style=\"padding-top:var(--wp--preset--spacing--side-padding)\">\n<div class=\"wp-block-column is-vertically-aligned-center is-layout-flow wp-block-column-is-layout-flow\">\n<figure class=\"wp-block-video\"><video height=\"493\" style=\"aspect-ratio: 922 \/ 493;\" width=\"922\" autoplay=\"\" controls=\"\" loop=\"\" muted=\"\" src=\"https:\/\/evolve-fitness.eu\/wp-content\/uploads\/2023\/08\/Evolve-UL-050-Weight-Stack.mp4\"><\/video><\/figure>\n<\/div>\n\n\n\n<div class=\"wp-block-column is-vertically-aligned-center is-layout-flow wp-block-column-is-layout-flow\">\n<h3 class=\"wp-block-heading\" style=\"margin-bottom:var(--wp--preset--spacing--h-3-bottom)\"><strong>Pile de poids<\/strong><\/h3>\n\n\n\n<p><strong><em>Entra\u00eenement plus stimulant<\/em><\/strong><\/p>\n\n\n\n<p>L&rsquo;appareil Evolve Ultra Series Selectorized Shoulder Press est \u00e9quip\u00e9 d&rsquo;un niveau de r\u00e9sistance de 110 kg, mais vous avez \u00e9galement la possibilit\u00e9 de le personnaliser et de l&rsquo;ajouter \u00e0 122,5 kg pour une exp\u00e9rience d&rsquo;entra\u00eenement encore plus stimulante. Il est dot\u00e9 d&rsquo;une pile de poids enti\u00e8rement ferm\u00e9e qui garantit la s\u00e9curit\u00e9 de vos exercices.<\/p>\n\n\n\n<p><strong><em>Exercices autocollants notre aide visuelle<\/em><\/strong><\/p>\n\n\n\n<p>Les appareils de la s\u00e9rie Evolve Ultra sont dot\u00e9s d&rsquo;autocollants informatifs qui vous servent d&rsquo;aide visuelle et vous permettent de vous familiariser plus facilement avec les caract\u00e9ristiques et les fonctions de l&rsquo;appareil, ce qui am\u00e9liore votre exp\u00e9rience de l&rsquo;exercice. En outre, il fournit des informations pr\u00e9cieuses sur les diff\u00e9rents groupes musculaires qui peuvent \u00eatre efficacement travaill\u00e9s sur l&rsquo;appareil, ce qui vous permet de tirer le meilleur parti de votre programme de remise en forme en ciblant des zones d&rsquo;int\u00e9r\u00eat sp\u00e9cifiques.<\/p>\n<\/div>\n<\/div>\n\n\n\n<div class=\"wp-block-columns alignwide are-vertically-aligned-center mobile-reverse is-layout-flex wp-container-core-columns-is-layout-e8158c2f wp-block-columns-is-layout-flex\" style=\"padding-top:var(--wp--preset--spacing--side-padding)\">\n<div class=\"wp-block-column is-vertically-aligned-center is-layout-flow wp-block-column-is-layout-flow\">\n<h3 class=\"wp-block-heading\" style=\"margin-bottom:var(--wp--preset--spacing--h-3-bottom)\"><strong>C\u00e2ble<\/strong><\/h3>\n\n\n\n<p><strong><em>Qualit\u00e9 sup\u00e9rieure<\/em><\/strong><\/p>\n\n\n\n<p>Les machines Evolve Ultra Series utilisent des c\u00e2bles de qualit\u00e9 sup\u00e9rieure, compos\u00e9s de six brins principaux, chaque brin \u00e9tant constitu\u00e9 de 19 fils torsad\u00e9s ensemble, en polyamide 12 (PA12) et d&rsquo;un diam\u00e8tre de 5 mm. Lorsque vous passez d&rsquo;un exercice \u00e0 l&rsquo;autre, qu&rsquo;il s&rsquo;agisse d&rsquo;une flexion des biceps, d&rsquo;une compression de la poitrine, d&rsquo;un tirage au sort ou de toute autre activit\u00e9 de musculation, les performances exceptionnelles des c\u00e2bles de la s\u00e9rie Evolve Ultra garantissent la fluidit\u00e9 des mouvements et la constance de la r\u00e9sistance, ce qui favorise une exp\u00e9rience d&rsquo;entra\u00eenement \u00e0 la fois efficace et agr\u00e9able.<\/p>\n<\/div>\n\n\n\n<div class=\"wp-block-column is-vertically-aligned-center is-layout-flow wp-block-column-is-layout-flow\">\n<figure class=\"wp-block-video\"><video height=\"600\" style=\"aspect-ratio: 680 \/ 600;\" width=\"680\" autoplay=\"\" controls=\"\" loop=\"\" muted=\"\" src=\"https:\/\/evolve-fitness.eu\/wp-content\/uploads\/2023\/10\/Evolve-cable.mp4\"><\/video><\/figure>\n<\/div>\n<\/div>\n\n\n\n<div class=\"wp-block-columns alignwide are-vertically-aligned-center mobile-reverse is-layout-flex wp-container-core-columns-is-layout-e8158c2f wp-block-columns-is-layout-flex\" style=\"padding-top:var(--wp--preset--spacing--side-padding)\">\n<div class=\"wp-block-column is-vertically-aligned-center is-layout-flow wp-block-column-is-layout-flow\">\n<figure class=\"wp-block-video\"><video height=\"1920\" style=\"aspect-ratio: 1920 \/ 1920;\" width=\"1920\" autoplay=\"\" controls=\"\" loop=\"\" muted=\"\" src=\"https:\/\/evolve-fitness.eu\/wp-content\/uploads\/2023\/10\/Evolve-Double-powder-coated-Frame.mp4\"><\/video><\/figure>\n<\/div>\n\n\n\n<div class=\"wp-block-column is-vertically-aligned-center is-layout-flow wp-block-column-is-layout-flow\">\n<h3 class=\"wp-block-heading\" style=\"margin-bottom:var(--wp--preset--spacing--h-3-bottom)\"><strong>Double rev\u00eatement en poudre<\/strong><\/h3>\n\n\n\n<p><strong><em>Rev\u00eatement par poudre \u00e9lectrostatique<\/em><\/strong><\/p>\n\n\n\n<p>Les machines de musculation de la s\u00e9rie Evolve Ultra, dot\u00e9es d&rsquo;un cadre noir perle mat \u00e0 rev\u00eatement \u00e9lectrostatique par poudre, allient forme et fonction. Son attrait esth\u00e9tique est renforc\u00e9 par sa finition noire mate, tandis que ses caract\u00e9ristiques pratiques, notamment sa r\u00e9sistance au frottement, ses propri\u00e9t\u00e9s anticorrosion et sa r\u00e9sistance aux rayures, en font un compagnon de fitness fiable et durable.<\/p>\n<\/div>\n<\/div>\n<\/section>\n","protected":false},"excerpt":{"rendered":"<p>Faites l&rsquo;exp\u00e9rience d&rsquo;une polyvalence et d&rsquo;un confort in\u00e9gal\u00e9s avec la s\u00e9rie Evolve Ultra Selectorized Low Row (UL-050). Am\u00e9liorez votre routine d&rsquo;entra\u00eenement en vous engageant dans des exercices dynamiques avec des mouvements de bras ind\u00e9pendants, favorisant un d\u00e9veloppement musculaire sym\u00e9trique. Le car\u00e9nage de la pile de poids, enti\u00e8rement recouvert, assure la s\u00e9curit\u00e9 tout en ajoutant une touche de style \u00e0 votre espace de remise en forme. Avec sa finition \u00e9l\u00e9gante en peinture mate, ses poign\u00e9es optimales et sa conception centr\u00e9e sur l&rsquo;utilisateur avec un r\u00e9glage du si\u00e8ge d&rsquo;une seule main, cette machine offre une exp\u00e9rience d&rsquo;entra\u00eenement efficace et sans faille. D\u00e9couvrez l&rsquo;UL-050 pour atteindre de nouveaux sommets dans votre parcours de remise en forme.<\/p>\n","protected":false},"featured_media":75788,"template":"","meta":{"_acf_changed":false,"inline_featured_image":false},"product_cat":[1110,1224],"product_tag":[],"class_list":{"0":"post-39854","1":"product","2":"type-product","3":"status-publish","4":"has-post-thumbnail","6":"product_cat-machines-selectionnees","7":"product_cat-machines-selectorized-ultra-series","9":"first","10":"instock","11":"sale","12":"shipping-taxable","13":"purchasable","14":"product-type-simple"},"acf":[],"_links":{"self":[{"href":"https:\/\/store.evolve-fitness.eu\/fr\/wp-json\/wp\/v2\/product\/39854","targetHints":{"allow":["GET"]}}],"collection":[{"href":"https:\/\/store.evolve-fitness.eu\/fr\/wp-json\/wp\/v2\/product"}],"about":[{"href":"https:\/\/store.evolve-fitness.eu\/fr\/wp-json\/wp\/v2\/types\/product"}],"wp:featuredmedia":[{"embeddable":true,"href":"https:\/\/store.evolve-fitness.eu\/fr\/wp-json\/wp\/v2\/media\/75788"}],"wp:attachment":[{"href":"https:\/\/store.evolve-fitness.eu\/fr\/wp-json\/wp\/v2\/media?parent=39854"}],"wp:term":[{"taxonomy":"product_cat","embeddable":true,"href":"https:\/\/store.evolve-fitness.eu\/fr\/wp-json\/wp\/v2\/product_cat?post=39854"},{"taxonomy":"product_tag","embeddable":true,"href":"https:\/\/store.evolve-fitness.eu\/fr\/wp-json\/wp\/v2\/product_tag?post=39854"}],"curies":[{"name":"wp","href":"https:\/\/api.w.org\/{rel}","templated":true}]}}