{"id":39783,"date":"2023-10-03T07:42:47","date_gmt":"2023-10-03T07:42:47","guid":{"rendered":"https:\/\/store.evolve-fitness.eu\/product\/barre-de-singe-simple-evolve-1100-mm-1800-mm\/"},"modified":"2026-04-16T12:01:16","modified_gmt":"2026-04-16T12:01:16","slug":"barre-de-singe-simple-evolve-1100-mm-1800-mm","status":"publish","type":"product","link":"https:\/\/store.evolve-fitness.eu\/fr\/produit\/barre-de-singe-simple-evolve-1100-mm-1800-mm\/","title":{"rendered":"Evolve Single Monkey Bar &#8211; 1100 mm \/ 1800 mm"},"content":{"rendered":"","protected":false},"excerpt":{"rendered":"<p>Am\u00e9liorez vos s\u00e9ances d&rsquo;entra\u00eenement avec la barre de singe simple Evolve, disponible en deux longueurs : 1100 mm et 1800 mm. Ces barres polyvalentes sont con\u00e7ues pour am\u00e9liorer votre entra\u00eenement fonctionnel, crossfit, collectif ou individuel. Avec un diam\u00e8tre robuste de 32 mm et une compatibilit\u00e9 avec divers accessoires, la barre de singe Evolve Single Monkey Bar offre personnalisation et commodit\u00e9 pour faire passer votre entra\u00eenement au niveau sup\u00e9rieur. Prix par pi\u00e8ce.<\/p>\n","protected":false},"featured_media":39790,"template":"","meta":{"_acf_changed":false,"inline_featured_image":false},"product_cat":[413,591,664,958],"product_tag":[],"class_list":{"0":"post-39783","1":"product","2":"type-product","3":"status-publish","4":"has-post-thumbnail","6":"product_cat-page-daccueil","7":"product_cat-transversal-et-fonctionnel","8":"product_cat-composants-de-lappareil-de-forage","9":"product_cat-pieces-principales","11":"first","12":"instock","13":"shipping-taxable","14":"purchasable","15":"product-type-variable"},"acf":[],"_links":{"self":[{"href":"https:\/\/store.evolve-fitness.eu\/fr\/wp-json\/wp\/v2\/product\/39783","targetHints":{"allow":["GET"]}}],"collection":[{"href":"https:\/\/store.evolve-fitness.eu\/fr\/wp-json\/wp\/v2\/product"}],"about":[{"href":"https:\/\/store.evolve-fitness.eu\/fr\/wp-json\/wp\/v2\/types\/product"}],"wp:featuredmedia":[{"embeddable":true,"href":"https:\/\/store.evolve-fitness.eu\/fr\/wp-json\/wp\/v2\/media\/39790"}],"wp:attachment":[{"href":"https:\/\/store.evolve-fitness.eu\/fr\/wp-json\/wp\/v2\/media?parent=39783"}],"wp:term":[{"taxonomy":"product_cat","embeddable":true,"href":"https:\/\/store.evolve-fitness.eu\/fr\/wp-json\/wp\/v2\/product_cat?post=39783"},{"taxonomy":"product_tag","embeddable":true,"href":"https:\/\/store.evolve-fitness.eu\/fr\/wp-json\/wp\/v2\/product_tag?post=39783"}],"curies":[{"name":"wp","href":"https:\/\/api.w.org\/{rel}","templated":true}]}}