{"id":38155,"date":"2023-09-21T12:05:19","date_gmt":"2023-09-21T12:05:19","guid":{"rendered":"https:\/\/store.evolve-fitness.eu\/product\/boite-de-pliage-souple-evolve-carbon-series\/"},"modified":"2026-03-11T12:00:18","modified_gmt":"2026-03-11T12:00:18","slug":"boite-de-pliage-souple-evolve-carbon-series","status":"publish","type":"product","link":"https:\/\/store.evolve-fitness.eu\/fr\/produit\/boite-de-pliage-souple-evolve-carbon-series\/","title":{"rendered":"Bo\u00eete de pliage souple Evolve Carbon Series"},"content":{"rendered":"\n<section class=\"wp-block-group alignfull black-content has-white-color has-darkgray-background-color has-text-color has-background is-layout-constrained wp-block-group-is-layout-constrained\" style=\"padding-top:var(--wp--preset--spacing--section-bottom);padding-bottom:var(--wp--preset--spacing--section-bottom)\">\n<div class=\"wp-block-columns alignwide mobile-reverse is-layout-flex wp-container-core-columns-is-layout-ca64bf2d wp-block-columns-is-layout-flex\" style=\"margin-bottom:var(--wp--preset--spacing--side-padding)\">\n<div class=\"wp-block-column is-vertically-aligned-center is-layout-flow wp-block-column-is-layout-flow\">\n<h3 class=\"wp-block-heading\" style=\"margin-bottom:var(--wp--preset--spacing--h-3-bottom)\"><strong>Une qualit\u00e9 in\u00e9gal\u00e9e, des performances imbattables<\/strong><\/h3>\n\n\n\n<p><strong><em>Pr\u00e9sentation de la bo\u00eete de pliage souple Evolve Carbon Series<\/em><\/strong><\/p>\n\n\n\n<p style=\"margin-bottom:var(--wp--preset--spacing--tb-section-padding)\">Le compl\u00e9ment id\u00e9al \u00e0 votre arsenal de remise en forme ! Con\u00e7u pour les athl\u00e8tes et les passionn\u00e9s de fitness, cet ensemble est destin\u00e9 \u00e0 porter votre routine d&rsquo;entra\u00eenement \u00e0 de nouveaux sommets.<\/p>\n\n\n\n<h3 class=\"wp-block-heading\" style=\"margin-bottom:var(--wp--preset--spacing--h-3-bottom)\"><strong>S\u00fbr, doux et robuste<\/strong><\/h3>\n\n\n\n<p><a href=\"https:\/\/www.merriam-webster.com\/dictionary\/down%20to%20the%20smallest\/last\/tiniest%20detail\" target=\"_blank\" rel=\"noreferrer noopener\">Jusqu&rsquo;au moindre d\u00e9tail<\/a><\/p>\n\n\n\n<p>Nos Plyo Boxes sont con\u00e7ues avec un noyau unique en mousse souple, garantissant une s\u00e9curit\u00e9 maximale pendant les exercices de haute intensit\u00e9. Dites adieu \u00e0 la peur des \u00e9raflures et des blessures !<\/p>\n<\/div>\n\n\n\n<div class=\"wp-block-column is-vertically-aligned-center is-layout-flow wp-block-column-is-layout-flow\">\n<figure class=\"wp-block-video\"><video autoplay=\"\" controls=\"\" loop=\"\" muted=\"\" src=\"https:\/\/evolve-fitness.eu\/wp-content\/uploads\/2023\/12\/1-17.mp4\"><\/video><\/figure>\n<\/div>\n<\/div>\n\n\n\n<div class=\"wp-block-columns alignwide is-layout-flex wp-container-core-columns-is-layout-c45ee707 wp-block-columns-is-layout-flex\" style=\"margin-bottom:var(--wp--preset--spacing--side-padding);padding-top:var(--wp--preset--spacing--side-padding)\">\n<div class=\"wp-block-column is-vertically-aligned-center is-layout-flow wp-block-column-is-layout-flow\">\n<figure class=\"wp-block-video\"><video autoplay=\"\" controls=\"\" loop=\"\" muted=\"\" src=\"https:\/\/evolve-fitness.eu\/wp-content\/uploads\/2023\/12\/3-4.mp4\"><\/video><\/figure>\n<\/div>\n\n\n\n<div class=\"wp-block-column is-vertically-aligned-center is-layout-flow wp-block-column-is-layout-flow\">\n<h3 class=\"wp-block-heading\" style=\"margin-bottom:var(--wp--preset--spacing--h-3-bottom)\"><strong>Polyvalent et fonctionnel<\/strong><\/h3>\n\n\n\n<p><strong><em>avec des hauteurs vari\u00e9es<\/em><\/strong><\/p>\n\n\n\n<p style=\"margin-bottom:var(--wp--preset--spacing--tb-section-padding)\">Cet ensemble est parfait pour une large gamme d&rsquo;exercices, pour les d\u00e9butants comme pour les professionnels. Qu&rsquo;il s&rsquo;agisse de box jumps, de step-ups ou d&rsquo;exercices pliom\u00e9triques, ces bo\u00eetes vous couvrent.<\/p>\n\n\n\n<h3 class=\"wp-block-heading\" style=\"margin-bottom:var(--wp--preset--spacing--h-3-bottom)\"><strong>Finition carbone durable<\/strong><\/h3>\n\n\n\n<p><strong><em><strong><em>Con\u00e7u pour r\u00e9sister aux entra\u00eenements les plus difficiles<\/em><\/strong><\/em><\/strong><\/p>\n\n\n\n<p>D\u00e9couvrez la finition carbone \u00e9l\u00e9gante et styl\u00e9e qui non seulement a une belle apparence mais offre une durabilit\u00e9 in\u00e9gal\u00e9e.<\/p>\n<\/div>\n<\/div>\n\n\n\n<div class=\"wp-block-columns alignwide are-vertically-aligned-center mobile-reverse is-layout-flex wp-container-core-columns-is-layout-e8158c2f wp-block-columns-is-layout-flex\" style=\"padding-top:var(--wp--preset--spacing--side-padding)\">\n<div class=\"wp-block-column is-vertically-aligned-center is-layout-flow wp-block-column-is-layout-flow\">\n<h3 class=\"wp-block-heading\" style=\"margin-bottom:var(--wp--preset--spacing--h-3-bottom)\"><strong>Facile \u00e0 nettoyer et \u00e0 entretenir<\/strong><\/h3>\n\n\n\n<p><strong><em>Dans un design compact<\/em><\/strong><\/p>\n\n\n\n<p style=\"margin-bottom:var(--wp--preset--spacing--tb-section-padding)\">La surface facile \u00e0 nettoyer garantit que votre set reste hygi\u00e9nique et de premi\u00e8re qualit\u00e9, m\u00eame en cas d&rsquo;utilisation tr\u00e8s rigoureuse. Compacte et facile \u00e0 empiler, la s\u00e9rie Evolve Carbon s&rsquo;int\u00e8gre parfaitement dans votre salle de sport \u00e0 domicile ou dans votre centre d&rsquo;entra\u00eenement professionnel sans prendre d&rsquo;espace inutile.<\/p>\n<\/div>\n\n\n\n<div class=\"wp-block-column is-vertically-aligned-center is-layout-flow wp-block-column-is-layout-flow\">\n<figure class=\"wp-block-video\"><video autoplay=\"\" controls=\"\" loop=\"\" muted=\"\" src=\"https:\/\/evolve-fitness.eu\/wp-content\/uploads\/2023\/12\/4-2.mp4\"><\/video><\/figure>\n<\/div>\n<\/div>\n\n\n\n<div class=\"wp-block-columns alignwide are-vertically-aligned-center mobile-reverse is-layout-flex wp-container-core-columns-is-layout-e8158c2f wp-block-columns-is-layout-flex\" style=\"padding-top:var(--wp--preset--spacing--side-padding)\">\n<div class=\"wp-block-column is-vertically-aligned-center is-layout-flow wp-block-column-is-layout-flow\">\n<figure class=\"wp-block-video\"><video autoplay=\"\" controls=\"\" loop=\"\" muted=\"\" src=\"https:\/\/evolve-fitness.eu\/wp-content\/uploads\/2023\/12\/2-11.mp4\"><\/video><\/figure>\n<\/div>\n\n\n\n<div class=\"wp-block-column is-vertically-aligned-center is-layout-flow wp-block-column-is-layout-flow\">\n<h3 class=\"wp-block-heading\" style=\"margin-bottom:var(--wp--preset--spacing--h-3-bottom)\">Am\u00e9liorez votre jeu<\/h3>\n\n\n\n<p><strong><em><strong><em>avec la <strong>bo\u00eete de pliage souple Evolve Carbon Series<\/strong><\/em><\/strong><\/em><\/strong><\/p>\n\n\n\n<p style=\"margin-bottom:var(--wp--preset--spacing--tb-section-padding)\">Parfait pour le CrossFit, le HIIT, la musculation et bien plus encore. Commandez d\u00e8s maintenant et faites le premier pas vers l&rsquo;\u00e9volution de votre parcours de remise en forme !<\/p>\n<\/div>\n<\/div>\n<\/section>\n","protected":false},"excerpt":{"rendered":"<p>Am\u00e9liorez votre routine d&rsquo;entra\u00eenement avec la bo\u00eete de pliage souple Evolve Carbon Series. Ces bo\u00eetes \u00e9l\u00e9gantes, con\u00e7ues en PVC carbone, sont durables et faciles \u00e0 entretenir. Avec une doublure int\u00e9rieure douce pour r\u00e9duire l&rsquo;impact pendant les exercices et des hauteurs personnalisables de 7,5 cm \u00e0 157,5 cm, ils sont parfaits pour les entra\u00eenements dynamiques et la kin\u00e9sith\u00e9rapie. Con\u00e7us pour la s\u00e9curit\u00e9, ils sont dot\u00e9s d&rsquo;une mousse haute densit\u00e9 pour une surface d&rsquo;atterrissage s\u00fbre, de coutures renforc\u00e9es, de surfaces antid\u00e9rapantes et de bandes Velcro empilables. Que vous soyez un particulier ou un professionnel, ces bo\u00eetes de plyo ajouteront de la polyvalence et du style \u00e0 votre espace de remise en forme. Am\u00e9liorez vos s\u00e9ances d&rsquo;entra\u00eenement avec Evolve.<\/p>\n","protected":false},"featured_media":96511,"template":"","meta":{"_acf_changed":false,"inline_featured_image":false},"product_cat":[413,591,592],"product_tag":[],"class_list":{"0":"post-38155","1":"product","2":"type-product","3":"status-publish","4":"has-post-thumbnail","6":"product_cat-page-daccueil","7":"product_cat-transversal-et-fonctionnel","8":"product_cat-equipement-fonctionnel","10":"first","11":"instock","12":"shipping-taxable","13":"purchasable","14":"product-type-simple"},"acf":[],"_links":{"self":[{"href":"https:\/\/store.evolve-fitness.eu\/fr\/wp-json\/wp\/v2\/product\/38155","targetHints":{"allow":["GET"]}}],"collection":[{"href":"https:\/\/store.evolve-fitness.eu\/fr\/wp-json\/wp\/v2\/product"}],"about":[{"href":"https:\/\/store.evolve-fitness.eu\/fr\/wp-json\/wp\/v2\/types\/product"}],"wp:featuredmedia":[{"embeddable":true,"href":"https:\/\/store.evolve-fitness.eu\/fr\/wp-json\/wp\/v2\/media\/96511"}],"wp:attachment":[{"href":"https:\/\/store.evolve-fitness.eu\/fr\/wp-json\/wp\/v2\/media?parent=38155"}],"wp:term":[{"taxonomy":"product_cat","embeddable":true,"href":"https:\/\/store.evolve-fitness.eu\/fr\/wp-json\/wp\/v2\/product_cat?post=38155"},{"taxonomy":"product_tag","embeddable":true,"href":"https:\/\/store.evolve-fitness.eu\/fr\/wp-json\/wp\/v2\/product_tag?post=38155"}],"curies":[{"name":"wp","href":"https:\/\/api.w.org\/{rel}","templated":true}]}}