{"id":37856,"date":"2024-01-09T14:48:18","date_gmt":"2024-01-09T14:48:18","guid":{"rendered":"https:\/\/store.evolve-fitness.eu\/product\/evolve-prime-series-machine-a-forger-les-plaques-avec-cable-croise\/"},"modified":"2024-05-28T08:36:28","modified_gmt":"2024-05-28T08:36:28","slug":"evolve-prime-series-machine-a-forger-les-plaques-avec-cable-croise","status":"publish","type":"product","link":"https:\/\/store.evolve-fitness.eu\/fr\/produit\/evolve-prime-series-machine-a-forger-les-plaques-avec-cable-croise\/","title":{"rendered":"Evolve Prime Series Plate Multi Smith Machine avec Cable Cross"},"content":{"rendered":"\n<p><\/p>\n\n<section class=\"wp-block-group alignfull black-content has-white-color has-darkgray-background-color has-text-color has-background is-layout-constrained wp-block-group-is-layout-constrained\" style=\"padding-top:var(--wp--preset--spacing--section-bottom);padding-bottom:var(--wp--preset--spacing--section-bottom)\">\n<h3 class=\"wp-block-heading has-text-align-center\" style=\"padding-top:var(--wp--preset--spacing--section-title-bottom);padding-bottom:var(--wp--preset--spacing--section-title-bottom)\"><strong><strong>EVOLVE PLATE LOADED PRIME SERIES<\/strong><\/strong><\/h3>\n\n\n\n<p>Avec la s\u00e9rie Evolve Plate Loaded Prime, l&rsquo;excellence est la norme. Am\u00e9liorez votre entra\u00eenement musculaire avec des machines con\u00e7ues pour le confort, la durabilit\u00e9 et la performance. D\u00e9couvrez d\u00e8s aujourd&rsquo;hui l&rsquo;ensemble de la gamme et red\u00e9finissez votre parcours de remise en forme.<\/p>\n\n\n\n<section class=\"wp-block-group alignfull black-content has-white-color has-darkgray-background-color has-text-color has-background is-layout-constrained wp-block-group-is-layout-constrained\" style=\"margin-bottom:0;padding-top:var(--wp--preset--spacing--tb-padding);padding-bottom:var(--wp--preset--spacing--tb-padding)\">\n<div class=\"wp-block-columns alignwide mobile-reverse is-layout-flex wp-container-core-columns-is-layout-7a02faa9 wp-block-columns-is-layout-flex\" style=\"margin-bottom:var(--wp--preset--spacing--tb-section-padding)\">\n<div class=\"wp-block-column is-vertically-aligned-center is-layout-flow wp-block-column-is-layout-flow\">\n<h3 class=\"wp-block-heading\" style=\"margin-bottom:var(--wp--preset--spacing--h-3-bottom)\"><strong><strong><strong><strong><strong>L&rsquo;EXCELLENCE RED\u00c9FINIE<\/strong><\/strong><\/strong><\/strong><\/strong><\/h3>\n\n\n\n<p><strong><em><strong>Pr\u00e9sentation de la s\u00e9rie Evolve Plate Loaded Prime<\/strong><\/em><\/strong><\/p>\n\n\n\n<p>D\u00e9couvrez le summum de l&rsquo;entra\u00eenement musculaire avec la s\u00e9rie Evolve Plate Loaded Prime. Chaque appareil de cette gamme est m\u00e9ticuleusement con\u00e7u pour offrir une exp\u00e9rience d&rsquo;entra\u00eenement sup\u00e9rieure, et voici pourquoi.<\/p>\n\n\n\n<h3 class=\"wp-block-heading\" style=\"margin-bottom:var(--wp--preset--spacing--h-3-bottom)\"><strong><strong><strong>REMBOURRAGE \u00c9PAIS<\/strong><\/strong><\/strong><\/h3>\n\n\n\n<p><strong><em><strong>Confort et durabilit\u00e9 sup\u00e9rieurs<\/strong><\/em><\/strong><\/p>\n\n\n\n<p>Restez organis\u00e9 et maximisez l&rsquo;efficacit\u00e9 de l&rsquo;espace avec les <strong>pinces pour le stockage des plaques de poids<\/strong>. Gardez vos assiettes \u00e0 port\u00e9e de main, pour un environnement d&rsquo;entra\u00eenement sans d\u00e9sordre.<\/p>\n<\/div>\n\n\n\n<div class=\"wp-block-column is-vertically-aligned-center is-layout-flow wp-block-column-is-layout-flow\">\n<figure class=\"wp-block-image size-full is-resized is-style-rounded\"><img loading=\"lazy\" decoding=\"async\" width=\"810\" height=\"810\" src=\"https:\/\/store.evolve-fitness.eu\/wp-content\/uploads\/2024\/05\/Dizainas-be-pavadinimo-7.png\" alt=\"\" class=\"wp-image-65069\" style=\"aspect-ratio:1.1333333333333333;object-fit:cover;width:1134px;height:auto\" srcset=\"https:\/\/store.evolve-fitness.eu\/wp-content\/uploads\/2024\/05\/Dizainas-be-pavadinimo-7.png 810w, https:\/\/store.evolve-fitness.eu\/wp-content\/uploads\/2024\/05\/Dizainas-be-pavadinimo-7-300x300.png 300w, https:\/\/store.evolve-fitness.eu\/wp-content\/uploads\/2024\/05\/Dizainas-be-pavadinimo-7-150x150.png 150w, https:\/\/store.evolve-fitness.eu\/wp-content\/uploads\/2024\/05\/Dizainas-be-pavadinimo-7-768x768.png 768w, https:\/\/store.evolve-fitness.eu\/wp-content\/uploads\/2024\/05\/Dizainas-be-pavadinimo-7-600x600.png 600w, https:\/\/store.evolve-fitness.eu\/wp-content\/uploads\/2024\/05\/Dizainas-be-pavadinimo-7-100x100.png 100w\" sizes=\"auto, (max-width: 810px) 100vw, 810px\" \/><\/figure>\n<\/div>\n<\/div>\n\n\n\n<div class=\"wp-block-columns alignwide mobile-reverse is-layout-flex wp-container-core-columns-is-layout-7a02faa9 wp-block-columns-is-layout-flex\" style=\"margin-bottom:var(--wp--preset--spacing--tb-section-padding)\">\n<div class=\"wp-block-column is-vertically-aligned-center is-layout-flow wp-block-column-is-layout-flow\">\n<figure class=\"wp-block-image alignleft size-full is-resized is-style-rounded\"><img loading=\"lazy\" decoding=\"async\" width=\"599\" height=\"446\" src=\"https:\/\/store.evolve-fitness.eu\/wp-content\/uploads\/2024\/05\/Dizainas-be-pavadinimo-72-1.png\" alt=\"\" class=\"wp-image-65119\" style=\"aspect-ratio:1.1333333333333333;object-fit:cover;width:794px;height:auto\" srcset=\"https:\/\/store.evolve-fitness.eu\/wp-content\/uploads\/2024\/05\/Dizainas-be-pavadinimo-72-1.png 599w, https:\/\/store.evolve-fitness.eu\/wp-content\/uploads\/2024\/05\/Dizainas-be-pavadinimo-72-1-300x223.png 300w\" sizes=\"auto, (max-width: 599px) 100vw, 599px\" \/><\/figure>\n<\/div>\n\n\n\n<div class=\"wp-block-column is-vertically-aligned-center is-layout-flow wp-block-column-is-layout-flow\">\n<h3 class=\"wp-block-heading\" style=\"margin-bottom:var(--wp--preset--spacing--h-3-bottom)\"><strong><strong><br\/><strong><strong><strong>ENGAGEMENT MUSCULAIRE CIBL\u00c9<\/strong><\/strong><\/strong><\/strong><\/strong><\/h3>\n\n\n\n<p><strong>Boutons de r\u00e9glage faciles \u00e0 utiliser en jaune vif<\/strong><\/p>\n\n\n\n<p>Pour ceux qui recherchent la polyvalence, certaines machines de la s\u00e9rie Prime offrent un <strong>mouvement unilat\u00e9ral des bras<\/strong>. Cette fonction vous permet de cibler efficacement des groupes musculaires sp\u00e9cifiques, ce qui vous permet de personnaliser votre programme d&rsquo;entra\u00eenement.<\/p>\n\n\n\n<h3 class=\"wp-block-heading\" style=\"margin-bottom:var(--wp--preset--spacing--h-3-bottom)\"><strong><strong><strong><strong><strong><strong>POSITION ASSISE R\u00c9GLABLE<\/strong><\/strong><\/strong><\/strong><\/strong><\/strong><\/h3>\n\n\n\n<p><strong><em><strong>Boutons de r\u00e9glage faciles \u00e0 utiliser en jaune vif<\/strong><\/em><\/strong><\/p>\n\n\n\n<p>Nos machines sont dot\u00e9es d&rsquo;une <strong>position assise r\u00e9glable<\/strong> avec des boutons et des poign\u00e9es de r\u00e9glage en jaune clair, facile \u00e0 voir. Cette conception conviviale vous permet d&rsquo;installer votre \u00e9quipement rapidement et avec pr\u00e9cision, ce qui am\u00e9liore votre exp\u00e9rience d&rsquo;entra\u00eenement.<\/p>\n<\/div>\n<\/div>\n\n\n\n<div class=\"wp-block-columns alignwide mobile-reverse is-layout-flex wp-container-core-columns-is-layout-035fa626 wp-block-columns-is-layout-flex\" style=\"margin-bottom:var(--wp--preset--spacing--side-padding);padding-top:var(--wp--preset--spacing--tb-padding);padding-bottom:var(--wp--preset--spacing--tb-padding)\">\n<div class=\"wp-block-column is-vertically-aligned-center is-layout-flow wp-block-column-is-layout-flow\">\n<h3 class=\"wp-block-heading\" style=\"margin-bottom:var(--wp--preset--spacing--h-3-bottom)\"><strong><strong><strong><strong><strong><strong><strong><strong><strong>DES S\u00c9ANCES D&rsquo;ENTRA\u00ceNEMENT SANS PROBL\u00c8ME<\/strong><\/strong><\/strong><\/strong><\/strong><\/strong><\/strong><\/strong><\/strong><\/h3>\n\n\n\n<p><strong><em><strong>Cadre ouvert pour un acc\u00e8s facile<\/strong><\/em><\/strong><\/p>\n\n\n\n<p>La conception \u00e0 cadre ouvert de nos appareils garantit un acc\u00e8s facile, ce qui vous permet de passer d&rsquo;un exercice \u00e0 l&rsquo;autre en toute transparence. Dites adieu aux tracas inutiles et concentrez-vous sur votre formation.<\/p>\n\n\n\n<h3 class=\"wp-block-heading\" style=\"margin-bottom:var(--wp--preset--spacing--h-3-bottom)\"><strong><strong><strong><strong><strong><strong><strong><strong><strong><strong><br\/><strong><strong><strong>POIGN\u00c9ES ANTID\u00c9RAPANTES<\/strong><\/strong><\/strong><\/strong><\/strong><\/strong><\/strong><\/strong><\/strong><\/strong><\/strong><\/strong><\/strong><\/h3>\n\n\n\n<p><strong><em><strong>Une prise s\u00fbre pour plus de s\u00e9curit\u00e9 et de confiance<\/strong><\/em><\/strong><\/p>\n\n\n\n<p>Priorit\u00e9 \u00e0 la s\u00e9curit\u00e9 et \u00e0 la confiance avec nos <strong>poign\u00e9es antid\u00e9rapantes<\/strong>. Ils offrent une prise s\u00fbre, r\u00e9duisant ainsi le risque d&rsquo;accident lors de vos s\u00e9ances d&rsquo;entra\u00eenement.<\/p>\n<\/div>\n\n\n\n<div class=\"wp-block-column is-vertically-aligned-center is-layout-flow wp-block-column-is-layout-flow\">\n<figure class=\"wp-block-image size-full is-resized is-style-rounded\"><img loading=\"lazy\" decoding=\"async\" width=\"810\" height=\"810\" src=\"https:\/\/store.evolve-fitness.eu\/wp-content\/uploads\/2024\/05\/Dizainas-be-pavadinimo-7-1.png\" alt=\"\" class=\"wp-image-65144\" style=\"aspect-ratio:1.1333333333333333;object-fit:cover;width:1051px;height:auto\" srcset=\"https:\/\/store.evolve-fitness.eu\/wp-content\/uploads\/2024\/05\/Dizainas-be-pavadinimo-7-1.png 810w, https:\/\/store.evolve-fitness.eu\/wp-content\/uploads\/2024\/05\/Dizainas-be-pavadinimo-7-1-300x300.png 300w, https:\/\/store.evolve-fitness.eu\/wp-content\/uploads\/2024\/05\/Dizainas-be-pavadinimo-7-1-150x150.png 150w, https:\/\/store.evolve-fitness.eu\/wp-content\/uploads\/2024\/05\/Dizainas-be-pavadinimo-7-1-768x768.png 768w, https:\/\/store.evolve-fitness.eu\/wp-content\/uploads\/2024\/05\/Dizainas-be-pavadinimo-7-1-600x600.png 600w, https:\/\/store.evolve-fitness.eu\/wp-content\/uploads\/2024\/05\/Dizainas-be-pavadinimo-7-1-100x100.png 100w\" sizes=\"auto, (max-width: 810px) 100vw, 810px\" \/><\/figure>\n<\/div>\n<\/div>\n\n\n\n<div class=\"wp-block-columns alignwide mobile-reverse is-layout-flex wp-container-core-columns-is-layout-7a02faa9 wp-block-columns-is-layout-flex\" style=\"margin-bottom:var(--wp--preset--spacing--tb-section-padding)\">\n<div class=\"wp-block-column is-vertically-aligned-center is-layout-flow wp-block-column-is-layout-flow\">\n<figure class=\"wp-block-image alignleft size-full is-resized is-style-rounded\"><img loading=\"lazy\" decoding=\"async\" width=\"810\" height=\"810\" src=\"https:\/\/store.evolve-fitness.eu\/wp-content\/uploads\/2024\/05\/Dizainas-be-pavadinimo-8.png\" alt=\"\" class=\"wp-image-65169\" style=\"aspect-ratio:1.1333333333333333;object-fit:cover;width:863px;height:auto\" srcset=\"https:\/\/store.evolve-fitness.eu\/wp-content\/uploads\/2024\/05\/Dizainas-be-pavadinimo-8.png 810w, https:\/\/store.evolve-fitness.eu\/wp-content\/uploads\/2024\/05\/Dizainas-be-pavadinimo-8-300x300.png 300w, https:\/\/store.evolve-fitness.eu\/wp-content\/uploads\/2024\/05\/Dizainas-be-pavadinimo-8-150x150.png 150w, https:\/\/store.evolve-fitness.eu\/wp-content\/uploads\/2024\/05\/Dizainas-be-pavadinimo-8-768x768.png 768w, https:\/\/store.evolve-fitness.eu\/wp-content\/uploads\/2024\/05\/Dizainas-be-pavadinimo-8-600x600.png 600w, https:\/\/store.evolve-fitness.eu\/wp-content\/uploads\/2024\/05\/Dizainas-be-pavadinimo-8-100x100.png 100w\" sizes=\"auto, (max-width: 810px) 100vw, 810px\" \/><\/figure>\n<\/div>\n\n\n\n<div class=\"wp-block-column is-vertically-aligned-center is-layout-flow wp-block-column-is-layout-flow\">\n<h3 class=\"wp-block-heading\" style=\"margin-bottom:var(--wp--preset--spacing--h-3-bottom)\"><strong><strong><br\/><strong><strong><br\/><strong><strong>PERFORMANCE DURABLE<\/strong><\/strong><\/strong><\/strong><\/strong><\/strong><\/h3>\n\n\n\n<p><strong><em><strong>Cuir PU robuste de premi\u00e8re qualit\u00e9<\/strong><\/em><\/strong><\/p>\n\n\n\n<p>Nos \u00e9quipements sont dot\u00e9s d&rsquo;un <strong>cuir PU de premi\u00e8re qualit\u00e9 et tr\u00e8s r\u00e9sistant<\/strong>, con\u00e7u pour supporter les entra\u00eenements les plus durs. Il n&rsquo;est pas seulement esth\u00e9tique, il est aussi performant \u00e0 long terme.<\/p>\n\n\n\n<h3 class=\"wp-block-heading\" style=\"margin-bottom:var(--wp--preset--spacing--h-3-bottom)\"><strong><strong><strong><strong><br\/><strong><strong><strong><strong>FINITION DURABLE<\/strong><\/strong><\/strong><\/strong><\/strong><\/strong><\/strong><\/strong><\/h3>\n\n\n\n<p><strong><em><strong>Technologie de pulv\u00e9risation \u00e9lectrostatique de poudres thermodurcissables<\/strong><\/em><\/strong><\/p>\n\n\n\n<p>B\u00e9n\u00e9ficiez d&rsquo;une finition durable gr\u00e2ce \u00e0 notre <strong>technologie de pulv\u00e9risation \u00e9lectrostatique de poudre thermodurcissable<\/strong>. Ce rev\u00eatement avanc\u00e9 permet \u00e0 votre \u00e9quipement de conserver son attrait visuel au fil du temps.<\/p>\n\n\n\n<h3 class=\"wp-block-heading\" style=\"margin-bottom:var(--wp--preset--spacing--h-3-bottom)\"><strong><strong><strong><strong><strong><strong><strong><strong><strong>CONSTRUIT POUR DURER<\/strong><\/strong><\/strong><\/strong><\/strong><\/strong><\/strong><\/strong><\/strong><\/h3>\n\n\n\n<p><strong><em><strong>Boulons et \u00e9crous en acier inoxydable<\/strong><\/em><\/strong><\/p>\n\n\n\n<p>La s\u00e9rie Prime est construite pour durer, avec tous les boulons et \u00e9crous en <strong>acier inoxydable<\/strong>. Cette qualit\u00e9 de construction assure la long\u00e9vit\u00e9 de votre \u00e9quipement.<\/p>\n<\/div>\n<\/div>\n<\/section>\n<\/section>\n","protected":false},"excerpt":{"rendered":"<p>Am\u00e9liorez votre salle de sport avec l&rsquo;Evolve PR-950 : une centrale compacte pour le fitness commercial. Avec ses deux stations de croisement de c\u00e2bles, sa machine Smith robuste et sa barre de traction int\u00e9gr\u00e9e, il offre diverses options d&rsquo;entra\u00eenement dans un espace minimal. Son cadre durable avec protection contre la rouille, son mouvement lin\u00e9aire en douceur et le rangement des plaques d&rsquo;halt\u00e8res en font un outil indispensable pour les propri\u00e9taires de salles de sport. Boostez votre centre de remise en forme avec cette machine polyvalente d\u00e8s aujourd&rsquo;hui !<\/p>\n","protected":false},"featured_media":37861,"template":"","meta":{"_acf_changed":false,"inline_featured_image":false},"product_cat":[780,413,1202],"product_tag":[],"class_list":{"0":"post-37856","1":"product","2":"type-product","3":"status-publish","4":"has-post-thumbnail","6":"product_cat-machines-a-plateau","7":"product_cat-page-daccueil","8":"product_cat-prime-series-plate-loaded-fr","10":"first","11":"outofstock","12":"taxable","13":"shipping-taxable","14":"purchasable","15":"product-type-simple"},"acf":[],"_links":{"self":[{"href":"https:\/\/store.evolve-fitness.eu\/fr\/wp-json\/wp\/v2\/product\/37856","targetHints":{"allow":["GET"]}}],"collection":[{"href":"https:\/\/store.evolve-fitness.eu\/fr\/wp-json\/wp\/v2\/product"}],"about":[{"href":"https:\/\/store.evolve-fitness.eu\/fr\/wp-json\/wp\/v2\/types\/product"}],"wp:featuredmedia":[{"embeddable":true,"href":"https:\/\/store.evolve-fitness.eu\/fr\/wp-json\/wp\/v2\/media\/37861"}],"wp:attachment":[{"href":"https:\/\/store.evolve-fitness.eu\/fr\/wp-json\/wp\/v2\/media?parent=37856"}],"wp:term":[{"taxonomy":"product_cat","embeddable":true,"href":"https:\/\/store.evolve-fitness.eu\/fr\/wp-json\/wp\/v2\/product_cat?post=37856"},{"taxonomy":"product_tag","embeddable":true,"href":"https:\/\/store.evolve-fitness.eu\/fr\/wp-json\/wp\/v2\/product_tag?post=37856"}],"curies":[{"name":"wp","href":"https:\/\/api.w.org\/{rel}","templated":true}]}}