{"id":37452,"date":"2024-01-09T13:41:44","date_gmt":"2024-01-09T13:41:44","guid":{"rendered":"https:\/\/store.evolve-fitness.eu\/product\/evolve-prime-series-rack-de-squat-a-plaque\/"},"modified":"2025-11-06T09:36:23","modified_gmt":"2025-11-06T09:36:23","slug":"evolve-prime-series-rack-de-squat-a-plaque","status":"publish","type":"product","link":"https:\/\/store.evolve-fitness.eu\/fr\/produit\/evolve-prime-series-rack-de-squat-a-plaque\/","title":{"rendered":"Evolve Prime Series Rack de Squat \u00e0 Plaques (EC-031)"},"content":{"rendered":"\n<p><\/p>\n\n<section class=\"wp-block-group alignfull black-content has-white-color has-darkgray-background-color has-text-color has-background is-layout-constrained wp-block-group-is-layout-constrained\" style=\"padding-top:var(--wp--preset--spacing--section-bottom);padding-bottom:var(--wp--preset--spacing--section-bottom)\">\n<h3 class=\"wp-block-heading has-text-align-center\" style=\"padding-top:var(--wp--preset--spacing--section-title-bottom);padding-bottom:var(--wp--preset--spacing--section-title-bottom)\"><strong>EVOLVE PLATE LOADED PRIME SERIES<\/strong><\/h3>\n\n\n\n<p>Avec la s\u00e9rie Evolve Plate Loaded Prime, l&rsquo;excellence est la norme. Am\u00e9liorez votre entra\u00eenement musculaire avec des machines con\u00e7ues pour le confort, la durabilit\u00e9 et la performance. D\u00e9couvrez d\u00e8s aujourd&rsquo;hui l&rsquo;ensemble de la gamme et red\u00e9finissez votre parcours de remise en forme.  <\/p>\n\n\n\n<section class=\"wp-block-group alignfull black-content has-white-color has-darkgray-background-color has-text-color has-background is-layout-constrained wp-block-group-is-layout-constrained\" style=\"margin-bottom:0;padding-top:var(--wp--preset--spacing--tb-padding);padding-bottom:var(--wp--preset--spacing--tb-padding)\">\n<div class=\"wp-block-columns alignwide mobile-reverse is-layout-flex wp-container-core-columns-is-layout-7a02faa9 wp-block-columns-is-layout-flex\" style=\"margin-bottom:var(--wp--preset--spacing--tb-section-padding)\">\n<div class=\"wp-block-column is-vertically-aligned-center is-layout-flow wp-block-column-is-layout-flow\">\n<h3 class=\"wp-block-heading\" style=\"margin-bottom:var(--wp--preset--spacing--h-3-bottom)\"><strong>Maximisez votre force et votre puissance<\/strong><\/h3>\n\n\n\n<p><strong><em><strong>Levage de charges lourdes<\/strong><\/em><\/strong><\/p>\n\n\n\n<p style=\"margin-bottom:var(--wp--preset--spacing--tb-section-padding)\">Le <strong>rack \u00e0 squat Evolve Prime Series<\/strong> est un \u00e9quipement essentiel pour un entra\u00eenement de musculation s\u00e9rieux. Con\u00e7u pour une r\u00e9sistance sur plaque, il offre une plate-forme robuste et stable pour effectuer des squats, des fentes et divers exercices pour le bas du corps. Gr\u00e2ce \u00e0 sa construction durable et \u00e0 son design ergonomique, ce rack \u00e0 squat aide les utilisateurs \u00e0 d\u00e9velopper leur puissance explosive, \u00e0 augmenter leur masse musculaire et \u00e0 am\u00e9liorer leurs performances athl\u00e9tiques globales.  <\/p>\n\n\n\n<h3 class=\"wp-block-heading\" style=\"margin-bottom:var(--wp--preset--spacing--h-3-bottom)\"><strong>Ciblez les groupes musculaires cl\u00e9s<\/strong><\/h3>\n\n\n\n<p><strong><em><strong>pour un d\u00e9veloppement total du bas du corps<\/strong><\/em><\/strong><\/p>\n\n\n\n<p>Les squats et autres exercices effectu\u00e9s sur ce support ciblent principalement les <strong>quadriceps, les ischio-jambiers, les fessiers et les mollets<\/strong>, ce qui en fait un outil fondamental pour le d\u00e9veloppement de la force du bas du corps. En outre, le squat sollicite les <strong>muscles du tronc<\/strong>, notamment les abdominaux et le bas du dos, afin d&rsquo;am\u00e9liorer la stabilit\u00e9 et l&rsquo;\u00e9quilibre. En adaptant votre position ou en incorporant diff\u00e9rentes variantes, telles que les squats avant ou les fentes, vous pouvez vous concentrer sur des groupes musculaires sp\u00e9cifiques et d\u00e9velopper un physique bien \u00e9quilibr\u00e9.  <\/p>\n<\/div>\n\n\n\n<div class=\"wp-block-column is-vertically-aligned-center is-layout-flow wp-block-column-is-layout-flow\">\n<figure class=\"wp-block-image size-full is-resized is-style-rounded\"><img loading=\"lazy\" decoding=\"async\" width=\"608\" height=\"603\" src=\"https:\/\/store.evolve-fitness.eu\/wp-content\/uploads\/2024\/01\/EV-PL-EC-031.png\" alt=\"\" class=\"wp-image-127854\" style=\"aspect-ratio:1.1333333333333333;object-fit:cover;width:661px;height:auto\" srcset=\"https:\/\/store.evolve-fitness.eu\/wp-content\/uploads\/2024\/01\/EV-PL-EC-031.png 608w, https:\/\/store.evolve-fitness.eu\/wp-content\/uploads\/2024\/01\/EV-PL-EC-031-300x298.png 300w, https:\/\/store.evolve-fitness.eu\/wp-content\/uploads\/2024\/01\/EV-PL-EC-031-150x150.png 150w, https:\/\/store.evolve-fitness.eu\/wp-content\/uploads\/2024\/01\/EV-PL-EC-031-600x595.png 600w, https:\/\/store.evolve-fitness.eu\/wp-content\/uploads\/2024\/01\/EV-PL-EC-031-100x100.png 100w\" sizes=\"auto, (max-width: 608px) 100vw, 608px\" \/><\/figure>\n<\/div>\n<\/div>\n\n\n\n<div class=\"wp-block-columns alignwide mobile-reverse is-layout-flex wp-container-core-columns-is-layout-7a02faa9 wp-block-columns-is-layout-flex\" style=\"margin-bottom:var(--wp--preset--spacing--tb-section-padding)\"><\/div>\n<\/section>\n<\/section>\n","protected":false},"excerpt":{"rendered":"<p>Am\u00e9liorez votre salle de sport avec le rack de squat \u00e0 plaques Evolve Prime Series EV-PL-EC-031. Con\u00e7u pour les environnements commerciaux, ce rack de squat allie durabilit\u00e9 et s\u00e9curit\u00e9. Son cadre en acier robuste et ses caract\u00e9ristiques de s\u00e9curit\u00e9, notamment les but\u00e9es de s\u00e9curit\u00e9 int\u00e9gr\u00e9es et les pieds recouverts de PVC souple, garantissent des s\u00e9ances d&rsquo;entra\u00eenement en solo en toute s\u00e9curit\u00e9. Avec ses cinq positions r\u00e9glables, il est polyvalent pour divers exercices, et il est compatible avec les bancs r\u00e9glables. Vous pouvez m\u00eame personnaliser la couleur pour qu&rsquo;elle corresponde \u00e0 l&rsquo;image de marque de votre salle de sport. Ce rack est pratique gr\u00e2ce \u00e0 ses six supports de rangement pour les plaques d&rsquo;halt\u00e8res et \u00e0 ses 20 points de fixation pour les barres. Am\u00e9liorez votre entra\u00eenement de musculation avec le rack de squat Evolve Prime Series.      <\/p>\n","protected":false},"featured_media":140433,"template":"","meta":{"_acf_changed":false,"inline_featured_image":false},"product_cat":[780,1192],"product_tag":[],"class_list":{"0":"post-37452","1":"product","2":"type-product","3":"status-publish","4":"has-post-thumbnail","6":"product_cat-machines-a-plateau","7":"product_cat-econ-series-plate-loaded-fr","9":"first","10":"instock","11":"shipping-taxable","12":"purchasable","13":"product-type-simple"},"acf":[],"_links":{"self":[{"href":"https:\/\/store.evolve-fitness.eu\/fr\/wp-json\/wp\/v2\/product\/37452","targetHints":{"allow":["GET"]}}],"collection":[{"href":"https:\/\/store.evolve-fitness.eu\/fr\/wp-json\/wp\/v2\/product"}],"about":[{"href":"https:\/\/store.evolve-fitness.eu\/fr\/wp-json\/wp\/v2\/types\/product"}],"wp:featuredmedia":[{"embeddable":true,"href":"https:\/\/store.evolve-fitness.eu\/fr\/wp-json\/wp\/v2\/media\/140433"}],"wp:attachment":[{"href":"https:\/\/store.evolve-fitness.eu\/fr\/wp-json\/wp\/v2\/media?parent=37452"}],"wp:term":[{"taxonomy":"product_cat","embeddable":true,"href":"https:\/\/store.evolve-fitness.eu\/fr\/wp-json\/wp\/v2\/product_cat?post=37452"},{"taxonomy":"product_tag","embeddable":true,"href":"https:\/\/store.evolve-fitness.eu\/fr\/wp-json\/wp\/v2\/product_tag?post=37452"}],"curies":[{"name":"wp","href":"https:\/\/api.w.org\/{rel}","templated":true}]}}