{"id":37415,"date":"2024-01-09T14:07:18","date_gmt":"2024-01-09T14:07:18","guid":{"rendered":"https:\/\/store.evolve-fitness.eu\/product\/machine-a-forger-les-plaques-evolve-prime-series\/"},"modified":"2024-12-02T14:52:25","modified_gmt":"2024-12-02T14:52:25","slug":"machine-a-forger-les-plaques-evolve-prime-series","status":"publish","type":"product","link":"https:\/\/store.evolve-fitness.eu\/fr\/produit\/machine-a-forger-les-plaques-evolve-prime-series\/","title":{"rendered":"Machine de Smith \u00e0 plateau Evolve Prime Series, PR-222"},"content":{"rendered":"\n<p><\/p>\n\n<section class=\"wp-block-group alignfull black-content has-white-color has-darkgray-background-color has-text-color has-background is-layout-constrained wp-block-group-is-layout-constrained\" style=\"padding-top:var(--wp--preset--spacing--section-bottom);padding-bottom:var(--wp--preset--spacing--section-bottom)\">\n<h3 class=\"wp-block-heading has-text-align-center\" style=\"padding-top:var(--wp--preset--spacing--section-title-bottom);padding-bottom:var(--wp--preset--spacing--section-title-bottom)\"><strong>EVOLVE PLATE LOADED PRIME SERIES<\/strong><\/h3>\n\n\n\n<p>Avec la s\u00e9rie Evolve Plate Loaded Prime, l&rsquo;excellence est la norme.\nAm\u00e9liorez votre entra\u00eenement de musculation avec des appareils con\u00e7us pour le confort, la durabilit\u00e9 et la performance.\nD\u00e9couvrez la gamme compl\u00e8te d\u00e8s aujourd&rsquo;hui et red\u00e9finissez votre parcours de remise en forme.  <\/p>\n\n\n\n<section class=\"wp-block-group alignfull black-content has-white-color has-darkgray-background-color has-text-color has-background is-layout-constrained wp-block-group-is-layout-constrained\" style=\"margin-bottom:0;padding-top:var(--wp--preset--spacing--tb-padding);padding-bottom:var(--wp--preset--spacing--tb-padding)\">\n<div class=\"wp-block-columns alignwide mobile-reverse is-layout-flex wp-container-core-columns-is-layout-7a02faa9 wp-block-columns-is-layout-flex\" style=\"margin-bottom:var(--wp--preset--spacing--tb-section-padding)\">\n<div class=\"wp-block-column is-vertically-aligned-center is-layout-flow wp-block-column-is-layout-flow\">\n<h3 class=\"wp-block-heading\" style=\"margin-bottom:var(--wp--preset--spacing--h-3-bottom)\"><strong><strong><strong><strong>L&rsquo;EXCELLENCE RED\u00c9FINIE<\/strong><\/strong><\/strong><\/strong><\/h3>\n\n\n\n<p><strong><em><strong>Pr\u00e9sentation de la s\u00e9rie Evolve Plate Loaded Prime<\/strong><\/em><\/strong><\/p>\n\n\n\n<p>D\u00e9couvrez le summum de l&rsquo;entra\u00eenement musculaire avec la s\u00e9rie Evolve Plate Loaded Prime. Chaque appareil de cette gamme est m\u00e9ticuleusement con\u00e7u pour offrir une exp\u00e9rience d&rsquo;entra\u00eenement sup\u00e9rieure, et voici pourquoi.<\/p>\n\n\n\n<h3 class=\"wp-block-heading\" style=\"margin-bottom:var(--wp--preset--spacing--h-3-bottom)\"><strong><strong>SOLUTIONS DE STOCKAGE<\/strong><\/strong><\/h3>\n\n\n\n<p><strong><em><strong>Efficacit\u00e9 maximale de l&rsquo;espace<\/strong><\/em><\/strong><\/p>\n\n\n\n<p>Restez organis\u00e9 et maximisez l&rsquo;efficacit\u00e9 de l&rsquo;espace avec les <strong>pinces pour le stockage des plaques de poids<\/strong>. Gardez vos assiettes \u00e0 port\u00e9e de main, pour un environnement d&rsquo;entra\u00eenement sans d\u00e9sordre.<\/p>\n<\/div>\n\n\n\n<div class=\"wp-block-column is-vertically-aligned-center is-layout-flow wp-block-column-is-layout-flow\">\n<figure class=\"wp-block-image size-full is-resized is-style-rounded\"><img loading=\"lazy\" decoding=\"async\" width=\"1315\" height=\"1980\" src=\"https:\/\/store.evolve-fitness.eu\/wp-content\/uploads\/2024\/05\/EV-PL-PR-222-Evolve-Prime-Series-Plate-Loaded-Smith-Machine-5.jpg\" alt=\"\" class=\"wp-image-64264\" style=\"aspect-ratio:1.1333333333333333;object-fit:cover;width:943px;height:auto\" srcset=\"https:\/\/store.evolve-fitness.eu\/wp-content\/uploads\/2024\/05\/EV-PL-PR-222-Evolve-Prime-Series-Plate-Loaded-Smith-Machine-5.jpg 1315w, https:\/\/store.evolve-fitness.eu\/wp-content\/uploads\/2024\/05\/EV-PL-PR-222-Evolve-Prime-Series-Plate-Loaded-Smith-Machine-5-199x300.jpg 199w, https:\/\/store.evolve-fitness.eu\/wp-content\/uploads\/2024\/05\/EV-PL-PR-222-Evolve-Prime-Series-Plate-Loaded-Smith-Machine-5-680x1024.jpg 680w, https:\/\/store.evolve-fitness.eu\/wp-content\/uploads\/2024\/05\/EV-PL-PR-222-Evolve-Prime-Series-Plate-Loaded-Smith-Machine-5-768x1156.jpg 768w, https:\/\/store.evolve-fitness.eu\/wp-content\/uploads\/2024\/05\/EV-PL-PR-222-Evolve-Prime-Series-Plate-Loaded-Smith-Machine-5-1020x1536.jpg 1020w, https:\/\/store.evolve-fitness.eu\/wp-content\/uploads\/2024\/05\/EV-PL-PR-222-Evolve-Prime-Series-Plate-Loaded-Smith-Machine-5-600x903.jpg 600w\" sizes=\"auto, (max-width: 1315px) 100vw, 1315px\" \/><\/figure>\n<\/div>\n<\/div>\n\n\n\n<div class=\"wp-block-columns alignwide mobile-reverse is-layout-flex wp-container-core-columns-is-layout-7a02faa9 wp-block-columns-is-layout-flex\" style=\"margin-bottom:var(--wp--preset--spacing--tb-section-padding)\">\n<div class=\"wp-block-column is-vertically-aligned-center is-layout-flow wp-block-column-is-layout-flow\">\n<figure class=\"wp-block-image alignleft size-full is-resized is-style-rounded\"><img loading=\"lazy\" decoding=\"async\" width=\"1980\" height=\"1320\" src=\"https:\/\/store.evolve-fitness.eu\/wp-content\/uploads\/2024\/05\/EV-PL-PR-222-Evolve-Prime-Series-Plate-Loaded-Smith-Machine-8.jpg\" alt=\"\" class=\"wp-image-64289\" style=\"aspect-ratio:1.1333333333333333;object-fit:cover;width:872px;height:auto\" srcset=\"https:\/\/store.evolve-fitness.eu\/wp-content\/uploads\/2024\/05\/EV-PL-PR-222-Evolve-Prime-Series-Plate-Loaded-Smith-Machine-8.jpg 1980w, https:\/\/store.evolve-fitness.eu\/wp-content\/uploads\/2024\/05\/EV-PL-PR-222-Evolve-Prime-Series-Plate-Loaded-Smith-Machine-8-300x200.jpg 300w, https:\/\/store.evolve-fitness.eu\/wp-content\/uploads\/2024\/05\/EV-PL-PR-222-Evolve-Prime-Series-Plate-Loaded-Smith-Machine-8-1024x683.jpg 1024w, https:\/\/store.evolve-fitness.eu\/wp-content\/uploads\/2024\/05\/EV-PL-PR-222-Evolve-Prime-Series-Plate-Loaded-Smith-Machine-8-768x512.jpg 768w, https:\/\/store.evolve-fitness.eu\/wp-content\/uploads\/2024\/05\/EV-PL-PR-222-Evolve-Prime-Series-Plate-Loaded-Smith-Machine-8-1536x1024.jpg 1536w, https:\/\/store.evolve-fitness.eu\/wp-content\/uploads\/2024\/05\/EV-PL-PR-222-Evolve-Prime-Series-Plate-Loaded-Smith-Machine-8-600x400.jpg 600w\" sizes=\"auto, (max-width: 1980px) 100vw, 1980px\" \/><\/figure>\n<\/div>\n\n\n\n<div class=\"wp-block-column is-vertically-aligned-center is-layout-flow wp-block-column-is-layout-flow\">\n<h3 class=\"wp-block-heading\" style=\"margin-bottom:var(--wp--preset--spacing--h-3-bottom)\"><strong><strong><br\/><strong><strong>ENGAGEMENT MUSCULAIRE CIBL\u00c9<\/strong><\/strong><\/strong><\/strong><\/h3>\n\n\n\n<p><strong>Boutons de r\u00e9glage faciles \u00e0 utiliser en jaune vif<\/strong><\/p>\n\n\n\n<p>Pour ceux qui recherchent la polyvalence, certaines machines de la s\u00e9rie Prime offrent un <strong>mouvement unilat\u00e9ral des bras<\/strong>. Cette fonction vous permet de cibler efficacement des groupes musculaires sp\u00e9cifiques, ce qui vous permet de personnaliser votre programme d&rsquo;entra\u00eenement.<\/p>\n<\/div>\n<\/div>\n\n\n\n<div class=\"wp-block-columns alignwide mobile-reverse is-layout-flex wp-container-core-columns-is-layout-035fa626 wp-block-columns-is-layout-flex\" style=\"margin-bottom:var(--wp--preset--spacing--side-padding);padding-top:var(--wp--preset--spacing--tb-padding);padding-bottom:var(--wp--preset--spacing--tb-padding)\">\n<div class=\"wp-block-column is-vertically-aligned-center is-layout-flow wp-block-column-is-layout-flow\">\n<h3 class=\"wp-block-heading\" style=\"margin-bottom:var(--wp--preset--spacing--h-3-bottom)\"><strong><strong><strong><strong><strong><strong><strong><strong>DES S\u00c9ANCES D&rsquo;ENTRA\u00ceNEMENT SANS PROBL\u00c8ME<\/strong><\/strong><\/strong><\/strong><\/strong><\/strong><\/strong><\/strong><\/h3>\n\n\n\n<p><strong><em><strong>Cadre ouvert pour un acc\u00e8s facile<\/strong><\/em><\/strong><\/p>\n\n\n\n<p style=\"margin-bottom:var(--wp--preset--spacing--tb-section-padding)\">La conception \u00e0 cadre ouvert de nos appareils garantit un acc\u00e8s facile, ce qui vous permet de passer d&rsquo;un exercice \u00e0 l&rsquo;autre en toute transparence. Dites adieu aux tracas inutiles et concentrez-vous sur votre formation.<\/p>\n\n\n\n<h3 class=\"wp-block-heading\" style=\"margin-bottom:var(--wp--preset--spacing--h-3-bottom)\"><strong><strong><strong><strong><strong><strong><strong><strong><strong><strong><br\/><strong><strong>PERFORMANCE DURABLE<\/strong><\/strong><\/strong><\/strong><\/strong><\/strong><\/strong><\/strong><\/strong><\/strong><\/strong><\/strong><\/h3>\n\n\n\n<p><strong><em><strong>Cuir PU robuste de premi\u00e8re qualit\u00e9<\/strong><\/em><\/strong><\/p>\n\n\n\n<p>Nos \u00e9quipements sont dot\u00e9s d&rsquo;un <strong>cuir PU de premi\u00e8re qualit\u00e9 et tr\u00e8s r\u00e9sistant<\/strong>, con\u00e7u pour supporter les entra\u00eenements les plus durs. Il n&rsquo;est pas seulement esth\u00e9tique, il est aussi performant \u00e0 long terme.<\/p>\n<\/div>\n\n\n\n<div class=\"wp-block-column is-vertically-aligned-center is-layout-flow wp-block-column-is-layout-flow\">\n<figure class=\"wp-block-image size-full is-resized is-style-rounded\"><img loading=\"lazy\" decoding=\"async\" width=\"1980\" height=\"1320\" src=\"https:\/\/store.evolve-fitness.eu\/wp-content\/uploads\/2024\/05\/EV-PL-PR-222-Evolve-Prime-Series-Plate-Loaded-Smith-Machine-1.jpg\" alt=\"\" class=\"wp-image-64314\" style=\"aspect-ratio:1.1333333333333333;object-fit:cover;width:859px;height:auto\" srcset=\"https:\/\/store.evolve-fitness.eu\/wp-content\/uploads\/2024\/05\/EV-PL-PR-222-Evolve-Prime-Series-Plate-Loaded-Smith-Machine-1.jpg 1980w, https:\/\/store.evolve-fitness.eu\/wp-content\/uploads\/2024\/05\/EV-PL-PR-222-Evolve-Prime-Series-Plate-Loaded-Smith-Machine-1-300x200.jpg 300w, https:\/\/store.evolve-fitness.eu\/wp-content\/uploads\/2024\/05\/EV-PL-PR-222-Evolve-Prime-Series-Plate-Loaded-Smith-Machine-1-1024x683.jpg 1024w, https:\/\/store.evolve-fitness.eu\/wp-content\/uploads\/2024\/05\/EV-PL-PR-222-Evolve-Prime-Series-Plate-Loaded-Smith-Machine-1-768x512.jpg 768w, https:\/\/store.evolve-fitness.eu\/wp-content\/uploads\/2024\/05\/EV-PL-PR-222-Evolve-Prime-Series-Plate-Loaded-Smith-Machine-1-1536x1024.jpg 1536w, https:\/\/store.evolve-fitness.eu\/wp-content\/uploads\/2024\/05\/EV-PL-PR-222-Evolve-Prime-Series-Plate-Loaded-Smith-Machine-1-600x400.jpg 600w\" sizes=\"auto, (max-width: 1980px) 100vw, 1980px\" \/><\/figure>\n<\/div>\n<\/div>\n\n\n\n<div class=\"wp-block-columns alignwide mobile-reverse is-layout-flex wp-container-core-columns-is-layout-7a02faa9 wp-block-columns-is-layout-flex\" style=\"margin-bottom:var(--wp--preset--spacing--tb-section-padding)\">\n<div class=\"wp-block-column is-vertically-aligned-center is-layout-flow wp-block-column-is-layout-flow\">\n<figure class=\"wp-block-image alignleft size-full is-resized is-style-rounded\"><img loading=\"lazy\" decoding=\"async\" width=\"1980\" height=\"1320\" src=\"https:\/\/store.evolve-fitness.eu\/wp-content\/uploads\/2024\/05\/EV-PL-PR-222-Evolve-Prime-Series-Plate-Loaded-Smith-Machine-3.jpg\" alt=\"\" class=\"wp-image-64339\" style=\"aspect-ratio:1.1333333333333333;object-fit:cover;width:872px;height:auto\" srcset=\"https:\/\/store.evolve-fitness.eu\/wp-content\/uploads\/2024\/05\/EV-PL-PR-222-Evolve-Prime-Series-Plate-Loaded-Smith-Machine-3.jpg 1980w, https:\/\/store.evolve-fitness.eu\/wp-content\/uploads\/2024\/05\/EV-PL-PR-222-Evolve-Prime-Series-Plate-Loaded-Smith-Machine-3-300x200.jpg 300w, https:\/\/store.evolve-fitness.eu\/wp-content\/uploads\/2024\/05\/EV-PL-PR-222-Evolve-Prime-Series-Plate-Loaded-Smith-Machine-3-1024x683.jpg 1024w, https:\/\/store.evolve-fitness.eu\/wp-content\/uploads\/2024\/05\/EV-PL-PR-222-Evolve-Prime-Series-Plate-Loaded-Smith-Machine-3-768x512.jpg 768w, https:\/\/store.evolve-fitness.eu\/wp-content\/uploads\/2024\/05\/EV-PL-PR-222-Evolve-Prime-Series-Plate-Loaded-Smith-Machine-3-1536x1024.jpg 1536w, https:\/\/store.evolve-fitness.eu\/wp-content\/uploads\/2024\/05\/EV-PL-PR-222-Evolve-Prime-Series-Plate-Loaded-Smith-Machine-3-600x400.jpg 600w\" sizes=\"auto, (max-width: 1980px) 100vw, 1980px\" \/><\/figure>\n<\/div>\n\n\n\n<div class=\"wp-block-column is-vertically-aligned-center is-layout-flow wp-block-column-is-layout-flow\">\n<h3 class=\"wp-block-heading\" style=\"margin-bottom:var(--wp--preset--spacing--h-3-bottom)\"><strong><strong><br\/><strong><strong><br\/><strong>FINITION DURABLE<\/strong><\/strong><\/strong><\/strong><\/strong><\/h3>\n\n\n\n<p><strong><em><strong>Technologie de pulv\u00e9risation \u00e9lectrostatique de poudres thermodurcissables<\/strong><\/em><\/strong><\/p>\n\n\n\n<p>B\u00e9n\u00e9ficiez d&rsquo;une finition durable gr\u00e2ce \u00e0 notre <strong>technologie de pulv\u00e9risation \u00e9lectrostatique de poudre thermodurcissable<\/strong>. Ce rev\u00eatement avanc\u00e9 permet \u00e0 votre \u00e9quipement de conserver son attrait visuel au fil du temps.<\/p>\n\n\n\n<h3 class=\"wp-block-heading\" style=\"margin-bottom:var(--wp--preset--spacing--h-3-bottom)\"><strong><strong><strong><strong><br\/><strong><strong><strong>CONSTRUIT POUR DURER<\/strong><\/strong><\/strong><\/strong><\/strong><\/strong><\/strong><\/h3>\n\n\n\n<p><strong><em><strong>Boulons et \u00e9crous en acier inoxydable<\/strong><\/em><\/strong><\/p>\n\n\n\n<p>La s\u00e9rie Prime est construite pour durer, avec tous les boulons et \u00e9crous en <strong>acier inoxydable<\/strong>. Cette qualit\u00e9 de construction assure la long\u00e9vit\u00e9 de votre \u00e9quipement.<\/p>\n<\/div>\n<\/div>\n<\/section>\n<\/section>\n","protected":false},"excerpt":{"rendered":"<p>L&rsquo;appareil de musculation Evolve Prime Series avec charge de plaques combine une ing\u00e9nierie de pr\u00e9cision avec un design avanc\u00e9 pour une exp\u00e9rience d&rsquo;entra\u00eenement musculaire polyvalente et efficace. Cette machine Smith est con\u00e7ue pour durer, avec une construction robuste et un rev\u00eatement en poudre pour des performances durables. Le mouvement fluide et contr\u00f4l\u00e9 de l&rsquo;halt\u00e8re, guid\u00e9 par les roulements lin\u00e9aires, permet de r\u00e9aliser des exercices s\u00fbrs et efficaces tels que les squats, les presses, etc. Gr\u00e2ce \u00e0 sa conception conviviale et \u00e0 sa qualit\u00e9 de fabrication sup\u00e9rieure, cet appareil Smith est indispensable \u00e0 tout gymnase ou centre de remise en forme \u00e0 la recherche d&rsquo;un \u00e9quipement de premier ordre pour un programme complet d&rsquo;entra\u00eenement musculaire.<\/p>\n","protected":false},"featured_media":100256,"template":"","meta":{"_acf_changed":false,"inline_featured_image":false},"product_cat":[780,413,1202],"product_tag":[],"class_list":{"0":"post-37415","1":"product","2":"type-product","3":"status-publish","4":"has-post-thumbnail","6":"product_cat-machines-a-plateau","7":"product_cat-page-daccueil","8":"product_cat-prime-series-plate-loaded-fr","10":"first","11":"outofstock","12":"taxable","13":"shipping-taxable","14":"purchasable","15":"product-type-simple"},"acf":[],"_links":{"self":[{"href":"https:\/\/store.evolve-fitness.eu\/fr\/wp-json\/wp\/v2\/product\/37415","targetHints":{"allow":["GET"]}}],"collection":[{"href":"https:\/\/store.evolve-fitness.eu\/fr\/wp-json\/wp\/v2\/product"}],"about":[{"href":"https:\/\/store.evolve-fitness.eu\/fr\/wp-json\/wp\/v2\/types\/product"}],"wp:featuredmedia":[{"embeddable":true,"href":"https:\/\/store.evolve-fitness.eu\/fr\/wp-json\/wp\/v2\/media\/100256"}],"wp:attachment":[{"href":"https:\/\/store.evolve-fitness.eu\/fr\/wp-json\/wp\/v2\/media?parent=37415"}],"wp:term":[{"taxonomy":"product_cat","embeddable":true,"href":"https:\/\/store.evolve-fitness.eu\/fr\/wp-json\/wp\/v2\/product_cat?post=37415"},{"taxonomy":"product_tag","embeddable":true,"href":"https:\/\/store.evolve-fitness.eu\/fr\/wp-json\/wp\/v2\/product_tag?post=37415"}],"curies":[{"name":"wp","href":"https:\/\/api.w.org\/{rel}","templated":true}]}}