{"id":36881,"date":"2024-01-09T11:43:00","date_gmt":"2024-01-09T11:43:00","guid":{"rendered":"https:\/\/store.evolve-fitness.eu\/product\/evolve-econ-series-elevation-des-mollets-en-position-assise-avec-charge-de-plaques\/"},"modified":"2024-12-06T12:23:57","modified_gmt":"2024-12-06T12:23:57","slug":"evolve-econ-series-elevation-des-mollets-en-position-assise-avec-charge-de-plaques","status":"publish","type":"product","link":"https:\/\/store.evolve-fitness.eu\/fr\/produit\/evolve-econ-series-elevation-des-mollets-en-position-assise-avec-charge-de-plaques\/","title":{"rendered":"Evolve Econ Series Plate Loaded Seated Calf Raise, EC-011"},"content":{"rendered":"\n<p><\/p>\n\n<section class=\"wp-block-group alignfull black-content has-white-color has-darkgray-background-color has-text-color has-background is-layout-constrained wp-block-group-is-layout-constrained\" style=\"padding-top:var(--wp--preset--spacing--section-bottom);padding-bottom:var(--wp--preset--spacing--section-bottom)\">\n<h3 class=\"wp-block-heading has-text-align-center\" style=\"padding-top:var(--wp--preset--spacing--section-title-bottom);padding-bottom:var(--wp--preset--spacing--section-title-bottom)\"><strong><strong><strong><strong>D\u00c9COUVREZ L&rsquo;EXCELLENCE \u00c0 UN PRIX ABORDABLE AVEC LA S\u00c9RIE EVOLVE PLATE LOADED ECON<\/strong><\/strong><\/strong><\/strong><\/h3>\n\n\n\n<p>La s\u00e9rie Evolve Plate Loaded Econ est votre choix de pr\u00e9dilection pour un \u00e9quipement de musculation de haute qualit\u00e9 \u00e0 un prix abordable. Avec la s\u00e9rie Econ, nous vous offrons l&rsquo;essentiel des options \u00e9conomiques sans compromis sur les performances. Voici ce qui distingue cette ligne :<\/p>\n\n\n\n<section class=\"wp-block-group alignfull black-content has-white-color has-darkgray-background-color has-text-color has-background is-layout-constrained wp-block-group-is-layout-constrained\" style=\"margin-bottom:0;padding-top:var(--wp--preset--spacing--tb-padding);padding-bottom:var(--wp--preset--spacing--tb-padding)\">\n<div class=\"wp-block-columns alignwide mobile-reverse is-layout-flex wp-container-core-columns-is-layout-7a02faa9 wp-block-columns-is-layout-flex\" style=\"margin-bottom:var(--wp--preset--spacing--tb-section-padding)\">\n<div class=\"wp-block-column is-vertically-aligned-center is-layout-flow wp-block-column-is-layout-flow\">\n<h3 class=\"wp-block-heading\" style=\"margin-bottom:var(--wp--preset--spacing--h-3-bottom)\"><strong><strong><strong><strong><strong><strong>ORDINATEUR CENTRAL ROBUSTE<\/strong><\/strong><\/strong><\/strong><\/strong><\/strong><\/h3>\n\n\n\n<p><strong><em>Tubes ovales plats de gros calibre 50 x 100 mm<\/em><\/strong><\/p>\n\n\n\n<p>La s\u00e9rie Evolve Plate Loaded Econ est votre choix de pr\u00e9dilection pour un \u00e9quipement de musculation de haute qualit\u00e9 \u00e0 un prix abordable. Avec la s\u00e9rie Econ, nous vous offrons l&rsquo;essentiel des options \u00e9conomiques sans compromis sur les performances. Voici ce qui distingue cette ligne :<\/p>\n\n\n\n<p><\/p>\n\n\n\n<p><\/p>\n\n\n\n<h3 class=\"wp-block-heading\" style=\"margin-bottom:var(--wp--preset--spacing--h-3-bottom)\"><strong><strong><strong><strong>ORGANISEZ VOTRE ESPACE<\/strong><\/strong><\/strong><\/strong><\/h3>\n\n\n\n<p><strong><em><strong>Piquets pour le stockage des plaques d&rsquo;halt\u00e8res<\/strong><\/em><\/strong><\/p>\n\n\n\n<p>Restez organis\u00e9 et maximisez l&rsquo;efficacit\u00e9 de l&rsquo;espace avec les <strong>pinces pour le stockage des plaques de poids<\/strong>. Gardez vos assiettes \u00e0 port\u00e9e de main, pour un environnement d&rsquo;entra\u00eenement sans d\u00e9sordre.<\/p>\n<\/div>\n\n\n\n<div class=\"wp-block-column is-vertically-aligned-center is-layout-flow wp-block-column-is-layout-flow\">\n<figure class=\"wp-block-image size-full is-resized is-style-rounded\"><img loading=\"lazy\" decoding=\"async\" width=\"810\" height=\"810\" src=\"https:\/\/store.evolve-fitness.eu\/wp-content\/uploads\/2024\/05\/Dizainas-be-pavadinimo-21.png\" alt=\"\" class=\"wp-image-65575\" style=\"aspect-ratio:1.1333333333333333;object-fit:cover;width:1134px;height:auto\" srcset=\"https:\/\/store.evolve-fitness.eu\/wp-content\/uploads\/2024\/05\/Dizainas-be-pavadinimo-21.png 810w, https:\/\/store.evolve-fitness.eu\/wp-content\/uploads\/2024\/05\/Dizainas-be-pavadinimo-21-300x300.png 300w, https:\/\/store.evolve-fitness.eu\/wp-content\/uploads\/2024\/05\/Dizainas-be-pavadinimo-21-150x150.png 150w, https:\/\/store.evolve-fitness.eu\/wp-content\/uploads\/2024\/05\/Dizainas-be-pavadinimo-21-768x768.png 768w, https:\/\/store.evolve-fitness.eu\/wp-content\/uploads\/2024\/05\/Dizainas-be-pavadinimo-21-600x600.png 600w, https:\/\/store.evolve-fitness.eu\/wp-content\/uploads\/2024\/05\/Dizainas-be-pavadinimo-21-100x100.png 100w\" sizes=\"auto, (max-width: 810px) 100vw, 810px\" \/><\/figure>\n<\/div>\n<\/div>\n\n\n\n<div class=\"wp-block-columns alignwide mobile-reverse is-layout-flex wp-container-core-columns-is-layout-7a02faa9 wp-block-columns-is-layout-flex\" style=\"margin-bottom:var(--wp--preset--spacing--tb-section-padding)\">\n<div class=\"wp-block-column is-vertically-aligned-center is-layout-flow wp-block-column-is-layout-flow\">\n<figure class=\"wp-block-image alignleft size-full is-resized is-style-rounded\"><img loading=\"lazy\" decoding=\"async\" width=\"810\" height=\"810\" src=\"https:\/\/store.evolve-fitness.eu\/wp-content\/uploads\/2024\/05\/Dizainas-be-pavadinimo-23.png\" alt=\"\" class=\"wp-image-65600\" style=\"aspect-ratio:1.1333333333333333;object-fit:cover;width:835px;height:auto\" srcset=\"https:\/\/store.evolve-fitness.eu\/wp-content\/uploads\/2024\/05\/Dizainas-be-pavadinimo-23.png 810w, https:\/\/store.evolve-fitness.eu\/wp-content\/uploads\/2024\/05\/Dizainas-be-pavadinimo-23-300x300.png 300w, https:\/\/store.evolve-fitness.eu\/wp-content\/uploads\/2024\/05\/Dizainas-be-pavadinimo-23-150x150.png 150w, https:\/\/store.evolve-fitness.eu\/wp-content\/uploads\/2024\/05\/Dizainas-be-pavadinimo-23-768x768.png 768w, https:\/\/store.evolve-fitness.eu\/wp-content\/uploads\/2024\/05\/Dizainas-be-pavadinimo-23-600x600.png 600w, https:\/\/store.evolve-fitness.eu\/wp-content\/uploads\/2024\/05\/Dizainas-be-pavadinimo-23-100x100.png 100w\" sizes=\"auto, (max-width: 810px) 100vw, 810px\" \/><\/figure>\n<\/div>\n\n\n\n<div class=\"wp-block-column is-vertically-aligned-center is-layout-flow wp-block-column-is-layout-flow\">\n<h3 class=\"wp-block-heading\" style=\"margin-bottom:var(--wp--preset--spacing--h-3-bottom)\"><strong><strong><br\/><strong><strong><strong><strong>POSITION ASSISE R\u00c9GLABLE<\/strong><\/strong><\/strong><\/strong><\/strong><\/strong><\/h3>\n\n\n\n<p><strong><em><strong>Personnalisation facile en jaune vibrant<\/strong><\/em><\/strong><\/p>\n\n\n\n<p>Nos machines sont dot\u00e9es d&rsquo;une <strong>position assise r\u00e9glable<\/strong> avec des boutons et des poign\u00e9es de r\u00e9glage en jaune clair, facile \u00e0 voir. Cette conception conviviale permet une personnalisation sans effort, garantissant que votre entra\u00eenement s&rsquo;adapte \u00e0 vos pr\u00e9f\u00e9rences.<\/p>\n\n\n\n<p><\/p>\n\n\n\n<h3 class=\"wp-block-heading\" style=\"margin-bottom:var(--wp--preset--spacing--h-3-bottom)\"><strong><strong><strong><strong><strong><strong><strong>POIGN\u00c9ES ANTID\u00c9RAPANTES<\/strong><\/strong><\/strong><\/strong><\/strong><\/strong><\/strong><\/h3>\n\n\n\n<p><strong><em><strong>Une prise s\u00fbre pour plus de s\u00e9curit\u00e9<\/strong><\/em><\/strong><\/p>\n\n\n\n<p>La s\u00e9curit\u00e9 est primordiale, et nos <strong>poign\u00e9es antid\u00e9rapantes<\/strong> offrent une prise s\u00fbre, r\u00e9duisant ainsi le risque d&rsquo;accident pendant vos s\u00e9ances d&rsquo;entra\u00eenement. Concentrez-vous sur votre entra\u00eenement en toute s\u00e9r\u00e9nit\u00e9.<\/p>\n<\/div>\n<\/div>\n\n\n\n<div class=\"wp-block-columns alignwide mobile-reverse is-layout-flex wp-container-core-columns-is-layout-035fa626 wp-block-columns-is-layout-flex\" style=\"margin-bottom:var(--wp--preset--spacing--side-padding);padding-top:var(--wp--preset--spacing--tb-padding);padding-bottom:var(--wp--preset--spacing--tb-padding)\">\n<div class=\"wp-block-column is-vertically-aligned-center is-layout-flow wp-block-column-is-layout-flow\">\n<h3 class=\"wp-block-heading\" style=\"margin-bottom:var(--wp--preset--spacing--h-3-bottom)\"><strong><strong><strong><strong><strong><strong><strong><strong><strong><strong>PERFORMANCE DURABLE<\/strong><\/strong><\/strong><\/strong><\/strong><\/strong><\/strong><\/strong><\/strong><\/strong><\/h3>\n\n\n\n<p><strong><em><strong>Cuir PU robuste de premi\u00e8re qualit\u00e9<\/strong><\/em><\/strong><\/p>\n\n\n\n<p>Entretenez facilement le sol de votre salle de sport. La s\u00e9rie Econ est \u00e9quip\u00e9e de <strong>protections de sol durables<\/strong> qui prot\u00e8gent contre les dommages et les rayures, m\u00eame pendant les s\u00e9ances d&rsquo;entra\u00eenement intenses.<\/p>\n\n\n\n<h3 class=\"wp-block-heading\" style=\"margin-bottom:var(--wp--preset--spacing--h-3-bottom)\"><strong><strong><strong><strong><strong><strong><strong><strong><strong><strong><br\/><strong><strong><strong><strong>REMBOURRAGE \u00c9PAIS<\/strong><\/strong><\/strong><\/strong><\/strong><\/strong><\/strong><\/strong><\/strong><\/strong><\/strong><\/strong><\/strong><\/strong><\/h3>\n\n\n\n<p><strong><em><strong>Le confort au service de la durabilit\u00e9<\/strong><\/em><\/strong><\/p>\n\n\n\n<p>Profitez du confort et de la durabilit\u00e9 gr\u00e2ce au <strong>rembourrage \u00e9pais<\/strong>. Cette fonction am\u00e9liore votre exp\u00e9rience d&rsquo;entra\u00eenement et vous permet de vous exercer en toute confiance.<\/p>\n<\/div>\n\n\n\n<div class=\"wp-block-column is-vertically-aligned-center is-layout-flow wp-block-column-is-layout-flow\">\n<figure class=\"wp-block-image size-full is-resized is-style-rounded\"><img loading=\"lazy\" decoding=\"async\" width=\"810\" height=\"810\" src=\"https:\/\/store.evolve-fitness.eu\/wp-content\/uploads\/2024\/05\/Dizainas-be-pavadinimo-21-1.png\" alt=\"\" class=\"wp-image-65625\" style=\"aspect-ratio:1.1333333333333333;object-fit:cover;width:1084px;height:auto\" srcset=\"https:\/\/store.evolve-fitness.eu\/wp-content\/uploads\/2024\/05\/Dizainas-be-pavadinimo-21-1.png 810w, https:\/\/store.evolve-fitness.eu\/wp-content\/uploads\/2024\/05\/Dizainas-be-pavadinimo-21-1-300x300.png 300w, https:\/\/store.evolve-fitness.eu\/wp-content\/uploads\/2024\/05\/Dizainas-be-pavadinimo-21-1-150x150.png 150w, https:\/\/store.evolve-fitness.eu\/wp-content\/uploads\/2024\/05\/Dizainas-be-pavadinimo-21-1-768x768.png 768w, https:\/\/store.evolve-fitness.eu\/wp-content\/uploads\/2024\/05\/Dizainas-be-pavadinimo-21-1-600x600.png 600w, https:\/\/store.evolve-fitness.eu\/wp-content\/uploads\/2024\/05\/Dizainas-be-pavadinimo-21-1-100x100.png 100w\" sizes=\"auto, (max-width: 810px) 100vw, 810px\" \/><\/figure>\n<\/div>\n<\/div>\n\n\n\n<div class=\"wp-block-columns alignwide mobile-reverse is-layout-flex wp-container-core-columns-is-layout-7a02faa9 wp-block-columns-is-layout-flex\" style=\"margin-bottom:var(--wp--preset--spacing--tb-section-padding)\">\n<div class=\"wp-block-column is-vertically-aligned-center is-layout-flow wp-block-column-is-layout-flow\">\n<figure class=\"wp-block-image alignleft size-full is-resized is-style-rounded\"><img loading=\"lazy\" decoding=\"async\" width=\"810\" height=\"810\" src=\"https:\/\/store.evolve-fitness.eu\/wp-content\/uploads\/2024\/05\/Dizainas-be-pavadinimo-22.png\" alt=\"\" class=\"wp-image-65650\" style=\"aspect-ratio:1.1333333333333333;object-fit:cover;width:872px;height:auto\" srcset=\"https:\/\/store.evolve-fitness.eu\/wp-content\/uploads\/2024\/05\/Dizainas-be-pavadinimo-22.png 810w, https:\/\/store.evolve-fitness.eu\/wp-content\/uploads\/2024\/05\/Dizainas-be-pavadinimo-22-300x300.png 300w, https:\/\/store.evolve-fitness.eu\/wp-content\/uploads\/2024\/05\/Dizainas-be-pavadinimo-22-150x150.png 150w, https:\/\/store.evolve-fitness.eu\/wp-content\/uploads\/2024\/05\/Dizainas-be-pavadinimo-22-768x768.png 768w, https:\/\/store.evolve-fitness.eu\/wp-content\/uploads\/2024\/05\/Dizainas-be-pavadinimo-22-600x600.png 600w, https:\/\/store.evolve-fitness.eu\/wp-content\/uploads\/2024\/05\/Dizainas-be-pavadinimo-22-100x100.png 100w\" sizes=\"auto, (max-width: 810px) 100vw, 810px\" \/><\/figure>\n<\/div>\n\n\n\n<div class=\"wp-block-column is-vertically-aligned-center is-layout-flow wp-block-column-is-layout-flow\">\n<h3 class=\"wp-block-heading\" style=\"margin-bottom:var(--wp--preset--spacing--h-3-bottom)\"><strong><strong><br\/><strong><strong><br\/><strong><strong><strong>PROTECTEURS DE SOL DURABLES<\/strong><\/strong><\/strong><\/strong><\/strong><\/strong><\/strong><\/h3>\n\n\n\n<p><strong><em><strong>Pr\u00e9server le rev\u00eatement de sol de votre salle de sport<\/strong><\/em><\/strong><\/p>\n\n\n\n<p>Entretenez facilement le sol de votre salle de sport. La s\u00e9rie Econ est \u00e9quip\u00e9e de <strong>protections de sol durables<\/strong> qui prot\u00e8gent contre les dommages et les rayures, m\u00eame pendant les s\u00e9ances d&rsquo;entra\u00eenement intenses.<\/p>\n\n\n\n<h3 class=\"wp-block-heading\" style=\"margin-bottom:var(--wp--preset--spacing--h-3-bottom)\"><strong><strong><strong><strong><br\/><strong><strong><strong><strong><strong>FINITION DURABLE<\/strong><\/strong><\/strong><\/strong><\/strong><\/strong><\/strong><\/strong><\/strong><\/h3>\n\n\n\n<p><strong><em><strong>Technologie de pulv\u00e9risation \u00e9lectrostatique de poudres thermodurcissables<\/strong><\/em><\/strong><\/p>\n\n\n\n<p>B\u00e9n\u00e9ficiez d&rsquo;une finition durable gr\u00e2ce \u00e0 notre <strong>technologie de pulv\u00e9risation \u00e9lectrostatique de poudre thermodurcissable<\/strong>. Ce rev\u00eatement avanc\u00e9 permet \u00e0 votre \u00e9quipement de conserver son attrait esth\u00e9tique au fil du temps.<\/p>\n<\/div>\n<\/div>\n<\/section>\n<\/section>\n","protected":false},"excerpt":{"rendered":"<p>L&rsquo;Evolve Econ Series Plate Loaded Calf Raise est un appareil sp\u00e9cialis\u00e9 con\u00e7u pour un entra\u00eenement efficace des mollets. Avec un design compact et une r\u00e9sistance personnalisable, il est id\u00e9al pour une utilisation \u00e0 domicile ou en salle de sport. Ciblez les muscles de vos mollets avec pr\u00e9cision gr\u00e2ce \u00e0 cet \u00e9quipement durable et efficace de la s\u00e9rie Evolve Econ. Am\u00e9liorez votre entra\u00eenement du bas du corps et obtenez des mollets bien d\u00e9finis gr\u00e2ce \u00e0 cet appareil fiable.<\/p>\n","protected":false},"featured_media":36886,"template":"","meta":{"_acf_changed":false,"inline_featured_image":false},"product_cat":[1192,780,413],"product_tag":[],"class_list":{"0":"post-36881","1":"product","2":"type-product","3":"status-publish","4":"has-post-thumbnail","6":"product_cat-econ-series-plate-loaded-fr","7":"product_cat-machines-a-plateau","8":"product_cat-page-daccueil","10":"first","11":"outofstock","12":"sale","13":"taxable","14":"shipping-taxable","15":"purchasable","16":"product-type-simple"},"acf":[],"_links":{"self":[{"href":"https:\/\/store.evolve-fitness.eu\/fr\/wp-json\/wp\/v2\/product\/36881","targetHints":{"allow":["GET"]}}],"collection":[{"href":"https:\/\/store.evolve-fitness.eu\/fr\/wp-json\/wp\/v2\/product"}],"about":[{"href":"https:\/\/store.evolve-fitness.eu\/fr\/wp-json\/wp\/v2\/types\/product"}],"wp:featuredmedia":[{"embeddable":true,"href":"https:\/\/store.evolve-fitness.eu\/fr\/wp-json\/wp\/v2\/media\/36886"}],"wp:attachment":[{"href":"https:\/\/store.evolve-fitness.eu\/fr\/wp-json\/wp\/v2\/media?parent=36881"}],"wp:term":[{"taxonomy":"product_cat","embeddable":true,"href":"https:\/\/store.evolve-fitness.eu\/fr\/wp-json\/wp\/v2\/product_cat?post=36881"},{"taxonomy":"product_tag","embeddable":true,"href":"https:\/\/store.evolve-fitness.eu\/fr\/wp-json\/wp\/v2\/product_tag?post=36881"}],"curies":[{"name":"wp","href":"https:\/\/api.w.org\/{rel}","templated":true}]}}