{"id":35261,"date":"2024-01-04T13:05:40","date_gmt":"2024-01-04T13:05:40","guid":{"rendered":"https:\/\/store.evolve-fitness.eu\/product\/evolve-econ-series-selectorized-rotary-torso\/"},"modified":"2024-12-06T13:38:35","modified_gmt":"2024-12-06T13:38:35","slug":"evolve-econ-series-selectorized-rotary-torso","status":"publish","type":"product","link":"https:\/\/store.evolve-fitness.eu\/fr\/produit\/evolve-econ-series-selectorized-rotary-torso\/","title":{"rendered":"Evolve Econ Series Selectorized Rotary Torso"},"content":{"rendered":"\n<section class=\"wp-block-group alignfull black-content has-white-color has-darkgray-background-color has-text-color has-background is-layout-constrained wp-block-group-is-layout-constrained\" style=\"padding-top:var(--wp--preset--spacing--section-bottom);padding-bottom:var(--wp--preset--spacing--section-bottom)\">\n<div class=\"wp-block-columns alignwide mobile-reverse is-layout-flex wp-container-core-columns-is-layout-ca64bf2d wp-block-columns-is-layout-flex\" style=\"margin-bottom:var(--wp--preset--spacing--side-padding)\">\n<div class=\"wp-block-column is-vertically-aligned-center is-layout-flow wp-block-column-is-layout-flow\">\n<h3 class=\"wp-block-heading\" style=\"margin-bottom:var(--wp--preset--spacing--h-3-bottom)\">S\u00e9rie Evolve Econ<\/h3>\n\n\n\n<p><em><strong><em><strong>L&rsquo;excellence \u00e0 un prix abordable<\/strong><\/em><\/strong><\/em><\/p>\n\n\n\n<p style=\"margin-bottom:var(--wp--preset--spacing--tb-section-padding)\">Bienvenue dans la s\u00e9rie Evolve Econ, o\u00f9 nous red\u00e9finissons l&rsquo;excellence sans nous ruiner. Con\u00e7ue pour les propri\u00e9taires de salles de sport, les propri\u00e9taires potentiels de salles de sport et les centres de remise en forme de toutes tailles, notre s\u00e9rie Econ propose une gamme d&rsquo;appareils s\u00e9lectifs \u00e9conomiques qui privil\u00e9gient la qualit\u00e9 et les performances. Examinons les caract\u00e9ristiques uniques qui font de la s\u00e9rie Econ un choix exceptionnel pour ceux qui recherchent un \u00e9quipement de fitness \u00e9conomique mais de haute qualit\u00e9.<\/p>\n\n\n\n<h3 class=\"wp-block-heading\" style=\"margin-bottom:var(--wp--preset--spacing--h-3-bottom)\">Durabilit\u00e9 et protection<\/h3>\n\n\n\n<p><strong><em><strong><em>L&rsquo;avantage des cadres \u00e0 rev\u00eatement en poudre<\/em><\/strong><\/em><\/strong><\/p>\n\n\n\n<p>D\u00e9couvrez la durabilit\u00e9 de nos \u00e9quipements gr\u00e2ce \u00e0 l&rsquo;avantage des cadres \u00e0 rev\u00eatement en poudre. R\u00e9sistants \u00e0 l&rsquo;\u00e9caillage et \u00e0 la rouille, ces cadres sont taill\u00e9s pour la long\u00e9vit\u00e9, garantissant ainsi que votre investissement r\u00e9sistera \u00e0 l&rsquo;\u00e9preuve du temps. Pour les propri\u00e9taires de salles de sport et les centres de remise en forme soucieux de leur budget, cette caract\u00e9ristique est essentielle pour fournir un \u00e9quipement qui dure sans grever le budget.<\/p>\n<\/div>\n\n\n\n<div class=\"wp-block-column is-vertically-aligned-center is-layout-flow wp-block-column-is-layout-flow\">\n<figure class=\"wp-block-image alignright size-full is-resized is-style-rounded\"><img loading=\"lazy\" decoding=\"async\" width=\"680\" height=\"600\" src=\"https:\/\/store.evolve-fitness.eu\/wp-content\/uploads\/2024\/05\/Evolve-Selectorized-EC-010.png\" alt=\"\" class=\"wp-image-66982\" style=\"object-fit:cover;width:852px;height:auto\" srcset=\"https:\/\/store.evolve-fitness.eu\/wp-content\/uploads\/2024\/05\/Evolve-Selectorized-EC-010.png 680w, https:\/\/store.evolve-fitness.eu\/wp-content\/uploads\/2024\/05\/Evolve-Selectorized-EC-010-300x265.png 300w, https:\/\/store.evolve-fitness.eu\/wp-content\/uploads\/2024\/05\/Evolve-Selectorized-EC-010-600x529.png 600w\" sizes=\"auto, (max-width: 680px) 100vw, 680px\" \/><\/figure>\n<\/div>\n<\/div>\n\n\n\n<div class=\"wp-block-columns alignwide is-layout-flex wp-container-core-columns-is-layout-c45ee707 wp-block-columns-is-layout-flex\" style=\"margin-bottom:var(--wp--preset--spacing--side-padding);padding-top:var(--wp--preset--spacing--side-padding)\">\n<div class=\"wp-block-column is-vertically-aligned-center is-layout-flow wp-block-column-is-layout-flow\">\n<figure class=\"wp-block-image size-full is-resized is-style-rounded\"><img loading=\"lazy\" decoding=\"async\" width=\"680\" height=\"600\" src=\"https:\/\/store.evolve-fitness.eu\/wp-content\/uploads\/2024\/05\/Evolve-Selectorized-EC-010-1.png\" alt=\"\" class=\"wp-image-67007\" style=\"aspect-ratio:1;object-fit:cover;width:852px;height:auto\" srcset=\"https:\/\/store.evolve-fitness.eu\/wp-content\/uploads\/2024\/05\/Evolve-Selectorized-EC-010-1.png 680w, https:\/\/store.evolve-fitness.eu\/wp-content\/uploads\/2024\/05\/Evolve-Selectorized-EC-010-1-300x265.png 300w, https:\/\/store.evolve-fitness.eu\/wp-content\/uploads\/2024\/05\/Evolve-Selectorized-EC-010-1-600x529.png 600w\" sizes=\"auto, (max-width: 680px) 100vw, 680px\" \/><\/figure>\n<\/div>\n\n\n\n<div class=\"wp-block-column is-vertically-aligned-center is-layout-flow wp-block-column-is-layout-flow\">\n<h3 class=\"wp-block-heading\" style=\"margin-bottom:var(--wp--preset--spacing--h-3-bottom)\">La s\u00e9curit\u00e9 au service du style<\/h3>\n\n\n\n<p><strong><em><strong><em>Piles de poids envelopp\u00e9es<\/em><\/strong><\/em><\/strong><\/p>\n\n\n\n<p style=\"margin-bottom:var(--wp--preset--spacing--tb-section-padding)\">La s\u00e9rie Econ pr\u00e9sente une combinaison de s\u00e9curit\u00e9 et de style avec les piles de poids car\u00e9n\u00e9es. Les housses en plastique opaque donnent la priorit\u00e9 \u00e0 la s\u00e9curit\u00e9 de l&rsquo;entra\u00eenement tout en ajoutant une touche d&rsquo;\u00e9l\u00e9gance \u00e0 votre espace de remise en forme. Que vous soyez propri\u00e9taire d&rsquo;une salle de sport ou passionn\u00e9 de fitness, vous appr\u00e9cierez l&rsquo;attrait visuel et la s\u00e9curit\u00e9 que ces haubans apportent \u00e0 votre salle de sport.<\/p>\n\n\n\n<h3 class=\"wp-block-heading\" style=\"margin-bottom:var(--wp--preset--spacing--h-3-bottom)\">Pr\u00e9servez votre espace<\/h3>\n\n\n\n<p><strong><em><strong><em>Coussinets en caoutchouc pour la protection des sols<\/em><\/strong><\/em><\/strong><\/p>\n\n\n\n<p>Maintenez un environnement d&rsquo;entra\u00eenement propre et sans d\u00e9g\u00e2ts gr\u00e2ce aux tampons en caoutchouc. Les propri\u00e9taires de salles de sport sont conscients de l&rsquo;importance de pr\u00e9server leurs sols. Nos pieds rev\u00eatus de caoutchouc prot\u00e8gent votre sol contre les rayures et les dommages potentiels, ce qui fait de la s\u00e9rie Econ un choix rentable pour les propri\u00e9taires de salles de sport qui souhaitent prot\u00e9ger leur espace.<\/p>\n<\/div>\n<\/div>\n\n\n\n<div class=\"wp-block-columns alignwide are-vertically-aligned-center mobile-reverse is-layout-flex wp-container-core-columns-is-layout-e8158c2f wp-block-columns-is-layout-flex\" style=\"padding-top:var(--wp--preset--spacing--side-padding)\">\n<div class=\"wp-block-column is-vertically-aligned-center is-layout-flow wp-block-column-is-layout-flow\">\n<h3 class=\"wp-block-heading\" style=\"margin-bottom:var(--wp--preset--spacing--h-3-bottom)\">Une commodit\u00e9 intelligente<\/h3>\n\n\n\n<p><strong><em>Rangement int\u00e9gr\u00e9 pour les s\u00e9ances d&rsquo;entra\u00eenement modernes<\/em><\/strong><\/p>\n\n\n\n<p style=\"margin-bottom:var(--wp--preset--spacing--tb-section-padding)\">Dans le paysage actuel de la remise en forme, la commodit\u00e9 est importante. Notre rangement int\u00e9gr\u00e9 permet aux propri\u00e9taires de salles de sport et aux adeptes du fitness de garder bouteilles d&rsquo;eau, t\u00e9l\u00e9phones portables et autres accessoires \u00e0 port\u00e9e de main. Il s&rsquo;agit d&rsquo;une fonction modeste mais efficace, con\u00e7ue pour r\u00e9pondre aux besoins modernes de vos clients en mati\u00e8re de remise en forme.<\/p>\n\n\n\n<h3 class=\"wp-block-heading\" style=\"margin-bottom:var(--wp--preset--spacing--h-3-bottom)\">Confiance et stabilit\u00e9<\/h3>\n\n\n\n<p><strong><em>Poign\u00e9es antid\u00e9rapantes pour des s\u00e9ances d&rsquo;entra\u00eenement en toute s\u00e9curit\u00e9<\/em><\/strong><\/p>\n\n\n\n<p>Les poign\u00e9es antid\u00e9rapantes donnent la priorit\u00e9 \u00e0 la s\u00e9curit\u00e9 et \u00e0 la stabilit\u00e9 de l&rsquo;entra\u00eenement. Les propri\u00e9taires de salles de sport et les responsables d&rsquo;\u00e9tablissements de remise en forme comprennent l&rsquo;importance d&rsquo;un \u00e9quipement qui inspire la confiance. Nos poign\u00e9es sont recouvertes d&rsquo;un mat\u00e9riau antid\u00e9rapant, offrant aux utilisateurs l&rsquo;assurance dont ils ont besoin pendant leurs s\u00e9ances d&rsquo;entra\u00eenement.<\/p>\n<\/div>\n\n\n\n<div class=\"wp-block-column is-vertically-aligned-center is-layout-flow wp-block-column-is-layout-flow\">\n<figure class=\"wp-block-image alignright size-full is-resized is-style-rounded\"><img loading=\"lazy\" decoding=\"async\" width=\"680\" height=\"600\" src=\"https:\/\/store.evolve-fitness.eu\/wp-content\/uploads\/2024\/05\/Evolve-Selectorized-EC-010-2.png\" alt=\"\" class=\"wp-image-67032\" style=\"aspect-ratio:1;width:805px;height:auto\" srcset=\"https:\/\/store.evolve-fitness.eu\/wp-content\/uploads\/2024\/05\/Evolve-Selectorized-EC-010-2.png 680w, https:\/\/store.evolve-fitness.eu\/wp-content\/uploads\/2024\/05\/Evolve-Selectorized-EC-010-2-300x265.png 300w, https:\/\/store.evolve-fitness.eu\/wp-content\/uploads\/2024\/05\/Evolve-Selectorized-EC-010-2-600x529.png 600w\" sizes=\"auto, (max-width: 680px) 100vw, 680px\" \/><\/figure>\n<\/div>\n<\/div>\n\n\n\n<div class=\"wp-block-columns alignwide are-vertically-aligned-center mobile-reverse is-layout-flex wp-container-core-columns-is-layout-e8158c2f wp-block-columns-is-layout-flex\" style=\"padding-top:var(--wp--preset--spacing--side-padding)\">\n<div class=\"wp-block-column is-vertically-aligned-center is-layout-flow wp-block-column-is-layout-flow\">\n<figure class=\"wp-block-image alignright size-full is-resized is-style-rounded\"><img loading=\"lazy\" decoding=\"async\" width=\"680\" height=\"600\" src=\"https:\/\/store.evolve-fitness.eu\/wp-content\/uploads\/2024\/05\/Evolve-Selectorized-EC-010-3.png\" alt=\"\" class=\"wp-image-67057\" style=\"aspect-ratio:1;width:895px;height:auto\" srcset=\"https:\/\/store.evolve-fitness.eu\/wp-content\/uploads\/2024\/05\/Evolve-Selectorized-EC-010-3.png 680w, https:\/\/store.evolve-fitness.eu\/wp-content\/uploads\/2024\/05\/Evolve-Selectorized-EC-010-3-300x265.png 300w, https:\/\/store.evolve-fitness.eu\/wp-content\/uploads\/2024\/05\/Evolve-Selectorized-EC-010-3-600x529.png 600w\" sizes=\"auto, (max-width: 680px) 100vw, 680px\" \/><\/figure>\n<\/div>\n\n\n\n<div class=\"wp-block-column is-vertically-aligned-center is-layout-flow wp-block-column-is-layout-flow\">\n<h3 class=\"wp-block-heading\" style=\"margin-bottom:var(--wp--preset--spacing--h-3-bottom)\">Un confort durable<\/h3>\n\n\n\n<p><strong><em><strong><em>Rembourrage robuste pour les passionn\u00e9s de fitness<\/em><\/strong><\/em><\/strong><\/p>\n\n\n\n<p style=\"margin-bottom:var(--wp--preset--spacing--tb-section-padding)\">Profitez d&rsquo;un confort durable gr\u00e2ce \u00e0 notre rembourrage robuste. Confortable et r\u00e9sistant, il s&rsquo;adapte \u00e0 la forme du corps de l&rsquo;utilisateur, garantissant que chaque s\u00e9ance d&rsquo;entra\u00eenement est non seulement rentable mais aussi confortable. Les propri\u00e9taires de salles de sport peuvent offrir \u00e0 leurs clients une exp\u00e9rience d&rsquo;entra\u00eenement confortable qui les incite \u00e0 revenir.<\/p>\n\n\n\n<h3 class=\"wp-block-heading\" style=\"margin-bottom:var(--wp--preset--spacing--h-3-bottom)\">Options polyvalentes<\/h3>\n\n\n\n<p><strong><em><strong><em>Armes de l&rsquo;axe convergent et mouvement unilat\u00e9ral <\/em><\/strong><em>(Disponible sur certaines machines)<\/em><\/em><\/strong><\/p>\n\n\n\n<p>Profitez d&rsquo;un confort durable gr\u00e2ce \u00e0 notre rembourrage robuste. Confortable et r\u00e9sistant, il s&rsquo;adapte \u00e0 la forme du corps de l&rsquo;utilisateur, garantissant que chaque s\u00e9ance d&rsquo;entra\u00eenement est non seulement rentable mais aussi confortable. Les propri\u00e9taires de salles de sport peuvent offrir \u00e0 leurs clients une exp\u00e9rience d&rsquo;entra\u00eenement confortable qui les incite \u00e0 revenir.<\/p>\n<\/div>\n<\/div>\n<\/section>\n","protected":false},"excerpt":{"rendered":"<p>Am\u00e9liorez vos s\u00e9ances d&rsquo;entra\u00eenement avec l&rsquo;appareil d&rsquo;extension abdominale et dorsale Evolve Econ Series Dual Function Selectorized Abdominal \/ Back Extension. Conception ergonomique, r\u00e9glage facile de la r\u00e9sistance et esth\u00e9tique \u00e9l\u00e9gante. Cette machine compacte offre une grande stabilit\u00e9, des couleurs personnalisables et un stockage int\u00e9gr\u00e9. Parfait pour un usage domestique ou commercial.<\/p>\n","protected":false},"featured_media":35043,"template":"","meta":{"_acf_changed":false,"inline_featured_image":false},"product_cat":[413,1110,1113],"product_tag":[],"class_list":{"0":"post-35261","1":"product","2":"type-product","3":"status-publish","4":"has-post-thumbnail","6":"product_cat-page-daccueil","7":"product_cat-machines-selectionnees","8":"product_cat-machines-selectorized-econ-series","10":"first","11":"outofstock","12":"shipping-taxable","13":"purchasable","14":"product-type-simple"},"acf":[],"_links":{"self":[{"href":"https:\/\/store.evolve-fitness.eu\/fr\/wp-json\/wp\/v2\/product\/35261","targetHints":{"allow":["GET"]}}],"collection":[{"href":"https:\/\/store.evolve-fitness.eu\/fr\/wp-json\/wp\/v2\/product"}],"about":[{"href":"https:\/\/store.evolve-fitness.eu\/fr\/wp-json\/wp\/v2\/types\/product"}],"wp:featuredmedia":[{"embeddable":true,"href":"https:\/\/store.evolve-fitness.eu\/fr\/wp-json\/wp\/v2\/media\/35043"}],"wp:attachment":[{"href":"https:\/\/store.evolve-fitness.eu\/fr\/wp-json\/wp\/v2\/media?parent=35261"}],"wp:term":[{"taxonomy":"product_cat","embeddable":true,"href":"https:\/\/store.evolve-fitness.eu\/fr\/wp-json\/wp\/v2\/product_cat?post=35261"},{"taxonomy":"product_tag","embeddable":true,"href":"https:\/\/store.evolve-fitness.eu\/fr\/wp-json\/wp\/v2\/product_tag?post=35261"}],"curies":[{"name":"wp","href":"https:\/\/api.w.org\/{rel}","templated":true}]}}