{"id":34142,"date":"2024-01-03T14:50:41","date_gmt":"2024-01-03T14:50:41","guid":{"rendered":"https:\/\/store.evolve-fitness.eu\/product\/velo-couche-commercial-evolve-ultra-series\/"},"modified":"2026-03-04T11:59:57","modified_gmt":"2026-03-04T11:59:57","slug":"velo-couche-commercial-evolve-ultra-series","status":"publish","type":"product","link":"https:\/\/store.evolve-fitness.eu\/fr\/produit\/velo-couche-commercial-evolve-ultra-series\/","title":{"rendered":"V\u00e9lo couch\u00e9 commercial Evolve Ultra Series"},"content":{"rendered":"\n<section class=\"wp-block-group alignfull black-content has-white-color has-darkgray-background-color has-text-color has-background is-layout-constrained wp-block-group-is-layout-constrained\" style=\"padding-top:var(--wp--preset--spacing--section-bottom);padding-bottom:var(--wp--preset--spacing--section-bottom)\">\n<section class=\"wp-block-group alignfull black-content has-white-color has-darkgray-background-color has-text-color has-background is-layout-constrained wp-block-group-is-layout-constrained\" style=\"padding-top:var(--wp--preset--spacing--section-bottom);padding-bottom:var(--wp--preset--spacing--section-bottom)\">\n<div class=\"wp-block-columns alignwide is-layout-flex wp-container-core-columns-is-layout-c45ee707 wp-block-columns-is-layout-flex\" style=\"margin-bottom:var(--wp--preset--spacing--side-padding);padding-top:var(--wp--preset--spacing--side-padding)\">\n<div class=\"wp-block-column is-vertically-aligned-center is-layout-flow wp-block-column-is-layout-flow\">\n<h3 class=\"wp-block-heading\" style=\"margin-bottom:var(--wp--preset--spacing--h-3-bottom)\"><strong>Family Look Aesthetic  <\/strong><\/h3>\n\n\n\n<p><strong><em><strong><strong><strong>Performance des \u00e9quipements cardio commerciaux<\/strong><\/strong><\/strong><\/em><\/strong><\/p>\n\n\n\n<p>La s\u00e9rie Ultra d&rsquo;Evolve incarne un style familial distinct adapt\u00e9 \u00e0 l&rsquo;environnement dynamique des salles de sport commerciales complexes. Avec ses lignes \u00e9pur\u00e9es, son design moderne et ses finitions haut de gamme, chaque pi\u00e8ce de la s\u00e9rie Ultra s&rsquo;int\u00e8gre parfaitement pour cr\u00e9er une esth\u00e9tique coh\u00e9rente dans l&rsquo;ensemble du centre de remise en forme. Qu&rsquo;il s&rsquo;agisse de tapis de course, d&rsquo;elliptiques ou de v\u00e9los d&rsquo;appartement, chaque machine respire la sophistication et la fonctionnalit\u00e9, am\u00e9liorant ainsi l&rsquo;ambiance de la salle de sport. Des \u00e9crans LED lumineux aux poign\u00e9es ergonomiques, en passant par les fonctions r\u00e9glables pour tous les amateurs de gymnastique.<\/p>\n<\/div>\n\n\n\n<div class=\"wp-block-column is-vertically-aligned-center is-layout-flow wp-block-column-is-layout-flow\">\n<figure class=\"wp-block-video\"><video autoplay=\"\" controls=\"\" loop=\"\" muted=\"\" src=\"https:\/\/evolve-fitness.eu\/wp-content\/uploads\/2024\/04\/Evolve-Ultra-Series-Family-Look.mp4\"><\/video><\/figure>\n<\/div>\n<\/div>\n\n\n\n<div class=\"wp-block-columns alignwide mobile-reverse is-layout-flex wp-container-core-columns-is-layout-ca64bf2d wp-block-columns-is-layout-flex\" style=\"margin-bottom:var(--wp--preset--spacing--side-padding)\">\n<div class=\"wp-block-column is-vertically-aligned-center is-layout-flow wp-block-column-is-layout-flow\">\n<figure class=\"wp-block-video\"><video height=\"2160\" style=\"aspect-ratio: 2160 \/ 2160;\" width=\"2160\" autoplay=\"\" controls=\"\" loop=\"\" muted=\"\" src=\"https:\/\/evolve-fitness.eu\/wp-content\/uploads\/2024\/04\/Final-Recumbent-bike-Web-HD.mp4\"><\/video><\/figure>\n<\/div>\n\n\n\n<div class=\"wp-block-column is-vertically-aligned-center is-layout-flow wp-block-column-is-layout-flow\">\n<h3 class=\"wp-block-heading\" style=\"margin-bottom:var(--wp--preset--spacing--h-3-bottom)\"><strong><strong><strong>Pr\u00e9sentation de la s\u00e9rie Evolve Ultra <\/strong><\/strong><\/strong>cardio<\/h3>\n\n\n\n<p><strong><em>Style et stabilit\u00e9  <\/em><\/strong><\/p>\n\n\n\n<p>Voici le v\u00e9lo couch\u00e9 Evolve Ultra Series UL-156 Commercial, votre ticket pour une exp\u00e9rience cardio in\u00e9gal\u00e9e. Con\u00e7u avec pr\u00e9cision et sophistication, cet \u00e9quipement de fitness red\u00e9finit votre routine d&rsquo;entra\u00eenement. Son cadre Sandy Black apporte non seulement une touche d&rsquo;\u00e9l\u00e9gance \u00e0 votre salle de sport, mais il t\u00e9moigne \u00e9galement de sa qualit\u00e9 sup\u00e9rieure et de son savoir-faire.<\/p>\n\n\n\n<p><em>Veuillez activer le son dans les commandes du lecteur pour une exp\u00e9rience compl\u00e8te.<\/em><\/p>\n<\/div>\n<\/div>\n\n\n\n<div class=\"wp-block-columns alignwide mobile-reverse is-layout-flex wp-container-core-columns-is-layout-ca64bf2d wp-block-columns-is-layout-flex\" style=\"margin-bottom:var(--wp--preset--spacing--side-padding)\">\n<div class=\"wp-block-column is-vertically-aligned-center is-layout-flow wp-block-column-is-layout-flow\">\n<h3 class=\"wp-block-heading\" style=\"margin-bottom:var(--wp--preset--spacing--h-3-bottom)\"><strong>V\u00e9lo couch\u00e9 Evolve Ultra Series<\/strong><\/h3>\n\n\n\n<p><strong><em><strong><strong><strong><strong><strong>L&rsquo;exp\u00e9rience ultime de l&rsquo;entra\u00eenement<\/strong><\/strong><\/strong><\/strong><\/strong><\/em><\/strong><\/p>\n\n\n\n<p>Le v\u00e9lo couch\u00e9 Evolve Ultra Series UL-156 Commercial offre confort et performance, transformant votre routine d&rsquo;entra\u00eenement. Lorsque vous vous installez dans son si\u00e8ge ergonomique, chaque coup de p\u00e9dale se fait sans effort et en douceur. La selle et le guidon r\u00e9glables permettent un ajustement personnalis\u00e9, adapt\u00e9 aux utilisateurs de toutes tailles et de toutes morphologies. Gr\u00e2ce \u00e0 des commandes intuitives et \u00e0 une interface conviviale, il est facile de naviguer parmi les diff\u00e9rents programmes d&rsquo;entra\u00eenement et niveaux de r\u00e9sistance.<\/p>\n<\/div>\n\n\n\n<div class=\"wp-block-column is-vertically-aligned-center is-layout-flow wp-block-column-is-layout-flow\">\n<figure class=\"wp-block-video\"><video autoplay=\"\" controls=\"\" loop=\"\" muted=\"\" src=\"https:\/\/evolve-fitness.eu\/wp-content\/uploads\/2024\/04\/Evolve-Ultra-Series-Commercial-Recumbent-bike.mp4\"><\/video><\/figure>\n<\/div>\n<\/div>\n\n\n\n<div class=\"wp-block-columns alignwide mobile-reverse is-layout-flex wp-container-core-columns-is-layout-ca64bf2d wp-block-columns-is-layout-flex\" style=\"margin-bottom:var(--wp--preset--spacing--side-padding)\">\n<div class=\"wp-block-column is-vertically-aligned-center is-layout-flow wp-block-column-is-layout-flow\">\n<figure class=\"wp-block-image size-full is-resized\"><img decoding=\"async\" src=\"https:\/\/evolve-fitness.eu\/wp-content\/uploads\/2023\/11\/7.png\" alt=\"\" class=\"wp-image-7102\" style=\"object-fit:cover;width:680px;height:600px\"\/><\/figure>\n<\/div>\n\n\n\n<div class=\"wp-block-column is-vertically-aligned-center is-layout-flow wp-block-column-is-layout-flow\">\n<h3 class=\"wp-block-heading\" style=\"margin-bottom:var(--wp--preset--spacing--h-3-bottom)\"><strong>Performance et durabilit\u00e9<\/strong><\/h3>\n\n\n\n<p><strong><em><strong><strong><strong><strong><strong>Pour une performance optimale<\/strong><\/strong><\/strong><\/strong><\/strong><\/em><\/strong><\/p>\n\n\n\n<p>Construit pour durer, le UL-156 est dot\u00e9 d&rsquo;un rail d&rsquo;assise en aluminium, offrant la durabilit\u00e9 et la stabilit\u00e9 dont vous avez besoin pendant vos s\u00e9ances d&rsquo;entra\u00eenement. Le frein du syst\u00e8me EMS avanc\u00e9 offre un contr\u00f4le pr\u00e9cis de la r\u00e9sistance, tandis que la roue d&rsquo;inertie de 10 kg*265 mm assure un mouvement de p\u00e9dalage fluide et efficace. Compl\u00e9tant le cadre, les accessoires sont finis en noir, cr\u00e9ant ainsi un look homog\u00e8ne et \u00e9l\u00e9gant. Avec des p\u00e9dales s\u00fbres de 9\/16&Prime; et une ceinture PJ8 de 400 mm, ce v\u00e9lo peut supporter un poids maximal de 200 kg, ce qui le rend adapt\u00e9 \u00e0 un large \u00e9ventail de niveaux de condition physique.<\/p>\n<\/div>\n<\/div>\n\n\n\n<div class=\"wp-block-columns alignwide is-layout-flex wp-container-core-columns-is-layout-c45ee707 wp-block-columns-is-layout-flex\" style=\"margin-bottom:var(--wp--preset--spacing--side-padding);padding-top:var(--wp--preset--spacing--side-padding)\">\n<div class=\"wp-block-column is-vertically-aligned-center is-layout-flow wp-block-column-is-layout-flow\">\n<h3 class=\"wp-block-heading\" style=\"margin-bottom:var(--wp--preset--spacing--h-3-bottom)\"><strong>Une technologie de pointe  <\/strong><\/h3>\n\n\n\n<p><strong><em><strong><strong><strong>Console TFT<\/strong><\/strong><\/strong><\/em><\/strong><\/p>\n\n\n\n<p>Le point fort de l&rsquo;UL-156 est sa console TFT de 15,6 pouces \u00e0 la pointe de la technologie. Cet \u00e9cran haute d\u00e9finition affiche non seulement les donn\u00e9es essentielles de l&rsquo;entra\u00eenement, mais offre \u00e9galement des fonctions de divertissement et de connectivit\u00e9. Connectez-vous en toute transparence aux applications de fitness les plus populaires, telles que Kinomap et Zwift, via Bluetooth, pour une exp\u00e9rience d&rsquo;entra\u00eenement immersive. De plus, les applications int\u00e9gr\u00e9es, notamment Google Chrome, Facebook, Netflix, Amazon Video, Amazon Shopping, Spotify, YouTube, Twitter et Instagram, vous permettent de vous divertir tout au long de votre s\u00e9ance d&rsquo;entra\u00eenement.<\/p>\n<\/div>\n\n\n\n<div class=\"wp-block-column is-vertically-aligned-center is-layout-flow wp-block-column-is-layout-flow\">\n<figure class=\"wp-block-video\"><video height=\"600\" style=\"aspect-ratio: 680 \/ 600;\" width=\"680\" autoplay=\"\" controls=\"\" loop=\"\" muted=\"\" src=\"https:\/\/evolve-fitness.eu\/wp-content\/uploads\/2023\/11\/Evolve-Ultra-cardio-console-full.mp4\"><\/video><\/figure>\n<\/div>\n<\/div>\n\n\n\n<div class=\"wp-block-columns alignwide is-layout-flex wp-container-core-columns-is-layout-c45ee707 wp-block-columns-is-layout-flex\" style=\"margin-bottom:var(--wp--preset--spacing--side-padding);padding-top:var(--wp--preset--spacing--side-padding)\">\n<div class=\"wp-block-column is-vertically-aligned-center is-layout-flow wp-block-column-is-layout-flow\">\n<figure class=\"wp-block-video\"><video height=\"1536\" style=\"aspect-ratio: 2048 \/ 1536;\" width=\"2048\" autoplay=\"\" controls=\"\" loop=\"\" muted=\"\" src=\"https:\/\/evolve-fitness.eu\/wp-content\/uploads\/2023\/11\/EV-RB-UL-156-Evolve-Ultra-Series-Recumbent-Bike-With-3D.mp4\"><\/video><\/figure>\n<\/div>\n\n\n\n<div class=\"wp-block-column is-vertically-aligned-center is-layout-flow wp-block-column-is-layout-flow\">\n<h3 class=\"wp-block-heading\" style=\"margin-bottom:var(--wp--preset--spacing--h-3-bottom)\"><strong><strong><strong>Conception conviviale  <\/strong><\/strong><\/strong><\/h3>\n\n\n\n<p><strong><em>Et efficace en termes d&rsquo;espace<\/em><\/strong><\/p>\n\n\n\n<p>Avec des dimensions de 1725 x 75 x 122 mm et un poids net\/brut de 75\/83 kg, le UL-156 offre une plate-forme stable pour vos exercices sans prendre trop de place. Il comprend m\u00eame un porte-bouteille pratique qui vous permet de rester hydrat\u00e9 tout au long de votre s\u00e9ance.<\/p>\n<\/div>\n<\/div>\n\n\n\n<div class=\"wp-block-columns alignwide are-vertically-aligned-center mobile-reverse is-layout-flex wp-container-core-columns-is-layout-e8158c2f wp-block-columns-is-layout-flex\" style=\"padding-top:var(--wp--preset--spacing--side-padding)\">\n<div class=\"wp-block-column is-vertically-aligned-center is-layout-flow wp-block-column-is-layout-flow\">\n<h3 class=\"wp-block-heading\" style=\"margin-bottom:var(--wp--preset--spacing--h-3-bottom)\"><strong><strong><strong>Divertissement et connectivit\u00e9<\/strong><\/strong><\/strong><\/h3>\n\n\n\n<p><strong><em><strong><strong>Ultra performance<\/strong><\/strong><\/em><\/strong><\/p>\n\n\n\n<p>Le UL-156 est \u00e9galement \u00e9quip\u00e9 d&rsquo;un capteur d&rsquo;impulsion de poign\u00e9e. Il comprend des haut-parleurs int\u00e9gr\u00e9s et un port de charge USB, ce qui vous permet d&rsquo;\u00e9couter votre musique pr\u00e9f\u00e9r\u00e9e et de recharger vos appareils pendant vos s\u00e9ances d&rsquo;entra\u00eenement. Avec le v\u00e9lo couch\u00e9 Evolve Ultra Series UL-156 Commercial, vous n&rsquo;investissez pas seulement dans un \u00e9quipement de fitness, vous investissez dans une exp\u00e9rience compl\u00e8te de fitness et de divertissement qui r\u00e9volutionnera votre routine cardio. Am\u00e9liorez vos s\u00e9ances d&rsquo;entra\u00eenement avec l&rsquo;UL-156 et faites un pas de plus vers vos objectifs de remise en forme.<\/p>\n<\/div>\n\n\n\n<div class=\"wp-block-column is-vertically-aligned-center is-layout-flow wp-block-column-is-layout-flow\">\n<figure class=\"wp-block-image size-full\"><img decoding=\"async\" src=\"https:\/\/evolve-fitness.eu\/wp-content\/uploads\/2023\/11\/Dizainas-be-pavadinimo-9.png\" alt=\"\" class=\"wp-image-7106\"\/><\/figure>\n<\/div>\n<\/div>\n\n\n\n<figure class=\"wp-block-video\"><video height=\"1000\" style=\"aspect-ratio: 1000 \/ 1000;\" width=\"1000\" autoplay=\"\" loop=\"\" muted=\"\" src=\"https:\/\/evolve-fitness.eu\/wp-content\/uploads\/2023\/11\/Ultra-site-apps.mp4\"><\/video><\/figure>\n<\/section>\n<\/section>\n","protected":false},"excerpt":{"rendered":"<p>Faites l&rsquo;exp\u00e9rience de l&rsquo;entra\u00eenement cardio ultime avec le v\u00e9lo couch\u00e9 commercial Evolve Ultra Series UL-156. Son cadre Sandy Black \u00e9l\u00e9gant, son rail de selle en aluminium durable et son syst\u00e8me de freinage EMS avanc\u00e9 offrent style et performance. Avec une roue d&rsquo;inertie de 10 kg*265 mm, un poids d&rsquo;utilisateur maximal de 200 kg et des fonctions pratiques telles qu&rsquo;un support pour bouteille d&rsquo;eau, il est con\u00e7u pour tous les niveaux de condition physique. La console TFT de 15,6 pouces se connecte \u00e0 des applications telles que Kinomap et Zwift via Bluetooth et comprend des applications int\u00e9gr\u00e9es telles que Google Chrome et Netflix. Avec un capteur de pouls sur la poign\u00e9e, des haut-parleurs et un port de charge USB, restez diverti et connect\u00e9 pendant que vous vous entra\u00eenez. Red\u00e9finissez votre exp\u00e9rience cardio avec le UL-156.<\/p>\n","protected":false},"featured_media":34146,"template":"","meta":{"_acf_changed":false,"inline_featured_image":false},"product_cat":[413,407,410,1093],"product_tag":[],"class_list":{"0":"post-34142","1":"product","2":"type-product","3":"status-publish","4":"has-post-thumbnail","6":"product_cat-page-daccueil","7":"product_cat-equipement-cardio","8":"product_cat-equipement-cardio-commercial","9":"product_cat-ultra-series-cardio-fr","11":"first","12":"outofstock","13":"shipping-taxable","14":"purchasable","15":"product-type-simple"},"acf":[],"_links":{"self":[{"href":"https:\/\/store.evolve-fitness.eu\/fr\/wp-json\/wp\/v2\/product\/34142","targetHints":{"allow":["GET"]}}],"collection":[{"href":"https:\/\/store.evolve-fitness.eu\/fr\/wp-json\/wp\/v2\/product"}],"about":[{"href":"https:\/\/store.evolve-fitness.eu\/fr\/wp-json\/wp\/v2\/types\/product"}],"wp:featuredmedia":[{"embeddable":true,"href":"https:\/\/store.evolve-fitness.eu\/fr\/wp-json\/wp\/v2\/media\/34146"}],"wp:attachment":[{"href":"https:\/\/store.evolve-fitness.eu\/fr\/wp-json\/wp\/v2\/media?parent=34142"}],"wp:term":[{"taxonomy":"product_cat","embeddable":true,"href":"https:\/\/store.evolve-fitness.eu\/fr\/wp-json\/wp\/v2\/product_cat?post=34142"},{"taxonomy":"product_tag","embeddable":true,"href":"https:\/\/store.evolve-fitness.eu\/fr\/wp-json\/wp\/v2\/product_tag?post=34142"}],"curies":[{"name":"wp","href":"https:\/\/api.w.org\/{rel}","templated":true}]}}