{"id":34053,"date":"2024-01-03T09:20:35","date_gmt":"2024-01-03T09:20:35","guid":{"rendered":"https:\/\/store.evolve-fitness.eu\/product\/evolve-ultra-series-commercial-upright-bike\/"},"modified":"2026-03-31T12:00:57","modified_gmt":"2026-03-31T12:00:57","slug":"evolve-ultra-series-commercial-upright-bike","status":"publish","type":"product","link":"https:\/\/store.evolve-fitness.eu\/fr\/produit\/evolve-ultra-series-commercial-upright-bike\/","title":{"rendered":"Evolve Ultra Series Commercial Upright bike"},"content":{"rendered":"\n<p class=\"has-text-align-center has-medium-2-font-size\"><\/p>\n\n<section class=\"wp-block-group alignfull black-content has-white-color has-darkgray-background-color has-text-color has-background is-layout-constrained wp-block-group-is-layout-constrained\" style=\"padding-top:var(--wp--preset--spacing--section-bottom);padding-bottom:var(--wp--preset--spacing--section-bottom)\">\n<section class=\"wp-block-group alignfull black-content has-white-color has-darkgray-background-color has-text-color has-background is-layout-constrained wp-block-group-is-layout-constrained\" style=\"padding-top:var(--wp--preset--spacing--section-bottom);padding-bottom:var(--wp--preset--spacing--section-bottom)\">\n<div class=\"wp-block-columns alignwide is-layout-flex wp-container-core-columns-is-layout-c45ee707 wp-block-columns-is-layout-flex\" style=\"margin-bottom:var(--wp--preset--spacing--side-padding);padding-top:var(--wp--preset--spacing--side-padding)\">\n<div class=\"wp-block-column is-vertically-aligned-center is-layout-flow wp-block-column-is-layout-flow\">\n<h3 class=\"wp-block-heading\" style=\"margin-bottom:var(--wp--preset--spacing--h-3-bottom)\"><strong>Family Look Aesthetic  <\/strong><\/h3>\n\n\n\n<p><strong><em><strong><strong><strong>Performance des \u00e9quipements cardio commerciaux<\/strong><\/strong><\/strong><\/em><\/strong><\/p>\n\n\n\n<p>La s\u00e9rie Ultra d&rsquo;Evolve incarne un style familial distinct adapt\u00e9 \u00e0 l&rsquo;environnement dynamique des salles de sport commerciales complexes. Avec ses lignes \u00e9pur\u00e9es, son design moderne et ses finitions haut de gamme, chaque pi\u00e8ce de la s\u00e9rie Ultra s&rsquo;int\u00e8gre parfaitement pour cr\u00e9er une esth\u00e9tique coh\u00e9rente dans l&rsquo;ensemble du centre de remise en forme. Qu&rsquo;il s&rsquo;agisse de tapis de course, d&rsquo;elliptiques ou de v\u00e9los d&rsquo;appartement, chaque machine respire la sophistication et la fonctionnalit\u00e9, am\u00e9liorant ainsi l&rsquo;ambiance de la salle de sport. Des \u00e9crans LED lumineux aux poign\u00e9es ergonomiques, en passant par les fonctions r\u00e9glables pour tous les amateurs de gymnastique.<\/p>\n<\/div>\n\n\n\n<div class=\"wp-block-column is-vertically-aligned-center is-layout-flow wp-block-column-is-layout-flow\">\n<figure class=\"wp-block-video\"><video autoplay=\"\" controls=\"\" loop=\"\" muted=\"\" src=\"https:\/\/evolve-fitness.eu\/wp-content\/uploads\/2024\/04\/Evolve-Ultra-Series-Family-Look.mp4\"><\/video><\/figure>\n<\/div>\n<\/div>\n\n\n\n<div class=\"wp-block-columns alignwide mobile-reverse is-layout-flex wp-container-core-columns-is-layout-ca64bf2d wp-block-columns-is-layout-flex\" style=\"margin-bottom:var(--wp--preset--spacing--side-padding)\">\n<div class=\"wp-block-column is-vertically-aligned-center is-layout-flow wp-block-column-is-layout-flow\">\n<figure class=\"wp-block-video\"><video autoplay=\"\" controls=\"\" loop=\"\" muted=\"\" src=\"https:\/\/evolve-fitness.eu\/wp-content\/uploads\/2024\/04\/Final-Upright-bike-Web-HD.mp4\"><\/video><\/figure>\n<\/div>\n\n\n\n<div class=\"wp-block-column is-vertically-aligned-center is-layout-flow wp-block-column-is-layout-flow\">\n<h3 class=\"wp-block-heading\" style=\"margin-bottom:var(--wp--preset--spacing--h-3-bottom)\"><strong><strong><strong>Pr\u00e9sentation de la s\u00e9rie Evolve Ultra <\/strong><\/strong><\/strong>cardio<\/h3>\n\n\n\n<p><strong><em>Style et stabilit\u00e9  <\/em><\/strong><\/p>\n\n\n\n<p>Voici le v\u00e9lo droit commercial Evolve Ultra Series UL-156, un appareil de fitness de pointe qui associe une technologie d&rsquo;avant-garde \u00e0 un design haut de gamme. Cette machine de cardio est m\u00e9ticuleusement fabriqu\u00e9e, avec un cadre \u00e9l\u00e9gant Sandy Black qui respire la sophistication et la durabilit\u00e9. Le cadre est compl\u00e9t\u00e9 par des accessoires peints en noir, cr\u00e9ant ainsi une esth\u00e9tique coh\u00e9rente et visuellement attrayante.<\/p>\n\n\n\n<p><em>Veuillez activer le son dans les commandes du lecteur pour une exp\u00e9rience compl\u00e8te.<\/em><\/p>\n<\/div>\n<\/div>\n\n\n\n<div class=\"wp-block-columns alignwide mobile-reverse is-layout-flex wp-container-core-columns-is-layout-ca64bf2d wp-block-columns-is-layout-flex\" style=\"margin-bottom:var(--wp--preset--spacing--side-padding)\">\n<div class=\"wp-block-column is-vertically-aligned-center is-layout-flow wp-block-column-is-layout-flow\">\n<h3 class=\"wp-block-heading\" style=\"margin-bottom:var(--wp--preset--spacing--h-3-bottom)\"><strong>Evolve Ultra Series Commercial Upright bike<\/strong><\/h3>\n\n\n\n<p><strong><em><strong><strong><strong><strong><strong>L&rsquo;exp\u00e9rience ultime de l&rsquo;entra\u00eenement<\/strong><\/strong><\/strong><\/strong><\/strong><\/em><\/strong><\/p>\n\n\n\n<p>Le v\u00e9lo droit commercial Evolve Ultra Series UL-156 offre un m\u00e9lange homog\u00e8ne de confort et de performance, offrant aux utilisateurs une exp\u00e9rience d&rsquo;entra\u00eenement satisfaisante. Lorsque vous montez sur le v\u00e9lo et que vous vous installez dans son si\u00e8ge ergonomique, vous remarquerez imm\u00e9diatement le design de soutien qui assure une bonne posture tout au long de votre trajet. Le mouvement doux et fluide des p\u00e9dales, associ\u00e9 \u00e0 des niveaux de r\u00e9sistance personnalisables, vous permet d&rsquo;adapter votre entra\u00eenement \u00e0 votre niveau de forme et \u00e0 vos objectifs. Gr\u00e2ce \u00e0 des commandes intuitives et \u00e0 une interface conviviale, le r\u00e9glage des param\u00e8tres et le suivi de votre progression se font sans effort, ce qui vous permet de vous concentrer uniquement sur votre entra\u00eenement. Que vous souhaitiez vous mettre au d\u00e9fi avec une s\u00e9ance de cardio intense ou simplement profiter d&rsquo;une balade tranquille, le v\u00e9lo droit commercial Evolve Ultra Series UL-156.<\/p>\n<\/div>\n\n\n\n<div class=\"wp-block-column is-vertically-aligned-center is-layout-flow wp-block-column-is-layout-flow\">\n<figure class=\"wp-block-video\"><video autoplay=\"\" controls=\"\" loop=\"\" muted=\"\" src=\"https:\/\/evolve-fitness.eu\/wp-content\/uploads\/2023\/11\/Evolve-Ultra-Series-Commercial-Upright-bike-1.mp4\"><\/video><\/figure>\n<\/div>\n<\/div>\n\n\n\n<div class=\"wp-block-columns alignwide mobile-reverse is-layout-flex wp-container-core-columns-is-layout-ca64bf2d wp-block-columns-is-layout-flex\" style=\"margin-bottom:var(--wp--preset--spacing--side-padding)\">\n<div class=\"wp-block-column is-vertically-aligned-center is-layout-flow wp-block-column-is-layout-flow\">\n<figure class=\"wp-block-image size-full is-resized\"><img decoding=\"async\" src=\"https:\/\/evolve-fitness.eu\/wp-content\/uploads\/2023\/11\/Evolve-UL-156-upright.png\" alt=\"\" class=\"wp-image-6203\" style=\"object-fit:cover;width:680px;height:600px\"\/><\/figure>\n<\/div>\n\n\n\n<div class=\"wp-block-column is-vertically-aligned-center is-layout-flow wp-block-column-is-layout-flow\">\n<h3 class=\"wp-block-heading\" style=\"margin-bottom:var(--wp--preset--spacing--h-3-bottom)\"><strong><strong>M\u00e9canique avanc\u00e9e  <\/strong><\/strong><\/h3>\n\n\n\n<p><strong><em><strong><strong><strong><strong><strong>Pour une performance optimale<\/strong><\/strong><\/strong><\/strong><\/strong><\/em><\/strong><\/p>\n\n\n\n<p>Au c\u0153ur de la s\u00e9rie Evolve Ultra se trouve un syst\u00e8me de freinage EMS avanc\u00e9, qui permet un contr\u00f4le souple et pr\u00e9cis de la r\u00e9sistance pendant l&rsquo;entra\u00eenement. La roue d&rsquo;inertie de 10 kg avec un diam\u00e8tre de 265 mm garantit une exp\u00e9rience de cyclisme stimulante mais confortable. La manivelle chrom\u00e9e en trois parties, orn\u00e9e d&rsquo;un cache d\u00e9coratif chrom\u00e9, ajoute non seulement du style mais am\u00e9liore \u00e9galement la long\u00e9vit\u00e9 du v\u00e9lo.<\/p>\n<\/div>\n<\/div>\n\n\n\n<div class=\"wp-block-columns alignwide is-layout-flex wp-container-core-columns-is-layout-c45ee707 wp-block-columns-is-layout-flex\" style=\"margin-bottom:var(--wp--preset--spacing--side-padding);padding-top:var(--wp--preset--spacing--side-padding)\">\n<div class=\"wp-block-column is-vertically-aligned-center is-layout-flow wp-block-column-is-layout-flow\">\n<h3 class=\"wp-block-heading\" style=\"margin-bottom:var(--wp--preset--spacing--h-3-bottom)\"><strong>Une technologie de pointe  <\/strong><\/h3>\n\n\n\n<p><strong><em><strong><strong>Pour une s\u00e9ance d&rsquo;entra\u00eenement stimulante<\/strong><\/strong><\/em><\/strong><\/p>\n\n\n\n<p>L&rsquo;une des caract\u00e9ristiques les plus remarquables de ce v\u00e9lo est la console TFT de 15,6 pouces, dot\u00e9e d&rsquo;un capteur de pouls sur la poign\u00e9e pour un suivi pr\u00e9cis de la fr\u00e9quence cardiaque. Cette console ne sert pas seulement \u00e0 suivre vos statistiques, c&rsquo;est aussi un centre de connectivit\u00e9. Vous pouvez vous connecter en toute transparence \u00e0 des applications de fitness populaires telles que Kinomap et Zwift via Bluetooth, afin d&rsquo;am\u00e9liorer votre exp\u00e9rience d&rsquo;entra\u00eenement. De plus, la console TFT est \u00e9quip\u00e9e d&rsquo;une s\u00e9rie d&rsquo;applications int\u00e9gr\u00e9es, dont Google Chrome, Facebook, Netflix, Amazon Video, Amazon Shopping, Spotify, YouTube, Twitter et Instagram. C&rsquo;est votre compagnon de divertissement et d&rsquo;entra\u00eenement tout-en-un.<\/p>\n<\/div>\n\n\n\n<div class=\"wp-block-column is-vertically-aligned-center is-layout-flow wp-block-column-is-layout-flow\">\n<figure class=\"wp-block-video\"><video height=\"600\" style=\"aspect-ratio: 680 \/ 600;\" width=\"680\" autoplay=\"\" controls=\"\" loop=\"\" muted=\"\" src=\"https:\/\/evolve-fitness.eu\/wp-content\/uploads\/2023\/11\/Evolve-Ultra-cardio-console-full.mp4\"><\/video><\/figure>\n<\/div>\n<\/div>\n\n\n\n<div class=\"wp-block-columns alignwide is-layout-flex wp-container-core-columns-is-layout-c45ee707 wp-block-columns-is-layout-flex\" style=\"margin-bottom:var(--wp--preset--spacing--side-padding);padding-top:var(--wp--preset--spacing--side-padding)\">\n<div class=\"wp-block-column is-vertically-aligned-center is-layout-flow wp-block-column-is-layout-flow\">\n<figure class=\"wp-block-video\"><video height=\"451\" style=\"aspect-ratio: 1185 \/ 451;\" width=\"1185\" autoplay=\"\" controls=\"\" loop=\"\" muted=\"\" src=\"https:\/\/evolve-fitness.eu\/wp-content\/uploads\/2024\/01\/EV-UB-UL-156-Evolve-Ultra-Series-Upright-Bike-With-3D.mp4\"><\/video><\/figure>\n<\/div>\n\n\n\n<div class=\"wp-block-column is-vertically-aligned-center is-layout-flow wp-block-column-is-layout-flow\">\n<h3 class=\"wp-block-heading\" style=\"margin-bottom:var(--wp--preset--spacing--h-3-bottom)\"><strong><strong><strong>Conception conviviale  <\/strong><\/strong><\/strong><\/h3>\n\n\n\n<p><strong><em><strong><strong><strong><strong><strong>Pour plus de commodit\u00e9<\/strong><\/strong><\/strong><\/strong><\/strong><\/em><\/strong><\/p>\n\n\n\n<p>Pour ceux qui pr\u00e9f\u00e8rent un cardiofr\u00e9quencem\u00e8tre traditionnel, l&rsquo;Evolve Ultra Series UL-156 est \u00e9quip\u00e9 d&rsquo;un r\u00e9cepteur normal int\u00e9gr\u00e9, ce qui \u00e9limine le besoin d&rsquo;une ceinture thoracique. En outre, le v\u00e9lo est \u00e9quip\u00e9 de haut-parleurs int\u00e9gr\u00e9s et d&rsquo;un port de charge USB, ce qui vous permet d&rsquo;\u00e9couter votre musique pr\u00e9f\u00e9r\u00e9e ou vos podcasts tout en chargeant vos appareils, ce qui en fait l&rsquo;appareil de cardio ultime pour l&rsquo;amateur de fitness moderne.<\/p>\n<\/div>\n<\/div>\n\n\n\n<div class=\"wp-block-columns alignwide are-vertically-aligned-center mobile-reverse is-layout-flex wp-container-core-columns-is-layout-e8158c2f wp-block-columns-is-layout-flex\" style=\"padding-top:var(--wp--preset--spacing--side-padding)\">\n<div class=\"wp-block-column is-vertically-aligned-center is-layout-flow wp-block-column-is-layout-flow\">\n<h3 class=\"wp-block-heading\" style=\"margin-bottom:var(--wp--preset--spacing--h-3-bottom)\"><strong><strong>Esth\u00e9tique \u00e9pur\u00e9e et contemporaine<\/strong><\/strong><\/h3>\n\n\n\n<p><strong><em><strong><strong>Ultra performance<\/strong><\/strong><\/em><\/strong><\/p>\n\n\n\n<p>La s\u00e9rie Evolve Ultra UL-156 est con\u00e7ue pour la commodit\u00e9 et la polyvalence. Son rail d&rsquo;assise en aluminium est r\u00e9glable pour s&rsquo;adapter aux utilisateurs de diff\u00e9rentes tailles, tandis que la courroie PJ8 de 440 mm garantit un fonctionnement souple et silencieux. Avec des dimensions de 1220x610x1540mm, ce v\u00e9lo s&rsquo;int\u00e8gre parfaitement dans tout espace de fitness. De plus, il comprend un porte-bouteille pour faciliter l&rsquo;hydratation pendant les s\u00e9ances d&rsquo;entra\u00eenement.<\/p>\n<\/div>\n\n\n\n<div class=\"wp-block-column is-vertically-aligned-center is-layout-flow wp-block-column-is-layout-flow\">\n<figure class=\"wp-block-image size-large is-resized\"><img decoding=\"async\" src=\"https:\/\/evolve-fitness.eu\/wp-content\/uploads\/2023\/11\/4-1-1024x576.png\" alt=\"\" class=\"wp-image-6322\" style=\"object-fit:cover;width:680px;height:600px\"\/><\/figure>\n<\/div>\n<\/div>\n\n\n\n<p class=\"has-text-align-center has-medium-2-font-size\">D\u00e9couvrez l&rsquo;avenir du cardio fitness avec le v\u00e9lo droit commercial Evolve Ultra Series UL-156, o\u00f9 le style, la technologie et la performance convergent pour \u00e9lever votre routine d&rsquo;entra\u00eenement.<\/p>\n\n\n\n<figure class=\"wp-block-video\"><video height=\"1000\" style=\"aspect-ratio: 1000 \/ 1000;\" width=\"1000\" autoplay=\"\" loop=\"\" muted=\"\" src=\"https:\/\/evolve-fitness.eu\/wp-content\/uploads\/2023\/11\/Ultra-site-apps.mp4\"><\/video><\/figure>\n<\/section>\n<\/section>\n","protected":false},"excerpt":{"rendered":"<p>Voici le v\u00e9lo droit commercial Evolve Ultra Series UL-156, un appareil de fitness haut de gamme qui allie un design \u00e9l\u00e9gant \u00e0 une technologie avanc\u00e9e. Son cadre Sandy Black et ses accessoires peints en noir offrent \u00e0 la fois durabilit\u00e9 et esth\u00e9tique. Avec des caract\u00e9ristiques telles qu&rsquo;un syst\u00e8me de freinage EMS, une roue d&rsquo;inertie de 10 kg et une manivelle chrom\u00e9e en trois parties, ce v\u00e9lo est con\u00e7u pour une exp\u00e9rience d&rsquo;entra\u00eenement douce et stimulante. La console TFT de 15,6 pouces, \u00e9quip\u00e9e de capteurs de pouls au niveau des poign\u00e9es, permet non seulement de suivre vos statistiques, mais aussi de vous connecter aux applications de fitness les plus courantes et de vous proposer des applications de divertissement int\u00e9gr\u00e9es. Avec un r\u00e9cepteur de fr\u00e9quence cardiaque int\u00e9gr\u00e9, des haut-parleurs et un port de charge USB, l&rsquo;Evolve Ultra Series UL-156 red\u00e9finit le cardio-training pour l&rsquo;amateur moderne, ce qui en fait un choix exceptionnel pour vos besoins d&rsquo;entra\u00eenement.<\/p>\n","protected":false},"featured_media":34069,"template":"","meta":{"_acf_changed":false,"inline_featured_image":false},"product_cat":[413,407,410,1093],"product_tag":[],"class_list":{"0":"post-34053","1":"product","2":"type-product","3":"status-publish","4":"has-post-thumbnail","6":"product_cat-page-daccueil","7":"product_cat-equipement-cardio","8":"product_cat-equipement-cardio-commercial","9":"product_cat-ultra-series-cardio-fr","11":"first","12":"instock","13":"shipping-taxable","14":"purchasable","15":"product-type-simple"},"acf":[],"_links":{"self":[{"href":"https:\/\/store.evolve-fitness.eu\/fr\/wp-json\/wp\/v2\/product\/34053","targetHints":{"allow":["GET"]}}],"collection":[{"href":"https:\/\/store.evolve-fitness.eu\/fr\/wp-json\/wp\/v2\/product"}],"about":[{"href":"https:\/\/store.evolve-fitness.eu\/fr\/wp-json\/wp\/v2\/types\/product"}],"wp:featuredmedia":[{"embeddable":true,"href":"https:\/\/store.evolve-fitness.eu\/fr\/wp-json\/wp\/v2\/media\/34069"}],"wp:attachment":[{"href":"https:\/\/store.evolve-fitness.eu\/fr\/wp-json\/wp\/v2\/media?parent=34053"}],"wp:term":[{"taxonomy":"product_cat","embeddable":true,"href":"https:\/\/store.evolve-fitness.eu\/fr\/wp-json\/wp\/v2\/product_cat?post=34053"},{"taxonomy":"product_tag","embeddable":true,"href":"https:\/\/store.evolve-fitness.eu\/fr\/wp-json\/wp\/v2\/product_tag?post=34053"}],"curies":[{"name":"wp","href":"https:\/\/api.w.org\/{rel}","templated":true}]}}