{"id":33989,"date":"2024-01-03T08:57:44","date_gmt":"2024-01-03T08:57:44","guid":{"rendered":"https:\/\/store.evolve-fitness.eu\/product\/trainer-elliptique-commercial-evolve-ultra-series\/"},"modified":"2026-03-31T12:00:54","modified_gmt":"2026-03-31T12:00:54","slug":"trainer-elliptique-commercial-evolve-ultra-series","status":"publish","type":"product","link":"https:\/\/store.evolve-fitness.eu\/fr\/produit\/trainer-elliptique-commercial-evolve-ultra-series\/","title":{"rendered":"trainer elliptique commercial Evolve Ultra Series"},"content":{"rendered":"\n<section class=\"wp-block-group alignfull black-content has-white-color has-darkgray-background-color has-text-color has-background is-layout-constrained wp-block-group-is-layout-constrained\" style=\"padding-top:var(--wp--preset--spacing--section-bottom);padding-bottom:var(--wp--preset--spacing--section-bottom)\">\n<section class=\"wp-block-group alignfull black-content has-white-color has-darkgray-background-color has-text-color has-background is-layout-constrained wp-block-group-is-layout-constrained\" style=\"padding-top:var(--wp--preset--spacing--section-bottom);padding-bottom:var(--wp--preset--spacing--section-bottom)\">\n<div class=\"wp-block-columns alignwide is-layout-flex wp-container-core-columns-is-layout-c45ee707 wp-block-columns-is-layout-flex\" style=\"margin-bottom:var(--wp--preset--spacing--side-padding);padding-top:var(--wp--preset--spacing--side-padding)\">\n<div class=\"wp-block-column is-vertically-aligned-center is-layout-flow wp-block-column-is-layout-flow\">\n<h3 class=\"wp-block-heading\" style=\"margin-bottom:var(--wp--preset--spacing--h-3-bottom)\"><strong>Family Look Aesthetic  <\/strong><\/h3>\n\n\n\n<p><strong><em><strong><strong><strong>Performance des \u00e9quipements cardio commerciaux<\/strong><\/strong><\/strong><\/em><\/strong><\/p>\n\n\n\n<p>La s\u00e9rie Ultra d&rsquo;Evolve incarne un style familial distinct adapt\u00e9 \u00e0 l&rsquo;environnement dynamique des salles de sport commerciales complexes. Avec ses lignes \u00e9pur\u00e9es, son design moderne et ses finitions haut de gamme, chaque pi\u00e8ce de la s\u00e9rie Ultra s&rsquo;int\u00e8gre parfaitement pour cr\u00e9er une esth\u00e9tique coh\u00e9rente dans l&rsquo;ensemble du centre de remise en forme. Qu&rsquo;il s&rsquo;agisse de tapis de course, d&rsquo;elliptiques ou de v\u00e9los d&rsquo;appartement, chaque machine respire la sophistication et la fonctionnalit\u00e9, am\u00e9liorant ainsi l&rsquo;ambiance de la salle de sport. Des \u00e9crans LED lumineux aux poign\u00e9es ergonomiques, en passant par les fonctions r\u00e9glables pour tous les amateurs de gymnastique.<\/p>\n<\/div>\n\n\n\n<div class=\"wp-block-column is-vertically-aligned-center is-layout-flow wp-block-column-is-layout-flow\">\n<figure class=\"wp-block-video\"><video autoplay=\"\" controls=\"\" loop=\"\" muted=\"\" src=\"https:\/\/evolve-fitness.eu\/wp-content\/uploads\/2024\/04\/Evolve-Ultra-Series-Family-Look.mp4\"><\/video><\/figure>\n<\/div>\n<\/div>\n\n\n\n<div class=\"wp-block-columns alignwide mobile-reverse is-layout-flex wp-container-core-columns-is-layout-ca64bf2d wp-block-columns-is-layout-flex\" style=\"margin-bottom:var(--wp--preset--spacing--side-padding)\">\n<div class=\"wp-block-column is-vertically-aligned-center is-layout-flow wp-block-column-is-layout-flow\">\n<figure class=\"wp-block-video\"><video autoplay=\"\" controls=\"\" loop=\"\" muted=\"\" src=\"https:\/\/evolve-fitness.eu\/wp-content\/uploads\/2024\/04\/Final-Elliptical-trainer-Web-HD.mp4\"><\/video><\/figure>\n<\/div>\n\n\n\n<div class=\"wp-block-column is-vertically-aligned-center is-layout-flow wp-block-column-is-layout-flow\">\n<h3 class=\"wp-block-heading\" style=\"margin-bottom:var(--wp--preset--spacing--h-3-bottom)\"><strong><strong><strong>Pr\u00e9sentation de la s\u00e9rie Evolve Ultra <\/strong><\/strong><\/strong>cardio<\/h3>\n\n\n\n<p><strong><em>Style et stabilit\u00e9  <\/em><\/strong><\/p>\n\n\n\n<p>D\u00e9couvrez l&rsquo;Evolve Ultra Series UL-156, un v\u00e9lo d&rsquo;entra\u00eenement elliptique de qualit\u00e9 commerciale qui allie un design \u00e9l\u00e9gant \u00e0 une durabilit\u00e9 robuste. Con\u00e7u pour r\u00e9pondre aux besoins des passionn\u00e9s de fitness, ce v\u00e9lo d&rsquo;entra\u00eenement elliptique est dot\u00e9 d&rsquo;un cadre Sandy Black et peut accueillir des utilisateurs jusqu&rsquo;\u00e0 200 kg, offrant \u00e0 la fois style et stabilit\u00e9 dans n&rsquo;importe quel environnement de fitness.<\/p>\n\n\n\n<p><em>Veuillez activer le son dans les commandes du lecteur pour une exp\u00e9rience compl\u00e8te.<\/em><\/p>\n<\/div>\n<\/div>\n\n\n\n<div class=\"wp-block-columns alignwide mobile-reverse is-layout-flex wp-container-core-columns-is-layout-ca64bf2d wp-block-columns-is-layout-flex\" style=\"margin-bottom:var(--wp--preset--spacing--side-padding)\">\n<div class=\"wp-block-column is-vertically-aligned-center is-layout-flow wp-block-column-is-layout-flow\">\n<h3 class=\"wp-block-heading\" style=\"margin-bottom:var(--wp--preset--spacing--h-3-bottom)\"><strong>Exerciseur elliptique commercial Evolve Ultra Series<\/strong><\/h3>\n\n\n\n<p><strong><em><strong><strong><strong><strong><strong>L&rsquo;exp\u00e9rience ultime de l&rsquo;entra\u00eenement<\/strong><\/strong><\/strong><\/strong><\/strong><\/em><\/strong><\/p>\n\n\n\n<p>L&rsquo;exerciseur elliptique commercial Evolve Ultra Series offre une sensation de fluidit\u00e9 et d&rsquo;autonomie \u00e0 chaque foul\u00e9e. Les p\u00e9dales spacieuses et les poign\u00e9es ergonomiques donnent une sensation de stabilit\u00e9 et de contr\u00f4le. Le mouvement elliptique en douceur offre un entra\u00eenement \u00e0 faible impact mais tr\u00e8s efficace, vous permettant de solliciter plusieurs groupes musculaires avec facilit\u00e9. Avec des niveaux de r\u00e9sistance personnalisables et des options d&rsquo;entra\u00eenement pr\u00e9programm\u00e9es, vous avez la possibilit\u00e9 d&rsquo;adapter votre programme d&rsquo;exercices \u00e0 vos objectifs et pr\u00e9f\u00e9rences sp\u00e9cifiques. La console intuitive vous informe de vos progr\u00e8s et vous motive \u00e0 repousser vos limites et \u00e0 atteindre vos objectifs de remise en forme. Que vous souhaitiez am\u00e9liorer votre endurance cardiovasculaire, tonifier vos muscles ou simplement profiter d&rsquo;une s\u00e9ance d&rsquo;entra\u00eenement satisfaisante, l&rsquo;exerciseur elliptique commercial Evolve Ultra Series vous offre un sentiment d&rsquo;accomplissement et d&rsquo;exaltation \u00e0 chaque foul\u00e9e.<\/p>\n<\/div>\n\n\n\n<div class=\"wp-block-column is-vertically-aligned-center is-layout-flow wp-block-column-is-layout-flow\">\n<figure class=\"wp-block-video\"><video autoplay=\"\" controls=\"\" loop=\"\" muted=\"\" src=\"https:\/\/evolve-fitness.eu\/wp-content\/uploads\/2024\/04\/Evolve-Ultra-Series-Commercial-Elliptical-trainer.mp4\"><\/video><\/figure>\n<\/div>\n<\/div>\n\n\n\n<div class=\"wp-block-columns alignwide mobile-reverse is-layout-flex wp-container-core-columns-is-layout-ca64bf2d wp-block-columns-is-layout-flex\" style=\"margin-bottom:var(--wp--preset--spacing--side-padding)\">\n<div class=\"wp-block-column is-vertically-aligned-center is-layout-flow wp-block-column-is-layout-flow\">\n<figure class=\"wp-block-video\"><video height=\"2560\" style=\"aspect-ratio: 1920 \/ 2560;\" width=\"1920\" autoplay=\"\" controls=\"\" loop=\"\" muted=\"\" src=\"https:\/\/evolve-fitness.eu\/wp-content\/uploads\/2023\/11\/EV-ET-UL-156-Short.mp4\"><\/video><\/figure>\n<\/div>\n\n\n\n<div class=\"wp-block-column is-vertically-aligned-center is-layout-flow wp-block-column-is-layout-flow\">\n<h3 class=\"wp-block-heading\">Bienvenue dans la s\u00e9rie Ultra<\/h3>\n\n\n\n<p><strong><em>Faites connaissance avec nos \u00e9quipements de la s\u00e9rie Ultra gr\u00e2ce \u00e0 une visite 3D \u00e0 360\u00b0 \u00e0 la pointe de la technologie<\/em><\/strong><\/p>\n\n\n\n<p>L&rsquo;\u00e9quipement cardio commercial Evolve Ultra Series, qui fait partie de la s\u00e9rie Evolve Ultra, est con\u00e7u pour le confort et la performance. Le design est esth\u00e9tique, avec une finition durable par rev\u00eatement en poudre, et l&rsquo;utilisation de c\u00e2bles de haute qualit\u00e9 garantit un fonctionnement sans heurts.<\/p>\n<\/div>\n<\/div>\n\n\n\n<div class=\"wp-block-columns alignwide mobile-reverse is-layout-flex wp-container-core-columns-is-layout-ca64bf2d wp-block-columns-is-layout-flex\" style=\"margin-bottom:var(--wp--preset--spacing--side-padding)\">\n<div class=\"wp-block-column is-vertically-aligned-center is-layout-flow wp-block-column-is-layout-flow\">\n<h3 class=\"wp-block-heading\" style=\"margin-bottom:var(--wp--preset--spacing--h-3-bottom)\"><strong><strong>M\u00e9canique avanc\u00e9e  <\/strong><\/strong><\/h3>\n\n\n\n<p><strong><em><strong><strong><strong><strong><strong>Pour une performance optimale<\/strong><\/strong><\/strong><\/strong><\/strong><\/em><\/strong><\/p>\n\n\n\n<p>Le UL-156 est con\u00e7u pour une exp\u00e9rience d&rsquo;entra\u00eenement fluide et efficace. Il est \u00e9quip\u00e9 d&rsquo;un syst\u00e8me de freinage EMS et d&rsquo;une roue d&rsquo;inertie de 10 kg*265 mm avec roulement SFK, garantissant une exp\u00e9rience de p\u00e9dalage coh\u00e9rente. Le fonctionnement silencieux de la courroie PJ8 de 530 mm, associ\u00e9 \u00e0 un rapport de transmission de 1\/11,6, permet un entra\u00eenement \u00e0 la fois stimulant et agr\u00e9able pour les utilisateurs de tous niveaux.<\/p>\n<\/div>\n\n\n\n<div class=\"wp-block-column is-vertically-aligned-center is-layout-flow wp-block-column-is-layout-flow\">\n<figure class=\"wp-block-image size-full is-resized is-style-rounded\"><img decoding=\"async\" src=\"https:\/\/evolve-fitness.eu\/wp-content\/uploads\/2023\/11\/Evolve-UL-156-eliptical.png\" alt=\"\" class=\"wp-image-6019\" style=\"object-fit:cover;width:680px;height:600px\"\/><\/figure>\n<\/div>\n<\/div>\n\n\n\n<div class=\"wp-block-columns alignwide is-layout-flex wp-container-core-columns-is-layout-c45ee707 wp-block-columns-is-layout-flex\" style=\"margin-bottom:var(--wp--preset--spacing--side-padding);padding-top:var(--wp--preset--spacing--side-padding)\">\n<div class=\"wp-block-column is-vertically-aligned-center is-layout-flow wp-block-column-is-layout-flow\">\n<figure class=\"wp-block-video\"><video height=\"600\" style=\"aspect-ratio: 680 \/ 600;\" width=\"680\" autoplay=\"\" controls=\"\" loop=\"\" muted=\"\" src=\"https:\/\/evolve-fitness.eu\/wp-content\/uploads\/2023\/11\/Evolve-Ultra-cardio-console-full.mp4\"><\/video><\/figure>\n<\/div>\n\n\n\n<div class=\"wp-block-column is-vertically-aligned-center is-layout-flow wp-block-column-is-layout-flow\">\n<h3 class=\"wp-block-heading\" style=\"margin-bottom:var(--wp--preset--spacing--h-3-bottom)\"><strong>Une technologie de pointe  <\/strong><\/h3>\n\n\n\n<p><strong><em><strong><strong>Pour une s\u00e9ance d&rsquo;entra\u00eenement stimulante<\/strong><\/strong><\/em><\/strong><\/p>\n\n\n\n<p>Restez connect\u00e9 et diverti gr\u00e2ce aux fonctions technologiques avanc\u00e9es du UL-156. L&rsquo;elliptique est dot\u00e9 d&rsquo;un \u00e9cran TFT de 15,6 pouces avec suivi de la fr\u00e9quence cardiaque en temps r\u00e9el et d&rsquo;une connectivit\u00e9 Bluetooth, permettant une int\u00e9gration transparente avec des applications de fitness populaires telles que Kinomap et Zwift. Les applications int\u00e9gr\u00e9es telles que Google Chrome, Facebook, Netflix et autres garantissent que vos s\u00e9ances d&rsquo;entra\u00eenement sont \u00e0 la fois productives et divertissantes.<\/p>\n<\/div>\n<\/div>\n\n\n\n<div class=\"wp-block-columns alignwide is-layout-flex wp-container-core-columns-is-layout-c45ee707 wp-block-columns-is-layout-flex\" style=\"margin-bottom:var(--wp--preset--spacing--side-padding);padding-top:var(--wp--preset--spacing--side-padding)\">\n<div class=\"wp-block-column is-vertically-aligned-center is-layout-flow wp-block-column-is-layout-flow\">\n<h3 class=\"wp-block-heading\" style=\"margin-bottom:var(--wp--preset--spacing--h-3-bottom)\"><strong><strong><strong>Conception conviviale  <\/strong><\/strong><\/strong><\/h3>\n\n\n\n<p><strong><em><strong><strong><strong><strong><strong>Pour plus de commodit\u00e9<\/strong><\/strong><\/strong><\/strong><\/strong><\/em><\/strong><\/p>\n\n\n\n<p>Con\u00e7u pour l&rsquo;utilisateur, l&rsquo;UL-156 comprend des fonctions pratiques telles qu&rsquo;un r\u00e9cepteur int\u00e9gr\u00e9, \u00e9liminant le besoin d&rsquo;une ceinture thoracique, ainsi qu&rsquo;un haut-parleur et un port de charge USB. L&rsquo;ajout d&rsquo;un support pour bouteille d&rsquo;eau permet de s&rsquo;hydrater sans effort et de mani\u00e8re pratique pendant les s\u00e9ances d&rsquo;entra\u00eenement.<\/p>\n<\/div>\n\n\n\n<div class=\"wp-block-column is-vertically-aligned-center is-layout-flow wp-block-column-is-layout-flow\">\n<figure class=\"wp-block-image size-full\"><img decoding=\"async\" src=\"https:\/\/evolve-fitness.eu\/wp-content\/uploads\/2023\/11\/Evolve-Ultra-Series-UL-156-Elliptical-trainer-1.png\" alt=\"\" class=\"wp-image-6023\"\/><\/figure>\n<\/div>\n<\/div>\n\n\n\n<div class=\"wp-block-columns alignwide are-vertically-aligned-center mobile-reverse is-layout-flex wp-container-core-columns-is-layout-e8158c2f wp-block-columns-is-layout-flex\" style=\"padding-top:var(--wp--preset--spacing--side-padding)\">\n<div class=\"wp-block-column is-vertically-aligned-center is-layout-flow wp-block-column-is-layout-flow\">\n<figure class=\"wp-block-image size-large\"><img decoding=\"async\" src=\"https:\/\/evolve-fitness.eu\/wp-content\/uploads\/2023\/11\/Evolve-UL-156-eliptical-1-1024x576.png\" alt=\"\" class=\"wp-image-6017\"\/><\/figure>\n<\/div>\n\n\n\n<div class=\"wp-block-column is-vertically-aligned-center is-layout-flow wp-block-column-is-layout-flow\">\n<h3 class=\"wp-block-heading\" style=\"margin-bottom:var(--wp--preset--spacing--h-3-bottom)\"><strong><strong>Esth\u00e9tique \u00e9pur\u00e9e et contemporaine<\/strong><\/strong><\/h3>\n\n\n\n<p><strong><em><strong><strong>Ultra performance<\/strong><\/strong><\/em><\/strong><\/p>\n\n\n\n<p>L&rsquo;exerciseur elliptique UL-156 ne se contente pas d&rsquo;\u00eatre performant, il apporte \u00e9galement une esth\u00e9tique \u00e9l\u00e9gante et contemporaine \u00e0 tout espace de remise en forme. Son design \u00e9l\u00e9gant et ses performances exceptionnelles en font un choix id\u00e9al pour ceux qui recherchent une exp\u00e9rience d&rsquo;entra\u00eenement de premier ordre.<\/p>\n<\/div>\n<\/div>\n\n\n\n<figure class=\"wp-block-video\"><video height=\"1000\" style=\"aspect-ratio: 1000 \/ 1000;\" width=\"1000\" autoplay=\"\" loop=\"\" muted=\"\" src=\"https:\/\/evolve-fitness.eu\/wp-content\/uploads\/2023\/11\/Ultra-site-apps.mp4\"><\/video><\/figure>\n<\/section>\n<\/section>\n","protected":false},"excerpt":{"rendered":"<p>D\u00e9couvrez le summum de la technologie de remise en forme avec l&rsquo;exerciseur elliptique commercial Evolve Ultra Series UL-156. Con\u00e7u pour les amateurs de gymnastique moderne, ce v\u00e9lo elliptique allie un design \u00e9l\u00e9gant Sandy Black \u00e0 une durabilit\u00e9 sup\u00e9rieure, supportant jusqu&rsquo;\u00e0 200 kg. Profitez d&rsquo;un entra\u00eenement en douceur et efficace gr\u00e2ce \u00e0 son syst\u00e8me de freinage EMS avanc\u00e9 et \u00e0 sa roue d&rsquo;inertie de 10 kg, optimis\u00e9e pour tous les niveaux de condition physique. Restez divertis et connect\u00e9s gr\u00e2ce \u00e0 son \u00e9cran TFT de 15,6 pouces, int\u00e9gr\u00e9 \u00e0 la surveillance de la fr\u00e9quence cardiaque et \u00e0 la connectivit\u00e9 Bluetooth pour les applications de fitness les plus populaires telles que Kinomap et Zwift. Avec des applications int\u00e9gr\u00e9es telles que Netflix et Spotify, et des fonctions conviviales telles qu&rsquo;un port de charge USB et un support pour bouteille d&rsquo;eau, le UL-156 offre une exp\u00e9rience d&rsquo;exercice in\u00e9gal\u00e9e, parfaite pour tout centre de remise en forme haut de gamme.<\/p>\n","protected":false},"featured_media":33993,"template":"","meta":{"_acf_changed":false,"inline_featured_image":false},"product_cat":[413,407,410,1093],"product_tag":[],"class_list":{"0":"post-33989","1":"product","2":"type-product","3":"status-publish","4":"has-post-thumbnail","6":"product_cat-page-daccueil","7":"product_cat-equipement-cardio","8":"product_cat-equipement-cardio-commercial","9":"product_cat-ultra-series-cardio-fr","11":"first","12":"instock","13":"shipping-taxable","14":"purchasable","15":"product-type-simple"},"acf":[],"_links":{"self":[{"href":"https:\/\/store.evolve-fitness.eu\/fr\/wp-json\/wp\/v2\/product\/33989","targetHints":{"allow":["GET"]}}],"collection":[{"href":"https:\/\/store.evolve-fitness.eu\/fr\/wp-json\/wp\/v2\/product"}],"about":[{"href":"https:\/\/store.evolve-fitness.eu\/fr\/wp-json\/wp\/v2\/types\/product"}],"wp:featuredmedia":[{"embeddable":true,"href":"https:\/\/store.evolve-fitness.eu\/fr\/wp-json\/wp\/v2\/media\/33993"}],"wp:attachment":[{"href":"https:\/\/store.evolve-fitness.eu\/fr\/wp-json\/wp\/v2\/media?parent=33989"}],"wp:term":[{"taxonomy":"product_cat","embeddable":true,"href":"https:\/\/store.evolve-fitness.eu\/fr\/wp-json\/wp\/v2\/product_cat?post=33989"},{"taxonomy":"product_tag","embeddable":true,"href":"https:\/\/store.evolve-fitness.eu\/fr\/wp-json\/wp\/v2\/product_tag?post=33989"}],"curies":[{"name":"wp","href":"https:\/\/api.w.org\/{rel}","templated":true}]}}