{"id":33903,"date":"2024-01-02T14:46:14","date_gmt":"2024-01-02T14:46:14","guid":{"rendered":"https:\/\/store.evolve-fitness.eu\/product\/tapis-de-course-commercial-evolve-ultra-series\/"},"modified":"2026-03-31T12:00:52","modified_gmt":"2026-03-31T12:00:52","slug":"tapis-de-course-commercial-evolve-ultra-series","status":"publish","type":"product","link":"https:\/\/store.evolve-fitness.eu\/fr\/produit\/tapis-de-course-commercial-evolve-ultra-series\/","title":{"rendered":"Tapis de course commercial Evolve Ultra Series"},"content":{"rendered":"\n<section class=\"wp-block-group alignfull black-content has-white-color has-darkgray-background-color has-text-color has-background is-layout-constrained wp-block-group-is-layout-constrained\" style=\"padding-top:var(--wp--preset--spacing--section-bottom);padding-bottom:var(--wp--preset--spacing--section-bottom)\">\n<section class=\"wp-block-group alignfull black-content has-white-color has-darkgray-background-color has-text-color has-background is-layout-constrained wp-block-group-is-layout-constrained\" style=\"padding-top:var(--wp--preset--spacing--section-bottom);padding-bottom:var(--wp--preset--spacing--section-bottom)\">\n<div class=\"wp-block-columns alignwide is-layout-flex wp-container-core-columns-is-layout-c45ee707 wp-block-columns-is-layout-flex\" style=\"margin-bottom:var(--wp--preset--spacing--side-padding);padding-top:var(--wp--preset--spacing--side-padding)\">\n<div class=\"wp-block-column is-vertically-aligned-center is-layout-flow wp-block-column-is-layout-flow\">\n<h3 class=\"wp-block-heading\" style=\"margin-bottom:var(--wp--preset--spacing--h-3-bottom)\"><strong>Family Look Aesthetic  <\/strong><\/h3>\n\n\n\n<p><strong><em><strong><strong><strong>Performance des \u00e9quipements cardio commerciaux<\/strong><\/strong><\/strong><\/em><\/strong><\/p>\n\n\n\n<p>La s\u00e9rie Ultra d&rsquo;Evolve incarne un style familial distinct adapt\u00e9 \u00e0 l&rsquo;environnement dynamique des salles de sport commerciales complexes. Avec ses lignes \u00e9pur\u00e9es, son design moderne et ses finitions haut de gamme, chaque pi\u00e8ce de la s\u00e9rie Ultra s&rsquo;int\u00e8gre parfaitement pour cr\u00e9er une esth\u00e9tique coh\u00e9rente dans l&rsquo;ensemble du centre de remise en forme. Qu&rsquo;il s&rsquo;agisse de tapis de course, d&rsquo;elliptiques ou de v\u00e9los d&rsquo;appartement, chaque machine respire la sophistication et la fonctionnalit\u00e9, am\u00e9liorant ainsi l&rsquo;ambiance de la salle de sport. Des \u00e9crans LED lumineux aux poign\u00e9es ergonomiques, en passant par les fonctions r\u00e9glables pour tous les amateurs de gymnastique.<\/p>\n<\/div>\n\n\n\n<div class=\"wp-block-column is-vertically-aligned-center is-layout-flow wp-block-column-is-layout-flow\">\n<figure class=\"wp-block-video\"><video autoplay=\"\" controls=\"\" loop=\"\" muted=\"\" src=\"https:\/\/evolve-fitness.eu\/wp-content\/uploads\/2024\/04\/Evolve-Ultra-Series-Family-Look.mp4\"><\/video><\/figure>\n<\/div>\n<\/div>\n\n\n\n<div class=\"wp-block-columns alignwide mobile-reverse is-layout-flex wp-container-core-columns-is-layout-ca64bf2d wp-block-columns-is-layout-flex\" style=\"margin-bottom:var(--wp--preset--spacing--side-padding)\">\n<div class=\"wp-block-column is-vertically-aligned-center is-layout-flow wp-block-column-is-layout-flow\">\n<figure class=\"wp-block-video\"><video autoplay=\"\" controls=\"\" loop=\"\" muted=\"\" src=\"https:\/\/evolve-fitness.eu\/wp-content\/uploads\/2024\/04\/Final-Treadmill-Web-HD.mp4\"><\/video><\/figure>\n<\/div>\n\n\n\n<div class=\"wp-block-column is-vertically-aligned-center is-layout-flow wp-block-column-is-layout-flow\">\n<h3 class=\"wp-block-heading\" style=\"margin-bottom:var(--wp--preset--spacing--h-3-bottom)\"><strong><strong>Un design \u00e9l\u00e9gant avec des caract\u00e9ristiques pratiques<\/strong><\/strong><\/h3>\n\n\n\n<p><strong><em><strong>\u00c9levez votre gymnase avec le tapis roulant commercial Evolve UL 215<\/strong><\/em><\/strong><\/p>\n\n\n\n<p>Illuminez votre chemin vers le fitness avec des lumi\u00e8res LED \u00e9l\u00e9gantes sur les deux rails lat\u00e9raux, cr\u00e9ant une atmosph\u00e8re \u00e9nergisante pour votre environnement d&rsquo;entra\u00eenement. Le design \u00e9l\u00e9gant est assorti d&rsquo;un confort pratique, avec une mousse PU noire pour le guidon, offrant une prise en main s\u00fbre et confortable pendant les courses les plus rigoureuses.<\/p>\n\n\n\n<p><em>Veuillez activer le son dans les commandes du lecteur pour une exp\u00e9rience compl\u00e8te.<\/em><\/p>\n<\/div>\n<\/div>\n\n\n\n<div class=\"wp-block-columns alignwide mobile-reverse is-layout-flex wp-container-core-columns-is-layout-ca64bf2d wp-block-columns-is-layout-flex\" style=\"margin-bottom:var(--wp--preset--spacing--side-padding)\">\n<div class=\"wp-block-column is-vertically-aligned-center is-layout-flow wp-block-column-is-layout-flow\">\n<h3 class=\"wp-block-heading\" style=\"margin-bottom:var(--wp--preset--spacing--h-3-bottom)\"><strong>Tapis de course commercial Evolve Ultra Series<\/strong><\/h3>\n\n\n\n<p><strong><em><strong><strong><strong><strong><strong>L&rsquo;exp\u00e9rience ultime de l&rsquo;entra\u00eenement<\/strong><\/strong><\/strong><\/strong><\/strong><\/em><\/strong><\/p>\n\n\n\n<p>Le tapis roulant commercial Evolve Ultra Series UL-215 offre puissance et contr\u00f4le. En montant sur sa plate-forme spacieuse et amortie, vous \u00eates accueilli par une sensation de stabilit\u00e9 et de soutien qui vous pr\u00e9pare \u00e0 l&rsquo;entra\u00eenement. \u00c0 chaque foul\u00e9e, la surface lisse et r\u00e9active du tapis de course vous propulse vers l&rsquo;avant. Que vous marchiez, fassiez du jogging ou du sprint, les r\u00e9glages de vitesse et d&rsquo;inclinaison vous permettent d&rsquo;adapter votre entra\u00eenement au niveau d&rsquo;intensit\u00e9 souhait\u00e9. L&rsquo;interface conviviale et les commandes intuitives facilitent le suivi de vos progr\u00e8s et vous permettent de rester motiv\u00e9 tout au long de votre s\u00e9ance. Que vous vous entra\u00eeniez pour une course, que vous br\u00fbliez des calories ou que vous vous promeniez tranquillement, le tapis de course commercial Evolve Ultra Series UL-215 vous permet de vous sentir plus fort et d&rsquo;accomplir des progr\u00e8s \u00e0 chaque pas.<\/p>\n<\/div>\n\n\n\n<div class=\"wp-block-column is-vertically-aligned-center is-layout-flow wp-block-column-is-layout-flow\">\n<figure class=\"wp-block-video\"><video autoplay=\"\" controls=\"\" loop=\"\" muted=\"\" src=\"https:\/\/evolve-fitness.eu\/wp-content\/uploads\/2024\/04\/Evolve-Ultra-Series-Commercial-Treadmill.mp4\"><\/video><\/figure>\n<\/div>\n<\/div>\n\n\n\n<div class=\"wp-block-columns alignwide mobile-reverse is-layout-flex wp-container-core-columns-is-layout-ca64bf2d wp-block-columns-is-layout-flex\" style=\"margin-bottom:var(--wp--preset--spacing--side-padding)\">\n<div class=\"wp-block-column is-vertically-aligned-center is-layout-flow wp-block-column-is-layout-flow\">\n<figure class=\"wp-block-video\"><video autoplay=\"\" controls=\"\" loop=\"\" muted=\"\" src=\"https:\/\/evolve-fitness.eu\/wp-content\/uploads\/2023\/11\/EV-CT-UL-215-Evolve-Ultra-Series-Commercial-Treadmill-360.mp4\"><\/video><\/figure>\n<\/div>\n\n\n\n<div class=\"wp-block-column is-vertically-aligned-center is-layout-flow wp-block-column-is-layout-flow\">\n<h3 class=\"wp-block-heading\" style=\"margin-bottom:var(--wp--preset--spacing--h-3-bottom)\"><strong>Poids maximal de l&rsquo;utilisateur<\/strong><\/h3>\n\n\n\n<p><strong><em><strong><strong><strong>Excellence en mati\u00e8re de force et de stabilit\u00e9<\/strong><\/strong><\/strong><\/em><\/strong><\/p>\n\n\n\n<p>Le tapis de course commercial Evolve Ultra Series UL-215 \u00e9tablit une nouvelle norme pour les \u00e9quipements de fitness inclusifs. Avec son cadre robuste et son m\u00e9canisme avanc\u00e9 con\u00e7u pour supporter un poids d&rsquo;utilisateur maximal de 200 kg, il se distingue comme une option tr\u00e8s accessible pour les utilisateurs de diff\u00e9rents types de corps et de niveaux de forme physique. Cette capacit\u00e9 \u00e0 supporter un poids d&rsquo;utilisateur plus \u00e9lev\u00e9 n&rsquo;\u00e9largit pas seulement son utilisation, mais illustre \u00e9galement l&rsquo;engagement du tapis de course en mati\u00e8re de durabilit\u00e9 et de fiabilit\u00e9. Contrairement \u00e0 de nombreux tapis de course conventionnels qui limitent le poids de l&rsquo;utilisateur \u00e0 des seuils inf\u00e9rieurs, la qualit\u00e9 de construction sup\u00e9rieure du UL-215 permet aux personnes plus corpulentes de s&rsquo;adonner \u00e0 des exercices rigoureux en toute confiance. Sa capacit\u00e9 \u00e0 s&rsquo;adapter efficacement et en toute s\u00e9curit\u00e9 \u00e0 une plus grande gamme de poids en fait un leader dans ce domaine, repoussant les limites des \u00e9quipements de gym traditionnels et ouvrant une nouvelle \u00e8re de solutions de remise en forme innovantes et inclusives.<\/p>\n<\/div>\n<\/div>\n\n\n\n<div class=\"wp-block-columns alignwide is-layout-flex wp-container-core-columns-is-layout-c45ee707 wp-block-columns-is-layout-flex\" style=\"margin-bottom:var(--wp--preset--spacing--side-padding);padding-top:var(--wp--preset--spacing--side-padding)\">\n<div class=\"wp-block-column is-vertically-aligned-center is-layout-flow wp-block-column-is-layout-flow\">\n<h3 class=\"wp-block-heading\" style=\"margin-bottom:var(--wp--preset--spacing--h-3-bottom)\">R\u00e9volutionner le fitness<\/h3>\n\n\n\n<p><strong><em><strong>Le tapis roulant Evolve Ultra Series UL-215 avec console de divertissement avanc\u00e9e<\/strong><\/em><\/strong><\/p>\n\n\n\n<p style=\"margin-bottom:var(--wp--preset--spacing--tb-section-padding)\">Le tapis roulant commercial Evolve Ultra Series UL-215 red\u00e9finit l&rsquo;exp\u00e9rience de l&rsquo;exercice en fusionnant des programmes de remise en forme de pointe avec un \u00e9ventail de fonctions de divertissement sur sa console avanc\u00e9e. Les utilisateurs peuvent profiter d&rsquo;une vari\u00e9t\u00e9 de programmes de course &#8211; y compris des simulations de mont\u00e9e, des exercices ax\u00e9s sur les objectifs et des entra\u00eenements par intervalles &#8211; qui r\u00e9pondent \u00e0 divers objectifs de remise en forme, tout en d\u00e9couvrant des itin\u00e9raires virtuels et des d\u00e9fis pittoresques gr\u00e2ce \u00e0 des applications telles que YouTube, Netflix, Spotify, Zwift et Kinomap. Cette int\u00e9gration permet non seulement d&rsquo;offrir une s\u00e9ance d&rsquo;entra\u00eenement tr\u00e8s attrayante et immersive, mais aussi de divertir et de motiver les utilisateurs dans la poursuite de leurs objectifs de remise en forme. Gr\u00e2ce \u00e0 sa connectivit\u00e9 transparente assur\u00e9e par un r\u00e9cepteur int\u00e9gr\u00e9, une prise en charge Bluetooth, un syst\u00e8me de haut-parleurs de haute qualit\u00e9 et un port de charge USB, le UL-215 garantit la synchronisation de vos appareils et vous permet de vous divertir avec vos m\u00e9dias pr\u00e9f\u00e9r\u00e9s \u00e0 chaque kilom\u00e8tre que vous parcourez. Il s&rsquo;agit d&rsquo;un m\u00e9lange harmonieux de programmes de fitness robustes et d&rsquo;options de divertissement sup\u00e9rieures regroup\u00e9s dans une console rationalis\u00e9e et centr\u00e9e sur l&rsquo;utilisateur, ce qui permet au UL-215 de se d\u00e9marquer en tant que leader innovant dans le monde des \u00e9quipements de fitness commerciaux.<\/p>\n<\/div>\n\n\n\n<div class=\"wp-block-column is-vertically-aligned-center is-layout-flow wp-block-column-is-layout-flow\">\n<figure class=\"wp-block-video\"><video height=\"600\" style=\"aspect-ratio: 680 \/ 600;\" width=\"680\" autoplay=\"\" controls=\"\" loop=\"\" muted=\"\" src=\"https:\/\/evolve-fitness.eu\/wp-content\/uploads\/2023\/11\/Evolve-Ultra-cardio-console-full.mp4\"><\/video><\/figure>\n<\/div>\n<\/div>\n\n\n\n<div class=\"wp-block-columns alignwide is-layout-flex wp-container-core-columns-is-layout-c45ee707 wp-block-columns-is-layout-flex\" style=\"margin-bottom:var(--wp--preset--spacing--side-padding);padding-top:var(--wp--preset--spacing--side-padding)\">\n<div class=\"wp-block-column is-vertically-aligned-center is-layout-flow wp-block-column-is-layout-flow\">\n<figure class=\"wp-block-image size-full\"><img decoding=\"async\" src=\"https:\/\/evolve-fitness.eu\/wp-content\/uploads\/2023\/11\/Evolve-UL-215-2-1.png\" alt=\"\" class=\"wp-image-5137\"\/><\/figure>\n<\/div>\n\n\n\n<div class=\"wp-block-column is-vertically-aligned-center is-layout-flow wp-block-column-is-layout-flow\">\n<h3 class=\"wp-block-heading\" style=\"margin-bottom:var(--wp--preset--spacing--h-3-bottom)\"><strong><strong>R\u00e9glages avanc\u00e9s de la vitesse et de l&rsquo;inclinaison<\/strong><\/strong><\/h3>\n\n\n\n<p><strong><em><strong><strong>Optimiser l&rsquo;engagement gr\u00e2ce aux publicit\u00e9s sur \u00e9cran<\/strong><\/strong><\/em><\/strong><\/p>\n\n\n\n<p>Adaptez votre entra\u00eenement avec pr\u00e9cision gr\u00e2ce \u00e0 une plage de vitesse de 0,5 \u00e0 25 km\/h et une option d&rsquo;inclinaison de 0 \u00e0 15 %. Que vous soyez d&rsquo;humeur \u00e0 faire un petit jogging ou un sprint en mont\u00e9e, l&rsquo;UL-215 s&rsquo;adapte facilement au niveau de d\u00e9fi que vous souhaitez relever.<\/p>\n<\/div>\n<\/div>\n\n\n\n<div class=\"wp-block-columns alignwide are-vertically-aligned-center mobile-reverse is-layout-flex wp-container-core-columns-is-layout-e8158c2f wp-block-columns-is-layout-flex\" style=\"padding-top:var(--wp--preset--spacing--side-padding)\">\n<div class=\"wp-block-column is-vertically-aligned-center is-layout-flow wp-block-column-is-layout-flow\">\n<h3 class=\"wp-block-heading\" style=\"margin-bottom:var(--wp--preset--spacing--h-3-bottom)\"><strong>Formation interactive<\/strong><\/h3>\n\n\n\n<p><strong><em><strong><strong>Adaptabilit\u00e9 et performance  <\/strong><\/strong><\/em><\/strong><\/p>\n\n\n\n<p>Tirez le meilleur parti de vos s\u00e9ances d&rsquo;entra\u00eenement gr\u00e2ce \u00e0 l&rsquo;acc\u00e8s int\u00e9gr\u00e9 \u00e0 KINOMAP et ZWIFT, qui vous permet de participer \u00e0 des d\u00e9fis virtuels et de courir dans des environnements simul\u00e9s, sur des itin\u00e9raires r\u00e9els dans le monde entier. Les entra\u00eenements virtuels offrent une exp\u00e9rience de course plus vraie que nature, dans le confort de votre maison ou de votre salle de sport.<\/p>\n<\/div>\n\n\n\n<div class=\"wp-block-column is-vertically-aligned-center is-layout-flow wp-block-column-is-layout-flow\">\n<figure class=\"wp-block-video\"><video height=\"600\" style=\"aspect-ratio: 680 \/ 600;\" width=\"680\" autoplay=\"\" controls=\"\" loop=\"\" muted=\"\" src=\"https:\/\/evolve-fitness.eu\/wp-content\/uploads\/2023\/11\/Evolve-virtual-run-console-1-2.mp4\"><\/video><\/figure>\n<\/div>\n<\/div>\n\n\n\n<div class=\"wp-block-columns alignwide are-vertically-aligned-center mobile-reverse is-layout-flex wp-container-core-columns-is-layout-e8158c2f wp-block-columns-is-layout-flex\" style=\"padding-top:var(--wp--preset--spacing--side-padding)\">\n<div class=\"wp-block-column is-vertically-aligned-center is-layout-flow wp-block-column-is-layout-flow\">\n<figure class=\"wp-block-video\"><video height=\"600\" style=\"aspect-ratio: 680 \/ 600;\" width=\"680\" autoplay=\"\" controls=\"\" loop=\"\" muted=\"\" src=\"https:\/\/evolve-fitness.eu\/wp-content\/uploads\/2023\/11\/Evolve-UL-215-treadmill.mp4\"><\/video><\/figure>\n<\/div>\n\n\n\n<div class=\"wp-block-column is-vertically-aligned-center is-layout-flow wp-block-column-is-layout-flow\">\n<h3 class=\"wp-block-heading\" style=\"margin-bottom:var(--wp--preset--spacing--h-3-bottom)\"><strong>Surface de roulement sup\u00e9rieure<\/strong><\/h3>\n\n\n\n<p><strong><em><strong>Pont de roulement, courroie et design humanis\u00e9<\/strong><\/em><\/strong><\/p>\n\n\n\n<p style=\"margin-bottom:var(--wp--preset--spacing--tb-section-padding)\">La surface de course spacieuse de 60 x 160 cm garantit la libert\u00e9 de mouvement, tandis que le moteur AC3.0 assure un entra\u00eenement r\u00e9gulier et sans \u00e0-coups. Les rouleaux de 100 mm offrent une stabilit\u00e9 et contribuent \u00e0 la long\u00e9vit\u00e9 de la machine. D\u00e9couvrez une plate-forme de course sup\u00e9rieure avec une \u00e9paisseur de courroie de 4,3 mm, qui ne n\u00e9cessite aucun entretien, et une \u00e9paisseur de marche de 25 mm, qui garantit \u00e0 la fois le confort et la durabilit\u00e9.<\/p>\n<\/div>\n<\/div>\n\n\n\n<figure class=\"wp-block-video\"><video height=\"1000\" style=\"aspect-ratio: 1000 \/ 1000;\" width=\"1000\" autoplay=\"\" loop=\"\" muted=\"\" src=\"https:\/\/evolve-fitness.eu\/wp-content\/uploads\/2023\/11\/Ultra-site-apps.mp4\"><\/video><\/figure>\n<\/section>\n<\/section>\n","protected":false},"excerpt":{"rendered":"<p>  Le tapis roulant commercial Evolve Ultra Series UL-215 offre une plate-forme d&rsquo;exercice de premi\u00e8re qualit\u00e9 et technologiquement avanc\u00e9e, parfaite pour toute salle de sport commerciale, salle de fitness d&rsquo;h\u00f4tel ou salle de sport \u00e0 domicile disposant de l&rsquo;espace n\u00e9cessaire pour un \u00e9quipement de qualit\u00e9 professionnelle. Adoptez l&rsquo;avenir du fitness avec l&rsquo;UL-215 et faites \u00e9voluer votre entra\u00eenement d\u00e8s aujourd&rsquo;hui.<\/p>\n","protected":false},"featured_media":33916,"template":"","meta":{"_acf_changed":false,"inline_featured_image":false},"product_cat":[413,407,410,1093],"product_tag":[],"class_list":{"0":"post-33903","1":"product","2":"type-product","3":"status-publish","4":"has-post-thumbnail","6":"product_cat-page-daccueil","7":"product_cat-equipement-cardio","8":"product_cat-equipement-cardio-commercial","9":"product_cat-ultra-series-cardio-fr","11":"first","12":"instock","13":"shipping-taxable","14":"purchasable","15":"product-type-simple"},"acf":[],"_links":{"self":[{"href":"https:\/\/store.evolve-fitness.eu\/fr\/wp-json\/wp\/v2\/product\/33903","targetHints":{"allow":["GET"]}}],"collection":[{"href":"https:\/\/store.evolve-fitness.eu\/fr\/wp-json\/wp\/v2\/product"}],"about":[{"href":"https:\/\/store.evolve-fitness.eu\/fr\/wp-json\/wp\/v2\/types\/product"}],"wp:featuredmedia":[{"embeddable":true,"href":"https:\/\/store.evolve-fitness.eu\/fr\/wp-json\/wp\/v2\/media\/33916"}],"wp:attachment":[{"href":"https:\/\/store.evolve-fitness.eu\/fr\/wp-json\/wp\/v2\/media?parent=33903"}],"wp:term":[{"taxonomy":"product_cat","embeddable":true,"href":"https:\/\/store.evolve-fitness.eu\/fr\/wp-json\/wp\/v2\/product_cat?post=33903"},{"taxonomy":"product_tag","embeddable":true,"href":"https:\/\/store.evolve-fitness.eu\/fr\/wp-json\/wp\/v2\/product_tag?post=33903"}],"curies":[{"name":"wp","href":"https:\/\/api.w.org\/{rel}","templated":true}]}}