{"id":33026,"date":"2023-10-18T14:10:57","date_gmt":"2023-10-18T14:10:57","guid":{"rendered":"https:\/\/store.evolve-fitness.eu\/product\/evolve-cpu-plaque-de-pare-chocs-en-urethane-5-25-kg\/"},"modified":"2026-03-18T12:00:59","modified_gmt":"2026-03-18T12:00:59","slug":"evolve-cpu-plaque-de-pare-chocs-en-urethane-5-25-kg","status":"publish","type":"product","link":"https:\/\/store.evolve-fitness.eu\/fr\/produit\/evolve-cpu-plaque-de-pare-chocs-en-urethane-5-25-kg\/","title":{"rendered":"Evolve CPU Plaque de pare-chocs en ur\u00e9thane 5 &#8211; 25 kg"},"content":{"rendered":"\n<section class=\"wp-block-group alignfull black-content has-white-color has-darkgray-background-color has-text-color has-background is-layout-constrained wp-block-group-is-layout-constrained\" style=\"padding-top:var(--wp--preset--spacing--section-bottom);padding-bottom:var(--wp--preset--spacing--section-bottom)\">\n<div class=\"wp-block-columns alignwide is-layout-flex wp-container-core-columns-is-layout-c45ee707 wp-block-columns-is-layout-flex\" style=\"margin-bottom:var(--wp--preset--spacing--side-padding);padding-top:var(--wp--preset--spacing--side-padding)\">\n<div class=\"wp-block-column is-vertically-aligned-center is-layout-flow wp-block-column-is-layout-flow\">\n<figure class=\"wp-block-image size-large is-resized is-style-rounded\"><img decoding=\"async\" src=\"https:\/\/evolve-fitness.eu\/wp-content\/uploads\/2023\/10\/Evolve-CPU-Urethane-Bumpers-2-1024x1024.png\" alt=\"\" class=\"wp-image-4285\" style=\"object-fit:cover;width:680px;height:600px\"\/><\/figure>\n<\/div>\n\n\n\n<div class=\"wp-block-column is-vertically-aligned-center is-layout-constrained wp-block-column-is-layout-constrained\">\n<h3 class=\"wp-block-heading\" style=\"margin-bottom:var(--wp--preset--spacing--h-3-bottom)\">Rev\u00eatement Ur\u00e9thane CPU  <\/h3>\n\n\n\n<p><strong><em><strong><em>Durabilit\u00e9 ultime<\/em><\/strong><\/em><\/strong><\/p>\n\n\n\n<p style=\"margin-bottom:var(--wp--preset--spacing--tb-section-padding)\">D\u00e9couvrez la durabilit\u00e9 exceptionnelle du rev\u00eatement CPU Urethane pour les \u00e9quipements de gymnastique. Contrairement au caoutchouc, l&rsquo;ur\u00e9thane CPU conserve un aspect inchang\u00e9 m\u00eame apr\u00e8s des ann\u00e9es d&rsquo;utilisation constante, gr\u00e2ce \u00e0 sa r\u00e9sistance aux UV, \u00e0 la rupture, \u00e0 la chaleur et \u00e0 l&rsquo;usure. Sa composition sans odeur et sa r\u00e9sistance exceptionnelle en font un choix id\u00e9al pour prot\u00e9ger les sols des salles de sport, r\u00e9duire les bruits d&rsquo;entra\u00eenement et fournir une solution rentable \u00e0 long terme pour les salles de sport domestiques et commerciales. Investissez dans une qualit\u00e9 durable avec CPU Urethane.<\/p>\n<\/div>\n<\/div>\n\n\n\n<div class=\"wp-block-columns alignwide is-layout-flex wp-container-core-columns-is-layout-c45ee707 wp-block-columns-is-layout-flex\" style=\"margin-bottom:var(--wp--preset--spacing--side-padding);padding-top:var(--wp--preset--spacing--side-padding)\">\n<div class=\"wp-block-column is-vertically-aligned-center is-layout-flow wp-block-column-is-layout-flow\">\n<h3 class=\"wp-block-heading\" style=\"margin-bottom:var(--wp--preset--spacing--h-3-bottom)\">Logo et indication du poids<\/h3>\n\n\n\n<p><em><strong>Fabrication de pr\u00e9cision<\/strong><\/em><\/p>\n\n\n\n<p>Nos num\u00e9ros de poids sont m\u00e9ticuleusement d\u00e9coup\u00e9s au laser et moul\u00e9s par des experts, ce qui garantit un aspect propre et sans attelle qui respire l&rsquo;artisanat et la pr\u00e9cision. Nous allons plus loin pour garantir une qualit\u00e9 durable en impr\u00e9gnant les num\u00e9ros et les logos d&rsquo;ur\u00e9thane de premi\u00e8re qualit\u00e9. Ce processus innovant permet non seulement de cr\u00e9er des couleurs vives et \u00e9clatantes, mais aussi de garantir qu&rsquo;elles r\u00e9sistent \u00e0 l&rsquo;\u00e9preuve du temps, \u00e0 la d\u00e9coloration et \u00e0 l&rsquo;usure.<\/p>\n<\/div>\n\n\n\n<div class=\"wp-block-column is-vertically-aligned-center is-layout-flow wp-block-column-is-layout-flow\">\n<div class=\"wp-block-columns is-layout-flex wp-container-core-columns-is-layout-9d6595d7 wp-block-columns-is-layout-flex\">\n<div class=\"wp-block-column is-layout-flow wp-block-column-is-layout-flow\">\n<figure class=\"wp-block-image size-large is-resized is-style-rounded\"><img decoding=\"async\" src=\"https:\/\/evolve-fitness.eu\/wp-content\/uploads\/2023\/10\/Bumper-plate-1-edited-scaled.jpg\" alt=\"\" class=\"wp-image-4289\" style=\"object-fit:cover;width:680px;height:600px\"\/><\/figure>\n<\/div>\n<\/div>\n<\/div>\n<\/div>\n\n\n\n<div class=\"wp-block-columns alignwide is-layout-flex wp-container-core-columns-is-layout-c45ee707 wp-block-columns-is-layout-flex\" style=\"margin-bottom:var(--wp--preset--spacing--side-padding);padding-top:var(--wp--preset--spacing--side-padding)\">\n<div class=\"wp-block-column is-vertically-aligned-center is-layout-flow wp-block-column-is-layout-flow\">\n<figure class=\"wp-block-image size-large is-resized is-style-rounded\"><img decoding=\"async\" src=\"https:\/\/evolve-fitness.eu\/wp-content\/uploads\/2023\/10\/Barbell-1024x863.png\" alt=\"\" class=\"wp-image-4279\" style=\"object-fit:cover;width:671px;height:592px\"\/><\/figure>\n<\/div>\n\n\n\n<div class=\"wp-block-column is-vertically-aligned-center is-layout-flow wp-block-column-is-layout-flow\">\n<h3 class=\"wp-block-heading\" style=\"margin-bottom:var(--wp--preset--spacing--h-3-bottom)\"><strong>Une pr\u00e9cision parfaite<\/strong><\/h3>\n\n\n\n<p><strong><em><strong>Pare-chocs en ur\u00e9thane CPU<\/strong><\/em><\/strong><\/p>\n\n\n\n<p>Faites l&rsquo;exp\u00e9rience d&rsquo;une pr\u00e9cision in\u00e9gal\u00e9e avec les pare-chocs en ur\u00e9thane Evolve CPU. Nos pare-chocs sont m\u00e9ticuleusement calibr\u00e9s, avec une tol\u00e9rance de poids remarquable de seulement +\/- 2 grammes, \u00e9tablissant la norme pour une pr\u00e9cision presque parfaite dans le monde de l&rsquo;\u00e9quipement de fitness. Am\u00e9liorez vos s\u00e9ances d&rsquo;entra\u00eenement en toute confiance gr\u00e2ce \u00e0 nos pare-chocs con\u00e7us avec pr\u00e9cision.<\/p>\n<\/div>\n<\/div>\n<\/section>\n","protected":false},"excerpt":{"rendered":"<p>Plaques de pare-chocs en ur\u00e9thane Evolve CPU. Ces plaques de qualit\u00e9 sup\u00e9rieure offrent une durabilit\u00e9 exceptionnelle gr\u00e2ce \u00e0 un rev\u00eatement en ur\u00e9thane r\u00e9sistant aux UV et \u00e0 l&rsquo;usure. \u00c9talonn\u00e9s avec pr\u00e9cision \u00e0 +\/- 2 grammes pr\u00e8s, ils comportent des chiffres de poids d\u00e9coup\u00e9s au laser et des logos infus\u00e9s \u00e0 l&rsquo;ur\u00e9thane pour une vibrance durable. Id\u00e9ales pour les gymnases domestiques et commerciaux, les plaques de but\u00e9e en ur\u00e9thane Evolve CPU constituent un investissement \u00e9conomique \u00e0 long terme en termes de performance et de durabilit\u00e9.<\/p>\n","protected":false},"featured_media":33027,"template":"","meta":{"_acf_changed":false,"inline_featured_image":false},"product_cat":[2416,975,1046],"product_tag":[],"class_list":{"0":"post-33026","1":"product","2":"type-product","3":"status-publish","4":"has-post-thumbnail","6":"product_cat-hyrox-gear","7":"product_cat-poids-libres","8":"product_cat-plaques-de-poids","10":"first","11":"instock","12":"shipping-taxable","13":"purchasable","14":"product-type-variable"},"acf":[],"_links":{"self":[{"href":"https:\/\/store.evolve-fitness.eu\/fr\/wp-json\/wp\/v2\/product\/33026","targetHints":{"allow":["GET"]}}],"collection":[{"href":"https:\/\/store.evolve-fitness.eu\/fr\/wp-json\/wp\/v2\/product"}],"about":[{"href":"https:\/\/store.evolve-fitness.eu\/fr\/wp-json\/wp\/v2\/types\/product"}],"wp:featuredmedia":[{"embeddable":true,"href":"https:\/\/store.evolve-fitness.eu\/fr\/wp-json\/wp\/v2\/media\/33027"}],"wp:attachment":[{"href":"https:\/\/store.evolve-fitness.eu\/fr\/wp-json\/wp\/v2\/media?parent=33026"}],"wp:term":[{"taxonomy":"product_cat","embeddable":true,"href":"https:\/\/store.evolve-fitness.eu\/fr\/wp-json\/wp\/v2\/product_cat?post=33026"},{"taxonomy":"product_tag","embeddable":true,"href":"https:\/\/store.evolve-fitness.eu\/fr\/wp-json\/wp\/v2\/product_tag?post=33026"}],"curies":[{"name":"wp","href":"https:\/\/api.w.org\/{rel}","templated":true}]}}