{"id":31165,"date":"2023-10-17T13:07:40","date_gmt":"2023-10-17T13:07:40","guid":{"rendered":"https:\/\/store.evolve-fitness.eu\/product\/evolve-cerakote-series-olympic-man-bar-220-cm-20-kg\/"},"modified":"2024-10-11T06:36:56","modified_gmt":"2024-10-11T06:36:56","slug":"evolve-cerakote-series-olympic-man-bar-220-cm-20-kg","status":"publish","type":"product","link":"https:\/\/store.evolve-fitness.eu\/fr\/produit\/evolve-cerakote-series-olympic-man-bar-220-cm-20-kg\/","title":{"rendered":"Evolve cerakote series olympic man Bar &#8211; 220 cm \/ 20 kg"},"content":{"rendered":"\n<section class=\"wp-block-group alignfull black-content has-white-color has-darkgray-background-color has-text-color has-background is-layout-constrained wp-block-group-is-layout-constrained\" style=\"padding-top:var(--wp--preset--spacing--section-bottom);padding-bottom:var(--wp--preset--spacing--section-bottom)\">\n<section class=\"wp-block-group alignfull black-content has-white-color has-darkgray-background-color has-text-color has-background is-layout-constrained wp-block-group-is-layout-constrained\" style=\"padding-top:var(--wp--preset--spacing--section-bottom);padding-bottom:var(--wp--preset--spacing--section-bottom)\">\n<section class=\"wp-block-group alignfull black-content has-white-color has-darkgray-background-color has-text-color has-background is-layout-constrained wp-block-group-is-layout-constrained\" style=\"padding-top:var(--wp--preset--spacing--section-bottom);padding-bottom:var(--wp--preset--spacing--section-bottom)\">\n<div class=\"wp-block-columns alignwide mobile-reverse is-layout-flex wp-container-core-columns-is-layout-ca64bf2d wp-block-columns-is-layout-flex\" style=\"margin-bottom:var(--wp--preset--spacing--side-padding)\">\n<div class=\"wp-block-column is-vertically-aligned-center is-layout-flow wp-block-column-is-layout-flow\">\n<h3 class=\"wp-block-heading\" style=\"margin-bottom:var(--wp--preset--spacing--h-3-bottom)\">Evolve cerakote series olympic man Bar &#8211; 220 cm \/ 20 kg<\/h3>\n<\/div>\n\n\n\n<div class=\"wp-block-column is-vertically-aligned-center is-layout-flow wp-block-column-is-layout-flow\">\n<figure class=\"wp-block-image size-large\"><img loading=\"lazy\" decoding=\"async\" width=\"683\" height=\"1024\" src=\"https:\/\/store.evolve-fitness.eu\/wp-content\/uploads\/2024\/07\/A7_06078-683x1024.jpg\" alt=\"\" class=\"wp-image-92188\" srcset=\"https:\/\/store.evolve-fitness.eu\/wp-content\/uploads\/2024\/07\/A7_06078-683x1024.jpg 683w, https:\/\/store.evolve-fitness.eu\/wp-content\/uploads\/2024\/07\/A7_06078-200x300.jpg 200w, https:\/\/store.evolve-fitness.eu\/wp-content\/uploads\/2024\/07\/A7_06078-768x1152.jpg 768w, https:\/\/store.evolve-fitness.eu\/wp-content\/uploads\/2024\/07\/A7_06078-1024x1536.jpg 1024w, https:\/\/store.evolve-fitness.eu\/wp-content\/uploads\/2024\/07\/A7_06078-600x900.jpg 600w, https:\/\/store.evolve-fitness.eu\/wp-content\/uploads\/2024\/07\/A7_06078.jpg 1280w\" sizes=\"auto, (max-width: 683px) 100vw, 683px\" \/><\/figure>\n<\/div>\n<\/div>\n<\/section>\n<\/section>\n<\/section>\n","protected":false},"excerpt":{"rendered":"<p>D\u00e9couvrez le summum de la force et de la durabilit\u00e9 avec la barre olympique Evolve Cerakote, un choix de premier ordre pour l&rsquo;entra\u00eenement professionnel et les athl\u00e8tes \u00e0 domicile. D&rsquo;une longueur impressionnante de 220 cm et d&rsquo;un poids de 20 kg, cet halt\u00e8re est con\u00e7u pour supporter une charge maximale de 1043 kg, ce qui en fait l&rsquo;outil id\u00e9al pour le levage de charges lourdes. Dot\u00e9 de 8 roulements \u00e0 aiguilles et de 2 bagues en cuivre, il assure une rotation fluide et une bonne stabilit\u00e9 pendant l&rsquo;utilisation. Son diam\u00e8tre de douille de \u00d850 mm permet d&rsquo;accueillir des poids standard, tandis que le diam\u00e8tre de \u00d828 mm de la partie int\u00e9rieure de la barre am\u00e9liore la prise en main et le contr\u00f4le. La finition chrom\u00e9e de la surface de la poign\u00e9e et de la partie int\u00e9rieure de la barre ajoute non seulement \u00e0 son aspect \u00e9l\u00e9gant, mais contribue \u00e9galement \u00e0 sa long\u00e9vit\u00e9. Avec une longueur de manche de 415 mm pour les poids et une profondeur de rugosit\u00e9 de 1,5 mm, cet halt\u00e8re est con\u00e7u pour un maximum d&rsquo;efficacit\u00e9 et de confort. Certifi\u00e9e par les normes de rugosit\u00e9 du FMI et b\u00e9n\u00e9ficiant d&rsquo;une garantie de 2 ans, la barre olympique Evolve Cerakote est le m\u00e9lange parfait de performance et de qualit\u00e9 pour les athl\u00e8tes s\u00e9rieux.<\/p>\n","protected":false},"featured_media":92427,"template":"","meta":{"_acf_changed":false,"inline_featured_image":false},"product_cat":[2416,975,1020],"product_tag":[],"class_list":{"0":"post-31165","1":"product","2":"type-product","3":"status-publish","4":"has-post-thumbnail","6":"product_cat-hyrox-gear","7":"product_cat-poids-libres","8":"product_cat-bars-et-accessoires","10":"first","11":"instock","12":"shipping-taxable","13":"purchasable","14":"product-type-simple"},"acf":[],"_links":{"self":[{"href":"https:\/\/store.evolve-fitness.eu\/fr\/wp-json\/wp\/v2\/product\/31165","targetHints":{"allow":["GET"]}}],"collection":[{"href":"https:\/\/store.evolve-fitness.eu\/fr\/wp-json\/wp\/v2\/product"}],"about":[{"href":"https:\/\/store.evolve-fitness.eu\/fr\/wp-json\/wp\/v2\/types\/product"}],"wp:featuredmedia":[{"embeddable":true,"href":"https:\/\/store.evolve-fitness.eu\/fr\/wp-json\/wp\/v2\/media\/92427"}],"wp:attachment":[{"href":"https:\/\/store.evolve-fitness.eu\/fr\/wp-json\/wp\/v2\/media?parent=31165"}],"wp:term":[{"taxonomy":"product_cat","embeddable":true,"href":"https:\/\/store.evolve-fitness.eu\/fr\/wp-json\/wp\/v2\/product_cat?post=31165"},{"taxonomy":"product_tag","embeddable":true,"href":"https:\/\/store.evolve-fitness.eu\/fr\/wp-json\/wp\/v2\/product_tag?post=31165"}],"curies":[{"name":"wp","href":"https:\/\/api.w.org\/{rel}","templated":true}]}}