{"id":29990,"date":"2023-10-12T07:54:55","date_gmt":"2023-10-12T07:54:55","guid":{"rendered":"https:\/\/store.evolve-fitness.eu\/product\/support-de-kettlebell-evolve\/"},"modified":"2026-03-26T11:59:13","modified_gmt":"2026-03-26T11:59:13","slug":"support-de-kettlebell-evolve","status":"publish","type":"product","link":"https:\/\/store.evolve-fitness.eu\/fr\/produit\/support-de-kettlebell-evolve\/","title":{"rendered":"Support de kettlebell Evolve"},"content":{"rendered":"","protected":false},"excerpt":{"rendered":"<p>Le Evolve Kettlebell Rack, avec son design efficace \u00e0 2 niveaux et ses dimensions de 1500 x 590 x 760 mm, offre une solution de stockage id\u00e9ale pour les kettlebells. Son cadre robuste est fabriqu\u00e9 \u00e0 partir de tubes ovales (40 x 80 x 2 mm) et pr\u00e9sente une finition durable par rev\u00eatement en poudre. Ce rack permet non seulement de maximiser l&rsquo;espace de stockage, mais aussi d&rsquo;assurer la s\u00e9curit\u00e9 de votre \u00e9quipement gr\u00e2ce \u00e0 ses plateaux, con\u00e7us pour \u00e9viter les rayures et les dommages aux kettlebells. Parfait pour les salles de sport \u00e0 domicile et les environnements professionnels, le Evolve Kettlebell Rack est un excellent choix pour garder votre espace d&rsquo;entra\u00eenement organis\u00e9 et vos kettlebells dans un \u00e9tat impeccable.<\/p>\n","protected":false},"featured_media":29994,"template":"","meta":{"_acf_changed":false,"inline_featured_image":false},"product_cat":[413,975,976],"product_tag":[],"class_list":{"0":"post-29990","1":"product","2":"type-product","3":"status-publish","4":"has-post-thumbnail","6":"product_cat-page-daccueil","7":"product_cat-poids-libres","8":"product_cat-rayonnages-et-solutions-de-stockage","10":"first","11":"instock","12":"shipping-taxable","13":"purchasable","14":"product-type-simple"},"acf":[],"_links":{"self":[{"href":"https:\/\/store.evolve-fitness.eu\/fr\/wp-json\/wp\/v2\/product\/29990","targetHints":{"allow":["GET"]}}],"collection":[{"href":"https:\/\/store.evolve-fitness.eu\/fr\/wp-json\/wp\/v2\/product"}],"about":[{"href":"https:\/\/store.evolve-fitness.eu\/fr\/wp-json\/wp\/v2\/types\/product"}],"wp:featuredmedia":[{"embeddable":true,"href":"https:\/\/store.evolve-fitness.eu\/fr\/wp-json\/wp\/v2\/media\/29994"}],"wp:attachment":[{"href":"https:\/\/store.evolve-fitness.eu\/fr\/wp-json\/wp\/v2\/media?parent=29990"}],"wp:term":[{"taxonomy":"product_cat","embeddable":true,"href":"https:\/\/store.evolve-fitness.eu\/fr\/wp-json\/wp\/v2\/product_cat?post=29990"},{"taxonomy":"product_tag","embeddable":true,"href":"https:\/\/store.evolve-fitness.eu\/fr\/wp-json\/wp\/v2\/product_tag?post=29990"}],"curies":[{"name":"wp","href":"https:\/\/api.w.org\/{rel}","templated":true}]}}