{"id":29012,"date":"2023-10-11T10:45:27","date_gmt":"2023-10-11T10:45:27","guid":{"rendered":"https:\/\/store.evolve-fitness.eu\/product\/evolve-vertical-dumbbell-rack-10-paires\/"},"modified":"2026-04-30T12:00:47","modified_gmt":"2026-04-30T12:00:47","slug":"evolve-vertical-dumbbell-rack-10-paires","status":"publish","type":"product","link":"https:\/\/store.evolve-fitness.eu\/fr\/produit\/evolve-vertical-dumbbell-rack-10-paires\/","title":{"rendered":"Evolve Vertical Dumbbell Rack &#8211; 10 paires"},"content":{"rendered":"\n<section class=\"wp-block-group alignfull black-content has-white-color has-darkgray-background-color has-text-color has-background is-layout-constrained wp-block-group-is-layout-constrained\" style=\"padding-top:var(--wp--preset--spacing--section-bottom);padding-bottom:var(--wp--preset--spacing--section-bottom)\">\n<div class=\"wp-block-columns alignwide mobile-reverse is-layout-flex wp-container-core-columns-is-layout-ca64bf2d wp-block-columns-is-layout-flex\" style=\"margin-bottom:var(--wp--preset--spacing--side-padding)\">\n<div class=\"wp-block-column is-vertically-aligned-center is-layout-flow wp-block-column-is-layout-flow\">\n<h3 class=\"wp-block-heading\" style=\"margin-bottom:var(--wp--preset--spacing--h-3-bottom)\"><strong><strong>Conception verticale \u00e0 faible encombrement<\/strong><\/strong><\/h3>\n\n\n\n<p style=\"margin-bottom:var(--wp--preset--spacing--tb-section-padding)\">Notre Evolve Vertical Dumbbell Rack se distingue par son cadre compact et vertical. Cette conception peu encombrante est id\u00e9ale pour les salles de sport disposant d&rsquo;un espace limit\u00e9. Il permet de pr\u00e9senter et d&rsquo;acc\u00e9der \u00e0 une grande vari\u00e9t\u00e9 d&rsquo;halt\u00e8res, ce qui en fait un outil indispensable pour les amateurs de fitness et les propri\u00e9taires de salles de sport.<\/p>\n\n\n\n<h3 class=\"wp-block-heading\" style=\"margin-bottom:var(--wp--preset--spacing--h-3-bottom)\"><strong><strong>Durabilit\u00e9 et solidit\u00e9<\/strong><\/strong><\/h3>\n\n\n\n<p style=\"margin-bottom:var(--wp--preset--spacing--tb-section-padding)\">Fabriqu\u00e9 en m\u00e9tal robuste et soud\u00e9 pour une r\u00e9sistance accrue, le support vertical pour halt\u00e8res Evolve est con\u00e7u pour durer. Il est dot\u00e9 d&rsquo;un rev\u00eatement en poudre qui r\u00e9siste aux rayures et \u00e0 la rouille, ce qui lui permet de conserver son aspect professionnel pendant de nombreuses ann\u00e9es. Cette construction durable convient aux salles de sport commerciales tr\u00e8s fr\u00e9quent\u00e9es, aux installations militaires, aux espaces de bien-\u00eatre dans les bureaux et aux spas.<\/p>\n<\/div>\n\n\n\n<div class=\"wp-block-column is-vertically-aligned-center is-layout-flow wp-block-column-is-layout-flow\">\n<figure class=\"wp-block-video\"><video height=\"1089\" style=\"aspect-ratio: 1401 \/ 1089;\" width=\"1401\" autoplay=\"\" controls=\"\" loop=\"\" muted=\"\" src=\"https:\/\/evolve-fitness.eu\/wp-content\/uploads\/2023\/12\/2-4.mp4\"><\/video><\/figure>\n<\/div>\n<\/div>\n\n\n\n<div class=\"wp-block-columns alignwide is-layout-flex wp-container-core-columns-is-layout-c45ee707 wp-block-columns-is-layout-flex\" style=\"margin-bottom:var(--wp--preset--spacing--side-padding);padding-top:var(--wp--preset--spacing--side-padding)\">\n<div class=\"wp-block-column is-vertically-aligned-center is-layout-flow wp-block-column-is-layout-flow\">\n<figure class=\"wp-block-image size-full is-resized\"><img decoding=\"async\" src=\"https:\/\/evolve-fitness.eu\/wp-content\/uploads\/2023\/11\/Chrome-Dumbbells-whole-2.png\" alt=\"\" class=\"wp-image-4893\" style=\"object-fit:cover;width:680px;height:600px\"\/><\/figure>\n<\/div>\n\n\n\n<div class=\"wp-block-column is-vertically-aligned-center is-layout-constrained wp-block-column-is-layout-constrained\">\n<h3 class=\"wp-block-heading\" style=\"margin-bottom:var(--wp--preset--spacing--h-3-bottom)\"><strong>Conception fonctionnelle et protectrice<\/strong><\/h3>\n\n\n\n<p style=\"margin-bottom:var(--wp--preset--spacing--tb-section-padding)\">Les berceaux du rack sont recouverts d&rsquo;un mat\u00e9riau protecteur qui prot\u00e8ge les poign\u00e9es des halt\u00e8res contre les \u00e9br\u00e9chures et le moletage contre les rayures. Inclin\u00e9s pour plus de commodit\u00e9, ces berceaux facilitent la mise en place et le retrait des halt\u00e8res, ce qui permet de changer rapidement de poids pendant les s\u00e9ances d&rsquo;entra\u00eenement.<\/p>\n\n\n\n<h3 class=\"wp-block-heading\" style=\"margin-bottom:var(--wp--preset--spacing--h-3-bottom)\"><strong><strong>Compact et pratique<\/strong><\/strong><\/h3>\n\n\n\n<p style=\"margin-bottom:var(--wp--preset--spacing--tb-section-padding)\">Malgr\u00e9 sa capacit\u00e9 \u00e0 contenir jusqu&rsquo;\u00e0 10 paires d&rsquo;halt\u00e8res, les dimensions du rack (790 x 490 x 1500 mm) lui permettent de ne pas occuper beaucoup d&rsquo;espace. Cette taille compacte est id\u00e9ale pour garder votre espace de gym organis\u00e9 et vos halt\u00e8res accessibles.<\/p>\n<\/div>\n<\/div>\n\n\n\n<p class=\"has-text-align-center has-montserrat-font-family has-medium-2-font-size\"><strong>Le rack vertical d&rsquo;halt\u00e8res Evolve est la solution parfaite pour les salles de sport qui recherchent une option de stockage d&rsquo;\u00e9quipement durable, peu encombrante et fonctionnelle. Sa construction robuste, ses fonctions de protection et sa conception compacte en font un choix id\u00e9al pour toute salle de sport.<\/strong><\/p>\n<\/section>\n","protected":false},"excerpt":{"rendered":"<p>Maximisez l&rsquo;espace de votre salle de sport et gardez votre zone d&rsquo;entra\u00eenement organis\u00e9e avec le support vertical pour halt\u00e8res Evolve. Con\u00e7u pour contenir jusqu&rsquo;\u00e0 10 paires d&rsquo;halt\u00e8res, ce rack est un compl\u00e9ment id\u00e9al pour les salles de sport commerciales et domestiques.<\/p>\n","protected":false},"featured_media":95973,"template":"","meta":{"_acf_changed":false,"inline_featured_image":false},"product_cat":[413,975,976],"product_tag":[],"class_list":{"0":"post-29012","1":"product","2":"type-product","3":"status-publish","4":"has-post-thumbnail","6":"product_cat-page-daccueil","7":"product_cat-poids-libres","8":"product_cat-rayonnages-et-solutions-de-stockage","10":"first","11":"instock","12":"taxable","13":"shipping-taxable","14":"purchasable","15":"product-type-simple"},"acf":[],"_links":{"self":[{"href":"https:\/\/store.evolve-fitness.eu\/fr\/wp-json\/wp\/v2\/product\/29012","targetHints":{"allow":["GET"]}}],"collection":[{"href":"https:\/\/store.evolve-fitness.eu\/fr\/wp-json\/wp\/v2\/product"}],"about":[{"href":"https:\/\/store.evolve-fitness.eu\/fr\/wp-json\/wp\/v2\/types\/product"}],"wp:featuredmedia":[{"embeddable":true,"href":"https:\/\/store.evolve-fitness.eu\/fr\/wp-json\/wp\/v2\/media\/95973"}],"wp:attachment":[{"href":"https:\/\/store.evolve-fitness.eu\/fr\/wp-json\/wp\/v2\/media?parent=29012"}],"wp:term":[{"taxonomy":"product_cat","embeddable":true,"href":"https:\/\/store.evolve-fitness.eu\/fr\/wp-json\/wp\/v2\/product_cat?post=29012"},{"taxonomy":"product_tag","embeddable":true,"href":"https:\/\/store.evolve-fitness.eu\/fr\/wp-json\/wp\/v2\/product_tag?post=29012"}],"curies":[{"name":"wp","href":"https:\/\/api.w.org\/{rel}","templated":true}]}}