{"id":28960,"date":"2023-10-06T13:49:54","date_gmt":"2023-10-06T13:49:54","guid":{"rendered":"https:\/\/store.evolve-fitness.eu\/product\/coffrets-de-securite-evolve-pour-epingles-et-tuyaux\/"},"modified":"2024-05-24T08:30:10","modified_gmt":"2024-05-24T08:30:10","slug":"coffrets-de-securite-evolve-pour-epingles-et-tuyaux","status":"publish","type":"product","link":"https:\/\/store.evolve-fitness.eu\/fr\/produit\/coffrets-de-securite-evolve-pour-epingles-et-tuyaux\/","title":{"rendered":"Coffrets de s\u00e9curit\u00e9 Evolve pour \u00e9pingles et tuyaux"},"content":{"rendered":"","protected":false},"excerpt":{"rendered":"<p>Am\u00e9liorez la s\u00e9curit\u00e9 de votre formation avec les kits de s\u00e9curit\u00e9 Evolve Pin et Pipe. Ces ensembles essentiels sont con\u00e7us pour s&rsquo;int\u00e9grer parfaitement \u00e0 votre \u00e9quipement Evolve, offrant une protection accrue pendant les entra\u00eenements fonctionnels, de CrossFit, en groupe ou individuels. La conception modulaire du syst\u00e8me Evolve vous permet de personnaliser votre installation en fonction de vos besoins sp\u00e9cifiques, et ces kits de s\u00e9curit\u00e9 constituent un niveau de s\u00e9curit\u00e9 suppl\u00e9mentaire. D\u00e9couvrez la tranquillit\u00e9 d&rsquo;esprit et passez \u00e0 la vitesse sup\u00e9rieure gr\u00e2ce \u00e0 ces ensembles de s\u00e9curit\u00e9 fiables, disponibles en lots pratiques pour votre confort.<\/p>\n","protected":false},"featured_media":28962,"template":"","meta":{"_acf_changed":false,"inline_featured_image":false},"product_cat":[413,591,664,665],"product_tag":[],"class_list":{"0":"post-28960","1":"product","2":"type-product","3":"status-publish","4":"has-post-thumbnail","6":"product_cat-page-daccueil","7":"product_cat-transversal-et-fonctionnel","8":"product_cat-composants-de-lappareil-de-forage","9":"product_cat-accessoires-fr","11":"first","12":"instock","13":"shipping-taxable","14":"purchasable","15":"product-type-simple"},"acf":[],"_links":{"self":[{"href":"https:\/\/store.evolve-fitness.eu\/fr\/wp-json\/wp\/v2\/product\/28960","targetHints":{"allow":["GET"]}}],"collection":[{"href":"https:\/\/store.evolve-fitness.eu\/fr\/wp-json\/wp\/v2\/product"}],"about":[{"href":"https:\/\/store.evolve-fitness.eu\/fr\/wp-json\/wp\/v2\/types\/product"}],"wp:featuredmedia":[{"embeddable":true,"href":"https:\/\/store.evolve-fitness.eu\/fr\/wp-json\/wp\/v2\/media\/28962"}],"wp:attachment":[{"href":"https:\/\/store.evolve-fitness.eu\/fr\/wp-json\/wp\/v2\/media?parent=28960"}],"wp:term":[{"taxonomy":"product_cat","embeddable":true,"href":"https:\/\/store.evolve-fitness.eu\/fr\/wp-json\/wp\/v2\/product_cat?post=28960"},{"taxonomy":"product_tag","embeddable":true,"href":"https:\/\/store.evolve-fitness.eu\/fr\/wp-json\/wp\/v2\/product_tag?post=28960"}],"curies":[{"name":"wp","href":"https:\/\/api.w.org\/{rel}","templated":true}]}}