{"id":28883,"date":"2023-10-06T13:43:11","date_gmt":"2023-10-06T13:43:11","guid":{"rendered":"https:\/\/store.evolve-fitness.eu\/product\/piquets-de-courbure-evolve-paquet-de-4\/"},"modified":"2026-03-18T12:00:19","modified_gmt":"2026-03-18T12:00:19","slug":"piquets-de-courbure-evolve-paquet-de-4","status":"publish","type":"product","link":"https:\/\/store.evolve-fitness.eu\/fr\/produit\/piquets-de-courbure-evolve-paquet-de-4\/","title":{"rendered":"Piquets de courbure Evolve &#8211; paquet de 4"},"content":{"rendered":"","protected":false},"excerpt":{"rendered":"<p>Am\u00e9liorez votre appareil Evolve avec les Evolve Bend Pegs &#8211; un ensemble de quatre accessoires essentiels qui ouvrent un monde de possibilit\u00e9s d&rsquo;entra\u00eenement. Ces supports de flexion polyvalents sont con\u00e7us pour s&rsquo;int\u00e9grer parfaitement \u00e0 votre \u00e9quipement modulaire, ce qui vous permet d&rsquo;adapter votre installation \u00e0 vos objectifs de fitness uniques. Am\u00e9liorez vos s\u00e9ances d&rsquo;entra\u00eenement fonctionnel, de CrossFit, de groupe ou individuel en ajoutant ces piquets de flexion \u00e0 votre \u00e9quipement. D\u00e9couvrez le niveau sup\u00e9rieur de polyvalence et de fonctionnalit\u00e9 pour vos s\u00e9ances d&rsquo;entra\u00eenement avec ce pack pratique de 4.  <\/p>\n","protected":false},"featured_media":97906,"template":"","meta":{"_acf_changed":false,"inline_featured_image":false},"product_cat":[413,591,664,665],"product_tag":[],"class_list":{"0":"post-28883","1":"product","2":"type-product","3":"status-publish","4":"has-post-thumbnail","6":"product_cat-page-daccueil","7":"product_cat-transversal-et-fonctionnel","8":"product_cat-composants-de-lappareil-de-forage","9":"product_cat-accessoires-fr","11":"first","12":"outofstock","13":"shipping-taxable","14":"purchasable","15":"product-type-simple"},"acf":[],"_links":{"self":[{"href":"https:\/\/store.evolve-fitness.eu\/fr\/wp-json\/wp\/v2\/product\/28883","targetHints":{"allow":["GET"]}}],"collection":[{"href":"https:\/\/store.evolve-fitness.eu\/fr\/wp-json\/wp\/v2\/product"}],"about":[{"href":"https:\/\/store.evolve-fitness.eu\/fr\/wp-json\/wp\/v2\/types\/product"}],"wp:featuredmedia":[{"embeddable":true,"href":"https:\/\/store.evolve-fitness.eu\/fr\/wp-json\/wp\/v2\/media\/97906"}],"wp:attachment":[{"href":"https:\/\/store.evolve-fitness.eu\/fr\/wp-json\/wp\/v2\/media?parent=28883"}],"wp:term":[{"taxonomy":"product_cat","embeddable":true,"href":"https:\/\/store.evolve-fitness.eu\/fr\/wp-json\/wp\/v2\/product_cat?post=28883"},{"taxonomy":"product_tag","embeddable":true,"href":"https:\/\/store.evolve-fitness.eu\/fr\/wp-json\/wp\/v2\/product_tag?post=28883"}],"curies":[{"name":"wp","href":"https:\/\/api.w.org\/{rel}","templated":true}]}}