{"id":28686,"date":"2023-10-05T14:42:22","date_gmt":"2023-10-05T14:42:22","guid":{"rendered":"https:\/\/store.evolve-fitness.eu\/product\/porte-barre-vertical-evolve\/"},"modified":"2026-01-19T12:00:09","modified_gmt":"2026-01-19T12:00:09","slug":"porte-barre-vertical-evolve","status":"publish","type":"product","link":"https:\/\/store.evolve-fitness.eu\/fr\/produit\/porte-barre-vertical-evolve\/","title":{"rendered":"Porte-barre vertical Evolve"},"content":{"rendered":"","protected":false},"excerpt":{"rendered":"<p>Am\u00e9liorez votre entra\u00eenement avec le support de barre verticale Evolve, un compl\u00e9ment essentiel au syst\u00e8me d&rsquo;\u00e9quipement Evolve. Ce support modulaire est con\u00e7u pour am\u00e9liorer vos entra\u00eenements fonctionnels, CrossFit, collectifs ou individuels. Sa polyvalence vous permet de personnaliser votre \u00e9quipement, en y attachant un large \u00e9ventail d&rsquo;accessoires pour maximiser la fonctionnalit\u00e9. Transformez votre programme de remise en forme et atteignez de nouveaux sommets gr\u00e2ce \u00e0 cet outil essentiel. Prix par pi\u00e8ce.<\/p>\n","protected":false},"featured_media":28698,"template":"","meta":{"_acf_changed":false,"inline_featured_image":false},"product_cat":[665,664,413,591],"product_tag":[],"class_list":{"0":"post-28686","1":"product","2":"type-product","3":"status-publish","4":"has-post-thumbnail","6":"product_cat-accessoires-fr","7":"product_cat-composants-de-lappareil-de-forage","8":"product_cat-page-daccueil","9":"product_cat-transversal-et-fonctionnel","11":"first","12":"instock","13":"shipping-taxable","14":"purchasable","15":"product-type-simple"},"acf":[],"_links":{"self":[{"href":"https:\/\/store.evolve-fitness.eu\/fr\/wp-json\/wp\/v2\/product\/28686","targetHints":{"allow":["GET"]}}],"collection":[{"href":"https:\/\/store.evolve-fitness.eu\/fr\/wp-json\/wp\/v2\/product"}],"about":[{"href":"https:\/\/store.evolve-fitness.eu\/fr\/wp-json\/wp\/v2\/types\/product"}],"wp:featuredmedia":[{"embeddable":true,"href":"https:\/\/store.evolve-fitness.eu\/fr\/wp-json\/wp\/v2\/media\/28698"}],"wp:attachment":[{"href":"https:\/\/store.evolve-fitness.eu\/fr\/wp-json\/wp\/v2\/media?parent=28686"}],"wp:term":[{"taxonomy":"product_cat","embeddable":true,"href":"https:\/\/store.evolve-fitness.eu\/fr\/wp-json\/wp\/v2\/product_cat?post=28686"},{"taxonomy":"product_tag","embeddable":true,"href":"https:\/\/store.evolve-fitness.eu\/fr\/wp-json\/wp\/v2\/product_tag?post=28686"}],"curies":[{"name":"wp","href":"https:\/\/api.w.org\/{rel}","templated":true}]}}