{"id":28512,"date":"2023-10-05T14:52:39","date_gmt":"2023-10-05T14:52:39","guid":{"rendered":"https:\/\/store.evolve-fitness.eu\/product\/cible-de-balle-murale-evolve\/"},"modified":"2024-03-13T23:32:06","modified_gmt":"2024-03-13T23:32:06","slug":"cible-de-balle-murale-evolve","status":"publish","type":"product","link":"https:\/\/store.evolve-fitness.eu\/fr\/produit\/cible-de-balle-murale-evolve\/","title":{"rendered":"Cible de balle murale Evolve"},"content":{"rendered":"","protected":false},"excerpt":{"rendered":"<p>L&rsquo;Evolve Wall Ball Target &#8211; Long Attachment est indispensable pour \u00e9largir vos horizons en mati\u00e8re de fitness. Compatible avec les appareils polyvalents Evolve, cet accessoire modulaire ouvre de nouvelles dimensions pour l&rsquo;entra\u00eenement fonctionnel, le CrossFit, les s\u00e9ances d&rsquo;entra\u00eenement en groupe ou les s\u00e9ances individuelles. Gr\u00e2ce \u00e0 sa conception conviviale, vous pouvez facilement adapter votre appareil et y fixer une gamme vari\u00e9e d&rsquo;accessoires, am\u00e9liorant ainsi sa fonctionnalit\u00e9. Cet outil essentiel vous permet d&rsquo;am\u00e9liorer votre condition physique et de viser plus haut. Prix par pi\u00e8ce.<\/p>\n","protected":false},"featured_media":28522,"template":"","meta":{"_acf_changed":false,"inline_featured_image":false},"product_cat":[591,664,665],"product_tag":[],"class_list":{"0":"post-28512","1":"product","2":"type-product","3":"status-publish","4":"has-post-thumbnail","6":"product_cat-transversal-et-fonctionnel","7":"product_cat-composants-de-lappareil-de-forage","8":"product_cat-accessoires-fr","10":"first","11":"instock","12":"shipping-taxable","13":"purchasable","14":"product-type-simple"},"acf":[],"_links":{"self":[{"href":"https:\/\/store.evolve-fitness.eu\/fr\/wp-json\/wp\/v2\/product\/28512","targetHints":{"allow":["GET"]}}],"collection":[{"href":"https:\/\/store.evolve-fitness.eu\/fr\/wp-json\/wp\/v2\/product"}],"about":[{"href":"https:\/\/store.evolve-fitness.eu\/fr\/wp-json\/wp\/v2\/types\/product"}],"wp:featuredmedia":[{"embeddable":true,"href":"https:\/\/store.evolve-fitness.eu\/fr\/wp-json\/wp\/v2\/media\/28522"}],"wp:attachment":[{"href":"https:\/\/store.evolve-fitness.eu\/fr\/wp-json\/wp\/v2\/media?parent=28512"}],"wp:term":[{"taxonomy":"product_cat","embeddable":true,"href":"https:\/\/store.evolve-fitness.eu\/fr\/wp-json\/wp\/v2\/product_cat?post=28512"},{"taxonomy":"product_tag","embeddable":true,"href":"https:\/\/store.evolve-fitness.eu\/fr\/wp-json\/wp\/v2\/product_tag?post=28512"}],"curies":[{"name":"wp","href":"https:\/\/api.w.org\/{rel}","templated":true}]}}