{"id":28440,"date":"2023-10-04T13:54:10","date_gmt":"2023-10-04T13:54:10","guid":{"rendered":"https:\/\/store.evolve-fitness.eu\/product\/evolve-dip-bar\/"},"modified":"2024-08-06T12:55:37","modified_gmt":"2024-08-06T12:55:37","slug":"evolve-dip-bar","status":"publish","type":"product","link":"https:\/\/store.evolve-fitness.eu\/fr\/produit\/evolve-dip-bar\/","title":{"rendered":"Evolve Dip bar"},"content":{"rendered":"","protected":false},"excerpt":{"rendered":"<p>L&rsquo;Evolve Dip Bar est un appareil de fitness polyvalent con\u00e7u pour am\u00e9liorer votre entra\u00eenement fonctionnel, vos s\u00e9ances de CrossFit, vos s\u00e9ances d&rsquo;entra\u00eenement en groupe ou vos routines de fitness individuelles. Sa conception modulaire vous permet de l&rsquo;adapter \u00e0 vos besoins sp\u00e9cifiques et d&rsquo;y ajouter facilement une pl\u00e9thore d&rsquo;accessoires, am\u00e9liorant ainsi sa fonctionnalit\u00e9 au maximum. Pr\u00e9parez-vous \u00e0 faire \u00e9voluer votre parcours de remise en forme avec cet \u00e9quipement exceptionnel. Prix par pi\u00e8ce.  <\/p>\n","protected":false},"featured_media":28443,"template":"","meta":{"_acf_changed":false,"inline_featured_image":false},"product_cat":[413,591,664,665],"product_tag":[],"class_list":{"0":"post-28440","1":"product","2":"type-product","3":"status-publish","4":"has-post-thumbnail","6":"product_cat-page-daccueil","7":"product_cat-transversal-et-fonctionnel","8":"product_cat-composants-de-lappareil-de-forage","9":"product_cat-accessoires-fr","11":"first","12":"instock","13":"shipping-taxable","14":"purchasable","15":"product-type-simple"},"acf":[],"_links":{"self":[{"href":"https:\/\/store.evolve-fitness.eu\/fr\/wp-json\/wp\/v2\/product\/28440","targetHints":{"allow":["GET"]}}],"collection":[{"href":"https:\/\/store.evolve-fitness.eu\/fr\/wp-json\/wp\/v2\/product"}],"about":[{"href":"https:\/\/store.evolve-fitness.eu\/fr\/wp-json\/wp\/v2\/types\/product"}],"wp:featuredmedia":[{"embeddable":true,"href":"https:\/\/store.evolve-fitness.eu\/fr\/wp-json\/wp\/v2\/media\/28443"}],"wp:attachment":[{"href":"https:\/\/store.evolve-fitness.eu\/fr\/wp-json\/wp\/v2\/media?parent=28440"}],"wp:term":[{"taxonomy":"product_cat","embeddable":true,"href":"https:\/\/store.evolve-fitness.eu\/fr\/wp-json\/wp\/v2\/product_cat?post=28440"},{"taxonomy":"product_tag","embeddable":true,"href":"https:\/\/store.evolve-fitness.eu\/fr\/wp-json\/wp\/v2\/product_tag?post=28440"}],"curies":[{"name":"wp","href":"https:\/\/api.w.org\/{rel}","templated":true}]}}