{"id":28252,"date":"2023-10-05T14:26:57","date_gmt":"2023-10-05T14:26:57","guid":{"rendered":"https:\/\/store.evolve-fitness.eu\/product\/porte-corde-ceinture-evolve\/"},"modified":"2024-03-13T23:29:54","modified_gmt":"2024-03-13T23:29:54","slug":"porte-corde-ceinture-evolve","status":"publish","type":"product","link":"https:\/\/store.evolve-fitness.eu\/fr\/produit\/porte-corde-ceinture-evolve\/","title":{"rendered":"Porte-corde \/ ceinture Evolve"},"content":{"rendered":"","protected":false},"excerpt":{"rendered":"<p>Lib\u00e9rez votre potentiel d&rsquo;entra\u00eenement avec le porte-corde \/ ceinture Evolve, un \u00e9l\u00e9ment cl\u00e9 du syst\u00e8me d&rsquo;\u00e9quipement Evolve. Con\u00e7u pour \u00eatre polyvalent, ce support modulaire s&rsquo;int\u00e8gre parfaitement \u00e0 vos entra\u00eenements fonctionnels, CrossFit, collectifs ou individuels. Sa capacit\u00e9 d&rsquo;adaptation vous permet de cr\u00e9er un \u00e9quipement personnalis\u00e9, amplifiant vos options d&rsquo;entra\u00eenement et vos fonctionnalit\u00e9s. Am\u00e9liorez votre parcours de remise en forme d\u00e8s aujourd&rsquo;hui avec cet accessoire indispensable. Prix par pi\u00e8ce.<\/p>\n","protected":false},"featured_media":28271,"template":"","meta":{"_acf_changed":false,"inline_featured_image":false},"product_cat":[665,664,413,591],"product_tag":[],"class_list":{"0":"post-28252","1":"product","2":"type-product","3":"status-publish","4":"has-post-thumbnail","6":"product_cat-accessoires-fr","7":"product_cat-composants-de-lappareil-de-forage","8":"product_cat-page-daccueil","9":"product_cat-transversal-et-fonctionnel","11":"first","12":"instock","13":"shipping-taxable","14":"purchasable","15":"product-type-simple"},"acf":[],"_links":{"self":[{"href":"https:\/\/store.evolve-fitness.eu\/fr\/wp-json\/wp\/v2\/product\/28252","targetHints":{"allow":["GET"]}}],"collection":[{"href":"https:\/\/store.evolve-fitness.eu\/fr\/wp-json\/wp\/v2\/product"}],"about":[{"href":"https:\/\/store.evolve-fitness.eu\/fr\/wp-json\/wp\/v2\/types\/product"}],"wp:featuredmedia":[{"embeddable":true,"href":"https:\/\/store.evolve-fitness.eu\/fr\/wp-json\/wp\/v2\/media\/28271"}],"wp:attachment":[{"href":"https:\/\/store.evolve-fitness.eu\/fr\/wp-json\/wp\/v2\/media?parent=28252"}],"wp:term":[{"taxonomy":"product_cat","embeddable":true,"href":"https:\/\/store.evolve-fitness.eu\/fr\/wp-json\/wp\/v2\/product_cat?post=28252"},{"taxonomy":"product_tag","embeddable":true,"href":"https:\/\/store.evolve-fitness.eu\/fr\/wp-json\/wp\/v2\/product_tag?post=28252"}],"curies":[{"name":"wp","href":"https:\/\/api.w.org\/{rel}","templated":true}]}}