{"id":28066,"date":"2023-10-04T13:18:22","date_gmt":"2023-10-04T13:18:22","guid":{"rendered":"https:\/\/store.evolve-fitness.eu\/product\/evolve-sangles-de-securite-110-cm\/"},"modified":"2024-03-13T23:25:26","modified_gmt":"2024-03-13T23:25:26","slug":"evolve-sangles-de-securite-110-cm","status":"publish","type":"product","link":"https:\/\/store.evolve-fitness.eu\/fr\/produit\/evolve-sangles-de-securite-110-cm\/","title":{"rendered":"Evolve Sangles de s\u00e9curit\u00e9 &#8211; 110 cm"},"content":{"rendered":"","protected":false},"excerpt":{"rendered":"<p>Am\u00e9liorez la s\u00e9curit\u00e9 et la polyvalence de votre entra\u00eenement avec les sangles de s\u00e9curit\u00e9 Evolve. Ces accessoires essentiels, con\u00e7us pour \u00eatre utilis\u00e9s avec les appareils Evolve, am\u00e9liorent votre entra\u00eenement fonctionnel, votre crossfit, vos s\u00e9ances d&rsquo;entra\u00eenement en groupe ou vos s\u00e9ances d&rsquo;entra\u00eenement individuelles. Gr\u00e2ce \u00e0 leur conception modulaire, il est facile de personnaliser votre appareil pour r\u00e9pondre \u00e0 vos besoins sp\u00e9cifiques et d&rsquo;\u00e9tendre ses capacit\u00e9s en y attachant divers accessoires. Donnez la priorit\u00e9 \u00e0 la s\u00e9curit\u00e9 et am\u00e9liorez votre exp\u00e9rience d&rsquo;entra\u00eenement avec cette paire de sangles de s\u00e9curit\u00e9, disponible \u00e0 un prix attractif.<\/p>\n","protected":false},"featured_media":28071,"template":"","meta":{"_acf_changed":false,"inline_featured_image":false},"product_cat":[413,591,664,665],"product_tag":[],"class_list":{"0":"post-28066","1":"product","2":"type-product","3":"status-publish","4":"has-post-thumbnail","6":"product_cat-page-daccueil","7":"product_cat-transversal-et-fonctionnel","8":"product_cat-composants-de-lappareil-de-forage","9":"product_cat-accessoires-fr","11":"first","12":"instock","13":"shipping-taxable","14":"purchasable","15":"product-type-simple"},"acf":[],"_links":{"self":[{"href":"https:\/\/store.evolve-fitness.eu\/fr\/wp-json\/wp\/v2\/product\/28066","targetHints":{"allow":["GET"]}}],"collection":[{"href":"https:\/\/store.evolve-fitness.eu\/fr\/wp-json\/wp\/v2\/product"}],"about":[{"href":"https:\/\/store.evolve-fitness.eu\/fr\/wp-json\/wp\/v2\/types\/product"}],"wp:featuredmedia":[{"embeddable":true,"href":"https:\/\/store.evolve-fitness.eu\/fr\/wp-json\/wp\/v2\/media\/28071"}],"wp:attachment":[{"href":"https:\/\/store.evolve-fitness.eu\/fr\/wp-json\/wp\/v2\/media?parent=28066"}],"wp:term":[{"taxonomy":"product_cat","embeddable":true,"href":"https:\/\/store.evolve-fitness.eu\/fr\/wp-json\/wp\/v2\/product_cat?post=28066"},{"taxonomy":"product_tag","embeddable":true,"href":"https:\/\/store.evolve-fitness.eu\/fr\/wp-json\/wp\/v2\/product_tag?post=28066"}],"curies":[{"name":"wp","href":"https:\/\/api.w.org\/{rel}","templated":true}]}}