{"id":27983,"date":"2023-10-04T13:45:54","date_gmt":"2023-10-04T13:45:54","guid":{"rendered":"https:\/\/store.evolve-fitness.eu\/product\/mine-terrestre-evolutive\/"},"modified":"2024-03-13T23:27:36","modified_gmt":"2024-03-13T23:27:36","slug":"mine-terrestre-evolutive","status":"publish","type":"product","link":"https:\/\/store.evolve-fitness.eu\/fr\/produit\/mine-terrestre-evolutive\/","title":{"rendered":"Mine terrestre \u00e9volutive"},"content":{"rendered":"","protected":false},"excerpt":{"rendered":"<p>\u00c9largissez vos options d&rsquo;entra\u00eenement avec l&rsquo;accessoire Evolve Land Mine. Con\u00e7u pour s&rsquo;int\u00e9grer parfaitement aux appareils Evolve, cet accessoire polyvalent am\u00e9liore le fitness fonctionnel, le crossfit, les s\u00e9ances d&rsquo;entra\u00eenement en groupe ou l&rsquo;entra\u00eenement individuel. Sa conception modulaire vous permet de personnaliser votre appareil en fonction de vos besoins sp\u00e9cifiques et d&rsquo;y fixer sans effort divers accessoires. Am\u00e9liorez votre exp\u00e9rience d&rsquo;entra\u00eenement avec la mine terrestre Evolve, disponible \u00e0 un prix attractif par pi\u00e8ce.<\/p>\n","protected":false},"featured_media":27993,"template":"","meta":{"_acf_changed":false,"inline_featured_image":false},"product_cat":[413,591,664,665],"product_tag":[],"class_list":{"0":"post-27983","1":"product","2":"type-product","3":"status-publish","4":"has-post-thumbnail","6":"product_cat-page-daccueil","7":"product_cat-transversal-et-fonctionnel","8":"product_cat-composants-de-lappareil-de-forage","9":"product_cat-accessoires-fr","11":"first","12":"instock","13":"shipping-taxable","14":"purchasable","15":"product-type-simple"},"acf":[],"_links":{"self":[{"href":"https:\/\/store.evolve-fitness.eu\/fr\/wp-json\/wp\/v2\/product\/27983","targetHints":{"allow":["GET"]}}],"collection":[{"href":"https:\/\/store.evolve-fitness.eu\/fr\/wp-json\/wp\/v2\/product"}],"about":[{"href":"https:\/\/store.evolve-fitness.eu\/fr\/wp-json\/wp\/v2\/types\/product"}],"wp:featuredmedia":[{"embeddable":true,"href":"https:\/\/store.evolve-fitness.eu\/fr\/wp-json\/wp\/v2\/media\/27993"}],"wp:attachment":[{"href":"https:\/\/store.evolve-fitness.eu\/fr\/wp-json\/wp\/v2\/media?parent=27983"}],"wp:term":[{"taxonomy":"product_cat","embeddable":true,"href":"https:\/\/store.evolve-fitness.eu\/fr\/wp-json\/wp\/v2\/product_cat?post=27983"},{"taxonomy":"product_tag","embeddable":true,"href":"https:\/\/store.evolve-fitness.eu\/fr\/wp-json\/wp\/v2\/product_tag?post=27983"}],"curies":[{"name":"wp","href":"https:\/\/api.w.org\/{rel}","templated":true}]}}