{"id":27808,"date":"2023-10-04T13:39:05","date_gmt":"2023-10-04T13:39:05","guid":{"rendered":"https:\/\/store.evolve-fitness.eu\/product\/ancrage-de-corde-evolve\/"},"modified":"2024-03-13T23:26:57","modified_gmt":"2024-03-13T23:26:57","slug":"ancrage-de-corde-evolve","status":"publish","type":"product","link":"https:\/\/store.evolve-fitness.eu\/fr\/produit\/ancrage-de-corde-evolve\/","title":{"rendered":"Ancrage de corde Evolve"},"content":{"rendered":"","protected":false},"excerpt":{"rendered":"<p>Am\u00e9liorez la polyvalence de votre entra\u00eenement avec l&rsquo;ancrage de corde Evolve. Con\u00e7u pour s&rsquo;int\u00e9grer parfaitement aux appareils Evolve, cet accessoire essentiel \u00e9largit vos options pour le fitness fonctionnel, le crossfit, les s\u00e9ances de groupe ou les entra\u00eenements individuels. La conception modulaire vous permet de personnaliser votre appareil en fonction de vos besoins pr\u00e9cis et d&rsquo;y attacher facilement une vari\u00e9t\u00e9 d&rsquo;accessoires. Am\u00e9liorez votre exp\u00e9rience de formation avec cet ancrage de corde, disponible \u00e0 un prix attractif par pi\u00e8ce.<\/p>\n","protected":false},"featured_media":27832,"template":"","meta":{"_acf_changed":false,"inline_featured_image":false},"product_cat":[413,591,664,665],"product_tag":[],"class_list":{"0":"post-27808","1":"product","2":"type-product","3":"status-publish","4":"has-post-thumbnail","6":"product_cat-page-daccueil","7":"product_cat-transversal-et-fonctionnel","8":"product_cat-composants-de-lappareil-de-forage","9":"product_cat-accessoires-fr","11":"first","12":"instock","13":"shipping-taxable","14":"purchasable","15":"product-type-simple"},"acf":[],"_links":{"self":[{"href":"https:\/\/store.evolve-fitness.eu\/fr\/wp-json\/wp\/v2\/product\/27808","targetHints":{"allow":["GET"]}}],"collection":[{"href":"https:\/\/store.evolve-fitness.eu\/fr\/wp-json\/wp\/v2\/product"}],"about":[{"href":"https:\/\/store.evolve-fitness.eu\/fr\/wp-json\/wp\/v2\/types\/product"}],"wp:featuredmedia":[{"embeddable":true,"href":"https:\/\/store.evolve-fitness.eu\/fr\/wp-json\/wp\/v2\/media\/27832"}],"wp:attachment":[{"href":"https:\/\/store.evolve-fitness.eu\/fr\/wp-json\/wp\/v2\/media?parent=27808"}],"wp:term":[{"taxonomy":"product_cat","embeddable":true,"href":"https:\/\/store.evolve-fitness.eu\/fr\/wp-json\/wp\/v2\/product_cat?post=27808"},{"taxonomy":"product_tag","embeddable":true,"href":"https:\/\/store.evolve-fitness.eu\/fr\/wp-json\/wp\/v2\/product_tag?post=27808"}],"curies":[{"name":"wp","href":"https:\/\/api.w.org\/{rel}","templated":true}]}}