{"id":27637,"date":"2023-10-04T13:09:56","date_gmt":"2023-10-04T13:09:56","guid":{"rendered":"https:\/\/store.evolve-fitness.eu\/product\/accessoire-evolve-monolift\/"},"modified":"2024-03-13T23:24:45","modified_gmt":"2024-03-13T23:24:45","slug":"accessoire-evolve-monolift","status":"publish","type":"product","link":"https:\/\/store.evolve-fitness.eu\/fr\/produit\/accessoire-evolve-monolift\/","title":{"rendered":"Accessoire Evolve Monolift"},"content":{"rendered":"","protected":false},"excerpt":{"rendered":"<p>Faites passer votre entra\u00eenement au niveau sup\u00e9rieur avec l&rsquo;accessoire Evolve Monolift. Con\u00e7us pour compl\u00e9ter les appareils Evolve, ces accessoires polyvalents am\u00e9liorent le fitness fonctionnel, le crossfit, les s\u00e9ances d&rsquo;entra\u00eenement en groupe ou l&rsquo;entra\u00eenement individuel. Gr\u00e2ce \u00e0 sa conception modulaire, vous pouvez facilement personnaliser votre appareil et \u00e9tendre ses capacit\u00e9s en y attachant divers accessoires. Am\u00e9liorez votre exp\u00e9rience de formation avec cette paire d&rsquo;accessoires monolift, disponible \u00e0 un prix attractif.<\/p>\n","protected":false},"featured_media":27646,"template":"","meta":{"_acf_changed":false,"inline_featured_image":false},"product_cat":[413,591,664,665],"product_tag":[],"class_list":{"0":"post-27637","1":"product","2":"type-product","3":"status-publish","4":"has-post-thumbnail","6":"product_cat-page-daccueil","7":"product_cat-transversal-et-fonctionnel","8":"product_cat-composants-de-lappareil-de-forage","9":"product_cat-accessoires-fr","11":"first","12":"instock","13":"shipping-taxable","14":"purchasable","15":"product-type-simple"},"acf":[],"_links":{"self":[{"href":"https:\/\/store.evolve-fitness.eu\/fr\/wp-json\/wp\/v2\/product\/27637","targetHints":{"allow":["GET"]}}],"collection":[{"href":"https:\/\/store.evolve-fitness.eu\/fr\/wp-json\/wp\/v2\/product"}],"about":[{"href":"https:\/\/store.evolve-fitness.eu\/fr\/wp-json\/wp\/v2\/types\/product"}],"wp:featuredmedia":[{"embeddable":true,"href":"https:\/\/store.evolve-fitness.eu\/fr\/wp-json\/wp\/v2\/media\/27646"}],"wp:attachment":[{"href":"https:\/\/store.evolve-fitness.eu\/fr\/wp-json\/wp\/v2\/media?parent=27637"}],"wp:term":[{"taxonomy":"product_cat","embeddable":true,"href":"https:\/\/store.evolve-fitness.eu\/fr\/wp-json\/wp\/v2\/product_cat?post=27637"},{"taxonomy":"product_tag","embeddable":true,"href":"https:\/\/store.evolve-fitness.eu\/fr\/wp-json\/wp\/v2\/product_tag?post=27637"}],"curies":[{"name":"wp","href":"https:\/\/api.w.org\/{rel}","templated":true}]}}