{"id":27485,"date":"2023-10-04T11:10:53","date_gmt":"2023-10-04T11:10:53","guid":{"rendered":"https:\/\/store.evolve-fitness.eu\/product\/bras-de-reperage-evolve\/"},"modified":"2024-03-13T23:22:35","modified_gmt":"2024-03-13T23:22:35","slug":"bras-de-reperage-evolve","status":"publish","type":"product","link":"https:\/\/store.evolve-fitness.eu\/fr\/produit\/bras-de-reperage-evolve\/","title":{"rendered":"Bras de rep\u00e9rage Evolve"},"content":{"rendered":"","protected":false},"excerpt":{"rendered":"<p>Am\u00e9liorez la s\u00e9curit\u00e9 et la polyvalence de votre entra\u00eenement avec les bras d&rsquo;observation Evolve. Compatibles avec les appareils Evolve, ces accessoires essentiels sont con\u00e7us pour am\u00e9liorer vos s\u00e9ances d&rsquo;entra\u00eenement. Personnalisez facilement votre \u00e9quipement et donnez la priorit\u00e9 \u00e0 la s\u00e9curit\u00e9 avec cette paire, le tout \u00e0 un prix attractif.<\/p>\n","protected":false},"featured_media":27492,"template":"","meta":{"_acf_changed":false,"inline_featured_image":false},"product_cat":[413,591,664,665],"product_tag":[],"class_list":{"0":"post-27485","1":"product","2":"type-product","3":"status-publish","4":"has-post-thumbnail","6":"product_cat-page-daccueil","7":"product_cat-transversal-et-fonctionnel","8":"product_cat-composants-de-lappareil-de-forage","9":"product_cat-accessoires-fr","11":"first","12":"instock","13":"shipping-taxable","14":"purchasable","15":"product-type-simple"},"acf":[],"_links":{"self":[{"href":"https:\/\/store.evolve-fitness.eu\/fr\/wp-json\/wp\/v2\/product\/27485","targetHints":{"allow":["GET"]}}],"collection":[{"href":"https:\/\/store.evolve-fitness.eu\/fr\/wp-json\/wp\/v2\/product"}],"about":[{"href":"https:\/\/store.evolve-fitness.eu\/fr\/wp-json\/wp\/v2\/types\/product"}],"wp:featuredmedia":[{"embeddable":true,"href":"https:\/\/store.evolve-fitness.eu\/fr\/wp-json\/wp\/v2\/media\/27492"}],"wp:attachment":[{"href":"https:\/\/store.evolve-fitness.eu\/fr\/wp-json\/wp\/v2\/media?parent=27485"}],"wp:term":[{"taxonomy":"product_cat","embeddable":true,"href":"https:\/\/store.evolve-fitness.eu\/fr\/wp-json\/wp\/v2\/product_cat?post=27485"},{"taxonomy":"product_tag","embeddable":true,"href":"https:\/\/store.evolve-fitness.eu\/fr\/wp-json\/wp\/v2\/product_tag?post=27485"}],"curies":[{"name":"wp","href":"https:\/\/api.w.org\/{rel}","templated":true}]}}