{"id":27431,"date":"2023-10-04T10:47:22","date_gmt":"2023-10-04T10:47:22","guid":{"rendered":"https:\/\/store.evolve-fitness.eu\/product\/coupe-de-geai-evolve-premium\/"},"modified":"2024-03-13T17:45:59","modified_gmt":"2024-03-13T17:45:59","slug":"coupe-de-geai-evolve-premium","status":"publish","type":"product","link":"https:\/\/store.evolve-fitness.eu\/fr\/produit\/coupe-de-geai-evolve-premium\/","title":{"rendered":"Coupe de geai Evolve Premium"},"content":{"rendered":"\n<section class=\"wp-block-group alignfull black-content has-white-color has-darkgray-background-color has-text-color has-background is-layout-constrained wp-block-group-is-layout-constrained\" style=\"padding-top:var(--wp--preset--spacing--section-bottom);padding-bottom:var(--wp--preset--spacing--section-bottom)\">\n<div class=\"wp-block-columns alignwide mobile-reverse is-layout-flex wp-container-core-columns-is-layout-ca64bf2d wp-block-columns-is-layout-flex\" style=\"margin-bottom:var(--wp--preset--spacing--side-padding)\">\n<div class=\"wp-block-column is-vertically-aligned-center is-layout-flow wp-block-column-is-layout-flow\">\n<h3 class=\"wp-block-heading\" style=\"margin-bottom:var(--wp--preset--spacing--h-3-bottom)\">attachement fonctionnel<\/h3>\n\n\n\n<p><strong><em>Con\u00e7u pour les plates-formes Evolve<\/em><\/strong><\/p>\n\n\n\n<p style=\"margin-bottom:var(--wp--preset--spacing--tb-section-padding)\">Convient pour am\u00e9liorer les exercices de fitness fonctionnel, de CrossFit et pour les s\u00e9ances d&rsquo;entra\u00eenement individuelles ou en groupe. Sa facilit\u00e9 de personnalisation en fait un compl\u00e9ment polyvalent \u00e0 tout \u00e9quipement d&rsquo;entra\u00eenement.<\/p>\n<\/div>\n\n\n\n<div class=\"wp-block-column is-vertically-aligned-center is-layout-flow wp-block-column-is-layout-flow\">\n<figure class=\"wp-block-image size-large\"><img decoding=\"async\" src=\"https:\/\/evolve-fitness.eu\/wp-content\/uploads\/2023\/11\/A7_08277-683x1024.jpg\" alt=\"\" class=\"wp-image-9128\"\/><\/figure>\n<\/div>\n<\/div>\n\n\n\n<div class=\"wp-block-columns alignwide is-layout-flex wp-container-core-columns-is-layout-c45ee707 wp-block-columns-is-layout-flex\" style=\"margin-bottom:var(--wp--preset--spacing--side-padding);padding-top:var(--wp--preset--spacing--side-padding)\">\n<div class=\"wp-block-column is-vertically-aligned-center is-layout-flow wp-block-column-is-layout-flow\">\n<figure class=\"wp-block-image size-large\"><img decoding=\"async\" src=\"https:\/\/evolve-fitness.eu\/wp-content\/uploads\/2023\/11\/A7_08282-1024x683.jpg\" alt=\"\" class=\"wp-image-9130\"\/><\/figure>\n<\/div>\n\n\n\n<div class=\"wp-block-column is-vertically-aligned-center is-layout-flow wp-block-column-is-layout-flow\">\n<h3 class=\"wp-block-heading\" style=\"margin-bottom:var(--wp--preset--spacing--h-3-bottom)\"><strong><strong><strong>conception robuste<\/strong><\/strong><\/strong><\/h3>\n\n\n\n<p><strong><em>Assure la stabilit\u00e9 et la s\u00e9curit\u00e9 lors des lev\u00e9es de charges lourdes<\/em><\/strong><\/p>\n\n\n\n<p style=\"margin-bottom:var(--wp--preset--spacing--tb-section-padding)\">Un accessoire essentiel pour les appareils Evolve, principalement utilis\u00e9 pour les exercices de powerlifting et de levage olympique. Cet \u00e9quipement est con\u00e7u pour durer, fabriqu\u00e9 avec des mat\u00e9riaux de haute qualit\u00e9 pour r\u00e9sister aux exigences des s\u00e9ances d&rsquo;entra\u00eenement intenses.<\/p>\n<\/div>\n<\/div>\n<\/section>\n","protected":false},"excerpt":{"rendered":"<p>Am\u00e9liorez votre exp\u00e9rience d&rsquo;entra\u00eenement avec l&rsquo;Evolve Premium Jay Cup. Con\u00e7u pour les appareils Evolve, il am\u00e9liore la fonctionnalit\u00e9 de l&rsquo;entra\u00eenement fonctionnel, du crossfit, de l&rsquo;entra\u00eenement en groupe ou individuel. Personnalisez facilement votre \u00e9quipement et maximisez la polyvalence avec cette paire, le tout \u00e0 un prix attractif\u00a0\u00bb.<\/p>\n","protected":false},"featured_media":27449,"template":"","meta":{"_acf_changed":false,"inline_featured_image":false},"product_cat":[413,591,664,665],"product_tag":[],"class_list":{"0":"post-27431","1":"product","2":"type-product","3":"status-publish","4":"has-post-thumbnail","6":"product_cat-page-daccueil","7":"product_cat-transversal-et-fonctionnel","8":"product_cat-composants-de-lappareil-de-forage","9":"product_cat-accessoires-fr","11":"first","12":"instock","13":"shipping-taxable","14":"purchasable","15":"product-type-simple"},"acf":[],"_links":{"self":[{"href":"https:\/\/store.evolve-fitness.eu\/fr\/wp-json\/wp\/v2\/product\/27431","targetHints":{"allow":["GET"]}}],"collection":[{"href":"https:\/\/store.evolve-fitness.eu\/fr\/wp-json\/wp\/v2\/product"}],"about":[{"href":"https:\/\/store.evolve-fitness.eu\/fr\/wp-json\/wp\/v2\/types\/product"}],"wp:featuredmedia":[{"embeddable":true,"href":"https:\/\/store.evolve-fitness.eu\/fr\/wp-json\/wp\/v2\/media\/27449"}],"wp:attachment":[{"href":"https:\/\/store.evolve-fitness.eu\/fr\/wp-json\/wp\/v2\/media?parent=27431"}],"wp:term":[{"taxonomy":"product_cat","embeddable":true,"href":"https:\/\/store.evolve-fitness.eu\/fr\/wp-json\/wp\/v2\/product_cat?post=27431"},{"taxonomy":"product_tag","embeddable":true,"href":"https:\/\/store.evolve-fitness.eu\/fr\/wp-json\/wp\/v2\/product_tag?post=27431"}],"curies":[{"name":"wp","href":"https:\/\/api.w.org\/{rel}","templated":true}]}}