{"id":27385,"date":"2023-10-04T10:39:24","date_gmt":"2023-10-04T10:39:24","guid":{"rendered":"https:\/\/store.evolve-fitness.eu\/product\/bras-de-brouilleur-evolve\/"},"modified":"2024-03-13T23:20:16","modified_gmt":"2024-03-13T23:20:16","slug":"bras-de-brouilleur-evolve","status":"publish","type":"product","link":"https:\/\/store.evolve-fitness.eu\/fr\/produit\/bras-de-brouilleur-evolve\/","title":{"rendered":"Bras de brouilleur Evolve"},"content":{"rendered":"","protected":false},"excerpt":{"rendered":"<p>Am\u00e9liorez la polyvalence de votre entra\u00eenement avec les bras Evolve Jammer. Con\u00e7us pour \u00eatre utilis\u00e9s avec les appareils Evolve, ces accessoires modulaires ouvrent la voie \u00e0 un large \u00e9ventail d&rsquo;options d&rsquo;entra\u00eenement, qu&rsquo;il s&rsquo;agisse de fitness fonctionnel, de crossfit, de cours collectifs ou d&rsquo;entra\u00eenements individuels. Personnalisez votre appareil pour qu&rsquo;il r\u00e9ponde exactement \u00e0 vos besoins et \u00e9tendez ses capacit\u00e9s en y attachant divers accessoires de mani\u00e8re transparente. Cet \u00e9quipement essentiel permet d&rsquo;am\u00e9liorer les possibilit\u00e9s de formation et de rationaliser les fonctionnalit\u00e9s. Prix par paire.<\/p>\n","protected":false},"featured_media":147994,"template":"","meta":{"_acf_changed":false,"inline_featured_image":false},"product_cat":[413,591,664,665],"product_tag":[],"class_list":{"0":"post-27385","1":"product","2":"type-product","3":"status-publish","4":"has-post-thumbnail","6":"product_cat-page-daccueil","7":"product_cat-transversal-et-fonctionnel","8":"product_cat-composants-de-lappareil-de-forage","9":"product_cat-accessoires-fr","11":"first","12":"outofstock","13":"shipping-taxable","14":"purchasable","15":"product-type-simple"},"acf":[],"_links":{"self":[{"href":"https:\/\/store.evolve-fitness.eu\/fr\/wp-json\/wp\/v2\/product\/27385","targetHints":{"allow":["GET"]}}],"collection":[{"href":"https:\/\/store.evolve-fitness.eu\/fr\/wp-json\/wp\/v2\/product"}],"about":[{"href":"https:\/\/store.evolve-fitness.eu\/fr\/wp-json\/wp\/v2\/types\/product"}],"wp:featuredmedia":[{"embeddable":true,"href":"https:\/\/store.evolve-fitness.eu\/fr\/wp-json\/wp\/v2\/media\/147994"}],"wp:attachment":[{"href":"https:\/\/store.evolve-fitness.eu\/fr\/wp-json\/wp\/v2\/media?parent=27385"}],"wp:term":[{"taxonomy":"product_cat","embeddable":true,"href":"https:\/\/store.evolve-fitness.eu\/fr\/wp-json\/wp\/v2\/product_cat?post=27385"},{"taxonomy":"product_tag","embeddable":true,"href":"https:\/\/store.evolve-fitness.eu\/fr\/wp-json\/wp\/v2\/product_tag?post=27385"}],"curies":[{"name":"wp","href":"https:\/\/api.w.org\/{rel}","templated":true}]}}