{"id":27263,"date":"2023-10-04T10:20:25","date_gmt":"2023-10-04T10:20:25","guid":{"rendered":"https:\/\/store.evolve-fitness.eu\/product\/support-de-plaque-dhalteres-evolve-1\/"},"modified":"2024-08-06T11:30:55","modified_gmt":"2024-08-06T11:30:55","slug":"support-de-plaque-dhalteres-evolve-1","status":"publish","type":"product","link":"https:\/\/store.evolve-fitness.eu\/fr\/produit\/support-de-plaque-dhalteres-evolve-1\/","title":{"rendered":"Support de plaque de poids Evolve &#8211; 50mm (1)"},"content":{"rendered":"","protected":false},"excerpt":{"rendered":"<p>Maximisez votre espace d&rsquo;entra\u00eenement avec le support de plaque de poids Evolve. Con\u00e7u pour compl\u00e9ter les appareils Evolve, cet accessoire modulaire vous permet de personnaliser votre environnement d&rsquo;entra\u00eenement pour des exercices fonctionnels, de crossfit, en groupe ou individuels. Gr\u00e2ce \u00e0 sa conception polyvalente, vous pouvez adapter votre appareil \u00e0 vos besoins exacts et amplifier ses fonctionnalit\u00e9s en y ajoutant facilement divers accessoires. D\u00e9couvrez le nec plus ultra en mati\u00e8re d&rsquo;organisation et d&rsquo;efficacit\u00e9. Prix par pi\u00e8ce.  <\/p>\n","protected":false},"featured_media":97755,"template":"","meta":{"_acf_changed":false,"inline_featured_image":false},"product_cat":[413,591,664,703],"product_tag":[],"class_list":{"0":"post-27263","1":"product","2":"type-product","3":"status-publish","4":"has-post-thumbnail","6":"product_cat-page-daccueil","7":"product_cat-transversal-et-fonctionnel","8":"product_cat-composants-de-lappareil-de-forage","9":"product_cat-stockage","11":"first","12":"outofstock","13":"shipping-taxable","14":"purchasable","15":"product-type-simple"},"acf":[],"_links":{"self":[{"href":"https:\/\/store.evolve-fitness.eu\/fr\/wp-json\/wp\/v2\/product\/27263","targetHints":{"allow":["GET"]}}],"collection":[{"href":"https:\/\/store.evolve-fitness.eu\/fr\/wp-json\/wp\/v2\/product"}],"about":[{"href":"https:\/\/store.evolve-fitness.eu\/fr\/wp-json\/wp\/v2\/types\/product"}],"wp:featuredmedia":[{"embeddable":true,"href":"https:\/\/store.evolve-fitness.eu\/fr\/wp-json\/wp\/v2\/media\/97755"}],"wp:attachment":[{"href":"https:\/\/store.evolve-fitness.eu\/fr\/wp-json\/wp\/v2\/media?parent=27263"}],"wp:term":[{"taxonomy":"product_cat","embeddable":true,"href":"https:\/\/store.evolve-fitness.eu\/fr\/wp-json\/wp\/v2\/product_cat?post=27263"},{"taxonomy":"product_tag","embeddable":true,"href":"https:\/\/store.evolve-fitness.eu\/fr\/wp-json\/wp\/v2\/product_tag?post=27263"}],"curies":[{"name":"wp","href":"https:\/\/api.w.org\/{rel}","templated":true}]}}