{"id":27165,"date":"2023-10-04T10:11:40","date_gmt":"2023-10-04T10:11:40","guid":{"rendered":"https:\/\/store.evolve-fitness.eu\/product\/plaque-de-pare-chocs-evolve\/"},"modified":"2024-08-06T11:17:19","modified_gmt":"2024-08-06T11:17:19","slug":"plaque-de-pare-chocs-evolve","status":"publish","type":"product","link":"https:\/\/store.evolve-fitness.eu\/fr\/produit\/plaque-de-pare-chocs-evolve\/","title":{"rendered":"Plaque de pare-chocs Evolve"},"content":{"rendered":"","protected":false},"excerpt":{"rendered":"<p>Am\u00e9liorez la polyvalence de votre entra\u00eenement avec la plaque de pare-chocs Evolve. Con\u00e7u pour compl\u00e9ter les appareils Evolve, cet accessoire modulaire est la cl\u00e9 d&rsquo;un entra\u00eenement fonctionnel, de crossfit, de groupe ou individuel personnalisable. Adaptez votre appareil \u00e0 vos besoins pr\u00e9cis et am\u00e9liorez sa fonctionnalit\u00e9 en y ajoutant une large gamme d&rsquo;accessoires. Tirez le meilleur parti de votre espace de remise en forme gr\u00e2ce \u00e0 ce composant essentiel. Prix par pi\u00e8ce.  <\/p>\n","protected":false},"featured_media":27187,"template":"","meta":{"_acf_changed":false,"inline_featured_image":false},"product_cat":[413,591,664,703],"product_tag":[],"class_list":{"0":"post-27165","1":"product","2":"type-product","3":"status-publish","4":"has-post-thumbnail","6":"product_cat-page-daccueil","7":"product_cat-transversal-et-fonctionnel","8":"product_cat-composants-de-lappareil-de-forage","9":"product_cat-stockage","11":"first","12":"instock","13":"shipping-taxable","14":"purchasable","15":"product-type-simple"},"acf":[],"_links":{"self":[{"href":"https:\/\/store.evolve-fitness.eu\/fr\/wp-json\/wp\/v2\/product\/27165","targetHints":{"allow":["GET"]}}],"collection":[{"href":"https:\/\/store.evolve-fitness.eu\/fr\/wp-json\/wp\/v2\/product"}],"about":[{"href":"https:\/\/store.evolve-fitness.eu\/fr\/wp-json\/wp\/v2\/types\/product"}],"wp:featuredmedia":[{"embeddable":true,"href":"https:\/\/store.evolve-fitness.eu\/fr\/wp-json\/wp\/v2\/media\/27187"}],"wp:attachment":[{"href":"https:\/\/store.evolve-fitness.eu\/fr\/wp-json\/wp\/v2\/media?parent=27165"}],"wp:term":[{"taxonomy":"product_cat","embeddable":true,"href":"https:\/\/store.evolve-fitness.eu\/fr\/wp-json\/wp\/v2\/product_cat?post=27165"},{"taxonomy":"product_tag","embeddable":true,"href":"https:\/\/store.evolve-fitness.eu\/fr\/wp-json\/wp\/v2\/product_tag?post=27165"}],"curies":[{"name":"wp","href":"https:\/\/api.w.org\/{rel}","templated":true}]}}