{"id":27035,"date":"2023-10-04T10:05:10","date_gmt":"2023-10-04T10:05:10","guid":{"rendered":"https:\/\/store.evolve-fitness.eu\/product\/rangement-pour-halteres-evolve-1100-1800-mm\/"},"modified":"2026-04-04T12:00:43","modified_gmt":"2026-04-04T12:00:43","slug":"rangement-pour-halteres-evolve-1100-1800-mm","status":"publish","type":"product","link":"https:\/\/store.evolve-fitness.eu\/fr\/produit\/rangement-pour-halteres-evolve-1100-1800-mm\/","title":{"rendered":"Rangement Evolve pour halt\u00e8res &#8211; 1100 \/ 1800 mm"},"content":{"rendered":"","protected":false},"excerpt":{"rendered":"<p>Optimisez votre salle de sport avec notre rangement pour halt\u00e8res Evolve, disponible en 1100 mm et 1800 mm de longueur. Ces appareils modulaires sont parfaits pour l&rsquo;entra\u00eenement fonctionnel, le crossfit, l&rsquo;entra\u00eenement en groupe ou individuel. Personnalisez votre installation et ajoutez des accessoires pour une efficacit\u00e9 maximale. Organisez-vous et am\u00e9liorez votre exp\u00e9rience du fitness d\u00e8s aujourd&rsquo;hui.    Prix par pi\u00e8ce.<\/p>\n<p>\n","protected":false},"featured_media":27067,"template":"","meta":{"_acf_changed":false,"inline_featured_image":false},"product_cat":[413,591,664,703],"product_tag":[],"class_list":{"0":"post-27035","1":"product","2":"type-product","3":"status-publish","4":"has-post-thumbnail","6":"product_cat-page-daccueil","7":"product_cat-transversal-et-fonctionnel","8":"product_cat-composants-de-lappareil-de-forage","9":"product_cat-stockage","11":"first","12":"instock","13":"shipping-taxable","14":"purchasable","15":"product-type-variable"},"acf":[],"_links":{"self":[{"href":"https:\/\/store.evolve-fitness.eu\/fr\/wp-json\/wp\/v2\/product\/27035","targetHints":{"allow":["GET"]}}],"collection":[{"href":"https:\/\/store.evolve-fitness.eu\/fr\/wp-json\/wp\/v2\/product"}],"about":[{"href":"https:\/\/store.evolve-fitness.eu\/fr\/wp-json\/wp\/v2\/types\/product"}],"wp:featuredmedia":[{"embeddable":true,"href":"https:\/\/store.evolve-fitness.eu\/fr\/wp-json\/wp\/v2\/media\/27067"}],"wp:attachment":[{"href":"https:\/\/store.evolve-fitness.eu\/fr\/wp-json\/wp\/v2\/media?parent=27035"}],"wp:term":[{"taxonomy":"product_cat","embeddable":true,"href":"https:\/\/store.evolve-fitness.eu\/fr\/wp-json\/wp\/v2\/product_cat?post=27035"},{"taxonomy":"product_tag","embeddable":true,"href":"https:\/\/store.evolve-fitness.eu\/fr\/wp-json\/wp\/v2\/product_tag?post=27035"}],"curies":[{"name":"wp","href":"https:\/\/api.w.org\/{rel}","templated":true}]}}