{"id":26902,"date":"2023-10-04T06:13:04","date_gmt":"2023-10-04T06:13:04","guid":{"rendered":"https:\/\/store.evolve-fitness.eu\/product\/evolve-wall-stockage-des-plaques-de-pare-chocs-et-des-billes-1100-1800-mm\/"},"modified":"2026-04-16T12:01:19","modified_gmt":"2026-04-16T12:01:19","slug":"evolve-wall-stockage-des-plaques-de-pare-chocs-et-des-billes-1100-1800-mm","status":"publish","type":"product","link":"https:\/\/store.evolve-fitness.eu\/fr\/produit\/evolve-wall-stockage-des-plaques-de-pare-chocs-et-des-billes-1100-1800-mm\/","title":{"rendered":"Evolve Wall Ball and Bumper Plate Storage &#8211; 1100 \/ 1800 mm"},"content":{"rendered":"","protected":false},"excerpt":{"rendered":"<p>Am\u00e9liorez votre espace de fitness avec notre solution polyvalente Evolve Wall Ball and Bumper Plate Storage, disponible en deux longueurs pratiques : 1100mm et 1800mm. Con\u00e7us pour l&rsquo;entra\u00eenement fonctionnel, le crossfit, l&rsquo;entra\u00eenement en groupe ou individuel, ces appareils modulaires peuvent \u00eatre personnalis\u00e9s pour r\u00e9pondre \u00e0 vos besoins sp\u00e9cifiques. Gr\u00e2ce \u00e0 la possibilit\u00e9 de fixer un large \u00e9ventail d&rsquo;accessoires, vous pouvez sans effort am\u00e9liorer votre exp\u00e9rience d&rsquo;entra\u00eenement. Investissez dans un espace d&rsquo;entra\u00eenement mieux organis\u00e9 et plus efficace gr\u00e2ce \u00e0 cet \u00e9quipement essentiel con\u00e7u pour garder votre espace libre de tout encombrement et vos s\u00e9ances d&rsquo;entra\u00eenement au top.<\/p>\n","protected":false},"featured_media":26926,"template":"","meta":{"_acf_changed":false,"inline_featured_image":false},"product_cat":[413,591,664,703],"product_tag":[],"class_list":{"0":"post-26902","1":"product","2":"type-product","3":"status-publish","4":"has-post-thumbnail","6":"product_cat-page-daccueil","7":"product_cat-transversal-et-fonctionnel","8":"product_cat-composants-de-lappareil-de-forage","9":"product_cat-stockage","11":"first","12":"instock","13":"shipping-taxable","14":"purchasable","15":"product-type-variable"},"acf":[],"_links":{"self":[{"href":"https:\/\/store.evolve-fitness.eu\/fr\/wp-json\/wp\/v2\/product\/26902","targetHints":{"allow":["GET"]}}],"collection":[{"href":"https:\/\/store.evolve-fitness.eu\/fr\/wp-json\/wp\/v2\/product"}],"about":[{"href":"https:\/\/store.evolve-fitness.eu\/fr\/wp-json\/wp\/v2\/types\/product"}],"wp:featuredmedia":[{"embeddable":true,"href":"https:\/\/store.evolve-fitness.eu\/fr\/wp-json\/wp\/v2\/media\/26926"}],"wp:attachment":[{"href":"https:\/\/store.evolve-fitness.eu\/fr\/wp-json\/wp\/v2\/media?parent=26902"}],"wp:term":[{"taxonomy":"product_cat","embeddable":true,"href":"https:\/\/store.evolve-fitness.eu\/fr\/wp-json\/wp\/v2\/product_cat?post=26902"},{"taxonomy":"product_tag","embeddable":true,"href":"https:\/\/store.evolve-fitness.eu\/fr\/wp-json\/wp\/v2\/product_tag?post=26902"}],"curies":[{"name":"wp","href":"https:\/\/api.w.org\/{rel}","templated":true}]}}