{"id":26735,"date":"2023-10-03T11:38:23","date_gmt":"2023-10-03T11:38:23","guid":{"rendered":"https:\/\/store.evolve-fitness.eu\/product\/barre-de-traction-evolve-multi-1100-mm\/"},"modified":"2024-03-13T23:14:29","modified_gmt":"2024-03-13T23:14:29","slug":"barre-de-traction-evolve-multi-1100-mm","status":"publish","type":"product","link":"https:\/\/store.evolve-fitness.eu\/fr\/produit\/barre-de-traction-evolve-multi-1100-mm\/","title":{"rendered":"Barre de traction Evolve Multi &#8211; 1100 mm"},"content":{"rendered":"","protected":false},"excerpt":{"rendered":"<p>Am\u00e9liorez votre entra\u00eenement avec la barre de traction Evolve Multi, un compl\u00e9ment polyvalent de 1100 mm \u00e0 votre \u00e9quipement Evolve. Con\u00e7ue pour am\u00e9liorer les entra\u00eenements fonctionnels, de crossfit, en groupe ou individuels, cette barre polyvalente est dot\u00e9e d&rsquo;une conception modulaire pour des installations personnalis\u00e9es et la compatibilit\u00e9 des accessoires. Prix par pi\u00e8ce. Transformez votre routine de fitness avec la barre de traction Evolve Multi d\u00e8s aujourd&rsquo;hui, et ouvrez un monde de possibilit\u00e9s d&rsquo;entra\u00eenement.<\/p>\n","protected":false},"featured_media":26740,"template":"","meta":{"_acf_changed":false,"inline_featured_image":false},"product_cat":[413,591,664,958],"product_tag":[],"class_list":{"0":"post-26735","1":"product","2":"type-product","3":"status-publish","4":"has-post-thumbnail","6":"product_cat-page-daccueil","7":"product_cat-transversal-et-fonctionnel","8":"product_cat-composants-de-lappareil-de-forage","9":"product_cat-pieces-principales","11":"first","12":"instock","13":"shipping-taxable","14":"purchasable","15":"product-type-simple"},"acf":[],"_links":{"self":[{"href":"https:\/\/store.evolve-fitness.eu\/fr\/wp-json\/wp\/v2\/product\/26735","targetHints":{"allow":["GET"]}}],"collection":[{"href":"https:\/\/store.evolve-fitness.eu\/fr\/wp-json\/wp\/v2\/product"}],"about":[{"href":"https:\/\/store.evolve-fitness.eu\/fr\/wp-json\/wp\/v2\/types\/product"}],"wp:featuredmedia":[{"embeddable":true,"href":"https:\/\/store.evolve-fitness.eu\/fr\/wp-json\/wp\/v2\/media\/26740"}],"wp:attachment":[{"href":"https:\/\/store.evolve-fitness.eu\/fr\/wp-json\/wp\/v2\/media?parent=26735"}],"wp:term":[{"taxonomy":"product_cat","embeddable":true,"href":"https:\/\/store.evolve-fitness.eu\/fr\/wp-json\/wp\/v2\/product_cat?post=26735"},{"taxonomy":"product_tag","embeddable":true,"href":"https:\/\/store.evolve-fitness.eu\/fr\/wp-json\/wp\/v2\/product_tag?post=26735"}],"curies":[{"name":"wp","href":"https:\/\/api.w.org\/{rel}","templated":true}]}}