{"id":26593,"date":"2023-10-03T11:32:43","date_gmt":"2023-10-03T11:32:43","guid":{"rendered":"https:\/\/store.evolve-fitness.eu\/product\/chalutier-evolve\/"},"modified":"2024-08-06T10:45:29","modified_gmt":"2024-08-06T10:45:29","slug":"chalutier-evolve","status":"publish","type":"product","link":"https:\/\/store.evolve-fitness.eu\/fr\/produit\/chalutier-evolve\/","title":{"rendered":"Chalutier Evolve"},"content":{"rendered":"","protected":false},"excerpt":{"rendered":"<p>Am\u00e9liorez la polyvalence de votre formation avec l&rsquo;Evolve Trawler, un compl\u00e9ment de 750 mm \u00e0 votre plate-forme Evolve. Con\u00e7u pour am\u00e9liorer les entra\u00eenements fonctionnels, de crossfit, en groupe ou individuels, ce composant polyvalent est dot\u00e9 d&rsquo;une conception modulaire pour des installations personnalis\u00e9es et une compatibilit\u00e9 avec les accessoires. Prix par pi\u00e8ce. Plongez dans une exp\u00e9rience de remise en forme am\u00e9lior\u00e9e avec l&rsquo;Evolve Trawler d\u00e8s aujourd&rsquo;hui !  <\/p>\n","protected":false},"featured_media":26595,"template":"","meta":{"_acf_changed":false,"inline_featured_image":false},"product_cat":[413,591,664,958],"product_tag":[],"class_list":{"0":"post-26593","1":"product","2":"type-product","3":"status-publish","4":"has-post-thumbnail","6":"product_cat-page-daccueil","7":"product_cat-transversal-et-fonctionnel","8":"product_cat-composants-de-lappareil-de-forage","9":"product_cat-pieces-principales","11":"first","12":"instock","13":"shipping-taxable","14":"purchasable","15":"product-type-simple"},"acf":[],"_links":{"self":[{"href":"https:\/\/store.evolve-fitness.eu\/fr\/wp-json\/wp\/v2\/product\/26593","targetHints":{"allow":["GET"]}}],"collection":[{"href":"https:\/\/store.evolve-fitness.eu\/fr\/wp-json\/wp\/v2\/product"}],"about":[{"href":"https:\/\/store.evolve-fitness.eu\/fr\/wp-json\/wp\/v2\/types\/product"}],"wp:featuredmedia":[{"embeddable":true,"href":"https:\/\/store.evolve-fitness.eu\/fr\/wp-json\/wp\/v2\/media\/26595"}],"wp:attachment":[{"href":"https:\/\/store.evolve-fitness.eu\/fr\/wp-json\/wp\/v2\/media?parent=26593"}],"wp:term":[{"taxonomy":"product_cat","embeddable":true,"href":"https:\/\/store.evolve-fitness.eu\/fr\/wp-json\/wp\/v2\/product_cat?post=26593"},{"taxonomy":"product_tag","embeddable":true,"href":"https:\/\/store.evolve-fitness.eu\/fr\/wp-json\/wp\/v2\/product_tag?post=26593"}],"curies":[{"name":"wp","href":"https:\/\/api.w.org\/{rel}","templated":true}]}}