{"id":26541,"date":"2023-10-03T11:25:56","date_gmt":"2023-10-03T11:25:56","guid":{"rendered":"https:\/\/store.evolve-fitness.eu\/product\/barre-volante-evolve-1100-1800-mm\/"},"modified":"2026-03-13T12:02:21","modified_gmt":"2026-03-13T12:02:21","slug":"barre-volante-evolve-1100-1800-mm","status":"publish","type":"product","link":"https:\/\/store.evolve-fitness.eu\/fr\/produit\/barre-volante-evolve-1100-1800-mm\/","title":{"rendered":"Evolve Flying Bar 1100 \/ 1800 mm"},"content":{"rendered":"","protected":false},"excerpt":{"rendered":"<p>Am\u00e9liorez votre exp\u00e9rience d&rsquo;entra\u00eenement avec la barre volante Evolve, disponible en deux longueurs : 1100 mm et 1800 mm. Con\u00e7ue pour compl\u00e9ter les appareils Evolve, cette barre polyvalente permet des entra\u00eenements fonctionnels, de crossfit, en groupe ou individuels. Sa conception modulaire et sa compatibilit\u00e9 avec les accessoires offrent la flexibilit\u00e9 n\u00e9cessaire pour cr\u00e9er une installation de fitness personnalis\u00e9e, adapt\u00e9e \u00e0 vos besoins. Prix par pi\u00e8ce. Atteignez de nouveaux sommets dans votre parcours de remise en forme avec la barre volante Evolve d\u00e8s aujourd&rsquo;hui !<\/p>\n","protected":false},"featured_media":26545,"template":"","meta":{"_acf_changed":false,"inline_featured_image":false},"product_cat":[413,591,664,958],"product_tag":[],"class_list":{"0":"post-26541","1":"product","2":"type-product","3":"status-publish","4":"has-post-thumbnail","6":"product_cat-page-daccueil","7":"product_cat-transversal-et-fonctionnel","8":"product_cat-composants-de-lappareil-de-forage","9":"product_cat-pieces-principales","11":"first","12":"instock","13":"shipping-taxable","14":"purchasable","15":"product-type-variable"},"acf":[],"_links":{"self":[{"href":"https:\/\/store.evolve-fitness.eu\/fr\/wp-json\/wp\/v2\/product\/26541","targetHints":{"allow":["GET"]}}],"collection":[{"href":"https:\/\/store.evolve-fitness.eu\/fr\/wp-json\/wp\/v2\/product"}],"about":[{"href":"https:\/\/store.evolve-fitness.eu\/fr\/wp-json\/wp\/v2\/types\/product"}],"wp:featuredmedia":[{"embeddable":true,"href":"https:\/\/store.evolve-fitness.eu\/fr\/wp-json\/wp\/v2\/media\/26545"}],"wp:attachment":[{"href":"https:\/\/store.evolve-fitness.eu\/fr\/wp-json\/wp\/v2\/media?parent=26541"}],"wp:term":[{"taxonomy":"product_cat","embeddable":true,"href":"https:\/\/store.evolve-fitness.eu\/fr\/wp-json\/wp\/v2\/product_cat?post=26541"},{"taxonomy":"product_tag","embeddable":true,"href":"https:\/\/store.evolve-fitness.eu\/fr\/wp-json\/wp\/v2\/product_tag?post=26541"}],"curies":[{"name":"wp","href":"https:\/\/api.w.org\/{rel}","templated":true}]}}