{"id":26351,"date":"2023-10-03T10:53:56","date_gmt":"2023-10-03T10:53:56","guid":{"rendered":"https:\/\/store.evolve-fitness.eu\/product\/evolve-short-cadre-de-connexion-380-512-mm\/"},"modified":"2026-04-16T12:01:18","modified_gmt":"2026-04-16T12:01:18","slug":"evolve-short-cadre-de-connexion-380-512-mm","status":"publish","type":"product","link":"https:\/\/store.evolve-fitness.eu\/fr\/produit\/evolve-short-cadre-de-connexion-380-512-mm\/","title":{"rendered":"Cadre de connexion court Evolve &#8211; 380 \/ 512 mm"},"content":{"rendered":"","protected":false},"excerpt":{"rendered":"<p>Augmentez votre polyvalence avec le cadre de connexion court Evolve, disponible en deux longueurs : 380 mm et 512 mm. Con\u00e7u pour \u00eatre utilis\u00e9 avec les appareils Evolve, ce cadre am\u00e9liore l&rsquo;entra\u00eenement fonctionnel, le crossfit, l&rsquo;entra\u00eenement en groupe ou individuel. Sa conception modulaire et sa compatibilit\u00e9 avec les accessoires permettent de personnaliser votre installation de fitness. Prix par pi\u00e8ce. Faites \u00e9voluer vos s\u00e9ances d&rsquo;entra\u00eenement avec le Short Connection Frame d\u00e8s aujourd&rsquo;hui !<\/p>\n","protected":false},"featured_media":26360,"template":"","meta":{"_acf_changed":false,"inline_featured_image":false},"product_cat":[664,413,958,591],"product_tag":[],"class_list":{"0":"post-26351","1":"product","2":"type-product","3":"status-publish","4":"has-post-thumbnail","6":"product_cat-composants-de-lappareil-de-forage","7":"product_cat-page-daccueil","8":"product_cat-pieces-principales","9":"product_cat-transversal-et-fonctionnel","11":"first","12":"instock","13":"shipping-taxable","14":"purchasable","15":"product-type-variable"},"acf":[],"_links":{"self":[{"href":"https:\/\/store.evolve-fitness.eu\/fr\/wp-json\/wp\/v2\/product\/26351","targetHints":{"allow":["GET"]}}],"collection":[{"href":"https:\/\/store.evolve-fitness.eu\/fr\/wp-json\/wp\/v2\/product"}],"about":[{"href":"https:\/\/store.evolve-fitness.eu\/fr\/wp-json\/wp\/v2\/types\/product"}],"wp:featuredmedia":[{"embeddable":true,"href":"https:\/\/store.evolve-fitness.eu\/fr\/wp-json\/wp\/v2\/media\/26360"}],"wp:attachment":[{"href":"https:\/\/store.evolve-fitness.eu\/fr\/wp-json\/wp\/v2\/media?parent=26351"}],"wp:term":[{"taxonomy":"product_cat","embeddable":true,"href":"https:\/\/store.evolve-fitness.eu\/fr\/wp-json\/wp\/v2\/product_cat?post=26351"},{"taxonomy":"product_tag","embeddable":true,"href":"https:\/\/store.evolve-fitness.eu\/fr\/wp-json\/wp\/v2\/product_tag?post=26351"}],"curies":[{"name":"wp","href":"https:\/\/api.w.org\/{rel}","templated":true}]}}