{"id":26226,"date":"2023-10-03T10:38:25","date_gmt":"2023-10-03T10:38:25","guid":{"rendered":"https:\/\/store.evolve-fitness.eu\/product\/poutre-de-construction-de-pont-evolve-3000-mm\/"},"modified":"2024-03-13T23:09:21","modified_gmt":"2024-03-13T23:09:21","slug":"poutre-de-construction-de-pont-evolve-3000-mm","status":"publish","type":"product","link":"https:\/\/store.evolve-fitness.eu\/fr\/produit\/poutre-de-construction-de-pont-evolve-3000-mm\/","title":{"rendered":"Poutre de construction de pont Evolve &#8211; 3000 mm"},"content":{"rendered":"","protected":false},"excerpt":{"rendered":"<p>Am\u00e9liorez vos options d&rsquo;entra\u00eenement avec la poutre de construction Evolve Bridge, une poutre de 3000 mm de long et de 58 kg. Con\u00e7ue pour \u00eatre utilis\u00e9e avec les appareils Evolve, cette poutre am\u00e9liore vos entra\u00eenements fonctionnels, de crossfit, en groupe ou individuels. Gr\u00e2ce \u00e0 sa conception modulaire et \u00e0 sa compatibilit\u00e9 avec les accessoires, il permet de personnaliser votre programme de remise en forme. Prix par pi\u00e8ce. Faites passer votre forme physique \u00e0 la vitesse sup\u00e9rieure avec la poutre de construction Evolve Bridge !<\/p>\n","protected":false},"featured_media":26237,"template":"","meta":{"_acf_changed":false,"inline_featured_image":false},"product_cat":[413,591,664,958],"product_tag":[],"class_list":{"0":"post-26226","1":"product","2":"type-product","3":"status-publish","4":"has-post-thumbnail","6":"product_cat-page-daccueil","7":"product_cat-transversal-et-fonctionnel","8":"product_cat-composants-de-lappareil-de-forage","9":"product_cat-pieces-principales","11":"first","12":"instock","13":"shipping-taxable","14":"purchasable","15":"product-type-simple"},"acf":[],"_links":{"self":[{"href":"https:\/\/store.evolve-fitness.eu\/fr\/wp-json\/wp\/v2\/product\/26226","targetHints":{"allow":["GET"]}}],"collection":[{"href":"https:\/\/store.evolve-fitness.eu\/fr\/wp-json\/wp\/v2\/product"}],"about":[{"href":"https:\/\/store.evolve-fitness.eu\/fr\/wp-json\/wp\/v2\/types\/product"}],"wp:featuredmedia":[{"embeddable":true,"href":"https:\/\/store.evolve-fitness.eu\/fr\/wp-json\/wp\/v2\/media\/26237"}],"wp:attachment":[{"href":"https:\/\/store.evolve-fitness.eu\/fr\/wp-json\/wp\/v2\/media?parent=26226"}],"wp:term":[{"taxonomy":"product_cat","embeddable":true,"href":"https:\/\/store.evolve-fitness.eu\/fr\/wp-json\/wp\/v2\/product_cat?post=26226"},{"taxonomy":"product_tag","embeddable":true,"href":"https:\/\/store.evolve-fitness.eu\/fr\/wp-json\/wp\/v2\/product_tag?post=26226"}],"curies":[{"name":"wp","href":"https:\/\/api.w.org\/{rel}","templated":true}]}}