{"id":26170,"date":"2023-10-03T11:17:17","date_gmt":"2023-10-03T11:17:17","guid":{"rendered":"https:\/\/store.evolve-fitness.eu\/product\/barre-de-traction-evolve-a-montage-frontal-1200-mm\/"},"modified":"2024-03-13T23:11:36","modified_gmt":"2024-03-13T23:11:36","slug":"barre-de-traction-evolve-a-montage-frontal-1200-mm","status":"publish","type":"product","link":"https:\/\/store.evolve-fitness.eu\/fr\/produit\/barre-de-traction-evolve-a-montage-frontal-1200-mm\/","title":{"rendered":"Barre de traction Evolve \u00e0 montage frontal 1200 mm"},"content":{"rendered":"","protected":false},"excerpt":{"rendered":"<p>Am\u00e9liorez votre routine d&rsquo;entra\u00eenement avec la barre de traction Evolve \u00e0 montage frontal, mesurant 1200 mm de long. Con\u00e7ue pour \u00eatre utilis\u00e9e avec les appareils Evolve, cette barre de traction am\u00e9liore l&rsquo;entra\u00eenement fonctionnel, le crossfit, l&rsquo;entra\u00eenement en groupe ou individuel. Sa conception modulaire et sa compatibilit\u00e9 avec les accessoires offrent la flexibilit\u00e9 n\u00e9cessaire pour adapter votre \u00e9quipement de fitness. Prix par pi\u00e8ce. Am\u00e9liorez votre forme physique avec la barre de traction Evolve \u00e0 montage frontal d\u00e8s aujourd&rsquo;hui !<\/p>\n","protected":false},"featured_media":26198,"template":"","meta":{"_acf_changed":false,"inline_featured_image":false},"product_cat":[413,591,664,958],"product_tag":[],"class_list":{"0":"post-26170","1":"product","2":"type-product","3":"status-publish","4":"has-post-thumbnail","6":"product_cat-page-daccueil","7":"product_cat-transversal-et-fonctionnel","8":"product_cat-composants-de-lappareil-de-forage","9":"product_cat-pieces-principales","11":"first","12":"instock","13":"shipping-taxable","14":"purchasable","15":"product-type-simple"},"acf":[],"_links":{"self":[{"href":"https:\/\/store.evolve-fitness.eu\/fr\/wp-json\/wp\/v2\/product\/26170","targetHints":{"allow":["GET"]}}],"collection":[{"href":"https:\/\/store.evolve-fitness.eu\/fr\/wp-json\/wp\/v2\/product"}],"about":[{"href":"https:\/\/store.evolve-fitness.eu\/fr\/wp-json\/wp\/v2\/types\/product"}],"wp:featuredmedia":[{"embeddable":true,"href":"https:\/\/store.evolve-fitness.eu\/fr\/wp-json\/wp\/v2\/media\/26198"}],"wp:attachment":[{"href":"https:\/\/store.evolve-fitness.eu\/fr\/wp-json\/wp\/v2\/media?parent=26170"}],"wp:term":[{"taxonomy":"product_cat","embeddable":true,"href":"https:\/\/store.evolve-fitness.eu\/fr\/wp-json\/wp\/v2\/product_cat?post=26170"},{"taxonomy":"product_tag","embeddable":true,"href":"https:\/\/store.evolve-fitness.eu\/fr\/wp-json\/wp\/v2\/product_tag?post=26170"}],"curies":[{"name":"wp","href":"https:\/\/api.w.org\/{rel}","templated":true}]}}