{"id":26017,"date":"2023-10-03T10:08:00","date_gmt":"2023-10-03T10:08:00","guid":{"rendered":"https:\/\/store.evolve-fitness.eu\/product\/barre-triangulaire-evolve-1100-1800-mm\/"},"modified":"2025-11-07T11:23:51","modified_gmt":"2025-11-07T11:23:51","slug":"barre-triangulaire-evolve-1100-1800-mm","status":"publish","type":"product","link":"https:\/\/store.evolve-fitness.eu\/fr\/produit\/barre-triangulaire-evolve-1100-1800-mm\/","title":{"rendered":"Evolve Triangle Bar &#8211; 1100 \/ 1800 mm"},"content":{"rendered":"","protected":false},"excerpt":{"rendered":"<p>Am\u00e9liorez votre programme de remise en forme avec la barre triangulaire Evolve, disponible en 1100 mm et 1800 mm de longueur. Con\u00e7ue pour am\u00e9liorer l&rsquo;entra\u00eenement fonctionnel, le crossfit, l&rsquo;entra\u00eenement en groupe ou individuel avec les appareils Evolve, la conception modulaire de cette barre polyvalente et sa compatibilit\u00e9 avec les accessoires offrent une grande flexibilit\u00e9 pour vos s\u00e9ances d&rsquo;entra\u00eenement. Prix par pi\u00e8ce. Am\u00e9liorez votre forme physique d\u00e8s maintenant !<\/p>\n","protected":false},"featured_media":26028,"template":"","meta":{"_acf_changed":false,"inline_featured_image":false},"product_cat":[413,591,664,958],"product_tag":[],"class_list":{"0":"post-26017","1":"product","2":"type-product","3":"status-publish","4":"has-post-thumbnail","6":"product_cat-page-daccueil","7":"product_cat-transversal-et-fonctionnel","8":"product_cat-composants-de-lappareil-de-forage","9":"product_cat-pieces-principales","11":"first","12":"outofstock","13":"shipping-taxable","14":"purchasable","15":"product-type-variable"},"acf":[],"_links":{"self":[{"href":"https:\/\/store.evolve-fitness.eu\/fr\/wp-json\/wp\/v2\/product\/26017","targetHints":{"allow":["GET"]}}],"collection":[{"href":"https:\/\/store.evolve-fitness.eu\/fr\/wp-json\/wp\/v2\/product"}],"about":[{"href":"https:\/\/store.evolve-fitness.eu\/fr\/wp-json\/wp\/v2\/types\/product"}],"wp:featuredmedia":[{"embeddable":true,"href":"https:\/\/store.evolve-fitness.eu\/fr\/wp-json\/wp\/v2\/media\/26028"}],"wp:attachment":[{"href":"https:\/\/store.evolve-fitness.eu\/fr\/wp-json\/wp\/v2\/media?parent=26017"}],"wp:term":[{"taxonomy":"product_cat","embeddable":true,"href":"https:\/\/store.evolve-fitness.eu\/fr\/wp-json\/wp\/v2\/product_cat?post=26017"},{"taxonomy":"product_tag","embeddable":true,"href":"https:\/\/store.evolve-fitness.eu\/fr\/wp-json\/wp\/v2\/product_tag?post=26017"}],"curies":[{"name":"wp","href":"https:\/\/api.w.org\/{rel}","templated":true}]}}