{"id":25789,"date":"2023-10-03T08:51:01","date_gmt":"2023-10-03T08:51:01","guid":{"rendered":"https:\/\/store.evolve-fitness.eu\/product\/poutre-multifonctionnelle-evolve-1100-1800-mm\/"},"modified":"2026-04-16T12:01:17","modified_gmt":"2026-04-16T12:01:17","slug":"poutre-multifonctionnelle-evolve-1100-1800-mm","status":"publish","type":"product","link":"https:\/\/store.evolve-fitness.eu\/fr\/produit\/poutre-multifonctionnelle-evolve-1100-1800-mm\/","title":{"rendered":"Poutre multifonctionnelle Evolve &#8211; 1100 \/ 1800 mm"},"content":{"rendered":"","protected":false},"excerpt":{"rendered":"<p>Am\u00e9liorez vos s\u00e9ances d&rsquo;entra\u00eenement avec la poutre multifonctionnelle Evolve, disponible en 1100 mm et 1800 mm de longueur. Con\u00e7ue pour \u00eatre utilis\u00e9e avec les appareils Evolve, cette poutre polyvalente permet divers entra\u00eenements fonctionnels, de crossfit, en groupe ou individuels. Gr\u00e2ce \u00e0 sa conception modulaire et \u00e0 sa compatibilit\u00e9 avec les accessoires, la poutre multifonctionnelle Evolve offre la flexibilit\u00e9 n\u00e9cessaire pour am\u00e9liorer votre programme de remise en forme. Prix par pi\u00e8ce. Am\u00e9liorez votre condition physique d\u00e8s aujourd&rsquo;hui !<\/p>\n","protected":false},"featured_media":25809,"template":"","meta":{"_acf_changed":false,"inline_featured_image":false},"product_cat":[413,591,664,958],"product_tag":[],"class_list":{"0":"post-25789","1":"product","2":"type-product","3":"status-publish","4":"has-post-thumbnail","6":"product_cat-page-daccueil","7":"product_cat-transversal-et-fonctionnel","8":"product_cat-composants-de-lappareil-de-forage","9":"product_cat-pieces-principales","11":"first","12":"instock","13":"shipping-taxable","14":"purchasable","15":"product-type-variable"},"acf":[],"_links":{"self":[{"href":"https:\/\/store.evolve-fitness.eu\/fr\/wp-json\/wp\/v2\/product\/25789","targetHints":{"allow":["GET"]}}],"collection":[{"href":"https:\/\/store.evolve-fitness.eu\/fr\/wp-json\/wp\/v2\/product"}],"about":[{"href":"https:\/\/store.evolve-fitness.eu\/fr\/wp-json\/wp\/v2\/types\/product"}],"wp:featuredmedia":[{"embeddable":true,"href":"https:\/\/store.evolve-fitness.eu\/fr\/wp-json\/wp\/v2\/media\/25809"}],"wp:attachment":[{"href":"https:\/\/store.evolve-fitness.eu\/fr\/wp-json\/wp\/v2\/media?parent=25789"}],"wp:term":[{"taxonomy":"product_cat","embeddable":true,"href":"https:\/\/store.evolve-fitness.eu\/fr\/wp-json\/wp\/v2\/product_cat?post=25789"},{"taxonomy":"product_tag","embeddable":true,"href":"https:\/\/store.evolve-fitness.eu\/fr\/wp-json\/wp\/v2\/product_tag?post=25789"}],"curies":[{"name":"wp","href":"https:\/\/api.w.org\/{rel}","templated":true}]}}