{"id":25623,"date":"2023-10-03T10:00:51","date_gmt":"2023-10-03T10:00:51","guid":{"rendered":"https:\/\/store.evolve-fitness.eu\/product\/evolve-incline-decline-beam-1100-1800-mm\/"},"modified":"2025-11-07T11:22:56","modified_gmt":"2025-11-07T11:22:56","slug":"evolve-incline-decline-beam-1100-1800-mm","status":"publish","type":"product","link":"https:\/\/store.evolve-fitness.eu\/fr\/produit\/evolve-incline-decline-beam-1100-1800-mm\/","title":{"rendered":"Poutre d&rsquo;inclinaison\/d\u00e9croissance Evolve &#8211; 1100 \/ 1800 mm"},"content":{"rendered":"","protected":false},"excerpt":{"rendered":"<p>Am\u00e9liorez vos s\u00e9ances d&rsquo;entra\u00eenement avec la poutre inclin\u00e9e\/d\u00e9clin\u00e9e Evolve, disponible en 1100 mm ou 1800 mm de longueur. Con\u00e7ue pour am\u00e9liorer l&rsquo;entra\u00eenement fonctionnel, le crossfit, l&rsquo;entra\u00eenement en groupe ou individuel avec les appareils Evolve, la conception modulaire de cette poutre et sa compatibilit\u00e9 avec les accessoires offrent une grande polyvalence pour r\u00e9pondre \u00e0 vos besoins en mati\u00e8re de conditionnement physique. Prix par pi\u00e8ce. Am\u00e9liorez votre programme de remise en forme d\u00e8s aujourd&rsquo;hui !<\/p>\n","protected":false},"featured_media":25628,"template":"","meta":{"_acf_changed":false,"inline_featured_image":false},"product_cat":[413,591,664,958],"product_tag":[],"class_list":{"0":"post-25623","1":"product","2":"type-product","3":"status-publish","4":"has-post-thumbnail","6":"product_cat-page-daccueil","7":"product_cat-transversal-et-fonctionnel","8":"product_cat-composants-de-lappareil-de-forage","9":"product_cat-pieces-principales","11":"first","12":"instock","13":"shipping-taxable","14":"purchasable","15":"product-type-variable"},"acf":[],"_links":{"self":[{"href":"https:\/\/store.evolve-fitness.eu\/fr\/wp-json\/wp\/v2\/product\/25623","targetHints":{"allow":["GET"]}}],"collection":[{"href":"https:\/\/store.evolve-fitness.eu\/fr\/wp-json\/wp\/v2\/product"}],"about":[{"href":"https:\/\/store.evolve-fitness.eu\/fr\/wp-json\/wp\/v2\/types\/product"}],"wp:featuredmedia":[{"embeddable":true,"href":"https:\/\/store.evolve-fitness.eu\/fr\/wp-json\/wp\/v2\/media\/25628"}],"wp:attachment":[{"href":"https:\/\/store.evolve-fitness.eu\/fr\/wp-json\/wp\/v2\/media?parent=25623"}],"wp:term":[{"taxonomy":"product_cat","embeddable":true,"href":"https:\/\/store.evolve-fitness.eu\/fr\/wp-json\/wp\/v2\/product_cat?post=25623"},{"taxonomy":"product_tag","embeddable":true,"href":"https:\/\/store.evolve-fitness.eu\/fr\/wp-json\/wp\/v2\/product_tag?post=25623"}],"curies":[{"name":"wp","href":"https:\/\/api.w.org\/{rel}","templated":true}]}}