{"id":25468,"date":"2023-10-03T08:37:30","date_gmt":"2023-10-03T08:37:30","guid":{"rendered":"https:\/\/store.evolve-fitness.eu\/product\/barre-de-singe-double-evolve-1100-mm-1800-mm\/"},"modified":"2026-04-02T12:00:50","modified_gmt":"2026-04-02T12:00:50","slug":"barre-de-singe-double-evolve-1100-mm-1800-mm","status":"publish","type":"product","link":"https:\/\/store.evolve-fitness.eu\/fr\/produit\/barre-de-singe-double-evolve-1100-mm-1800-mm\/","title":{"rendered":"Evolve Double Monkey Bar &#8211; 1100 mm \/ 1800 mm"},"content":{"rendered":"","protected":false},"excerpt":{"rendered":"<p>Am\u00e9liorez vos s\u00e9ances d&rsquo;entra\u00eenement avec la double barre de singe Evolve, disponible en 1100 mm ou 1800 mm de longueur. Con\u00e7ues pour les appareils Evolve, ces barres am\u00e9liorent votre entra\u00eenement fonctionnel, crossfit, en groupe ou en solo. Avec un diam\u00e8tre robuste de 32 mm et une compatibilit\u00e9 avec les accessoires, la double barre de singe Evolve am\u00e9liore votre programme de remise en forme. Prix par pi\u00e8ce. Am\u00e9liorez votre forme physique d\u00e8s aujourd&rsquo;hui.<\/p>\n","protected":false},"featured_media":25490,"template":"","meta":{"_acf_changed":false,"inline_featured_image":false},"product_cat":[413,591,664,958],"product_tag":[],"class_list":{"0":"post-25468","1":"product","2":"type-product","3":"status-publish","4":"has-post-thumbnail","6":"product_cat-page-daccueil","7":"product_cat-transversal-et-fonctionnel","8":"product_cat-composants-de-lappareil-de-forage","9":"product_cat-pieces-principales","11":"first","12":"instock","13":"shipping-taxable","14":"purchasable","15":"product-type-variable"},"acf":[],"_links":{"self":[{"href":"https:\/\/store.evolve-fitness.eu\/fr\/wp-json\/wp\/v2\/product\/25468","targetHints":{"allow":["GET"]}}],"collection":[{"href":"https:\/\/store.evolve-fitness.eu\/fr\/wp-json\/wp\/v2\/product"}],"about":[{"href":"https:\/\/store.evolve-fitness.eu\/fr\/wp-json\/wp\/v2\/types\/product"}],"wp:featuredmedia":[{"embeddable":true,"href":"https:\/\/store.evolve-fitness.eu\/fr\/wp-json\/wp\/v2\/media\/25490"}],"wp:attachment":[{"href":"https:\/\/store.evolve-fitness.eu\/fr\/wp-json\/wp\/v2\/media?parent=25468"}],"wp:term":[{"taxonomy":"product_cat","embeddable":true,"href":"https:\/\/store.evolve-fitness.eu\/fr\/wp-json\/wp\/v2\/product_cat?post=25468"},{"taxonomy":"product_tag","embeddable":true,"href":"https:\/\/store.evolve-fitness.eu\/fr\/wp-json\/wp\/v2\/product_tag?post=25468"}],"curies":[{"name":"wp","href":"https:\/\/api.w.org\/{rel}","templated":true}]}}