{"id":25261,"date":"2023-10-02T14:44:57","date_gmt":"2023-10-02T14:44:57","guid":{"rendered":"https:\/\/store.evolve-fitness.eu\/product\/support-mural-evolve\/"},"modified":"2024-08-01T10:06:25","modified_gmt":"2024-08-01T10:06:25","slug":"support-mural-evolve","status":"publish","type":"product","link":"https:\/\/store.evolve-fitness.eu\/fr\/produit\/support-mural-evolve\/","title":{"rendered":"Support mural Evolve"},"content":{"rendered":"","protected":false},"excerpt":{"rendered":"<p>Am\u00e9liorez votre programme d&rsquo;entra\u00eenement musculaire avec le support mural multifonctionnel Evolve. Ce rack peu encombrant est con\u00e7u pour des exercices d&rsquo;halt\u00e8res polyvalents, avec des points d\u00e9di\u00e9s au stockage et \u00e0 la fixation des bandes de r\u00e9sistance et des accessoires d&rsquo;entra\u00eenement. Id\u00e9al pour les espaces compacts, ce support mural garantit la commodit\u00e9 et l&rsquo;accessibilit\u00e9 pour une vari\u00e9t\u00e9 d&rsquo;entra\u00eenements avec halt\u00e8res. Am\u00e9liorez votre programme d&rsquo;entra\u00eenement en maximisant la fonctionnalit\u00e9 et l&rsquo;organisation avec le support mural multifonctionnel Evolve, qui offre une solution transparente aux amateurs d&rsquo;halt\u00e8res \u00e0 la recherche d&rsquo;une installation d&rsquo;entra\u00eenement compacte et efficace.<\/p>\n","protected":false},"featured_media":25266,"template":"","meta":{"_acf_changed":false,"inline_featured_image":false},"product_cat":[413,591,942],"product_tag":[],"class_list":{"0":"post-25261","1":"product","2":"type-product","3":"status-publish","4":"has-post-thumbnail","6":"product_cat-page-daccueil","7":"product_cat-transversal-et-fonctionnel","8":"product_cat-supports-muraux","10":"first","11":"instock","12":"shipping-taxable","13":"purchasable","14":"product-type-simple"},"acf":[],"_links":{"self":[{"href":"https:\/\/store.evolve-fitness.eu\/fr\/wp-json\/wp\/v2\/product\/25261","targetHints":{"allow":["GET"]}}],"collection":[{"href":"https:\/\/store.evolve-fitness.eu\/fr\/wp-json\/wp\/v2\/product"}],"about":[{"href":"https:\/\/store.evolve-fitness.eu\/fr\/wp-json\/wp\/v2\/types\/product"}],"wp:featuredmedia":[{"embeddable":true,"href":"https:\/\/store.evolve-fitness.eu\/fr\/wp-json\/wp\/v2\/media\/25266"}],"wp:attachment":[{"href":"https:\/\/store.evolve-fitness.eu\/fr\/wp-json\/wp\/v2\/media?parent=25261"}],"wp:term":[{"taxonomy":"product_cat","embeddable":true,"href":"https:\/\/store.evolve-fitness.eu\/fr\/wp-json\/wp\/v2\/product_cat?post=25261"},{"taxonomy":"product_tag","embeddable":true,"href":"https:\/\/store.evolve-fitness.eu\/fr\/wp-json\/wp\/v2\/product_tag?post=25261"}],"curies":[{"name":"wp","href":"https:\/\/api.w.org\/{rel}","templated":true}]}}