{"id":25238,"date":"2023-10-03T07:26:01","date_gmt":"2023-10-03T07:26:01","guid":{"rendered":"https:\/\/store.evolve-fitness.eu\/product\/evolve-vertical-2300-3600-mm\/"},"modified":"2025-11-07T10:22:10","modified_gmt":"2025-11-07T10:22:10","slug":"evolve-vertical-2300-3600-mm","status":"publish","type":"product","link":"https:\/\/store.evolve-fitness.eu\/fr\/produit\/evolve-vertical-2300-3600-mm\/","title":{"rendered":"Evolve Upright 2300 &#8211; 3600 MM"},"content":{"rendered":"","protected":false},"excerpt":{"rendered":"<p>Am\u00e9liorez votre forme physique gr\u00e2ce \u00e0 l&rsquo;appareil vertical polyvalent Evolve. Con\u00e7u pour une multitude de styles d&rsquo;entra\u00eenement fonctionnel, y compris le crossfit et les entra\u00eenements collectifs ou individuels, cet appareil modulaire vous permet de le personnaliser en fonction de vos besoins. Avec diff\u00e9rentes options de longueur de montant &#8211; 2300 mm et des trous d\u00e9coup\u00e9s avec pr\u00e9cision pour des fixations sans faille, l&rsquo;Evolve Upright est le compl\u00e9ment parfait de votre espace de fitness. Transformez vos s\u00e9ances d&rsquo;entra\u00eenement et atteignez vos objectifs de remise en forme gr\u00e2ce \u00e0 cet appareil adaptable et robuste.<\/p>\n","protected":false},"featured_media":25255,"template":"","meta":{"_acf_changed":false,"inline_featured_image":false},"product_cat":[413,591,664,958],"product_tag":[],"class_list":{"0":"post-25238","1":"product","2":"type-product","3":"status-publish","4":"has-post-thumbnail","6":"product_cat-page-daccueil","7":"product_cat-transversal-et-fonctionnel","8":"product_cat-composants-de-lappareil-de-forage","9":"product_cat-pieces-principales","11":"first","12":"instock","13":"shipping-taxable","14":"purchasable","15":"product-type-variable"},"acf":[],"_links":{"self":[{"href":"https:\/\/store.evolve-fitness.eu\/fr\/wp-json\/wp\/v2\/product\/25238","targetHints":{"allow":["GET"]}}],"collection":[{"href":"https:\/\/store.evolve-fitness.eu\/fr\/wp-json\/wp\/v2\/product"}],"about":[{"href":"https:\/\/store.evolve-fitness.eu\/fr\/wp-json\/wp\/v2\/types\/product"}],"wp:featuredmedia":[{"embeddable":true,"href":"https:\/\/store.evolve-fitness.eu\/fr\/wp-json\/wp\/v2\/media\/25255"}],"wp:attachment":[{"href":"https:\/\/store.evolve-fitness.eu\/fr\/wp-json\/wp\/v2\/media?parent=25238"}],"wp:term":[{"taxonomy":"product_cat","embeddable":true,"href":"https:\/\/store.evolve-fitness.eu\/fr\/wp-json\/wp\/v2\/product_cat?post=25238"},{"taxonomy":"product_tag","embeddable":true,"href":"https:\/\/store.evolve-fitness.eu\/fr\/wp-json\/wp\/v2\/product_tag?post=25238"}],"curies":[{"name":"wp","href":"https:\/\/api.w.org\/{rel}","templated":true}]}}