{"id":22010,"date":"2023-09-26T13:15:06","date_gmt":"2023-09-26T13:15:06","guid":{"rendered":"https:\/\/store.evolve-fitness.eu\/product\/tapis-de-course-evolve-prime-series-avec-console-215%e2%80%b2-full-hd\/"},"modified":"2026-02-10T12:01:20","modified_gmt":"2026-02-10T12:01:20","slug":"tapis-de-course-evolve-prime-series-avec-console-215%e2%80%b2-full-hd","status":"publish","type":"product","link":"https:\/\/store.evolve-fitness.eu\/fr\/produit\/tapis-de-course-evolve-prime-series-avec-console-215%e2%80%b2-full-hd\/","title":{"rendered":"Tapis de course Evolve Prime Series avec console 21,5\u2032 full HD"},"content":{"rendered":"\n<section class=\"wp-block-group alignfull black-content has-white-color has-darkgray-background-color has-text-color has-background is-layout-constrained wp-block-group-is-layout-constrained\" style=\"padding-top:var(--wp--preset--spacing--section-bottom);padding-bottom:var(--wp--preset--spacing--section-bottom)\">\n<div class=\"wp-block-columns alignwide mobile-reverse is-layout-flex wp-container-core-columns-is-layout-ca64bf2d wp-block-columns-is-layout-flex\" style=\"margin-bottom:var(--wp--preset--spacing--side-padding)\">\n<div class=\"wp-block-column is-vertically-aligned-center is-layout-flow wp-block-column-is-layout-flow\">\n<h3 class=\"wp-block-heading\" style=\"margin-bottom:var(--wp--preset--spacing--h-3-bottom)\"><strong><strong>Innovez dans votre exp\u00e9rience cardio<\/strong><\/strong><\/h3>\n\n\n\n<p><strong><em><strong>Am\u00e9liorez votre salle de sport avec le tapis de course commercial Evolve CT 215 F<\/strong><\/em><\/strong><\/p>\n\n\n\n<p style=\"margin-bottom:var(--wp--preset--spacing--tb-section-padding)\">D\u00e9couvrez l&rsquo;\u00e9volution du fitness avec le tapis de course commercial Evolve CT 215 F. Cette centrale offre une exp\u00e9rience cardio immersive, red\u00e9finissant les s\u00e9ances d&rsquo;entra\u00eenement pour les propri\u00e9taires de salles de sport et les amateurs de fitness. D\u00e9couvrez ses caract\u00e9ristiques et avantages remarquables, con\u00e7us pour maximiser les performances et l&rsquo;engagement.<br\/><\/p>\n<\/div>\n\n\n\n<div class=\"wp-block-column is-vertically-aligned-center is-layout-flow wp-block-column-is-layout-flow\">\n<figure class=\"wp-block-image size-large is-style-default\"><img loading=\"lazy\" decoding=\"async\" width=\"1024\" height=\"682\" src=\"https:\/\/store.evolve-fitness.eu\/wp-content\/uploads\/2024\/06\/EV-CT-215X-26-1024x682.jpg\" alt=\"\" class=\"wp-image-77858\" srcset=\"https:\/\/store.evolve-fitness.eu\/wp-content\/uploads\/2024\/06\/EV-CT-215X-26-1024x682.jpg 1024w, https:\/\/store.evolve-fitness.eu\/wp-content\/uploads\/2024\/06\/EV-CT-215X-26-300x200.jpg 300w, https:\/\/store.evolve-fitness.eu\/wp-content\/uploads\/2024\/06\/EV-CT-215X-26-768x512.jpg 768w, https:\/\/store.evolve-fitness.eu\/wp-content\/uploads\/2024\/06\/EV-CT-215X-26-600x400.jpg 600w, https:\/\/store.evolve-fitness.eu\/wp-content\/uploads\/2024\/06\/EV-CT-215X-26.jpg 1280w\" sizes=\"auto, (max-width: 1024px) 100vw, 1024px\" \/><\/figure>\n<\/div>\n<\/div>\n\n\n\n<div class=\"wp-block-columns alignwide mobile-reverse is-layout-flex wp-container-core-columns-is-layout-ca64bf2d wp-block-columns-is-layout-flex\" style=\"margin-bottom:var(--wp--preset--spacing--side-padding)\">\n<div class=\"wp-block-column is-vertically-aligned-center is-layout-flow wp-block-column-is-layout-flow\">\n<figure class=\"wp-block-image size-full\"><img decoding=\"async\" src=\"https:\/\/evolve.adoras.lt\/wp-content\/uploads\/2023\/08\/EV-CT-215X-1.png\" alt=\"\" class=\"wp-image-1139\"\/><\/figure>\n<\/div>\n\n\n\n<div class=\"wp-block-column is-vertically-aligned-center is-layout-flow wp-block-column-is-layout-flow\">\n<h3 class=\"wp-block-heading\" style=\"margin-bottom:var(--wp--preset--spacing--h-3-bottom)\"><strong>Une puissance douce et un soutien solide<\/strong><\/h3>\n\n\n\n<p><strong><em><strong><strong>Cadre innovant en X et rails en aluminium<\/strong><\/strong><\/em><\/strong><\/p>\n\n\n\n<p>Profitez de performances optimales gr\u00e2ce au puissant moteur CA du tapis de course, qui offre une puissance de pointe de 7 CV et une puissance continue de 3 CV. Le cadre unique en X du tapis de course, con\u00e7u dans un esprit d&rsquo;innovation, offre \u00e0 la fois une stabilit\u00e9 structurelle et un attrait esth\u00e9tique \u00e0 votre centre de remise en forme. Les rails en aluminium compl\u00e8tent ce design et apportent une touche de modernit\u00e9 tout en garantissant une fiabilit\u00e9 durable. En donnant la priorit\u00e9 \u00e0 la forme et \u00e0 la fonction, cette combinaison de cadre et de rail offre une exp\u00e9rience d&rsquo;entra\u00eenement sup\u00e9rieure qui refl\u00e8te l&rsquo;innovation et l&rsquo;excellence.<\/p>\n<\/div>\n<\/div>\n\n\n\n<div class=\"wp-block-columns alignwide is-layout-flex wp-container-core-columns-is-layout-c45ee707 wp-block-columns-is-layout-flex\" style=\"margin-bottom:var(--wp--preset--spacing--side-padding);padding-top:var(--wp--preset--spacing--side-padding)\">\n<div class=\"wp-block-column is-vertically-aligned-center is-layout-flow wp-block-column-is-layout-flow\">\n<h3 class=\"wp-block-heading\" style=\"margin-bottom:var(--wp--preset--spacing--h-3-bottom)\"><strong>\u00c9cran tactile Full HD de 21,5 pouces<\/strong><\/h3>\n\n\n\n<p><strong><em><strong>Divertissement sans fin, mesures perspicaces<\/strong><\/em><\/strong><\/p>\n\n\n\n<p style=\"margin-bottom:var(--wp--preset--spacing--tb-section-padding)\">La console FULL HD de 21,5 pouces est un centre de divertissement et d&rsquo;information qui suscite l&rsquo;int\u00e9r\u00eat des utilisateurs. D\u00e9couvrez les possibilit\u00e9s de divertissement gr\u00e2ce au WiFi, au Bluetooth et aux vid\u00e9os en r\u00e9solution Full HD 2K. Surveillez les param\u00e8tres essentiels tels que la dur\u00e9e, la distance, les calories, la vitesse, la fr\u00e9quence cardiaque et l&rsquo;inclinaison, afin de motiver les utilisateurs et de leur transmettre des connaissances.<\/p>\n<\/div>\n\n\n\n<div class=\"wp-block-column is-vertically-aligned-center is-layout-flow wp-block-column-is-layout-flow\">\n<figure class=\"wp-block-video\"><video autoplay=\"\" controls=\"\" loop=\"\" muted=\"\" src=\"https:\/\/evolve.adoras.lt\/wp-content\/uploads\/2023\/08\/EV-CT-215F-11.mp4\"><\/video><\/figure>\n<\/div>\n<\/div>\n\n\n\n<div class=\"wp-block-columns alignwide is-layout-flex wp-container-core-columns-is-layout-c45ee707 wp-block-columns-is-layout-flex\" style=\"margin-bottom:var(--wp--preset--spacing--side-padding);padding-top:var(--wp--preset--spacing--side-padding)\">\n<div class=\"wp-block-column is-vertically-aligned-center is-layout-flow wp-block-column-is-layout-flow\">\n<figure class=\"wp-block-image alignright size-full is-resized is-style-rounded\"><img decoding=\"async\" src=\"https:\/\/evolve.adoras.lt\/wp-content\/uploads\/2023\/08\/5576a1_adc0ea7c3a404329b0c0a8527ed81f49mv2.jpg\" alt=\"\" class=\"wp-image-1115\" style=\"width:740px;height:494px\"\/><\/figure>\n<\/div>\n\n\n\n<div class=\"wp-block-column is-vertically-aligned-center is-layout-flow wp-block-column-is-layout-flow\">\n<h3 class=\"wp-block-heading\" style=\"margin-bottom:var(--wp--preset--spacing--h-3-bottom)\"><strong><strong>Gestion simplifi\u00e9e des publicit\u00e9s<\/strong><\/strong><\/h3>\n\n\n\n<p><strong><em><strong><strong>Optimiser l&rsquo;engagement gr\u00e2ce aux publicit\u00e9s sur \u00e9cran<\/strong><\/strong><\/em><\/strong><\/p>\n\n\n\n<p>Exploitez la puissance des publicit\u00e9s sur \u00e9cran pour maximiser l&rsquo;impact des offres et des promotions de votre salle de sport. Mettez en avant vos services et vos offres exclusives directement aupr\u00e8s des utilisateurs, en am\u00e9liorant l&rsquo;engagement et en renfor\u00e7ant la reconnaissance de la marque.<\/p>\n<\/div>\n<\/div>\n\n\n\n<div class=\"wp-block-columns alignwide are-vertically-aligned-center mobile-reverse is-layout-flex wp-container-core-columns-is-layout-e8158c2f wp-block-columns-is-layout-flex\" style=\"padding-top:var(--wp--preset--spacing--side-padding)\">\n<div class=\"wp-block-column is-vertically-aligned-center is-layout-flow wp-block-column-is-layout-flow\">\n<h3 class=\"wp-block-heading\" style=\"margin-bottom:var(--wp--preset--spacing--h-3-bottom)\"><strong>S\u00e9curit\u00e9 et confort \u00e0 chaque pas<\/strong><\/h3>\n\n\n\n<p><strong><em><strong>Pont de roulement, courroie et design humanis\u00e9<\/strong><\/em><\/strong><\/p>\n\n\n\n<p style=\"margin-bottom:var(--wp--preset--spacing--tb-section-padding)\">Priorit\u00e9 \u00e0 la s\u00e9curit\u00e9 et au confort de l&rsquo;utilisateur gr\u00e2ce \u00e0 des fonctionnalit\u00e9s avanc\u00e9es. Le motif antid\u00e9rapant et la conception ergonomique du tapis de course favorisent une bonne posture et r\u00e9duisent les efforts. B\u00e9n\u00e9ficiez d&rsquo;une courroie de course sp\u00e9cialis\u00e9e qui emp\u00eache la d\u00e9formation et consomme peu d&rsquo;\u00e9nergie, am\u00e9liorant ainsi la long\u00e9vit\u00e9 et les performances.<\/p>\n<\/div>\n\n\n\n<div class=\"wp-block-column is-vertically-aligned-center is-layout-flow wp-block-column-is-layout-flow\">\n<figure class=\"wp-block-image size-large\"><img decoding=\"async\" src=\"https:\/\/evolve.adoras.lt\/wp-content\/uploads\/2023\/08\/Ploteriuojami-tekstai-1024x902.png\" alt=\"\" class=\"wp-image-1142\"\/><\/figure>\n<\/div>\n<\/div>\n\n\n\n<div class=\"wp-block-columns alignwide are-vertically-aligned-center mobile-reverse is-layout-flex wp-container-core-columns-is-layout-e8158c2f wp-block-columns-is-layout-flex\" style=\"padding-top:var(--wp--preset--spacing--side-padding)\">\n<div class=\"wp-block-column is-vertically-aligned-center is-layout-flow wp-block-column-is-layout-flow\">\n<figure class=\"wp-block-video\"><video autoplay=\"\" controls=\"\" loop=\"\" muted=\"\" src=\"https:\/\/evolve.adoras.lt\/wp-content\/uploads\/2023\/08\/Pink-Aesthetic-Whitening-Serum-Benefits-Instagram-Post.mp4\"><\/video><\/figure>\n<\/div>\n\n\n\n<div class=\"wp-block-column is-vertically-aligned-center is-layout-flow wp-block-column-is-layout-flow\">\n<h3 class=\"wp-block-heading\" style=\"margin-bottom:var(--wp--preset--spacing--h-3-bottom)\"><strong>Inclinaison, vitesse et <strong>conception ax\u00e9e sur l&rsquo;utilisateur<\/strong><\/strong><\/h3>\n\n\n\n<p><strong><em><strong><strong>Adaptabilit\u00e9 et personnalisation des performances<\/strong><\/strong><\/em><\/strong><\/p>\n\n\n\n<p>L&rsquo;inclinaison de l&rsquo;appareil peut \u00eatre r\u00e9gl\u00e9e jusqu&rsquo;\u00e0 15 %, ce qui permet d&rsquo;adapter les s\u00e9ances d&rsquo;entra\u00eenement aux besoins de chacun. La vitesse maximale est de 20 km\/h, ce qui permet de s&rsquo;adapter \u00e0 divers programmes de remise en forme. Un cadre r\u00e9sistant peut accueillir des utilisateurs pesant jusqu&rsquo;\u00e0 180 kg, ce qui fait de ce tapis de course un choix polyvalent pour une communaut\u00e9 de fitness diversifi\u00e9e.<\/p>\n<\/div>\n<\/div>\n\n\n\n<figure class=\"wp-block-video\"><video height=\"1000\" style=\"aspect-ratio: 1000 \/ 1000;\" width=\"1000\" autoplay=\"\" controls=\"\" loop=\"\" muted=\"\" src=\"https:\/\/evolve-fitness.eu\/wp-content\/uploads\/2023\/11\/Ultra-site-apps.mp4\"><\/video><\/figure>\n<\/section>\n\n<section class=\"wp-block-group alignfull black-content has-white-color has-darkgray-background-color has-text-color has-background is-layout-constrained wp-block-group-is-layout-constrained\" style=\"padding-top:var(--wp--preset--spacing--section-bottom);padding-bottom:var(--wp--preset--spacing--section-bottom)\">\n<div class=\"wp-block-columns alignwide mobile-reverse is-layout-flex wp-container-core-columns-is-layout-ca64bf2d wp-block-columns-is-layout-flex\" style=\"margin-bottom:var(--wp--preset--spacing--side-padding)\">\n<div class=\"wp-block-column is-vertically-aligned-center is-layout-flow wp-block-column-is-layout-flow\">\n<h3 class=\"wp-block-heading\" style=\"margin-bottom:var(--wp--preset--spacing--h-3-bottom)\"><strong><strong>Engager, responsabiliser et faire progresser<\/strong><\/strong><\/h3>\n\n\n\n<p><strong><em><strong><strong>Bouton tactile \u00e0 r\u00e9troaction multiple et am\u00e9lioration de la s\u00e9curit\u00e9<\/strong><\/strong><\/em><\/strong><\/p>\n\n\n\n<p style=\"margin-bottom:var(--wp--preset--spacing--tb-section-padding)\">Am\u00e9liorez l&rsquo;interaction avec l&rsquo;utilisateur gr\u00e2ce au bouton tactile \u00e0 r\u00e9troaction multiple, qui offre un engagement pr\u00e9cis par le biais de vibrations et de r\u00e9troactions sonores. La fonction d&rsquo;arr\u00eat automatique permet de s&rsquo;assurer que le tapis de course s&rsquo;arr\u00eate lorsqu&rsquo;il n&rsquo;y a pas de pas, ce qui renforce la s\u00e9curit\u00e9 de l&rsquo;utilisateur.<\/p>\n<\/div>\n\n\n\n<div class=\"wp-block-column is-vertically-aligned-center is-layout-flow wp-block-column-is-layout-flow\">\n<figure class=\"wp-block-image size-large is-style-default\"><img loading=\"lazy\" decoding=\"async\" width=\"1024\" height=\"683\" src=\"https:\/\/store.evolve-fitness.eu\/wp-content\/uploads\/2024\/06\/EV-CT-215X-Evolve-Prime-Series-Treadmill-with-full-HD-Console-2-1024x683.jpg\" alt=\"\" class=\"wp-image-77883\" srcset=\"https:\/\/store.evolve-fitness.eu\/wp-content\/uploads\/2024\/06\/EV-CT-215X-Evolve-Prime-Series-Treadmill-with-full-HD-Console-2-1024x683.jpg 1024w, https:\/\/store.evolve-fitness.eu\/wp-content\/uploads\/2024\/06\/EV-CT-215X-Evolve-Prime-Series-Treadmill-with-full-HD-Console-2-300x200.jpg 300w, https:\/\/store.evolve-fitness.eu\/wp-content\/uploads\/2024\/06\/EV-CT-215X-Evolve-Prime-Series-Treadmill-with-full-HD-Console-2-768x512.jpg 768w, https:\/\/store.evolve-fitness.eu\/wp-content\/uploads\/2024\/06\/EV-CT-215X-Evolve-Prime-Series-Treadmill-with-full-HD-Console-2-1536x1024.jpg 1536w, https:\/\/store.evolve-fitness.eu\/wp-content\/uploads\/2024\/06\/EV-CT-215X-Evolve-Prime-Series-Treadmill-with-full-HD-Console-2-600x400.jpg 600w, https:\/\/store.evolve-fitness.eu\/wp-content\/uploads\/2024\/06\/EV-CT-215X-Evolve-Prime-Series-Treadmill-with-full-HD-Console-2.jpg 1980w\" sizes=\"auto, (max-width: 1024px) 100vw, 1024px\" \/><\/figure>\n<\/div>\n<\/div>\n\n\n\n<div class=\"wp-block-columns alignwide mobile-reverse is-layout-flex wp-container-core-columns-is-layout-ca64bf2d wp-block-columns-is-layout-flex\" style=\"margin-bottom:var(--wp--preset--spacing--side-padding)\">\n<div class=\"wp-block-column is-vertically-aligned-center is-layout-flow wp-block-column-is-layout-flow\">\n<figure class=\"wp-block-image alignright size-large is-resized is-style-default\"><img loading=\"lazy\" decoding=\"async\" width=\"683\" height=\"1024\" src=\"https:\/\/store.evolve-fitness.eu\/wp-content\/uploads\/2024\/06\/EV-CT-215X-Evolve-Prime-Series-Treadmill-with-full-HD-Console-3-1-683x1024.jpg\" alt=\"\" class=\"wp-image-77933\" style=\"width:907px;height:auto\" srcset=\"https:\/\/store.evolve-fitness.eu\/wp-content\/uploads\/2024\/06\/EV-CT-215X-Evolve-Prime-Series-Treadmill-with-full-HD-Console-3-1-683x1024.jpg 683w, https:\/\/store.evolve-fitness.eu\/wp-content\/uploads\/2024\/06\/EV-CT-215X-Evolve-Prime-Series-Treadmill-with-full-HD-Console-3-1-200x300.jpg 200w, https:\/\/store.evolve-fitness.eu\/wp-content\/uploads\/2024\/06\/EV-CT-215X-Evolve-Prime-Series-Treadmill-with-full-HD-Console-3-1-768x1152.jpg 768w, https:\/\/store.evolve-fitness.eu\/wp-content\/uploads\/2024\/06\/EV-CT-215X-Evolve-Prime-Series-Treadmill-with-full-HD-Console-3-1-1024x1536.jpg 1024w, https:\/\/store.evolve-fitness.eu\/wp-content\/uploads\/2024\/06\/EV-CT-215X-Evolve-Prime-Series-Treadmill-with-full-HD-Console-3-1-600x900.jpg 600w, https:\/\/store.evolve-fitness.eu\/wp-content\/uploads\/2024\/06\/EV-CT-215X-Evolve-Prime-Series-Treadmill-with-full-HD-Console-3-1.jpg 1320w\" sizes=\"auto, (max-width: 683px) 100vw, 683px\" \/><\/figure>\n<\/div>\n\n\n\n<div class=\"wp-block-column is-vertically-aligned-center is-layout-flow wp-block-column-is-layout-flow\">\n<h3 class=\"wp-block-heading\" style=\"margin-bottom:var(--wp--preset--spacing--h-3-bottom)\"><strong><strong><strong>Int\u00e9gration de l&rsquo;innovation et du divertissement<\/strong><\/strong><\/strong><\/h3>\n\n\n\n<p><strong><em><strong><strong>Enrichir les s\u00e9ances d&rsquo;entra\u00eenement gr\u00e2ce \u00e0 l&rsquo;engagement virtuel<\/strong><\/strong><\/em><\/strong><\/p>\n\n\n\n<p>Embrassez l&rsquo;avenir de l&rsquo;innovation en mati\u00e8re de fitness avec le tapis de course Evolve CT 215 X. Plongez dans des s\u00e9ances d&rsquo;entra\u00eenement virtuelles r\u00e9alistes, reproduisant des itin\u00e9raires internationaux pour une aventure de course captivante. Augmentez la visibilit\u00e9 de votre salle de sport en personnalisant les annonces \u00e0 l&rsquo;\u00e9cran, en mettant en valeur vos services et vos offres exclusives.<\/p>\n<\/div>\n<\/div>\n\n\n\n<div class=\"wp-block-columns alignwide mobile-reverse is-layout-flex wp-container-core-columns-is-layout-ca64bf2d wp-block-columns-is-layout-flex\" style=\"margin-bottom:var(--wp--preset--spacing--side-padding)\">\n<div class=\"wp-block-column is-vertically-aligned-center is-layout-flow wp-block-column-is-layout-flow\">\n<h3 class=\"wp-block-heading\" style=\"margin-bottom:var(--wp--preset--spacing--h-3-bottom)\"><strong><strong><strong><strong>Chargement sans fil des t\u00e9l\u00e9phones portables<\/strong><\/strong><\/strong><\/strong><\/h3>\n\n\n\n<p><strong><em><strong><strong><strong>Une commodit\u00e9 in\u00e9gal\u00e9e pour les s\u00e9ances d&rsquo;entra\u00eenement modernes<\/strong><\/strong><\/strong><\/em><\/strong><\/p>\n\n\n\n<p>Restez connect\u00e9 et charg\u00e9 pendant votre parcours de remise en forme gr\u00e2ce \u00e0 la fonction innovante de chargement de t\u00e9l\u00e9phone portable sans fil du tapis de course commercial Evolve CT 215 X. Lorsque vous repoussez vos limites sur le tapis de course, votre appareil mobile reste aliment\u00e9 sans effort. Cet ajout de pointe garantit que vos s\u00e9ances d&rsquo;entra\u00eenement ne sont pas interrompues et vous permet de profiter de vos applications, musiques et contenus pr\u00e9f\u00e9r\u00e9s tout en gardant votre appareil pr\u00eat \u00e0 l&#8217;emploi. D\u00e9couvrez la fusion du fitness et de la technologie en rechargeant votre t\u00e9l\u00e9phone sans fil, red\u00e9finissant ainsi la commodit\u00e9 pour l&rsquo;amateur de fitness moderne.<\/p>\n<\/div>\n\n\n\n<div class=\"wp-block-column is-vertically-aligned-center is-layout-flow wp-block-column-is-layout-flow\">\n<figure class=\"wp-block-image alignright size-full is-style-default\"><img loading=\"lazy\" decoding=\"async\" width=\"1980\" height=\"1320\" src=\"https:\/\/store.evolve-fitness.eu\/wp-content\/uploads\/2024\/06\/EV-CT-215X-Evolve-Prime-Series-Treadmill-with-full-HD-Console-7.jpg\" alt=\"\" class=\"wp-image-77908\" srcset=\"https:\/\/store.evolve-fitness.eu\/wp-content\/uploads\/2024\/06\/EV-CT-215X-Evolve-Prime-Series-Treadmill-with-full-HD-Console-7.jpg 1980w, https:\/\/store.evolve-fitness.eu\/wp-content\/uploads\/2024\/06\/EV-CT-215X-Evolve-Prime-Series-Treadmill-with-full-HD-Console-7-300x200.jpg 300w, https:\/\/store.evolve-fitness.eu\/wp-content\/uploads\/2024\/06\/EV-CT-215X-Evolve-Prime-Series-Treadmill-with-full-HD-Console-7-1024x683.jpg 1024w, https:\/\/store.evolve-fitness.eu\/wp-content\/uploads\/2024\/06\/EV-CT-215X-Evolve-Prime-Series-Treadmill-with-full-HD-Console-7-768x512.jpg 768w, https:\/\/store.evolve-fitness.eu\/wp-content\/uploads\/2024\/06\/EV-CT-215X-Evolve-Prime-Series-Treadmill-with-full-HD-Console-7-1536x1024.jpg 1536w, https:\/\/store.evolve-fitness.eu\/wp-content\/uploads\/2024\/06\/EV-CT-215X-Evolve-Prime-Series-Treadmill-with-full-HD-Console-7-600x400.jpg 600w\" sizes=\"auto, (max-width: 1980px) 100vw, 1980px\" \/><\/figure>\n<\/div>\n<\/div>\n\n\n\n<div class=\"wp-block-columns alignwide is-layout-flex wp-container-core-columns-is-layout-c45ee707 wp-block-columns-is-layout-flex\" style=\"margin-bottom:var(--wp--preset--spacing--side-padding);padding-top:var(--wp--preset--spacing--side-padding)\">\n<div class=\"wp-block-column is-vertically-aligned-center is-layout-flow wp-block-column-is-layout-flow\">\n<figure class=\"wp-block-video\"><video autoplay=\"\" controls=\"\" loop=\"\" muted=\"\" src=\"https:\/\/evolve.adoras.lt\/wp-content\/uploads\/2023\/08\/215x-Kopa-Gym.mp4\"><\/video><\/figure>\n<\/div>\n\n\n\n<div class=\"wp-block-column is-vertically-aligned-center is-layout-flow wp-block-column-is-layout-flow\">\n<h3 class=\"wp-block-heading\" style=\"margin-bottom:var(--wp--preset--spacing--h-3-bottom)\"><strong><strong>Favoriser le parcours de remise en forme<\/strong><\/strong><\/h3>\n\n\n\n<p><strong><em><strong><strong>Package complet de remise en forme pour votre \u00e9tablissement<\/strong><\/strong><\/em><\/strong><\/p>\n\n\n\n<p style=\"margin-bottom:var(--wp--preset--spacing--tb-section-padding)\">Le tapis de course commercial Evolve CT 215 X est votre alli\u00e9 cardio ultime. Gr\u00e2ce \u00e0 une innovation de pointe, des fonctions personnalisables et un engagement in\u00e9branlable en mati\u00e8re de s\u00e9curit\u00e9, il offre une solution compl\u00e8te aux propri\u00e9taires de salles de sport d\u00e9sireux d&rsquo;am\u00e9liorer l&rsquo;attrait et les performances de leur centre de remise en forme.<\/p>\n<\/div>\n<\/div>\n<\/section>\n","protected":false},"excerpt":{"rendered":"<p>D\u00e9couvrez le summum de la technologie de pointe en mati\u00e8re de remise en forme avec le tapis de course commercial Evolve CT 215 X. Con\u00e7u pour red\u00e9finir les s\u00e9ances d&rsquo;entra\u00eenement cardio, ce tapis de course est dot\u00e9 d&rsquo;un puissant moteur CA, d&rsquo;un cadre innovant en X avec des rails en aluminium et d&rsquo;une conception centr\u00e9e sur l&rsquo;homme qui optimise le confort et les performances. La console \u00e0 \u00e9cran tactile FULL HD de 21,5 pouces permet aux utilisateurs de se divertir, d&rsquo;obtenir des mesures pr\u00e9cises et de se connecter en toute transparence \u00e0 des s\u00e9ances d&rsquo;entra\u00eenement virtuelles. D\u00e9marquez-vous gr\u00e2ce \u00e0 l&rsquo;\u00e9conomiseur d&rsquo;\u00e9cran int\u00e9gr\u00e9 qui vous permet de personnaliser les annonces, en promouvant les offres de votre salle de sport directement aupr\u00e8s des utilisateurs. Et ce n&rsquo;est pas tout : ce tapis de course avanc\u00e9 est \u00e9galement \u00e9quip\u00e9 d&rsquo;un chargeur de t\u00e9l\u00e9phone portable sans fil, ce qui rend l&rsquo;entra\u00eenement des utilisateurs plus pratique et plus efficace. Am\u00e9liorez l&rsquo;attrait et les performances de votre centre de remise en forme avec l&rsquo;Evolve CT 215 X, v\u00e9ritable incarnation de l&rsquo;innovation et de l&rsquo;excellence dans le monde des \u00e9quipements de remise en forme.<\/p>\n","protected":false},"featured_media":11543,"template":"","meta":{"_acf_changed":false,"inline_featured_image":false},"product_cat":[413,407,410,884],"product_tag":[],"class_list":{"0":"post-22010","1":"product","2":"type-product","3":"status-publish","4":"has-post-thumbnail","6":"product_cat-page-daccueil","7":"product_cat-equipement-cardio","8":"product_cat-equipement-cardio-commercial","9":"product_cat-prime-series-cardio-fr","11":"first","12":"instock","13":"shipping-taxable","14":"purchasable","15":"product-type-simple"},"acf":[],"_links":{"self":[{"href":"https:\/\/store.evolve-fitness.eu\/fr\/wp-json\/wp\/v2\/product\/22010","targetHints":{"allow":["GET"]}}],"collection":[{"href":"https:\/\/store.evolve-fitness.eu\/fr\/wp-json\/wp\/v2\/product"}],"about":[{"href":"https:\/\/store.evolve-fitness.eu\/fr\/wp-json\/wp\/v2\/types\/product"}],"wp:featuredmedia":[{"embeddable":true,"href":"https:\/\/store.evolve-fitness.eu\/fr\/wp-json\/wp\/v2\/media\/11543"}],"wp:attachment":[{"href":"https:\/\/store.evolve-fitness.eu\/fr\/wp-json\/wp\/v2\/media?parent=22010"}],"wp:term":[{"taxonomy":"product_cat","embeddable":true,"href":"https:\/\/store.evolve-fitness.eu\/fr\/wp-json\/wp\/v2\/product_cat?post=22010"},{"taxonomy":"product_tag","embeddable":true,"href":"https:\/\/store.evolve-fitness.eu\/fr\/wp-json\/wp\/v2\/product_tag?post=22010"}],"curies":[{"name":"wp","href":"https:\/\/api.w.org\/{rel}","templated":true}]}}