{"id":21948,"date":"2023-09-26T11:18:37","date_gmt":"2023-09-26T11:18:37","guid":{"rendered":"https:\/\/store.evolve-fitness.eu\/product\/tapis-de-course-evolve-econ-series-5hp-avec-console-lcd\/"},"modified":"2026-02-20T12:01:12","modified_gmt":"2026-02-20T12:01:12","slug":"tapis-de-course-evolve-econ-series-5hp-avec-console-lcd","status":"publish","type":"product","link":"https:\/\/store.evolve-fitness.eu\/fr\/produit\/tapis-de-course-evolve-econ-series-5hp-avec-console-lcd\/","title":{"rendered":"Tapis de course Evolve Econ Series 5HP avec console LCD"},"content":{"rendered":"\n<section class=\"wp-block-group alignfull black-content has-white-color has-darkgray-background-color has-text-color has-background is-layout-constrained wp-block-group-is-layout-constrained\" style=\"padding-top:var(--wp--preset--spacing--section-bottom);padding-bottom:var(--wp--preset--spacing--section-bottom)\">\n<div class=\"wp-block-columns alignwide mobile-reverse is-layout-flex wp-container-core-columns-is-layout-ca64bf2d wp-block-columns-is-layout-flex\" style=\"margin-bottom:var(--wp--preset--spacing--side-padding)\">\n<div class=\"wp-block-column is-vertically-aligned-center is-layout-flow wp-block-column-is-layout-flow\">\n<h3 class=\"wp-block-heading\" style=\"margin-bottom:var(--wp--preset--spacing--h-3-bottom)\">POIDS MAXIMAL DE L&rsquo;UTILISATEUR &#8211; 200 KG<\/h3>\n\n\n\n<p><strong><em><strong>Pour tous<\/strong><\/em><\/strong><\/p>\n\n\n\n<p style=\"margin-bottom:var(--wp--preset--spacing--tb-section-padding)\">Con\u00e7u pour durer, le tapis de course Evolve CT 500 LCD peut supporter des poids allant jusqu&rsquo;\u00e0 200 kg, ce qui garantit la s\u00e9curit\u00e9 et des performances durables pour un large \u00e9ventail d&rsquo;utilisateurs.<\/p>\n\n\n\n<h3 class=\"wp-block-heading\" style=\"margin-bottom:var(--wp--preset--spacing--h-3-bottom)\">PLATE-FORME DE COURSE &#8211; 1650 x 600 MM<\/h3>\n\n\n\n<p><strong><em>Le confort au service de la performance<\/em><\/strong><\/p>\n\n\n\n<p>La surface de course de 1650 x 600 mm offre suffisamment d&rsquo;espace pour des foul\u00e9es confortables. Qu&rsquo;il s&rsquo;agisse d&rsquo;une promenade ou d&rsquo;une course rapide, ce tapis de course convient aux utilisateurs de diff\u00e9rentes tailles.<\/p>\n<\/div>\n\n\n\n<div class=\"wp-block-column is-vertically-aligned-center is-layout-flow wp-block-column-is-layout-flow\">\n<figure class=\"wp-block-video\"><video autoplay=\"\" controls=\"\" loop=\"\" muted=\"\" src=\"https:\/\/evolve-fitness.eu\/wp-content\/uploads\/2023\/08\/Dizainas-be-pavadinimo.mp4\"><\/video><\/figure>\n<\/div>\n<\/div>\n\n\n\n<div class=\"wp-block-columns alignwide is-layout-flex wp-container-core-columns-is-layout-c45ee707 wp-block-columns-is-layout-flex\" style=\"margin-bottom:var(--wp--preset--spacing--side-padding);padding-top:var(--wp--preset--spacing--side-padding)\">\n<div class=\"wp-block-column is-vertically-aligned-center is-layout-flow wp-block-column-is-layout-flow\">\n<figure class=\"wp-block-video\"><video autoplay=\"\" controls=\"\" loop=\"\" muted=\"\" src=\"https:\/\/evolve-fitness.eu\/wp-content\/uploads\/2023\/08\/Dizainas-be-pavadinimo1.mp4\"><\/video><\/figure>\n<\/div>\n\n\n\n<div class=\"wp-block-column is-vertically-aligned-center is-layout-flow wp-block-column-is-layout-flow\">\n<h3 class=\"wp-block-heading\" style=\"margin-bottom:var(--wp--preset--spacing--h-3-bottom)\">INCLINAISON \u00c9LECTRONIQUE DE 0 \u00c0 18 %.<\/h3>\n\n\n\n<p><strong><em>Le d\u00e9fi au service de la polyvalence<\/em><\/strong><\/p>\n\n\n\n<p style=\"margin-bottom:var(--wp--preset--spacing--tb-section-padding)\">Modifiez votre routine gr\u00e2ce \u00e0 l&rsquo;inclinaison \u00e9lectronique de 0 \u00e0 18 %, qui vous permet de personnaliser l&rsquo;intensit\u00e9 de votre entra\u00eenement. Qu&rsquo;il s&rsquo;agisse d&rsquo;une pente douce ou d&rsquo;une mont\u00e9e raide, cette fonction ajoute de la vari\u00e9t\u00e9 \u00e0 vos s\u00e9ances.<\/p>\n\n\n\n<h3 class=\"wp-block-heading\" style=\"margin-bottom:var(--wp--preset--spacing--h-3-bottom)\">VITESSE MAXIMALE &#8211; 25 KM\/H<\/h3>\n\n\n\n<p><strong><em>Repousser les limites, <strong>atteindre les objectifs<\/strong><\/em><\/strong><\/p>\n\n\n\n<p>Relevez le d\u00e9fi d&rsquo;une vitesse pouvant atteindre 25 km\/h. Un seul tapis de course permet de r\u00e9pondre \u00e0 diff\u00e9rents objectifs de remise en forme, du jogging r\u00e9gulier aux sprints de haute intensit\u00e9.<\/p>\n<\/div>\n<\/div>\n\n\n\n<div class=\"wp-block-columns alignwide are-vertically-aligned-center mobile-reverse is-layout-flex wp-container-core-columns-is-layout-e8158c2f wp-block-columns-is-layout-flex\" style=\"padding-top:var(--wp--preset--spacing--side-padding)\">\n<div class=\"wp-block-column is-vertically-aligned-center is-layout-flow wp-block-column-is-layout-flow\">\n<h3 class=\"wp-block-heading\" style=\"margin-bottom:var(--wp--preset--spacing--h-3-bottom)\"><strong>Haute performance \u00e9nerg\u00e9tique<\/strong><\/h3>\n\n\n\n<p><strong><em><strong>Boostez votre entra\u00eenement<\/strong><\/em><\/strong><\/p>\n\n\n\n<p style=\"margin-bottom:var(--wp--preset--spacing--tb-section-padding)\">D\u00e9couvrez la puissance impressionnante de l&rsquo;Evolve CT 500, qui offre une capacit\u00e9 maximale de 8 CV gr\u00e2ce \u00e0 son moteur CA de 5 CV \u00e0 service continu. Faites passer votre parcours de remise en forme \u00e0 la vitesse sup\u00e9rieure.<\/p>\n\n\n\n<h3 class=\"wp-block-heading\" style=\"margin-bottom:var(--wp--preset--spacing--h-3-bottom)\">CAPTEURS DE FR\u00c9QUENCE CARDIAQUE<\/h3>\n\n\n\n<p><strong><em><strong>Suivez vos progr\u00e8s<\/strong><\/em><\/strong><\/p>\n\n\n\n<p>Restez \u00e0 l&rsquo;\u00e9coute de votre corps gr\u00e2ce aux capteurs de fr\u00e9quence cardiaque int\u00e9gr\u00e9s. Cette fonction renforce la s\u00e9curit\u00e9 pendant les s\u00e9ances d&rsquo;entra\u00eenement et vous aide \u00e0 optimiser votre entra\u00eenement pour obtenir de meilleurs r\u00e9sultats.<\/p>\n<\/div>\n\n\n\n<div class=\"wp-block-column is-vertically-aligned-center is-layout-flow wp-block-column-is-layout-flow\">\n<figure class=\"wp-block-image alignright size-large is-style-default\"><img decoding=\"async\" src=\"https:\/\/evolve-fitness.eu\/wp-content\/uploads\/2023\/08\/image00001-0-1024x488.jpg\" alt=\"\" class=\"wp-image-1032\"\/><\/figure>\n<\/div>\n<\/div>\n<\/section>\n\n<section class=\"wp-block-group alignfull black-content has-white-color has-darkgray-background-color has-text-color has-background is-layout-constrained wp-block-group-is-layout-constrained\" style=\"padding-top:var(--wp--preset--spacing--section-bottom);padding-bottom:var(--wp--preset--spacing--section-bottom)\">\n<div class=\"wp-block-columns alignwide is-layout-flex wp-container-core-columns-is-layout-ca64bf2d wp-block-columns-is-layout-flex\" style=\"margin-bottom:var(--wp--preset--spacing--side-padding)\">\n<div class=\"wp-block-column is-vertically-aligned-center is-layout-flow wp-block-column-is-layout-flow\">\n<figure class=\"wp-block-video\"><video autoplay=\"\" controls=\"\" loop=\"\" muted=\"\" src=\"https:\/\/evolve-fitness.eu\/wp-content\/uploads\/2023\/08\/Dizainas-be-pavadinimo2.mp4\"><\/video><\/figure>\n<\/div>\n\n\n\n<div class=\"wp-block-column is-vertically-aligned-center is-layout-flow wp-block-column-is-layout-flow\">\n<h3 class=\"wp-block-heading\" style=\"margin-bottom:var(--wp--preset--spacing--h-3-bottom)\"><strong>Console LCD interactive<\/strong><\/h3>\n\n\n\n<p><strong><em><strong>Une exp\u00e9rience engageante<\/strong><\/em><\/strong><\/p>\n\n\n\n<p style=\"margin-bottom:var(--wp--preset--spacing--tb-section-padding)\">Plongez dans vos donn\u00e9es de fitness gr\u00e2ce \u00e0 la console LCD interactive. Acc\u00e9dez aux d\u00e9tails essentiels de l&rsquo;entra\u00eenement et profitez de 15 programmes d&rsquo;entra\u00eenement con\u00e7us pour une mise en forme personnalis\u00e9e.<\/p>\n\n\n\n<h3 class=\"wp-block-heading\" style=\"margin-bottom:var(--wp--preset--spacing--h-3-bottom)\"><strong><strong>Programmes d&rsquo;entra\u00eenement vari\u00e9s<\/strong><\/strong><\/h3>\n\n\n\n<p><strong><em><strong>Fitness sur mesure<\/strong><\/em><\/strong><\/p>\n\n\n\n<p>Choisissez parmi 15 programmes d&rsquo;entra\u00eenement adapt\u00e9s \u00e0 vos objectifs et \u00e0 vos pr\u00e9f\u00e9rences. Ces routines polyvalentes maintiennent votre motivation et garantissent des s\u00e9ances d&rsquo;entra\u00eenement efficaces.<\/p>\n<\/div>\n<\/div>\n\n\n\n<div class=\"wp-block-columns alignwide mobile-reverse is-layout-flex wp-container-core-columns-is-layout-c45ee707 wp-block-columns-is-layout-flex\" style=\"margin-bottom:var(--wp--preset--spacing--side-padding);padding-top:var(--wp--preset--spacing--side-padding)\">\n<div class=\"wp-block-column is-vertically-aligned-center is-layout-flow wp-block-column-is-layout-flow\">\n<h3 class=\"wp-block-heading\" style=\"margin-bottom:var(--wp--preset--spacing--h-3-bottom)\">Syst\u00e8me <strong>avanc\u00e9<\/strong> de coussins d&rsquo;assise<\/h3>\n\n\n\n<p><strong><em><strong>Prot\u00e9gez vos articulations<\/strong><\/em><\/strong><\/p>\n\n\n\n<p style=\"margin-bottom:var(--wp--preset--spacing--tb-section-padding)\">Le syst\u00e8me de coussin d&rsquo;air du tapis de course donne la priorit\u00e9 \u00e0 la sant\u00e9 des articulations. Profitez d&rsquo;une absorption sup\u00e9rieure des chocs, r\u00e9duisant la tension sur vos articulations \u00e0 chaque pas.<\/p>\n\n\n\n<h3 class=\"wp-block-heading\" style=\"margin-bottom:var(--wp--preset--spacing--h-3-bottom)\">ZONE DE S\u00c9CURIT\u00c9<\/h3>\n\n\n\n<p><strong><em><strong>La confiance en soi \u00e0 chaque mouvement<\/strong><\/em><\/strong><\/p>\n\n\n\n<p>Vous vous sentirez en s\u00e9curit\u00e9 gr\u00e2ce aux caract\u00e9ristiques de s\u00e9curit\u00e9 du tapis de course, notamment les rails lat\u00e9raux et le motif antid\u00e9rapant de la plate-forme. Ces composants assurent la stabilit\u00e9 et la confiance en soi pendant que vous travaillez \u00e0 l&rsquo;atteinte de vos objectifs de mise en forme.<\/p>\n<\/div>\n\n\n\n<div class=\"wp-block-column is-vertically-aligned-center is-layout-flow wp-block-column-is-layout-flow\">\n<figure class=\"wp-block-video\"><video autoplay=\"\" controls=\"\" loop=\"\" muted=\"\" src=\"https:\/\/evolve-fitness.eu\/wp-content\/uploads\/2023\/08\/Dizainas-be-pavadinimo-1.mp4\"><\/video><\/figure>\n<\/div>\n<\/div>\n\n\n\n<div class=\"wp-block-columns alignwide are-vertically-aligned-center is-layout-flex wp-container-core-columns-is-layout-e8158c2f wp-block-columns-is-layout-flex\" style=\"padding-top:var(--wp--preset--spacing--side-padding)\">\n<div class=\"wp-block-column is-vertically-aligned-center is-layout-flow wp-block-column-is-layout-flow\">\n<figure class=\"wp-block-image alignright size-large is-style-default\"><img decoding=\"async\" src=\"https:\/\/evolve-fitness.eu\/wp-content\/uploads\/2023\/08\/image00010-1024x768.jpg\" alt=\"\" class=\"wp-image-1035\"\/><\/figure>\n<\/div>\n\n\n\n<div class=\"wp-block-column is-vertically-aligned-center is-layout-flow wp-block-column-is-layout-flow\">\n<h3 class=\"wp-block-heading\" style=\"margin-bottom:var(--wp--preset--spacing--h-3-bottom)\"><strong>Hydratation et commodit\u00e9<\/strong><\/h3>\n\n\n\n<p><strong><em><strong>Se ressourcer et se pr\u00e9parer<\/strong><\/em><\/strong><\/p>\n\n\n\n<p style=\"margin-bottom:var(--wp--preset--spacing--tb-section-padding)\">Restez hydrat\u00e9 pendant les s\u00e9ances d&rsquo;entra\u00eenement gr\u00e2ce aux porte-bouteilles pratiques, et gardez les objets essentiels \u00e0 port\u00e9e de main gr\u00e2ce aux porte-accessoires.<\/p>\n<\/div>\n<\/div>\n<\/section>\n","protected":false},"excerpt":{"rendered":"<p>\u00c9levez votre espace de fitness avec le tapis de course commercial Evolve CT 500 LCD, un ajout robuste qui transforme votre routine cardio. Con\u00e7u pour durer, ce tapis de course peut supporter jusqu&rsquo;\u00e0 200 kg, ce qui permet de r\u00e9pondre aux besoins de diff\u00e9rents utilisateurs. Faites l&rsquo;exp\u00e9rience d&rsquo;entra\u00eenements dynamiques avec des inclinaisons r\u00e9glables et des vitesses allant jusqu&rsquo;\u00e0 25 km\/h. La console LCD interactive affiche les donn\u00e9es et propose 15 programmes d&rsquo;entra\u00eenement vari\u00e9s pour une remise en forme sur mesure. Les fonctions avanc\u00e9es d&rsquo;amortissement et de s\u00e9curit\u00e9 assurent un entra\u00eenement confortable, et les itin\u00e9raires virtuels ajoutent du piquant \u00e0 l&rsquo;exercice. Offrez \u00e0 vos membres un appareil de cardio de premier ordre qui allie performance, innovation et engagement.<\/p>\n","protected":false},"featured_media":21949,"template":"","meta":{"_acf_changed":false,"inline_featured_image":false},"product_cat":[413,407,410,417],"product_tag":[],"class_list":{"0":"post-21948","1":"product","2":"type-product","3":"status-publish","4":"has-post-thumbnail","6":"product_cat-page-daccueil","7":"product_cat-equipement-cardio","8":"product_cat-equipement-cardio-commercial","9":"product_cat-econ-series-cardio-fr","11":"first","12":"instock","13":"shipping-taxable","14":"purchasable","15":"product-type-simple"},"acf":[],"_links":{"self":[{"href":"https:\/\/store.evolve-fitness.eu\/fr\/wp-json\/wp\/v2\/product\/21948","targetHints":{"allow":["GET"]}}],"collection":[{"href":"https:\/\/store.evolve-fitness.eu\/fr\/wp-json\/wp\/v2\/product"}],"about":[{"href":"https:\/\/store.evolve-fitness.eu\/fr\/wp-json\/wp\/v2\/types\/product"}],"wp:featuredmedia":[{"embeddable":true,"href":"https:\/\/store.evolve-fitness.eu\/fr\/wp-json\/wp\/v2\/media\/21949"}],"wp:attachment":[{"href":"https:\/\/store.evolve-fitness.eu\/fr\/wp-json\/wp\/v2\/media?parent=21948"}],"wp:term":[{"taxonomy":"product_cat","embeddable":true,"href":"https:\/\/store.evolve-fitness.eu\/fr\/wp-json\/wp\/v2\/product_cat?post=21948"},{"taxonomy":"product_tag","embeddable":true,"href":"https:\/\/store.evolve-fitness.eu\/fr\/wp-json\/wp\/v2\/product_tag?post=21948"}],"curies":[{"name":"wp","href":"https:\/\/api.w.org\/{rel}","templated":true}]}}