{"id":19561,"date":"2023-09-25T12:15:34","date_gmt":"2023-09-25T12:15:34","guid":{"rendered":"https:\/\/store.evolve-fitness.eu\/product\/evolve-body-pump-set-en-urethane-19-5-kg\/"},"modified":"2026-04-02T12:00:22","modified_gmt":"2026-04-02T12:00:22","slug":"evolve-body-pump-set-en-urethane-19-5-kg","status":"publish","type":"product","link":"https:\/\/store.evolve-fitness.eu\/fr\/produit\/evolve-body-pump-set-en-urethane-19-5-kg\/","title":{"rendered":"Evolve Body Pump Set en ur\u00e9thane &#8211; 19.5 kg"},"content":{"rendered":"\n<p> <mark style=\"background-color:rgba(0, 0, 0, 0);color:#ffffff\" class=\"has-inline-color\">ASD<\/mark><\/p>\n\n<section class=\"wp-block-group alignfull black-content has-white-color has-darkgray-background-color has-text-color has-background is-layout-constrained wp-block-group-is-layout-constrained\" style=\"padding-top:var(--wp--preset--spacing--section-bottom);padding-bottom:var(--wp--preset--spacing--section-bottom)\">\n<section class=\"wp-block-group alignfull black-content has-white-color has-darkgray-background-color has-text-color has-background is-layout-constrained wp-block-group-is-layout-constrained\" style=\"padding-top:var(--wp--preset--spacing--section-bottom);padding-bottom:var(--wp--preset--spacing--section-bottom)\">\n<div class=\"wp-block-columns alignwide mobile-reverse is-layout-flex wp-container-core-columns-is-layout-ca64bf2d wp-block-columns-is-layout-flex\" style=\"margin-bottom:var(--wp--preset--spacing--side-padding)\">\n<div class=\"wp-block-column is-vertically-aligned-center is-layout-flow wp-block-column-is-layout-flow\">\n<h3 class=\"wp-block-heading\" style=\"margin-bottom:var(--wp--preset--spacing--h-3-bottom)\"><strong>Durabilit\u00e9 et performance in\u00e9gal\u00e9es<\/strong><\/h3>\n\n\n\n<p><em><strong>Une conception sup\u00e9rieure pour des s\u00e9ances d&rsquo;entra\u00eenement efficaces<\/strong><\/em><\/p>\n\n\n\n<p style=\"margin-bottom:var(--wp--preset--spacing--tb-section-padding)\">D\u00e9couvrez le summum de la durabilit\u00e9 avec l&rsquo;ensemble Evolve Urethane Body Pump &#8211; 19,5 kg. Fabriqu\u00e9 en ur\u00e9thane de premi\u00e8re qualit\u00e9, cet ensemble garantit des performances durables, ce qui en fait un choix id\u00e9al pour les salles de sport commerciales et les s\u00e9ances d&rsquo;entra\u00eenement \u00e0 domicile. La construction robuste garantit une r\u00e9sistance aux rayures, \u00e0 l&rsquo;\u00e9caillage et au d\u00e9collement, pr\u00e9servant ainsi son aspect impeccable pendant des ann\u00e9es sans qu&rsquo;il soit n\u00e9cessaire de le remplacer fr\u00e9quemment.<\/p>\n\n\n\n<h3 class=\"wp-block-heading\" style=\"margin-bottom:var(--wp--preset--spacing--h-3-bottom)\">Poids en ur\u00e9thane fabriqu\u00e9s avec pr\u00e9cision<\/h3>\n\n\n\n<p><strong><em>Des performances constantes pour des s\u00e9ances d&rsquo;entra\u00eenement efficaces<\/em><\/strong><\/p>\n\n\n\n<p>Le chargement et le d\u00e9chargement des plaques s&rsquo;effectuent en douceur gr\u00e2ce aux embouts arrondis de l&rsquo;ensemble Evolve Urethane Body Pump. Chaque poids en ur\u00e9thane, dont 2 x 1,25 kg, 2 x 2,5 kg et 2 x 5 kg, est fabriqu\u00e9 avec pr\u00e9cision selon des sp\u00e9cifications exactes, ce qui permet d&rsquo;obtenir un poids et une sensation homog\u00e8nes pour des entra\u00eenements pr\u00e9cis.<\/p>\n<\/div>\n\n\n\n<div class=\"wp-block-column is-vertically-aligned-center is-layout-flow wp-block-column-is-layout-flow\">\n<figure class=\"wp-block-video\"><video autoplay=\"\" controls=\"\" loop=\"\" muted=\"\" src=\"https:\/\/evolve-fitness.eu\/wp-content\/uploads\/2023\/12\/1.mp4\"><\/video><\/figure>\n<\/div>\n<\/div>\n\n\n\n<div class=\"wp-block-columns alignwide is-layout-flex wp-container-core-columns-is-layout-c45ee707 wp-block-columns-is-layout-flex\" style=\"margin-bottom:var(--wp--preset--spacing--side-padding);padding-top:var(--wp--preset--spacing--side-padding)\">\n<div class=\"wp-block-column is-vertically-aligned-center is-layout-flow wp-block-column-is-layout-flow\">\n<figure class=\"wp-block-image size-full is-resized is-style-rounded\"><img decoding=\"async\" src=\"https:\/\/evolve-fitness.eu\/wp-content\/uploads\/2023\/08\/TPU-urethane-weight-plates-6.jpg\" alt=\"\" class=\"wp-image-838\" style=\"object-fit:cover;width:680px;height:600px\"\/><\/figure>\n<\/div>\n\n\n\n<div class=\"wp-block-column is-vertically-aligned-center is-layout-flow wp-block-column-is-layout-flow\">\n<h3 class=\"wp-block-heading\" style=\"margin-bottom:var(--wp--preset--spacing--h-3-bottom)\">Personnalisation et style<\/h3>\n\n\n\n<p><strong><em><strong><em><strong><em>Am\u00e9liorez l&rsquo;image de marque de votre salle de sport avec l&rsquo;ensemble Body Pump<\/em><\/strong><\/em><\/strong><\/em><\/strong><\/p>\n\n\n\n<p style=\"margin-bottom:var(--wp--preset--spacing--tb-section-padding)\">Gr\u00e2ce aux options de personnalisation, vous pouvez ajouter votre logo et choisir des couleurs personnalis\u00e9es pour cr\u00e9er une exp\u00e9rience d&rsquo;entra\u00eenement unique qui d\u00e9marque votre salle de sport de la concurrence. L&rsquo;ensemble Evolve Urethane Body Pump offre un aspect visuellement frappant et coh\u00e9rent qui compl\u00e8te parfaitement l&rsquo;identit\u00e9 d&rsquo;une marque de fitness. Le choix des couleurs joue un r\u00f4le essentiel pour faire en sorte que l&rsquo;ensemble soit non seulement remarquable, mais aussi en accord avec l&rsquo;esth\u00e9tique de la marque. Avec un logo d\u00e9coup\u00e9 au laser et infus\u00e9 d&rsquo;ur\u00e9thane et des indications de poids qui ne s&rsquo;\u00e9cailleront pas et ne s&rsquo;useront pas avec le temps, l&rsquo;ensemble Evolve Urethane Body Pump est con\u00e7u pour durer.<\/p>\n<\/div>\n<\/div>\n\n\n\n<div class=\"wp-block-columns alignwide mobile-reverse is-layout-flex wp-container-core-columns-is-layout-ca64bf2d wp-block-columns-is-layout-flex\" style=\"margin-bottom:var(--wp--preset--spacing--side-padding)\">\n<div class=\"wp-block-column is-vertically-aligned-center is-layout-flow wp-block-column-is-layout-flow\">\n<h3 class=\"wp-block-heading\" style=\"margin-bottom:var(--wp--preset--spacing--h-3-bottom)\">FONCTIONNALIT\u00c9<\/h3>\n\n\n\n<p>La conception unique ne permet pas au poids de rester bloqu\u00e9 sur la barre.<\/p>\n\n\n\n<p style=\"margin-bottom:var(--wp--preset--spacing--tb-section-padding)\">Les plaques d&rsquo;halt\u00e8res Evolve ont une surface textur\u00e9e, facile \u00e0 nettoyer, antid\u00e9rapante et offrant une bonne prise en main. Ces caract\u00e9ristiques garantissent \u00e9galement la s\u00e9curit\u00e9 et r\u00e9duisent la possibilit\u00e9 pour les utilisateurs de se pincer les doigts lors du chargement et du d\u00e9chargement des plaques sur la barre.<\/p>\n\n\n\n<h3 class=\"wp-block-heading\" style=\"margin-bottom:var(--wp--preset--spacing--h-3-bottom)\">Rev\u00eatement en ur\u00e9thane<\/h3>\n\n\n\n<p>Le rev\u00eatement en ur\u00e9thane est tr\u00e8s r\u00e9sistant aux chocs et deux fois plus durable que le rev\u00eatement en caoutchouc.<\/p>\n\n\n\n<p>Les surfaces peintes peuvent s&rsquo;\u00e9cailler et rouiller, le caoutchouc peut se d\u00e9coller ou se fissurer avec le temps. Les plaques de poids en ur\u00e9thane Evolve sont extr\u00eamement durables et ne se d\u00e9gradent pas. Ces poids conserveront une couleur unie et audacieuse pendant toute la dur\u00e9e de vie du produit.<\/p>\n<\/div>\n\n\n\n<div class=\"wp-block-column is-vertically-aligned-center is-layout-flow wp-block-column-is-layout-flow\">\n<figure class=\"wp-block-image alignleft size-full is-resized is-style-rounded\"><img decoding=\"async\" src=\"https:\/\/evolve-fitness.eu\/wp-content\/uploads\/2023\/12\/A7_05432.jpg\" alt=\"\" class=\"wp-image-7840\" style=\"width:686px;height:652px\"\/><\/figure>\n<\/div>\n<\/div>\n\n\n\n<div class=\"wp-block-columns alignwide is-layout-flex wp-container-core-columns-is-layout-c45ee707 wp-block-columns-is-layout-flex\" style=\"margin-bottom:var(--wp--preset--spacing--side-padding);padding-top:var(--wp--preset--spacing--side-padding)\">\n<div class=\"wp-block-column is-vertically-aligned-center is-layout-flow wp-block-column-is-layout-flow\">\n<figure class=\"wp-block-image size-large\"><img decoding=\"async\" src=\"https:\/\/evolve-fitness.eu\/wp-content\/uploads\/2023\/12\/Lemon-Gym-Teika-3-1024x768.jpg\" alt=\"\" class=\"wp-image-8985\"\/><\/figure>\n<\/div>\n\n\n\n<div class=\"wp-block-column is-vertically-aligned-center is-layout-flow wp-block-column-is-layout-flow\">\n<h3 class=\"wp-block-heading\" style=\"margin-bottom:var(--wp--preset--spacing--h-3-bottom)\">L&rsquo;approche de la s\u00e9curit\u00e9 d&rsquo;abord<\/h3>\n\n\n\n<p><strong><em>Une exp\u00e9rience d&rsquo;entra\u00eenement s\u00fbre et fiable<\/em><\/strong><\/p>\n\n\n\n<p>Chez Evolve, la s\u00e9curit\u00e9 est notre priorit\u00e9 absolue. Nos plaques de poids en ur\u00e9thane sont fabriqu\u00e9es \u00e0 partir d&rsquo;un mat\u00e9riau en ur\u00e9thane de haute qualit\u00e9, non toxique et inodore, garantissant un environnement d&rsquo;entra\u00eenement s\u00fbr et sain.<\/p>\n<\/div>\n<\/div>\n\n\n\n<div class=\"wp-block-columns alignwide is-layout-flex wp-container-core-columns-is-layout-c45ee707 wp-block-columns-is-layout-flex\" style=\"margin-bottom:var(--wp--preset--spacing--side-padding);padding-top:var(--wp--preset--spacing--side-padding)\">\n<div class=\"wp-block-column is-vertically-aligned-center is-layout-flow wp-block-column-is-layout-flow\">\n<h3 class=\"wp-block-heading\" style=\"margin-bottom:var(--wp--preset--spacing--h-3-bottom)\">Dites adieu aux doigts pinc\u00e9s<\/h3>\n\n\n\n<p><strong><em>Avec les plaques de poids en ur\u00e9thane Evolve<\/em><\/strong><\/p>\n\n\n\n<p>Les plaques de poids en ur\u00e9thane Evolve sont con\u00e7ues pour rendre le chargement et le d\u00e9chargement plus s\u00fbrs et plus efficaces pour les pratiquants de la gym. L&rsquo;ensemble comprend un halt\u00e8re de 140 cm de long et des colliers \u00e0 ressort, garantissant une exp\u00e9rience d&rsquo;entra\u00eenement s\u00fbre et fiable. La surface textur\u00e9e et la forme arrondie des plaques les emp\u00eachent \u00e9galement de coller entre elles ou \u00e0 d&rsquo;autres surfaces. Les plaques peuvent \u00eatre facilement transport\u00e9es et utilis\u00e9es pour une vari\u00e9t\u00e9 d&rsquo;exercices. Que vous fassiez des soulev\u00e9s de terre ou des fentes, les quatre poign\u00e9es facilitent le transport et l&rsquo;utilisation de vos plaques de poids, ce qui rend votre entra\u00eenement plus efficace.<\/p>\n<\/div>\n\n\n\n<div class=\"wp-block-column is-vertically-aligned-center is-layout-flow wp-block-column-is-layout-flow\">\n<div class=\"wp-block-columns is-layout-flex wp-container-core-columns-is-layout-9d6595d7 wp-block-columns-is-layout-flex\">\n<div class=\"wp-block-column is-layout-flow wp-block-column-is-layout-flow\">\n<figure class=\"wp-block-image size-full is-style-rounded\"><img decoding=\"async\" src=\"https:\/\/evolve-fitness.eu\/wp-content\/uploads\/2023\/08\/iskirpta-stanga-su-uretanu.png\" alt=\"\" class=\"wp-image-806\"\/><\/figure>\n<\/div>\n<\/div>\n<\/div>\n<\/div>\n<\/section>\n<\/section>\n","protected":false},"excerpt":{"rendered":"<p>Am\u00e9liorez votre salle de sport avec l&rsquo;ensemble de pompe \u00e0 corps en ur\u00e9thane Evolve, parfait pour un usage commercial. Cet ensemble personnalisable comprend un halt\u00e8re de 140 cm, des colliers \u00e0 ressort et des poids en b\u00e9ton durables, tous recouverts d&rsquo;ur\u00e9thane r\u00e9sistant aux chocs. Les plaques pr\u00e9sentent une surface textur\u00e9e pour une bonne prise en main, prot\u00e8gent votre sol et r\u00e9duisent le bruit de l&rsquo;entra\u00eenement. Le moulage de pr\u00e9cision garantit l&rsquo;\u00e9quilibre, ce qui les rend id\u00e9aux pour les salles de sport domestiques et professionnelles. Am\u00e9liorez l&rsquo;\u00e9quipement et l&rsquo;image de marque de votre salle de sport avec Evolve.<\/p>\n","protected":false},"featured_media":90235,"template":"","meta":{"_acf_changed":false,"inline_featured_image":false},"product_cat":[975,2181,476],"product_tag":[],"class_list":{"0":"post-19561","1":"product","2":"type-product","3":"status-publish","4":"has-post-thumbnail","6":"product_cat-poids-libres","7":"product_cat-bar-sets-fr","8":"product_cat-studio-fr","10":"first","11":"instock","12":"shipping-taxable","13":"purchasable","14":"product-type-simple"},"acf":[],"_links":{"self":[{"href":"https:\/\/store.evolve-fitness.eu\/fr\/wp-json\/wp\/v2\/product\/19561","targetHints":{"allow":["GET"]}}],"collection":[{"href":"https:\/\/store.evolve-fitness.eu\/fr\/wp-json\/wp\/v2\/product"}],"about":[{"href":"https:\/\/store.evolve-fitness.eu\/fr\/wp-json\/wp\/v2\/types\/product"}],"wp:featuredmedia":[{"embeddable":true,"href":"https:\/\/store.evolve-fitness.eu\/fr\/wp-json\/wp\/v2\/media\/90235"}],"wp:attachment":[{"href":"https:\/\/store.evolve-fitness.eu\/fr\/wp-json\/wp\/v2\/media?parent=19561"}],"wp:term":[{"taxonomy":"product_cat","embeddable":true,"href":"https:\/\/store.evolve-fitness.eu\/fr\/wp-json\/wp\/v2\/product_cat?post=19561"},{"taxonomy":"product_tag","embeddable":true,"href":"https:\/\/store.evolve-fitness.eu\/fr\/wp-json\/wp\/v2\/product_tag?post=19561"}],"curies":[{"name":"wp","href":"https:\/\/api.w.org\/{rel}","templated":true}]}}